{"id":4896,"date":"2024-11-21T04:08:35","date_gmt":"2024-11-21T04:08:35","guid":{"rendered":"https:\/\/www.largepillow.com\/product\/large-shell-shaped-cat-couch-modern-cat-bed"},"modified":"2025-02-02T16:24:37","modified_gmt":"2025-02-02T16:24:37","slug":"liela-gliemezvaka-formas-kaku-divans-moderna-kaku-gulta","status":"publish","type":"product","link":"https:\/\/www.largepillow.com\/lv\/product\/large-shell-shaped-cat-couch-modern-cat-bed","title":{"rendered":"Liela glieme\u017ev\u0101ka formas ka\u0137u d\u012bv\u0101ns \u2013 moderna ka\u0137u gulta"},"content":{"rendered":"[zc_getpagecontent mb=&#8221;mb_aplus&#8221; apid=&#8221;100&#8243;]\n","protected":false},"excerpt":{"rendered":"<ul>\n<li>Glieme\u017ev\u0101ku iedvesmots dizains: \u0160ai ka\u0137u gultai ir unik\u0101ls, glieme\u017ev\u0101ku iedvesmots dizains, kas ne tikai izskat\u0101s est\u0113tiski pievilc\u012bgs, bet ar\u012b nodro\u0161ina m\u0101j\u012bgu un komfortablu vidi j\u016bsu ka\u0137im.<\/li>\n<li>Atv\u0113rts un da\u013c\u0113ji sl\u0113gts: Ka\u0137u gulta ir atv\u0113rta dizaina, kas nodro\u0161ina \u0113rtu piek\u013cuvi un izk\u013c\u016b\u0161anu, k\u0101 ar\u012b pied\u0101v\u0101 s\u0101nu aizsargus, kas nodro\u0161ina j\u016bsu ka\u0137im nepiecie\u0161amo priv\u0101tumu un dro\u0161\u012bbu. \u0160\u012b kombin\u0101cija apmierina ka\u0137u vajadz\u012bbas p\u0113c priv\u0101tas telpas, vienlaikus \u013caujot saimniekam mijiedarboties un nov\u0113rot.<\/li>\n<li>Pla\u0161s interjers: Liel\u0101 ka\u0137u gulta, kuras izm\u0113ri ir 30 x 25 collas, nodro\u0161ina pietiekami daudz vietas lieliem ka\u0137iem vai diviem ka\u0137iem \u0113rtai atp\u016btai. \u0160is d\u0101snais izm\u0113rs nodro\u0161ina, ka pat liel\u0101kie ka\u0137i var izstiepties un atp\u016bsties, nej\u016btoties saspiesti.<\/li>\n<li>\u0112rti materi\u0101li: Ka\u0137a gultas iek\u0161puse ir oder\u0113ta ar m\u012bkstu vilnu, lai t\u0101 maigi pieskartos ka\u0137a ka\u017eokam, un pild\u012bjums ir izgatavots no s\u016bk\u013ca, lai nodro\u0161in\u0101tu papildu komfortu un iztur\u012bbu; \u0101rpuse ir izgatavota no elpojo\u0161a oksfordas materi\u0101la, un apak\u0161ai ir nesl\u012bdo\u0161s dizains, lai nodro\u0161in\u0101tu dro\u0161\u012bbu un komfortu lieto\u0161anas laik\u0101.<\/li>\n<li>Viegli t\u012br\u0101ms un kopjams: No\u0146emamais ka\u0137u gultas spilvens padara t\u012br\u012b\u0161anu vieglu, pal\u012bdzot uztur\u0113t gultu higi\u0113nisku un svaigu. \u0160is dizains vienk\u0101r\u0161o ka\u0137u gultas apkopi un pagarina t\u0101s kalpo\u0161anas laiku.<\/li>\n<\/ul>","protected":false},"featured_media":4882,"comment_status":"open","ping_status":"closed","template":"","meta":[],"product_brand":[],"product_cat":[227],"product_tag":[],"class_list":{"0":"post-4896","1":"product","2":"type-product","3":"status-publish","4":"has-post-thumbnail","6":"product_cat-pet-supplies","8":"first","9":"instock","10":"shipping-taxable","11":"purchasable","12":"product-type-variable","13":"has-default-attributes"},"_links":{"self":[{"href":"https:\/\/www.largepillow.com\/lv\/wp-json\/wp\/v2\/product\/4896","targetHints":{"allow":["GET"]}}],"collection":[{"href":"https:\/\/www.largepillow.com\/lv\/wp-json\/wp\/v2\/product"}],"about":[{"href":"https:\/\/www.largepillow.com\/lv\/wp-json\/wp\/v2\/types\/product"}],"replies":[{"embeddable":true,"href":"https:\/\/www.largepillow.com\/lv\/wp-json\/wp\/v2\/comments?post=4896"}],"wp:featuredmedia":[{"embeddable":true,"href":"https:\/\/www.largepillow.com\/lv\/wp-json\/wp\/v2\/media\/4882"}],"wp:attachment":[{"href":"https:\/\/www.largepillow.com\/lv\/wp-json\/wp\/v2\/media?parent=4896"}],"wp:term":[{"taxonomy":"product_brand","embeddable":true,"href":"https:\/\/www.largepillow.com\/lv\/wp-json\/wp\/v2\/product_brand?post=4896"},{"taxonomy":"product_cat","embeddable":true,"href":"https:\/\/www.largepillow.com\/lv\/wp-json\/wp\/v2\/product_cat?post=4896"},{"taxonomy":"product_tag","embeddable":true,"href":"https:\/\/www.largepillow.com\/lv\/wp-json\/wp\/v2\/product_tag?post=4896"}],"curies":[{"name":"wp","href":"https:\/\/api.w.org\/{rel}","templated":true}]}}