{"id":5214,"date":"2024-12-12T11:21:21","date_gmt":"2024-12-12T11:21:21","guid":{"rendered":"https:\/\/www.largepillow.com\/product\/full-body-u-shape-pillow-for-side-sleepers-reading"},"modified":"2026-04-29T14:46:42","modified_gmt":"2026-04-29T14:46:42","slug":"u-formas-spilvens-visam-kermenim-gulesanai-uz-saniem-lasisanai","status":"publish","type":"product","link":"https:\/\/www.largepillow.com\/lv\/product\/full-body-u-shape-pillow-for-side-sleepers-reading","title":{"rendered":"Pilna \u0137erme\u0146a U formas spilvens gul\u0113\u0161anai uz s\u0101niem un las\u012b\u0161anai"},"content":{"rendered":"[zc_getpagecontent mb=&#8221;mb_aplus&#8221; apid=&#8221;108&#8243;]\n","protected":false},"excerpt":{"rendered":"<ul>\n<li>Pilna \u0137erme\u0146a atbalsta spilvens: izstr\u0101d\u0101ts, iev\u0113rojot ergonomiskus principus, perfekti piel\u0101gojas \u0137erme\u0146a l\u012bkn\u0113m, efekt\u012bvi mazinot spiedienu uz kaklu, muguru un muguras lejasda\u013cu. T\u0101 unik\u0101l\u0101 forma nodro\u0161ina atbalstu no galvas l\u012bdz k\u0101j\u0101m, nodro\u0161inot visa \u0137erme\u0146a relaks\u0101ciju un pal\u012bdzot mazin\u0101t nogurumu.<\/li>\n<li>Daudzfunkcion\u0101la komforta pieredze: Tas ne tikai kalpo k\u0101 spilvens gul\u0113\u0161anai uz s\u0101niem, bet ar\u012b var kalpot k\u0101 atzveltne s\u0113d\u0113\u0161anai gult\u0101, lasot, skatoties televizoru vai atp\u016b\u0161oties, apmierinot da\u017e\u0101das komforta vajadz\u012bbas. Neatkar\u012bgi no t\u0101, vai gu\u013cat uz s\u0101niem, uz muguras vai dodat priek\u0161roku da\u013c\u0113ji atg\u0101\u017eamai poz\u012bcijai, tas nodro\u0161ina perfektu atbalsta l\u012bmeni.<\/li>\n<li>Divpus\u0113js auduma dizains: Izgatavots no divsl\u0101\u0146u auduma, kas sast\u0101v no v\u0113sino\u0161a z\u012bda un m\u012bksta samta. Z\u012bda puse ir gluda un elpojo\u0161a, nodro\u0161inot lielisku taustes pieredzi, savuk\u0101rt samta puse ir m\u012bksta un \u0113rta piesk\u0101rienam, radot siltuma saj\u016btu. Galvas balsta da\u013c\u0101 izmantots z\u012bda audums, lai paaugstin\u0101tu komfortu un rad\u012btu m\u0101j\u012bgu miega vidi.<\/li>\n<li>Piem\u0113rots da\u017e\u0101d\u0101m cilv\u0113ku grup\u0101m: Gr\u016btniec\u0113m \u0161is spilvens nodro\u0161ina papildu atbalstu v\u0113deram un mugurai, mazinot diskomfortu gr\u016btniec\u012bbas laik\u0101. Gados vec\u0101ki cilv\u0113ki un tie, kas cie\u0161 no muguras vai muguras lejasda\u013cas s\u0101p\u0113m, var g\u016bt labumu ar\u012b no \u0161\u012b spilvena, ieg\u016bstot \u0113rtu atbalstu \u0137erme\u0146a s\u0101pju un spiediena mazin\u0101\u0161anai.<\/li>\n<li>Materi\u0101ls un pild\u012bjums: Pild\u012bjums ar m\u012bkstu un \u0113rtu PP kokvilnu, kas nodro\u0161ina spilvena maigumu un atbalstu. Apr\u012bkots ar r\u0101v\u0113jsl\u0113dz\u0113ja dizainu, lai to b\u016btu viegli izjaukt un t\u012br\u012bt.<\/li>\n<\/ul>","protected":false},"featured_media":5202,"comment_status":"open","ping_status":"closed","template":"","meta":[],"product_brand":[],"product_cat":[228],"product_tag":[],"class_list":{"0":"post-5214","1":"product","2":"type-product","3":"status-publish","4":"has-post-thumbnail","6":"product_cat-cushions","8":"first","9":"instock","10":"sold-individually","11":"shipping-taxable","12":"purchasable","13":"product-type-simple"},"_links":{"self":[{"href":"https:\/\/www.largepillow.com\/lv\/wp-json\/wp\/v2\/product\/5214","targetHints":{"allow":["GET"]}}],"collection":[{"href":"https:\/\/www.largepillow.com\/lv\/wp-json\/wp\/v2\/product"}],"about":[{"href":"https:\/\/www.largepillow.com\/lv\/wp-json\/wp\/v2\/types\/product"}],"replies":[{"embeddable":true,"href":"https:\/\/www.largepillow.com\/lv\/wp-json\/wp\/v2\/comments?post=5214"}],"wp:featuredmedia":[{"embeddable":true,"href":"https:\/\/www.largepillow.com\/lv\/wp-json\/wp\/v2\/media\/5202"}],"wp:attachment":[{"href":"https:\/\/www.largepillow.com\/lv\/wp-json\/wp\/v2\/media?parent=5214"}],"wp:term":[{"taxonomy":"product_brand","embeddable":true,"href":"https:\/\/www.largepillow.com\/lv\/wp-json\/wp\/v2\/product_brand?post=5214"},{"taxonomy":"product_cat","embeddable":true,"href":"https:\/\/www.largepillow.com\/lv\/wp-json\/wp\/v2\/product_cat?post=5214"},{"taxonomy":"product_tag","embeddable":true,"href":"https:\/\/www.largepillow.com\/lv\/wp-json\/wp\/v2\/product_tag?post=5214"}],"curies":[{"name":"wp","href":"https:\/\/api.w.org\/{rel}","templated":true}]}}