{"id":5691,"date":"2025-01-09T03:00:25","date_gmt":"2025-01-09T03:00:25","guid":{"rendered":"https:\/\/www.largepillow.com\/product\/soft-small-teddy-bear-birthday-gift-cuddly-stuffed-animal-toy-pink"},"modified":"2025-10-16T01:37:17","modified_gmt":"2025-10-16T01:37:17","slug":"soft-small-teddy-bear-birthday-gift-cuddly-stuffed-animal-toy-pink","status":"publish","type":"product","link":"https:\/\/www.largepillow.com\/lv\/product\/soft-small-teddy-bear-birthday-gift-cuddly-stuffed-animal-toy-pink","title":{"rendered":"M\u012bksts mazs rota\u013cu l\u0101c\u012btis dzim\u0161anas dienas d\u0101vana, m\u012bl\u012bgs pild\u012bts dz\u012bvnieks, roz\u0101"},"content":{"rendered":"[zc_getpagecontent mb=&#8221;mb_aplus&#8221; apid=&#8221;15&#8243;]\n","protected":false},"excerpt":{"rendered":"<ul>\n<li>M\u016bsu rota\u013cu l\u0101c\u012b\u0161i ir pilna izm\u0113ra un pietiekami piepild\u012bti, m\u0113s varam b\u016bt p\u0101rliecin\u0101ti, ka sa\u0146emt\u0101 prece ir t\u0101da pati k\u0101 att\u0113los; M\u016bsu augstas kvalit\u0101tes rota\u013cu l\u0101c\u012btis ir ide\u0101la d\u0101vana m\u012b\u013cajiem un \u013coti popul\u0101ra d\u0101vana sv\u0113tkos, piem\u0113ram, Ziemassv\u0113tkos un Valent\u012bndien\u0101.<\/li>\n<li>Milzu rota\u013cu l\u0101c\u012btis no \u012bpa\u0161i m\u012bksta pl\u012b\u0161a materi\u0101la, \u013coti p\u016bkains, slidens, padarot to \u012bpa\u0161i piel\u0101gojamu apsk\u0101vieniem un gl\u0101st\u012b\u0161anai.<\/li>\n<li>The huge 25cm (10\u2033) teddy bear is designed with a Child proof zipper on the back, making it security and easy to wash.<\/li>\n<li>\u0160is rota\u013cu l\u0101c\u012btis ir saspiests iepakojum\u0101, kas ir maz\u0101ks par t\u0101 faktisko izm\u0113ru, un tas \u0101tri izple\u0161as, tikl\u012bdz iepakojuma maisi\u0146\u0161 tiek no\u0146emts.<\/li>\n<li>Lielisks rota\u013cu l\u0101c\u012btis apsk\u0101vieniem un gl\u0101st\u012b\u0161anai. \u0160is jaukais rota\u013cu l\u0101c\u012btis var pavad\u012bt j\u016bs, lasot gr\u0101matas, skatoties televizoru un izklaid\u0113joties. Tas var b\u016bt labs kompanjons! Jauk\u0101 pl\u012b\u0161a rota\u013clieta \u0101tri k\u013c\u016bs par iem\u012b\u013cotu kompanjonu gan maziem, gan lieliem.<\/li>\n<li>L\u0101c\u012btis ir tik burv\u012bgs, ka rot\u0101s gu\u013camistabu vai rota\u013cu istabu. J\u016bs varat \u0113rti iek\u0101rtoties \u0161aj\u0101 l\u0101c\u012bt\u012b k\u0101 m\u012bkst\u0101 spilven\u0101. B\u0113rni var sp\u0113l\u0113ties ar \u0161o l\u0101c\u012bti, kas var b\u016bt ar\u012b \u013coti interesanta \u0123imenes izklaide.<\/li>\n<li>T\u0101 ir ide\u0101la izv\u0113le mazu\u013ciem, b\u0113rniem vai draugiem. T\u0101 b\u016bs lab\u0101k\u0101 d\u0101vana \u012bpa\u0161os gad\u012bjumos, piem\u0113ram, Pateic\u012bbas dien\u0101, Valent\u012bndien\u0101, Ziemassv\u0113tkos, dzim\u0161anas dien\u0101s vai jebkur\u0101s jubilej\u0101s.<\/li>\n<li>\u0160is rota\u013cu l\u0101c\u012btis ir \u013coti m\u012bksts. Pogas formas acis ir \u013coti iztur\u012bgas. Pl\u012b\u0161s un pild\u012bjums ir augstas kvalit\u0101tes.<\/li>\n<li>Pl\u012b\u0161s un pild\u012bjums ir labas kvalit\u0101tes. Visi l\u0101c\u012b\u0161i tiek pieg\u0101d\u0101ti p\u0113c stingras kvalit\u0101tes kontroles. Pl\u012b\u0161a materi\u0101lu p\u0101rbauda pilnvarota kvalit\u0101tes strukt\u016bra, un tas sa\u0146em CE sertifik\u0101tu.<\/li>\n<\/ul>","protected":false},"featured_media":5674,"comment_status":"open","ping_status":"closed","template":"","meta":[],"product_brand":[],"product_cat":[235],"product_tag":[],"class_list":{"0":"post-5691","1":"product","2":"type-product","3":"status-publish","4":"has-post-thumbnail","6":"product_cat-plush-toys","8":"first","9":"outofstock","10":"shipping-taxable","11":"purchasable","12":"product-type-simple"},"_links":{"self":[{"href":"https:\/\/www.largepillow.com\/lv\/wp-json\/wp\/v2\/product\/5691","targetHints":{"allow":["GET"]}}],"collection":[{"href":"https:\/\/www.largepillow.com\/lv\/wp-json\/wp\/v2\/product"}],"about":[{"href":"https:\/\/www.largepillow.com\/lv\/wp-json\/wp\/v2\/types\/product"}],"replies":[{"embeddable":true,"href":"https:\/\/www.largepillow.com\/lv\/wp-json\/wp\/v2\/comments?post=5691"}],"wp:featuredmedia":[{"embeddable":true,"href":"https:\/\/www.largepillow.com\/lv\/wp-json\/wp\/v2\/media\/5674"}],"wp:attachment":[{"href":"https:\/\/www.largepillow.com\/lv\/wp-json\/wp\/v2\/media?parent=5691"}],"wp:term":[{"taxonomy":"product_brand","embeddable":true,"href":"https:\/\/www.largepillow.com\/lv\/wp-json\/wp\/v2\/product_brand?post=5691"},{"taxonomy":"product_cat","embeddable":true,"href":"https:\/\/www.largepillow.com\/lv\/wp-json\/wp\/v2\/product_cat?post=5691"},{"taxonomy":"product_tag","embeddable":true,"href":"https:\/\/www.largepillow.com\/lv\/wp-json\/wp\/v2\/product_tag?post=5691"}],"curies":[{"name":"wp","href":"https:\/\/api.w.org\/{rel}","templated":true}]}}