{"id":665,"date":"2022-09-16T03:51:40","date_gmt":"2022-09-16T03:51:40","guid":{"rendered":"https:\/\/www.largepillow.com\/product\/bed-wedge-cushion"},"modified":"2025-12-13T21:06:55","modified_gmt":"2025-12-13T21:06:55","slug":"gultas-galvgala-spilvens","status":"publish","type":"product","link":"https:\/\/www.largepillow.com\/lv\/product\/bed-headboard-cushion","title":{"rendered":"Gultas galvga\u013ca spilvens"},"content":{"rendered":"<p>M\u016bsu gultas galvga\u013ca spilvens \u2014 j\u016bsu lab\u0101kais risin\u0101jums komfortam un \u0113rt\u012bb\u0101m. Neatkar\u012bgi no t\u0101, vai las\u0101t, skat\u0101ties televizoru vai gu\u013cat, m\u016bsu galvga\u013ca spilvens ir izstr\u0101d\u0101ts, lai nodro\u0161in\u0101tu optim\u0101lu komfortu un atbalstu j\u016bsu galvai, mugurai un k\u0101j\u0101m.<\/p>\n<p>M\u016bsu spilvendr\u0101na ir izgatavota no augst\u0101k\u0101s kvalit\u0101tes poliestera un lina mais\u012bjuma, tai ir sav\u012bta tekst\u016bra un izsmalcin\u0101tas \u0161uves, kas ir iztur\u012bgas un ilgm\u016b\u017e\u012bgas. Polster\u0113jums ir izgatavots no augsta bl\u012bvuma, augstas kvalit\u0101tes poliestera \u0161\u0137iedr\u0101m, kas nov\u0113r\u0161 nosl\u012bd\u0113\u0161anu pat p\u0113c vair\u0101ku m\u0113ne\u0161u lieto\u0161anas.<\/p>\n<p>M\u016bsu lielais spilvens ir daudzfunkcion\u0101ls un to var izmantot k\u0101 muguras atbalsta spilvenu las\u012b\u0161anai, garu \u0137\u012b\u013cveida spilvenu vai k\u0101ju spilvenu k\u0101ju pacel\u0161anai. Tas ir stil\u012bgs un funkcion\u0101ls, padarot to par lielisku papildin\u0101jumu jebkurai gu\u013camistabai.<\/p>\n<p>Viena no m\u016bsu klientu iecien\u012bt\u0101kaj\u0101m \u012bpa\u0161\u012bb\u0101m ir viegli t\u012br\u0101mais p\u0101rvalks. P\u0101rvalks ir piestiprin\u0101ts ar pog\u0101m un r\u0101v\u0113jsl\u0113dz\u0113ju, to var vienk\u0101r\u0161i no\u0146emt un \u0101tri izmazg\u0101t ve\u013cas ma\u0161\u012bn\u0101, lai spilvens izskat\u012btos k\u0101 jauns.<\/p>\n<p>Bet tas v\u0113l nav viss \u2013 m\u016bsu galvga\u013ca spilvenam ir ar\u012b \u0113rta s\u0101nu kabata glab\u0101\u0161anai. J\u016bs nekad vairs nepazaud\u0113siet savu t\u0101lvad\u012bbas pulti!<\/p>\n<p>M\u0113s pied\u0101v\u0101jam da\u017e\u0101dus izm\u0113rus, lai tie der\u0113tu jebkurai gultai \u2013 45 cm, 60 cm, 80 cm, 100 cm, 120 cm, 140 cm, 160 cm, 180 cm un 200 cm, un visiem ir at\u0161\u0137ir\u012bgs pogu skaits, lai tie lieliski atbilstu j\u016bsu gultas r\u0101mim.<\/p>\n<p>K\u0101ds apmierin\u0101ts klients teica: \u201cMan \u013coti pat\u012bk \u0161is gultas galvga\u013ca spilvens. Kokvilnas un lina materi\u0101ls ir m\u012bksts un \u0113rts. Zil\u0101 kr\u0101sa ir skaista un lieliski piest\u0101v manai gultasve\u013cai. Turkl\u0101t s\u0101nu kabata ir tik \u0113rta manam t\u0101lrunim un t\u0101lvad\u012bbas pultij.\u201d<\/p>\n<p>Ieguldiet sav\u0101 komfort\u0101 ar m\u016bsu gultas galvga\u013ca spilvenu. Pas\u016btiet t\u016bl\u012bt un p\u0101rv\u0113rtiet savu gultu par m\u0101j\u012bgu atp\u016btas vietu.<\/p>","protected":false},"excerpt":{"rendered":"<ul>\n<li><strong>Maksim\u0101ls komforts:<\/strong> M\u016bsu galvga\u013ca spilvens ir izstr\u0101d\u0101ts, lai sniegtu jums maksim\u0101lu komfortu lasot, skatoties televizoru vai gu\u013cot. Tas ir lieliski piem\u0113rots gultai, d\u012bv\u0101nam, dienas gultai un citur!<\/li>\n<li><strong>Daudzfunkcion\u0101ls dizains:<\/strong> M\u016bsu lielo spilvenu var izmantot vair\u0101kos veidos \u2014 k\u0101 muguras atbalsta las\u012b\u0161anas spilvenu, garu \u0137\u012b\u013cveida spilvenu vai k\u0101ju spilvenu k\u0101ju pacel\u0161anai. Tas ir stil\u012bgs un funkcion\u0101ls, padarot to par lielisku papildin\u0101jumu jebkurai gu\u013camistabai.<\/li>\n<li><strong>Augst\u0101k\u0101s kvalit\u0101tes materi\u0101li:<\/strong> M\u016bsu spilvendr\u0101na ir izgatavota no 100% poliestera ar sav\u012btu tekst\u016bru un izsmalcin\u0101t\u0101m \u0161uv\u0113m, kas ir iztur\u012bgas visapk\u0101rt. Polster\u0113jums ir izgatavots no augsta bl\u012bvuma, augstas kvalit\u0101tes poliestera \u0161\u0137iedr\u0101m, kas nov\u0113r\u0161 nosl\u012bd\u0113\u0161anu pat p\u0113c vair\u0101ku m\u0113ne\u0161u lieto\u0161anas.<\/li>\n<li><strong>Viegli t\u012br\u0101ms:<\/strong> Galvga\u013ca spilvena p\u0101rvalks ir piestiprin\u0101ts pie spilvena ar pog\u0101m un ir viegli no\u0146emams ar vienk\u0101r\u0161u r\u0101v\u0113jsl\u0113dz\u0113ju. Vienk\u0101r\u0161i no\u0146emiet p\u0101rvalku un \u0101tri izmazg\u0101jiet to ve\u013cas ma\u0161\u012bn\u0101, lai spilvens izskat\u012btos k\u0101 jauns.<\/li>\n<li><strong>Ide\u0101la uzglab\u0101\u0161anas kabata:<\/strong> M\u016bsu galvga\u013ca spilvenam ir \u0113rta s\u0101nu kabata, kas nodro\u0161ina, ka j\u016bs nekad vairs nepazaud\u0113siet t\u0101lvad\u012bbas pulti.<\/li>\n<li><strong>Audums:<\/strong>\u00a0Poliestera un lina mais\u012bjums.<\/li>\n<li><strong>Izm\u0113rs:<\/strong> 45 cm (G45 x P20 x A50 | 0 pogas), 60 cm (G60 x P20 x A50 | 0 pogas), 80 cm (G80 x P20 x A50 | 2 pogas), 100 cm (G100 x P20 x A50 | 3 pogas), 120 cm (G120 x P20 x A50 | 4 pogas), 140 cm (G140 x P20 x A50 | 4 pogas), 160 cm (G160 x P20 x A50 | 5 pogas), 180 cm (G180 x P20 x A50 | 6 pogas), 200 cm (G200 x P20 x A50 | 7 pogas).<\/li>\n<\/ul>","protected":false},"featured_media":650,"comment_status":"open","ping_status":"closed","template":"","meta":[],"product_brand":[],"product_cat":[15],"product_tag":[193,194,75,192,191,189,143,59,71,167,68],"class_list":{"0":"post-665","1":"product","2":"type-product","3":"status-publish","4":"has-post-thumbnail","6":"product_cat-large-wedge-pillow","7":"product_tag-bed-headboard-cushion","8":"product_tag-blue-pillow","9":"product_tag-daybed-pillow","10":"product_tag-headboard-cushion","11":"product_tag-headboard-pillow-wedge","12":"product_tag-linen-pillow","13":"product_tag-multifunctional-pillow","14":"product_tag-reading-pillow","15":"product_tag-tv-pillow","16":"product_tag-wedge-bolster-pillow","17":"product_tag-wedge-reading-pillow","19":"first","20":"instock","21":"featured","22":"shipping-taxable","23":"purchasable","24":"product-type-variable"},"_links":{"self":[{"href":"https:\/\/www.largepillow.com\/lv\/wp-json\/wp\/v2\/product\/665","targetHints":{"allow":["GET"]}}],"collection":[{"href":"https:\/\/www.largepillow.com\/lv\/wp-json\/wp\/v2\/product"}],"about":[{"href":"https:\/\/www.largepillow.com\/lv\/wp-json\/wp\/v2\/types\/product"}],"replies":[{"embeddable":true,"href":"https:\/\/www.largepillow.com\/lv\/wp-json\/wp\/v2\/comments?post=665"}],"wp:featuredmedia":[{"embeddable":true,"href":"https:\/\/www.largepillow.com\/lv\/wp-json\/wp\/v2\/media\/650"}],"wp:attachment":[{"href":"https:\/\/www.largepillow.com\/lv\/wp-json\/wp\/v2\/media?parent=665"}],"wp:term":[{"taxonomy":"product_brand","embeddable":true,"href":"https:\/\/www.largepillow.com\/lv\/wp-json\/wp\/v2\/product_brand?post=665"},{"taxonomy":"product_cat","embeddable":true,"href":"https:\/\/www.largepillow.com\/lv\/wp-json\/wp\/v2\/product_cat?post=665"},{"taxonomy":"product_tag","embeddable":true,"href":"https:\/\/www.largepillow.com\/lv\/wp-json\/wp\/v2\/product_tag?post=665"}],"curies":[{"name":"wp","href":"https:\/\/api.w.org\/{rel}","templated":true}]}}