{"id":688,"date":"2022-09-16T04:08:00","date_gmt":"2022-09-16T04:08:00","guid":{"rendered":"https:\/\/www.largepillow.com\/product\/wedge-pillow-for-acid-reflux"},"modified":"2025-11-05T02:15:32","modified_gmt":"2025-11-05T02:15:32","slug":"galvgala-spilvena-kilis","status":"publish","type":"product","link":"https:\/\/www.largepillow.com\/lv\/product\/headboard-pillow-wedge","title":{"rendered":"Galvasgala spilvena \u0137\u012blis"},"content":{"rendered":"<p>Izcil\u0101kais galvga\u013ca spilvens uzlabotam komfortam un daudzpus\u012bbai<\/p>\n<p>Sagatavojieties izbaud\u012bt nep\u0101rsp\u0113jamu komfortu ar m\u016bsu ekskluz\u012bvo \u0137\u012b\u013cveida galvga\u013ca spilvenu. \u0160is daudzpus\u012bgais spilvens, kas rad\u012bts, lai uzlabotu j\u016bsu relaks\u0101cijas laiku, p\u0101rv\u0113rt\u012bs j\u016bsu gultu, d\u012bv\u0101nu, dienas gultu un jebkuru m\u0101j\u012bgu st\u016br\u012bti par komforta o\u0101zi.<\/p>\n<p>Maksim\u0101ls komforts un atbalsts<\/p>\n<p>Izbaudiet m\u016bsu r\u016bp\u012bgi izstr\u0101d\u0101t\u0101 galvga\u013ca spilvena m\u012bksto apsk\u0101vienu, kas sniedz izcilu atbalstu lasot, skatoties televizoru vai vienk\u0101r\u0161i iemiegot. Neatkar\u012bgi no t\u0101, vai v\u0113laties atg\u0101zties vai stil\u012bgi iek\u0101rtoties, \u0161is spilvens j\u016bs ap\u0146ems ar maksim\u0101lu komfortu.<\/p>\n<p>Daudzfunkcion\u0101ls dizains<\/p>\n<p>Papildus izcilajam komfortam m\u016bsu galvga\u013ca spilvens lepojas ar neticamu funkcionalit\u0101ti. Izmantojiet to k\u0101 muguras atbalsta las\u012b\u0161anas spilvenu, lai stund\u0101m ilgi \u0113rti las\u012btu bez kakla sasprindzin\u0101juma. P\u0101rveidojiet to par garu \u0137\u012b\u013cveida spilvenu, lai miega laik\u0101 nodro\u0161in\u0101tu papildu atbalstu mugurai un kaklam. Vai ar\u012b paceliet k\u0101jas ar m\u016bsu k\u0101ju spilvenu, lai mazin\u0101tu piet\u016bkumu un uzlabotu asinsriti.<\/p>\n<p>Augst\u0101k\u0101s kvalit\u0101tes materi\u0101li un konstrukcija<\/p>\n<p>M\u016bsu spilvendr\u0101na ir r\u016bp\u012bgi izgatavota no iztur\u012bga poliestera un lina mais\u012bjuma, rot\u0101ta ar savstarp\u0113ji austu tekst\u016bru un izsmalcin\u0101t\u0101m \u0161uv\u0113m. Polster\u0113jum\u0101 izmantot\u0101s augsta bl\u012bvuma poliestera \u0161\u0137iedras nodro\u0161ina izcilu atbalstu un nov\u0113r\u0161 nosl\u012bd\u0113\u0161anu pat p\u0113c ilgsto\u0161as lieto\u0161anas.<\/p>\n<p>Vienk\u0101r\u0161a t\u012br\u012b\u0161ana<\/p>\n<p>Galvga\u013ca spilvena nevainojama st\u0101vok\u013ca uztur\u0113\u0161ana ir pavisam vienk\u0101r\u0161a. Spilvendr\u0101na ir aiztais\u0101ma ar pog\u0101m un apr\u012bkota ar \u0113rtu r\u0101v\u0113jsl\u0113dz\u0113ju, kas \u013cauj to bez piep\u016bles no\u0146emt un \u0101tri mazg\u0101t ve\u013cas ma\u0161\u012bn\u0101. Vienk\u0101r\u0161i attaisiet r\u0101v\u0113jsl\u0113dz\u0113ju, no\u0146emiet un izmazg\u0101jiet, lai spilvens izskat\u012btos svaigs un aicino\u0161s.<\/p>\n<p>\u0112rta uzglab\u0101\u0161anas kabata<\/p>\n<p>Izbaudiet m\u016bsu p\u0101rdom\u0101ti izstr\u0101d\u0101t\u0101s s\u0101nu kabatas papildu \u0113rt\u012bbas. Glab\u0101jiet t\u0101lvad\u012bbas pulti, t\u0101lruni vai citas svar\u012bgas lietas rokas stiepiena att\u0101lum\u0101, nodro\u0161inot, ka t\u0101s nekad vairs nepazud\u012bs.<\/p>\n<p>Izm\u0113ru opcijas atbilsto\u0161i j\u016bsu vajadz\u012bb\u0101m<\/p>\n<p>M\u016bsu galvga\u013ca spilvens ir pieejams pla\u0161\u0101 izm\u0113ru kl\u0101st\u0101, s\u0101kot no 45 cm l\u012bdz 200 cm, lai tas lieliski atbilstu j\u016bsu individu\u0101laj\u0101m v\u0113lm\u0113m. Neatkar\u012bgi no t\u0101, vai jums ir maza, m\u0101j\u012bga st\u016br\u012btis vai pla\u0161a galven\u0101 gu\u013camistaba, m\u0113s par\u016bp\u0113simies par visu.<\/p>\n<p>Klientu atsauksmes<\/p>\n<p>\u201c\u0160is tr\u012bsst\u016brveida spilvens maina sp\u0113les noteikumus! Tas ir tik \u0113rts un nodro\u0161ina lielisku muguras atbalstu, lasot vai skatoties televizoru. Kokvilnas un lina mais\u012bjuma audums ir m\u012bksts un stil\u012bgs, un violet\u0101 kr\u0101sa pie\u0161\u0137ir manai gu\u013camistabai eleganci.\u201d \u2013 Apmierin\u0101ts klients<\/p>\n<p>\u201cMan \u013coti pat\u012bk, cik daudzpus\u012bgs ir \u0161is spilvens. Es to izmantoju k\u0101 muguras atbalsta spilvenu, k\u0101ju spilvenu un las\u012b\u0161anas spilvenu. Tas ir tik labi izgatavots, un polster\u0113jums ir \u013coti atbalsto\u0161s. Tas ir k\u0101 vair\u0101ki spilveni vien\u0101!\u201d \u2013 Uztic\u012bgs fans<\/p>\n<p>Uzlabojiet savu relaks\u0101cijas pieredzi ar m\u016bsu izcilo \u0137\u012b\u013cveida galvga\u013ca spilvenu jau \u0161odien. Izbaudiet maksim\u0101lu komfortu, daudzpus\u012bbu un \u0113rt\u012bbas \u2013 viss vien\u0101 stil\u012bg\u0101 un funkcion\u0101l\u0101 komplekt\u0101.<\/p>","protected":false},"excerpt":{"rendered":"<ul>\n<li><strong>Maksim\u0101ls komforts:<\/strong> M\u016bsu galvga\u013ca spilvens ir izstr\u0101d\u0101ts, lai sniegtu jums maksim\u0101lu komfortu lasot, skatoties televizoru vai gu\u013cot. Tas ir lieliski piem\u0113rots gultai, d\u012bv\u0101nam, dienas gultai un citur!<\/li>\n<li><strong>Daudzfunkcion\u0101ls dizains:<\/strong> M\u016bsu lielo spilvenu var izmantot vair\u0101kos veidos \u2014 k\u0101 muguras atbalsta las\u012b\u0161anas spilvenu, garu \u0137\u012b\u013cveida spilvenu vai k\u0101ju spilvenu k\u0101ju pacel\u0161anai. Tas ir stil\u012bgs un funkcion\u0101ls, padarot to par lielisku papildin\u0101jumu jebkurai gu\u013camistabai.<\/li>\n<li><strong>Augst\u0101k\u0101s kvalit\u0101tes materi\u0101li:<\/strong> M\u016bsu spilvendr\u0101na ir izgatavota no 100% poliestera ar sav\u012btu tekst\u016bru un izsmalcin\u0101t\u0101m \u0161uv\u0113m, kas ir iztur\u012bgas visapk\u0101rt. Polster\u0113jums ir izgatavots no augsta bl\u012bvuma, augstas kvalit\u0101tes poliestera \u0161\u0137iedr\u0101m, kas nov\u0113r\u0161 nosl\u012bd\u0113\u0161anu pat p\u0113c vair\u0101ku m\u0113ne\u0161u lieto\u0161anas.<\/li>\n<li><strong>Viegli t\u012br\u0101ms:<\/strong> Galvga\u013ca spilvena p\u0101rvalks ir piestiprin\u0101ts pie spilvena ar pog\u0101m un ir viegli no\u0146emams ar vienk\u0101r\u0161u r\u0101v\u0113jsl\u0113dz\u0113ju. Vienk\u0101r\u0161i no\u0146emiet p\u0101rvalku un \u0101tri izmazg\u0101jiet to ve\u013cas ma\u0161\u012bn\u0101, lai spilvens izskat\u012btos k\u0101 jauns.<\/li>\n<li><strong>Ide\u0101la uzglab\u0101\u0161anas kabata:<\/strong> M\u016bsu galvga\u013ca spilvenam ir \u0113rta s\u0101nu kabata, kas nodro\u0161ina, ka j\u016bs nekad vairs nepazaud\u0113siet t\u0101lvad\u012bbas pulti.<\/li>\n<li><strong>Audums:<\/strong>\u00a0Poliestera un lina mais\u012bjums.<\/li>\n<li><strong>Izm\u0113rs:<\/strong> 45 cm (G45 x P20 x A50 | 0 pogas), 60 cm (G60 x P20 x A50 | 0 pogas), 80 cm (G80 x P20 x A50 | 2 pogas), 100 cm (G100 x P20 x A50 | 3 pogas), 120 cm (G120 x P20 x A50 | 4 pogas), 140 cm (G140 x P20 x A50 | 4 pogas), 160 cm (G160 x P20 x A50 | 5 pogas), 180 cm (G180 x P20 x A50 | 6 pogas), 200 cm (G200 x P20 x A50 | 7 pogas).<\/li>\n<\/ul>","protected":false},"featured_media":675,"comment_status":"open","ping_status":"closed","template":"","meta":[],"product_brand":[],"product_cat":[15],"product_tag":[66,187,168,191,189,184,143,188,190,59],"class_list":{"0":"post-688","1":"product","2":"type-product","3":"status-publish","4":"has-post-thumbnail","6":"product_cat-large-wedge-pillow","7":"product_tag-back-support-pillow","8":"product_tag-back-support-reading-pillow","9":"product_tag-headboard-pillow","10":"product_tag-headboard-pillow-wedge","11":"product_tag-linen-pillow","12":"product_tag-long-wedge-pillow","13":"product_tag-multifunctional-pillow","14":"product_tag-pillow-wedge","15":"product_tag-purple-pillow","16":"product_tag-reading-pillow","18":"first","19":"instock","20":"shipping-taxable","21":"purchasable","22":"product-type-variable"},"_links":{"self":[{"href":"https:\/\/www.largepillow.com\/lv\/wp-json\/wp\/v2\/product\/688","targetHints":{"allow":["GET"]}}],"collection":[{"href":"https:\/\/www.largepillow.com\/lv\/wp-json\/wp\/v2\/product"}],"about":[{"href":"https:\/\/www.largepillow.com\/lv\/wp-json\/wp\/v2\/types\/product"}],"replies":[{"embeddable":true,"href":"https:\/\/www.largepillow.com\/lv\/wp-json\/wp\/v2\/comments?post=688"}],"wp:featuredmedia":[{"embeddable":true,"href":"https:\/\/www.largepillow.com\/lv\/wp-json\/wp\/v2\/media\/675"}],"wp:attachment":[{"href":"https:\/\/www.largepillow.com\/lv\/wp-json\/wp\/v2\/media?parent=688"}],"wp:term":[{"taxonomy":"product_brand","embeddable":true,"href":"https:\/\/www.largepillow.com\/lv\/wp-json\/wp\/v2\/product_brand?post=688"},{"taxonomy":"product_cat","embeddable":true,"href":"https:\/\/www.largepillow.com\/lv\/wp-json\/wp\/v2\/product_cat?post=688"},{"taxonomy":"product_tag","embeddable":true,"href":"https:\/\/www.largepillow.com\/lv\/wp-json\/wp\/v2\/product_tag?post=688"}],"curies":[{"name":"wp","href":"https:\/\/api.w.org\/{rel}","templated":true}]}}