{"id":712,"date":"2022-09-16T05:49:00","date_gmt":"2022-09-16T05:49:00","guid":{"rendered":"https:\/\/www.largepillow.com\/product\/triangle-pillow"},"modified":"2025-08-21T14:57:02","modified_gmt":"2025-08-21T14:57:02","slug":"liels-spilvens-gultas-galvgalim","status":"publish","type":"product","link":"https:\/\/www.largepillow.com\/lv\/product\/big-pillow-for-bed-headboard","title":{"rendered":"Liels spilvens gultas galvgalim"},"content":{"rendered":"<p>Paaugstiniet savu komfortu ar lielo spilvenu gultas galvgalim: oblig\u0101ts papildin\u0101jums katr\u0101 m\u0101j\u0101<\/p>\n<p>Mekl\u0113jot maksim\u0101lu komfortu m\u016bsu dz\u012bvojam\u0101s telp\u0101s, Big Pillow For Bed Headboard izce\u013cas k\u0101 daudzpus\u012bgs un nepiecie\u0161ams papildin\u0101jums jebkurai modernai gu\u013camistabai, viesistabai vai m\u0101j\u012bgai st\u016br\u012btim. \u0160is daudzfunkcion\u0101lais spilvens nav tikai dekors; tas ir pavadonis j\u016bsu relaks\u0101cijas br\u012b\u017eos, kas piel\u0101gots, lai uzlabotu j\u016bsu komfortu neatkar\u012bgi no t\u0101, vai \u013caujaties las\u012bt iecien\u012bt\u0101ko gr\u0101matu, skat\u012bties iecien\u012bt\u0101ko seri\u0101lu vai iesl\u012bgst mier\u012bg\u0101 mieg\u0101.<\/p>\n<p>Piln\u012bgs komforts no jauna defin\u0113ts<\/p>\n<p>Izstr\u0101d\u0101ts, lai apmierin\u0101tu j\u016bsu komforta vajadz\u012bbas, Big Pillow For Bed Headboard ir paredz\u0113ts, lai kalpotu k\u0101 j\u016bsu lab\u0101kais relaks\u0101cijas partneris. Neatkar\u012bgi no t\u0101, vai tas tiek novietots pie gultas galvga\u013ca, uz d\u012bv\u0101na vai dienas gulti\u0146as, tas sola nep\u0101rsp\u0113jamu komfortu un atbalstu. T\u0101 daudzpus\u012bba sniedzas t\u0101l\u0101k par vienk\u0101r\u0161u muguras atbalsta las\u012b\u0161anas spilvenu; tas kalpo k\u0101 gar\u0161 \u0137\u012b\u013cveida spilvens vai k\u0101ju spilvens, lai paceltu k\u0101jas, apvienojot stilu un funkcionalit\u0101ti.<\/p>\n<p>Augst\u0101k\u0101s kvalit\u0101tes materi\u0101li ilgsto\u0161am komfortam<\/p>\n<p>Spilvendr\u0101nas izgatavo\u0161anai izmantots 100% poliesters ar izsmalcin\u0101tu sav\u012btu tekst\u016bru un prec\u012bz\u0101m \u0161uv\u0113m, kas garant\u0113 iztur\u012bbu. Augsta bl\u012bvuma poliestera \u0161\u0137iedras, kas izmantotas k\u0101 polster\u0113jums, nodro\u0161ina, ka spilvens saglab\u0101 savu formu un atbalstu, nov\u0113r\u0161ot t\u0101 iegrim\u0161anu pat p\u0113c ilgsto\u0161as lieto\u0161anas. \u0160\u012b ap\u0146em\u0161an\u0101s izmantot kvalitat\u012bvus materi\u0101lus garant\u0113, ka j\u016bsu komforts nekad netiek apdraud\u0113ts.<\/p>\n<p>Vienk\u0101r\u0161a apkope<\/p>\n<p>Izprotot nepiecie\u0161am\u012bbu p\u0113c \u0113rt\u012bbas un \u0113rt\u012bbas, \u012bpa\u0161i m\u016bsdienu dinamiskaj\u0101 pasaul\u0113, Big Pillow For Bed Headboard ir apr\u012bkots ar p\u0101rvalku, ko var bez piep\u016bles no\u0146emt, izmantojot vienk\u0101r\u0161u r\u0101v\u0113jsl\u0113dz\u0113ja meh\u0101nismu. P\u0101rvalks ir piestiprin\u0101ts ar pog\u0101m, un to var viegli no\u0146emt \u0101trai mazg\u0101\u0161anai ve\u013cas ma\u0161\u012bn\u0101, saglab\u0101jot spilvenu svaigu un aicino\u0161u.<\/p>\n<p>Rad\u012bts, dom\u0101jot par jums<\/p>\n<p>Viena no izcil\u0101kaj\u0101m iez\u012bm\u0113m ir inovat\u012bv\u0101 uzglab\u0101\u0161anas kabata, kas atjaut\u012bgi izstr\u0101d\u0101ta, lai glab\u0101tu svar\u012bg\u0101k\u0101s lietas, piem\u0113ram, t\u0101lvad\u012bbas pultis, rokas stiepiena att\u0101lum\u0101, nov\u0113r\u0161ot neapmierin\u0101t\u012bbu ar pazaud\u0113tiem priek\u0161metiem. Turkl\u0101t poliestera un lina auduma mais\u012bjums pied\u0101v\u0101 ne tikai iztur\u012bbu, bet ar\u012b eleganci jebkurai telpai.<\/p>\n<p>Izm\u0113ru daudzpus\u012bba<\/p>\n<p>Ar da\u017e\u0101diem izm\u0113riem no 45 cm l\u012bdz 200 cm, kas apr\u012bkoti ar da\u017e\u0101du pogu skaitu est\u0113tiskai un funkcion\u0101lai vari\u0101cijai, ir pieejams liels gultas galvga\u013ca spilvens, kas piel\u0101gots ikvienai vajadz\u012bbai un telpai. Neatkar\u012bgi no t\u0101, vai jums ir kompakta vienviet\u012bga gulta vai pla\u0161a &quot;king&quot; izm\u0113ra gulta, \u0161o galvga\u013ca spilvenu var piel\u0101got.<\/p>\n<p>Klientu atzin\u012bba: re\u0101la pieredze<\/p>\n<p>M\u016bsu klienti, kurus p\u0101rst\u0101v virkne pozit\u012bvu atsauksmju, ir dal\u012bju\u0161ies sav\u0101 pieredz\u0113, izce\u013cot spilvena augstas kvalit\u0101tes auduma mais\u012bjumu no &quot;tr\u012bsst\u016brveida muguras spilvena, kokvilnas un lina&quot;, kas vi\u0146u telp\u0101m pie\u0161\u0137ir grezn\u012bbas un komforta piesk\u0101rienu. Daudzi ir slav\u0113ju\u0161i t\u0101 daudzfunkcion\u0101lo dizainu, nor\u0101dot, k\u0101 tas ir iev\u0113rojami uzlabojis vi\u0146u komfortu da\u017e\u0101du aktivit\u0101\u0161u, piem\u0113ram, las\u012b\u0161anas un miega, laik\u0101. Ar\u012b viegl\u0101 t\u012br\u012b\u0161anas funkcija ir bijusi \u013coti nov\u0113rt\u0113ts aspekts, kas uzsver spilvena funkcionalit\u0101tes un vienk\u0101r\u0161\u012bbas apvienojumu.<\/p>\n<p>Secin\u0101jums<\/p>\n<p>Lielais spilvens gultas galvgalim ir vair\u0101k nek\u0101 tikai spilvens; tas ir funkcionalit\u0101tes, komforta un stila apvienojuma apliecin\u0101jums. T\u0101 augst\u0101k\u0101s kvalit\u0101tes materi\u0101li, vienk\u0101r\u0161\u0101 kop\u0161ana un daudzfunkcion\u0101lais dizains padara to par neaizst\u0101jamu aksesu\u0101ru jebkur\u0101s m\u0101j\u0101s. Paaugstiniet savu komfortu un pie\u0161\u0137iriet savai telpai eleganci ar \u0161o oblig\u0101to spilvenu. K\u0101 jau zina m\u016bsu apmierin\u0101tie klienti, tas ir ieguld\u012bjums j\u016bsu komfort\u0101 un m\u0101jas est\u0113tiskaj\u0101 pievilc\u012bb\u0101.<\/p>","protected":false},"excerpt":{"rendered":"<ul>\n<li><strong>Maksim\u0101ls komforts:<\/strong> M\u016bsu galvga\u013ca spilvens ir izstr\u0101d\u0101ts, lai sniegtu jums maksim\u0101lu komfortu lasot, skatoties televizoru vai gu\u013cot. Tas ir lieliski piem\u0113rots gultai, d\u012bv\u0101nam, dienas gultai un citur!<\/li>\n<li><strong>Daudzfunkcion\u0101ls dizains:<\/strong> M\u016bsu lielo spilvenu var izmantot vair\u0101kos veidos \u2014 k\u0101 muguras atbalsta las\u012b\u0161anas spilvenu, garu \u0137\u012b\u013cveida spilvenu vai k\u0101ju spilvenu k\u0101ju pacel\u0161anai. Tas ir stil\u012bgs un funkcion\u0101ls, padarot to par lielisku papildin\u0101jumu jebkurai gu\u013camistabai.<\/li>\n<li><strong>Augst\u0101k\u0101s kvalit\u0101tes materi\u0101li:<\/strong> M\u016bsu spilvendr\u0101na ir izgatavota no 100% poliestera ar sav\u012btu tekst\u016bru un izsmalcin\u0101t\u0101m \u0161uv\u0113m, kas ir iztur\u012bgas visapk\u0101rt. Polster\u0113jums ir izgatavots no augsta bl\u012bvuma, augstas kvalit\u0101tes poliestera \u0161\u0137iedr\u0101m, kas nov\u0113r\u0161 nosl\u012bd\u0113\u0161anu pat p\u0113c vair\u0101ku m\u0113ne\u0161u lieto\u0161anas.<\/li>\n<li><strong>Viegli t\u012br\u0101ms:<\/strong> Galvga\u013ca spilvena p\u0101rvalks ir piestiprin\u0101ts pie spilvena ar pog\u0101m un ir viegli no\u0146emams ar vienk\u0101r\u0161u r\u0101v\u0113jsl\u0113dz\u0113ju. Vienk\u0101r\u0161i no\u0146emiet p\u0101rvalku un \u0101tri izmazg\u0101jiet to ve\u013cas ma\u0161\u012bn\u0101, lai spilvens izskat\u012btos k\u0101 jauns.<\/li>\n<li><strong>Ide\u0101la uzglab\u0101\u0161anas kabata:<\/strong> M\u016bsu galvga\u013ca spilvenam ir \u0113rta s\u0101nu kabata, kas nodro\u0161ina, ka j\u016bs nekad vairs nepazaud\u0113siet t\u0101lvad\u012bbas pulti.<\/li>\n<li><strong>Audums:<\/strong>\u00a0Poliestera un lina mais\u012bjums.<\/li>\n<li><strong>Izm\u0113rs:<\/strong> 45 cm (G45 x P20 x A50 | 0 pogas), 60 cm (G60 x P20 x A50 | 0 pogas), 80 cm (G80 x P20 x A50 | 2 pogas), 100 cm (G100 x P20 x A50 | 3 pogas), 120 cm (G120 x P20 x A50 | 4 pogas), 140 cm (G140 x P20 x A50 | 4 pogas), 160 cm (G160 x P20 x A50 | 5 pogas), 180 cm (G180 x P20 x A50 | 6 pogas), 200 cm (G200 x P20 x A50 | 7 pogas).<\/li>\n<\/ul>","protected":false},"featured_media":698,"comment_status":"open","ping_status":"closed","template":"","meta":[],"product_brand":[],"product_cat":[15],"product_tag":[187,186,185,75,168,163,184,143],"class_list":{"0":"post-712","1":"product","2":"type-product","3":"status-publish","4":"has-post-thumbnail","6":"product_cat-large-wedge-pillow","7":"product_tag-back-support-reading-pillow","8":"product_tag-bed-headboard","9":"product_tag-big-pillow","10":"product_tag-daybed-pillow","11":"product_tag-headboard-pillow","12":"product_tag-leg-pillow","13":"product_tag-long-wedge-pillow","14":"product_tag-multifunctional-pillow","16":"first","17":"instock","18":"shipping-taxable","19":"purchasable","20":"product-type-variable"},"_links":{"self":[{"href":"https:\/\/www.largepillow.com\/lv\/wp-json\/wp\/v2\/product\/712","targetHints":{"allow":["GET"]}}],"collection":[{"href":"https:\/\/www.largepillow.com\/lv\/wp-json\/wp\/v2\/product"}],"about":[{"href":"https:\/\/www.largepillow.com\/lv\/wp-json\/wp\/v2\/types\/product"}],"replies":[{"embeddable":true,"href":"https:\/\/www.largepillow.com\/lv\/wp-json\/wp\/v2\/comments?post=712"}],"wp:featuredmedia":[{"embeddable":true,"href":"https:\/\/www.largepillow.com\/lv\/wp-json\/wp\/v2\/media\/698"}],"wp:attachment":[{"href":"https:\/\/www.largepillow.com\/lv\/wp-json\/wp\/v2\/media?parent=712"}],"wp:term":[{"taxonomy":"product_brand","embeddable":true,"href":"https:\/\/www.largepillow.com\/lv\/wp-json\/wp\/v2\/product_brand?post=712"},{"taxonomy":"product_cat","embeddable":true,"href":"https:\/\/www.largepillow.com\/lv\/wp-json\/wp\/v2\/product_cat?post=712"},{"taxonomy":"product_tag","embeddable":true,"href":"https:\/\/www.largepillow.com\/lv\/wp-json\/wp\/v2\/product_tag?post=712"}],"curies":[{"name":"wp","href":"https:\/\/api.w.org\/{rel}","templated":true}]}}