{"id":7330,"date":"2025-05-14T03:08:46","date_gmt":"2025-05-14T03:08:46","guid":{"rendered":"https:\/\/www.largepillow.com\/product\/back-support-reading-pillow-for-bed-headboard-cushion"},"modified":"2025-06-01T00:00:00","modified_gmt":"2025-06-01T00:00:00","slug":"muguras-atbalsta-lasisanas-spilvens-gultas-galvgala-spilvenam","status":"publish","type":"product","link":"https:\/\/www.largepillow.com\/lv\/product\/back-support-reading-pillow-for-bed-headboard-cushion\/","title":{"rendered":"Muguras atbalsta las\u012b\u0161anas spilvens gultas galvga\u013ca spilvenam"},"content":{"rendered":"[zc_getpagecontent mb=&#8221;mb_aplus&#8221; apid=&#8221;125&#8243;]\n","protected":false},"excerpt":{"rendered":"<ul>\n<li>Maksim\u0101ls komforts: \u0160is galvga\u013ca spilvens ir izstr\u0101d\u0101ts, lai sniegtu jums maksim\u0101lu komfortu lasot, skatoties televizoru vai gu\u013cot. Tas ir piem\u0113rots gultai, d\u012bv\u0101nam, dienas gultai un citur!<\/li>\n<li>\u0160is lielais tr\u012bsst\u016brveida spilvens ar izcilu pog\u0101m. T\u012br\u012b\u0161anas padoms: Spilvendr\u0101na ir no\u0146emama, un zem katras pogas ir pogcaurumi, ta\u010du krokot\u0101 auduma pogcaurumi ir maz\u0101ki, t\u0101p\u0113c spilvendr\u0101nas nomai\u0146u ir sare\u017e\u0123\u012bt\u0101k.<\/li>\n<li>Daudzfunkcion\u0101ls: Da\u017ei cilv\u0113ki muguras spilvenu izmanto k\u0101 galvgali, bet citi \u2013 k\u0101 bufera spilvenu; to var izmantot ar\u012b k\u0101 d\u012bv\u0101nu, dienas gultas atzveltnes spilvenu vai d\u012bv\u0101na st\u016bra spilvenu. Tas ir gan stil\u012bgs, gan funkcion\u0101ls, padarot to par lielisku papildin\u0101jumu jebkurai gu\u013camistabai.<\/li>\n<li>Augstas kvalit\u0101tes materi\u0101ls: Apvalks ir izgatavots no gluda un m\u012bksta materi\u0101la, daudzfunkcion\u0101l\u0101 dienas gultas atzveltnes spilvena p\u0101rvalks ir elpojo\u0161s, maigs piesk\u0101riens un nodilumiztur\u012bgs; tr\u012bsst\u016brveida spilvena ieliktnis ir pild\u012bts ar PP kokvilnu, labu atsitienu un m\u012bkstu, kas ir daudz m\u012bkst\u0101ks nek\u0101 atmi\u0146as putas.<\/li>\n<li>Bioniskais \u0137\u012b\u013cveida spilvens: ergonomisks spilvens var atbalst\u012bt muguras dabisko izliekumu un nodro\u0161in\u0101t optim\u0101lu \u0137erme\u0146a aug\u0161da\u013cas pac\u0113lumu, pal\u012bdzot nov\u0113rst daudzas vesel\u012bbas probl\u0113mas. Tas ar\u012b atvieglo atp\u016btu, lasot vai sp\u0113l\u0113jot pie datora, mazinot stresu. Spilvens nodro\u0161ina lielisku muguras un kakla atbalstu, samazina muguras un plecu slodzi, atbalstu un sniedz komfortu, lasot un skatoties televizoru.<\/li>\n<li>Izm\u0113rs: Garums 140 cm * Platums pie pamatnes 24 cm * Augstums 50 cm<\/li>\n<\/ul>","protected":false},"featured_media":7324,"comment_status":"open","ping_status":"closed","template":"","meta":[],"product_brand":[],"product_cat":[15],"product_tag":[],"class_list":{"0":"post-7330","1":"product","2":"type-product","3":"status-publish","4":"has-post-thumbnail","6":"product_cat-large-wedge-pillow","8":"first","9":"instock","10":"shipping-taxable","11":"purchasable","12":"product-type-variable","13":"has-default-attributes"},"_links":{"self":[{"href":"https:\/\/www.largepillow.com\/lv\/wp-json\/wp\/v2\/product\/7330","targetHints":{"allow":["GET"]}}],"collection":[{"href":"https:\/\/www.largepillow.com\/lv\/wp-json\/wp\/v2\/product"}],"about":[{"href":"https:\/\/www.largepillow.com\/lv\/wp-json\/wp\/v2\/types\/product"}],"replies":[{"embeddable":true,"href":"https:\/\/www.largepillow.com\/lv\/wp-json\/wp\/v2\/comments?post=7330"}],"wp:featuredmedia":[{"embeddable":true,"href":"https:\/\/www.largepillow.com\/lv\/wp-json\/wp\/v2\/media\/7324"}],"wp:attachment":[{"href":"https:\/\/www.largepillow.com\/lv\/wp-json\/wp\/v2\/media?parent=7330"}],"wp:term":[{"taxonomy":"product_brand","embeddable":true,"href":"https:\/\/www.largepillow.com\/lv\/wp-json\/wp\/v2\/product_brand?post=7330"},{"taxonomy":"product_cat","embeddable":true,"href":"https:\/\/www.largepillow.com\/lv\/wp-json\/wp\/v2\/product_cat?post=7330"},{"taxonomy":"product_tag","embeddable":true,"href":"https:\/\/www.largepillow.com\/lv\/wp-json\/wp\/v2\/product_tag?post=7330"}],"curies":[{"name":"wp","href":"https:\/\/api.w.org\/{rel}","templated":true}]}}