{"id":735,"date":"2022-09-16T06:11:33","date_gmt":"2022-09-16T06:11:33","guid":{"rendered":"https:\/\/www.largepillow.com\/product\/wedge-pillow-for-acid-reflux_37"},"modified":"2024-10-03T16:31:35","modified_gmt":"2024-10-03T16:31:35","slug":"liels-galvgala-spilvens-2","status":"publish","type":"product","link":"https:\/\/www.largepillow.com\/lv\/product\/large-headboard-pillow","title":{"rendered":"Liels galvga\u013ca spilvens"},"content":{"rendered":"<p>Lielais galvga\u013ca spilvens \u2014 nevainojams komforta pavadonis j\u016bsu gult\u0101 vai d\u012bv\u0101n\u0101! Neatkar\u012bgi no t\u0101, vai las\u0101t, skat\u0101ties televizoru vai gu\u013cat, \u0161is spilvens ir izstr\u0101d\u0101ts, lai sniegtu jums izcilu komfortu un atbalstu.<\/p>\n<p>\u0160im lielajam spilvenam ir daudzfunkcion\u0101ls dizains, kas \u013cauj to izmantot da\u017e\u0101dos veidos. To var atbalst\u012bt pret galvgali, lai izveidotu \u0113rtu muguras atbalstu las\u012b\u0161anai, izmantot to k\u0101 garu \u0137\u012b\u013cveida spilvenu k\u0101ju atbalstam vai pat k\u0101 k\u0101ju spilvenu k\u0101ju pacel\u0161anai. Tas ir stil\u012bgs un funkcion\u0101ls, padarot to par lielisku papildin\u0101jumu jebkurai gu\u013camistabai.<\/p>\n<p>\u0160\u012b spilvena ra\u017eo\u0161an\u0101 izmantotie augst\u0101k\u0101s kvalit\u0101tes materi\u0101li ir nep\u0101rsp\u0113jami. Spilvendr\u0101na ir izgatavota no 100% poliestera un lina mais\u012bjuma ar sav\u012btu tekst\u016bru un izsmalcin\u0101t\u0101m \u0161uv\u0113m, kas ir iztur\u012bgas viscaur. Polster\u0113jums ir izgatavots no augsta bl\u012bvuma, augstas kvalit\u0101tes poliestera \u0161\u0137iedr\u0101m, kas nov\u0113r\u0161 nosl\u012bd\u0113\u0161anu pat p\u0113c vair\u0101ku m\u0113ne\u0161u lieto\u0161anas.<\/p>\n<p>Spilvena t\u012br\u012bbas uztur\u0113\u0161ana ir pavisam vienk\u0101r\u0161a, pateicoties viegli no\u0146emamajam p\u0101rvalkam, kas piestiprin\u0101ts pie spilvena ar pog\u0101m. Vienk\u0101r\u0161i attaisiet p\u0101rvalka r\u0101v\u0113jsl\u0113dz\u0113ju un iemetiet to ve\u013cas ma\u0161\u012bn\u0101, lai spilvens izskat\u012btos k\u0101 jauns. Turkl\u0101t \u0113rt\u0101 s\u0101nu kabata \u013cauj tur\u0113t t\u0101lvad\u012bbas pulti vai citus mazus priek\u0161metus pa rokai.<\/p>\n<p>Bet neuztveriet to tikai k\u0101 m\u016bsu v\u0101rdus. \u0160eit ir da\u017ei apmierin\u0101tu klientu koment\u0101ri:<\/p>\n<p>\u2013 \u201c\u0160is spilvens ir tik \u0113rts, nevaru notic\u0113t, ka jebkad esmu bez t\u0101 dz\u012bvojis!\u201d<br \/>\n\u2013 \u201cAudums ir m\u012bksts un grezns, un pats spilvens ir \u013coti atbalsto\u0161s.\u201d<br \/>\n\u2013 \u201cMan \u013coti pat\u012bk izm\u0113ru izv\u0113les iesp\u0113jas \u2013 es var\u0113ju atrast t\u0101du, kas lieliski der manai divgu\u013camajai gultai.\u201d<br \/>\n\u2013 \u201cSarkan\u0101 kr\u0101sa ir ko\u0161a un lieliski izskat\u0101s man\u0101 gu\u013camistab\u0101.\u201d<br \/>\n\u2013 \u201cKabata maina sp\u0113les noteikumus \u2013 ir tik \u0113rti, ka t\u0101lvad\u012bbas pults ir rokas stiepiena att\u0101lum\u0101.\u201d<\/p>\n<p>\u0160is lielais galvga\u013ca spilvens, kas pieejams izm\u0113ros no 45 cm l\u012bdz 200 cm, ir lielisks papildin\u0101jums j\u016bsu gu\u013camistabai vai viesistabai. Negaidiet, pas\u016btiet savu jau \u0161odien un izbaudiet maksim\u0101lu komfortu un \u0113rt\u012bbas!<\/p>","protected":false},"excerpt":{"rendered":"<ul>\n<li><strong>Maksim\u0101ls komforts:<\/strong> M\u016bsu galvga\u013ca spilvens ir izstr\u0101d\u0101ts, lai sniegtu jums maksim\u0101lu komfortu lasot, skatoties televizoru vai gu\u013cot. Tas ir lieliski piem\u0113rots gultai, d\u012bv\u0101nam, dienas gultai un citur!<\/li>\n<li><strong>Daudzfunkcion\u0101ls dizains:<\/strong> M\u016bsu lielo spilvenu var izmantot vair\u0101kos veidos \u2014 k\u0101 muguras atbalsta las\u012b\u0161anas spilvenu, garu \u0137\u012b\u013cveida spilvenu vai k\u0101ju spilvenu k\u0101ju pacel\u0161anai. Tas ir stil\u012bgs un funkcion\u0101ls, padarot to par lielisku papildin\u0101jumu jebkurai gu\u013camistabai.<\/li>\n<li><strong>Augst\u0101k\u0101s kvalit\u0101tes materi\u0101li:<\/strong> M\u016bsu spilvendr\u0101na ir izgatavota no 100% poliestera ar sav\u012btu tekst\u016bru un izsmalcin\u0101t\u0101m \u0161uv\u0113m, kas ir iztur\u012bgas visapk\u0101rt. Polster\u0113jums ir izgatavots no augsta bl\u012bvuma, augstas kvalit\u0101tes poliestera \u0161\u0137iedr\u0101m, kas nov\u0113r\u0161 nosl\u012bd\u0113\u0161anu pat p\u0113c vair\u0101ku m\u0113ne\u0161u lieto\u0161anas.<\/li>\n<li><strong>Viegli t\u012br\u0101ms:<\/strong> Galvga\u013ca spilvena p\u0101rvalks ir piestiprin\u0101ts pie spilvena ar pog\u0101m un ir viegli no\u0146emams ar vienk\u0101r\u0161u r\u0101v\u0113jsl\u0113dz\u0113ju. Vienk\u0101r\u0161i no\u0146emiet p\u0101rvalku un \u0101tri izmazg\u0101jiet to ve\u013cas ma\u0161\u012bn\u0101, lai spilvens izskat\u012btos k\u0101 jauns.<\/li>\n<li><strong>Ide\u0101la uzglab\u0101\u0161anas kabata:<\/strong> M\u016bsu galvga\u013ca spilvenam ir \u0113rta s\u0101nu kabata, kas nodro\u0161ina, ka j\u016bs nekad vairs nepazaud\u0113siet t\u0101lvad\u012bbas pulti.<\/li>\n<li><strong>Audums:<\/strong>\u00a0Poliestera un lina mais\u012bjums.<\/li>\n<li><strong>Izm\u0113rs:<\/strong> 45 cm (G45 x P20 x A50 | 0 pogas), 60 cm (G60 x P20 x A50 | 0 pogas), 80 cm (G80 x P20 x A50 | 2 pogas), 100 cm (G100 x P20 x A50 | 3 pogas), 120 cm (G120 x P20 x A50 | 4 pogas), 140 cm (G140 x P20 x A50 | 4 pogas), 160 cm (G160 x P20 x A50 | 5 pogas), 180 cm (G180 x P20 x A50 | 6 pogas), 200 cm (G200 x P20 x A50 | 7 pogas).<\/li>\n<\/ul>","protected":false},"featured_media":722,"comment_status":"open","ping_status":"closed","template":"","meta":[],"product_brand":[],"product_cat":[15],"product_tag":[66,75,168,163,184,59],"class_list":{"0":"post-735","1":"product","2":"type-product","3":"status-publish","4":"has-post-thumbnail","6":"product_cat-large-wedge-pillow","7":"product_tag-back-support-pillow","8":"product_tag-daybed-pillow","9":"product_tag-headboard-pillow","10":"product_tag-leg-pillow","11":"product_tag-long-wedge-pillow","12":"product_tag-reading-pillow","14":"first","15":"instock","16":"featured","17":"shipping-taxable","18":"purchasable","19":"product-type-variable"},"_links":{"self":[{"href":"https:\/\/www.largepillow.com\/lv\/wp-json\/wp\/v2\/product\/735","targetHints":{"allow":["GET"]}}],"collection":[{"href":"https:\/\/www.largepillow.com\/lv\/wp-json\/wp\/v2\/product"}],"about":[{"href":"https:\/\/www.largepillow.com\/lv\/wp-json\/wp\/v2\/types\/product"}],"replies":[{"embeddable":true,"href":"https:\/\/www.largepillow.com\/lv\/wp-json\/wp\/v2\/comments?post=735"}],"wp:featuredmedia":[{"embeddable":true,"href":"https:\/\/www.largepillow.com\/lv\/wp-json\/wp\/v2\/media\/722"}],"wp:attachment":[{"href":"https:\/\/www.largepillow.com\/lv\/wp-json\/wp\/v2\/media?parent=735"}],"wp:term":[{"taxonomy":"product_brand","embeddable":true,"href":"https:\/\/www.largepillow.com\/lv\/wp-json\/wp\/v2\/product_brand?post=735"},{"taxonomy":"product_cat","embeddable":true,"href":"https:\/\/www.largepillow.com\/lv\/wp-json\/wp\/v2\/product_cat?post=735"},{"taxonomy":"product_tag","embeddable":true,"href":"https:\/\/www.largepillow.com\/lv\/wp-json\/wp\/v2\/product_tag?post=735"}],"curies":[{"name":"wp","href":"https:\/\/api.w.org\/{rel}","templated":true}]}}