{"id":7511,"date":"2025-05-19T01:19:40","date_gmt":"2025-05-19T01:19:40","guid":{"rendered":"https:\/\/www.largepillow.com\/product\/multifunction-support-pillow-with-adjustable-reading-bolster"},"modified":"2025-05-19T04:14:08","modified_gmt":"2025-05-19T04:14:08","slug":"daudzfunkcionals-atbalsta-spilvens-ar-regulejamu-lasisanas-spilvenu","status":"publish","type":"product","link":"https:\/\/www.largepillow.com\/lv\/product\/multifunction-support-pillow-with-adjustable-reading-bolster","title":{"rendered":"Daudzfunkcion\u0101ls atbalsta spilvens ar regul\u0113jamu las\u012b\u0161anas spilvenu"},"content":{"rendered":"<p>Daudzfunkcion\u0101lais \u0137\u012b\u013cveida las\u012b\u0161anas spilvens apvieno augst\u0101k\u0101s klases komfortu ar daudzpus\u012bgu atbalstu, lai risin\u0101tu m\u016bsdienu dz\u012bvesveida s\u0101pes. T\u0101 augsta bl\u012bvuma putu serde un regul\u0113jamais galvas balsts ir paredz\u0113ts visa \u0137erme\u0146a ergonomiskai izl\u012bdzin\u0101\u0161anai. Samta audums un p\u0101rn\u0113s\u0101jamas rokassomas iedvesmotais dizains padara to ide\u0101li piem\u0113rotu lieto\u0161anai gult\u0101, uz d\u012bv\u0101na vai ce\u013cojum\u0101, vienlaikus risinot gr\u0113mas, roku nejut\u012bgumu un sliktu st\u0101ju. \u00a0<\/p>\n<p><strong>Par produktu:<\/strong><\/p>\n<ul>\n<li>3\u00a0vien\u0101 s\u0101pju mazin\u0101\u0161anai: atbalsta rokas, kaklu, muguru un ce\u013cus, lai c\u012bn\u012btos pret sp\u0113\u013cu nogurumu, gr\u0113mas un i\u0161iasu. \u00a0<\/li>\n<li>Ide\u0101la st\u0101ja: Ergonomiska \u0137\u012b\u013cveida forma veicina mugurkaula izl\u012bdzin\u0101\u0161anu s\u0113\u017eot vai gu\u013cot. \u00a0<\/li>\n<li>Grezn\u012bba satiekas ar iztur\u012bbu: Augstas iztur\u012bbas putas saglab\u0101 formu gadiem ilgi, apvienojum\u0101 ar ve\u013cas ma\u0161\u012bn\u0101 mazg\u0101jamu samtu. \u00a0<\/li>\n<li>Piel\u0101gojams galvas balsts: pab\u012bdiet spilvenu, lai piel\u0101gotu jostasvietas, kakla vai elko\u0146u atbalstu jebkur\u0101 poz\u012bcij\u0101. \u00a0<\/li>\n<li>Vakuuma iepakojums un p\u0101rn\u0113s\u0101jams: tiek pieg\u0101d\u0101ts saspiest\u0101 veid\u0101; izple\u0161as 48 stundu laik\u0101. Lieliski piem\u0113rots dz\u012bvok\u013ciem vai d\u0101van\u0101m. \u00a0<\/li>\n<\/ul>\n<p><strong>Bie\u017ei uzdotie jaut\u0101jumi:<\/strong><br \/>\nJ: Vai tas darbosies gan gariem, gan \u012bsiem lietot\u0101jiem?<br \/>\nA: J\u0101! 22 collu platums un regul\u0113jamais galvas balsts ir piem\u0113rots visiem \u0137erme\u0146a tipiem (no 12 gadu vecuma). \u00a0<\/p>\n<p>J: Cik ilgs laiks paiet, l\u012bdz tas izple\u0161as p\u0113c iz\u0146em\u0161anas no iepakojuma?<br \/>\nA: \u013baujiet tam uzp\u016bsties 24\u201348 stundas \u2013 paciet\u012bba, lai sasniegtu piln\u012bbu! \u00a0<\/p>\n<p>J: Vai putas ir stingras vai m\u012bkstas?<br \/>\nA: Goldilocks apstiprin\u0101tas, vid\u0113ji stingras: atbalsta st\u0101ju, m\u012bkstas komfortam. \u00a0<\/p>\n<p>J: Vai tas sl\u012bd uz leju pa glud\u0101m palag\u0101m?<br \/>\nA: Nesl\u012bdo\u0161\u0101 samta pamatne labi sa\u0137eras ar virsm\u0101m \u2014 vairs nek\u0101du ne\u0113rtu regul\u0113\u0161anu filmas laik\u0101! \u00a0<\/p>\n<p>J: Vai es to varu lietot p\u0113c dzemd\u012bb\u0101m vai p\u0113c oper\u0101cijas? \u00a0<br \/>\nA: Noteikti! \u0100rsti iesaka \u0137\u012b\u013cveida spilvenus atvese\u013co\u0161anai p\u0113c \u0137eizargrieziena un GERD \u0101rst\u0113\u0161anai. \u00a0<\/p>\n<p>J: K\u0101 t\u012br\u012bt nopl\u016bdes?<br \/>\nA: Atveriet p\u0101rvalka r\u0101v\u0113jsl\u0113dz\u0113ju, iemetiet to ve\u013cas ma\u0161\u012bn\u0101 (aukst\u0101, maig\u0101 re\u017e\u012bm\u0101) un \u013caujiet no\u017e\u016bt. Neizmantojiet \u017e\u0101v\u0113t\u0101jus \u2013 m\u0113s nov\u0113r\u0161am sarau\u0161anos! \u00a0<\/p>\n<p><strong>K\u0101p\u0113c pirkt \u0161o spilvenu?<\/strong><br \/>\n1. Beidziet rokas sastiepumu, ko rada ritin\u0101\u0161ana pa t\u0101lruni vai kl\u0113pjdatora lieto\u0161ana gult\u0101. \u00a0<br \/>\n2. Las\u012b\u0161anai, gul\u0113\u0161anai uz s\u0101niem un sk\u0101bes refluksa mazin\u0101\u0161anai nomainiet apjom\u012bgus spilvenus ar vienu \u0137\u012bli. \u00a0<br \/>\n3. Izvairieties no l\u0113tiem \u201cgultas atp\u016btas spilveniem\u201d, kas nosl\u012bd \u2014 m\u016bsu putas ir ortop\u0113diskas kvalit\u0101tes. \u00a0<\/p>","protected":false},"excerpt":{"rendered":"<ul>\n<li>Izcils roku un elko\u0146u atbalsts maksim\u0101lam komfortam: \u0160is las\u012b\u0161anas spilvens, kas paredz\u0113ts noguruma mazin\u0101\u0161anai un roku atbalstam, nodro\u0161ina perfektu komfortu elko\u0146iem, apak\u0161delmiem un plaukstu loc\u012btav\u0101m. Neatkar\u012bgi no t\u0101, vai sp\u0113l\u0113jat sp\u0113les, las\u0101t, lietojat t\u0101lruni vai ad\u0101t, \u0161is ergonomiskais spilvens veicina pareizu st\u0101ju un pal\u012bdz mazin\u0101t s\u0101pes, ko izraisa nepareizi s\u0113d\u0113\u0161anas paradumi. Atvadieties no roku nejut\u012bguma un diskomforta!<\/li>\n<li>Daudzfunkcion\u0101ls \u0137\u012b\u013cveida spilvens pilna \u0137erme\u0146a atbalstam: tas ir vair\u0101k nek\u0101 tikai las\u012b\u0161anas spilvens, t\u0101 ergonomiskais \u0137\u012b\u013cveida dizains padara to par daudzpus\u012bgu atbalsta \u0137\u012b\u013cveida spilvenu. Izmantojiet to, lai paceltu \u0137erme\u0146a aug\u0161da\u013cu, mazin\u0101tu gr\u0113mas, gr\u0113mas un muguras s\u0101pes, vai pat k\u0101 ce\u013cgalu \u0137\u012b\u013cveida spilvenu. Neatkar\u012bgi no t\u0101, vai gu\u013cat uz muguras vai s\u0101niem, \u0161is \u0137\u012b\u013cveida spilvens muguras s\u0101pju mazin\u0101\u0161anai piel\u0101gojas j\u016bsu vajadz\u012bb\u0101m. Ja jums ir probl\u0113mas ar st\u0101ju, novietojiet to st\u0101vus un izmantojiet to k\u0101 muguras atbalsta spilvenu.<\/li>\n<li>Stil\u012bgs, rokassomi\u0146as iedvesmots dizains ar regul\u0113jamu galvas balstu: \u0161\u012b \u0137\u012b\u013cveida spilvena unik\u0101l\u0101 rokassomi\u0146as forma pie\u0161\u0137ir j\u016bsu m\u0101j\u0101m modernu un praktisku piesk\u0101rienu. Tas ietver regul\u0113jamu nelielu galvas balstu, ko var p\u0101rvietot, lai atbalst\u012btu galvu, kaklu, vidukli vai muguru p\u0113c nepiecie\u0161am\u012bbas. Ide\u0101ls stila un funkcionalit\u0101tes apvienojums!<\/li>\n<li>Grezns samta audums un augsta bl\u012bvuma putas maksim\u0101lam komfortam: Izgatavots no \u012bpa\u0161i m\u012bksta samta auduma un p\u016bkaina, ar poliesteru pild\u012bta galvas balsta, \u0161is sp\u0113\u013cu spilvens kl\u0113p\u012b pied\u0101v\u0101 perfektu maiguma un atbalsta l\u012bdzsvaru. Augsta bl\u012bvuma putas piel\u0101gojas j\u016bsu \u0137ermenim, vienlaikus saglab\u0101jot savu formu, nodro\u0161inot ilgsto\u0161u komfortu las\u012b\u0161anai, darbam vai atp\u016btai.<\/li>\n<li>Viegli t\u012br\u0101ms un \u0113rti uzst\u0101d\u0101ms: J\u016bsu kl\u0113pja atbalstam paredz\u0113t\u0101 tambor\u0113t\u0101 spilvena svaiguma uztur\u0113\u0161ana ir vienk\u0101r\u0161a! No\u0146emamais, ve\u013cas ma\u0161\u012bn\u0101 mazg\u0101jamais p\u0101rvalks nodro\u0161ina ilgsto\u0161u t\u012br\u012bbu. Kl\u0113pja spilvens tiek pieg\u0101d\u0101ts vakuum\u0101 iepakots \u2014 pirms lieto\u0161anas \u013caujiet tam piln\u012bb\u0101 izplesties 24\u201348 stundas. Izbaudiet nep\u0101rsp\u0113jamu komfortu, kas rad\u012bts tie\u0161i jums!<\/li>\n<\/ul>","protected":false},"featured_media":7503,"comment_status":"open","ping_status":"closed","template":"","meta":[],"product_brand":[],"product_cat":[228],"product_tag":[],"class_list":{"0":"post-7511","1":"product","2":"type-product","3":"status-publish","4":"has-post-thumbnail","6":"product_cat-cushions","8":"first","9":"instock","10":"shipping-taxable","11":"purchasable","12":"product-type-simple"},"_links":{"self":[{"href":"https:\/\/www.largepillow.com\/lv\/wp-json\/wp\/v2\/product\/7511","targetHints":{"allow":["GET"]}}],"collection":[{"href":"https:\/\/www.largepillow.com\/lv\/wp-json\/wp\/v2\/product"}],"about":[{"href":"https:\/\/www.largepillow.com\/lv\/wp-json\/wp\/v2\/types\/product"}],"replies":[{"embeddable":true,"href":"https:\/\/www.largepillow.com\/lv\/wp-json\/wp\/v2\/comments?post=7511"}],"wp:featuredmedia":[{"embeddable":true,"href":"https:\/\/www.largepillow.com\/lv\/wp-json\/wp\/v2\/media\/7503"}],"wp:attachment":[{"href":"https:\/\/www.largepillow.com\/lv\/wp-json\/wp\/v2\/media?parent=7511"}],"wp:term":[{"taxonomy":"product_brand","embeddable":true,"href":"https:\/\/www.largepillow.com\/lv\/wp-json\/wp\/v2\/product_brand?post=7511"},{"taxonomy":"product_cat","embeddable":true,"href":"https:\/\/www.largepillow.com\/lv\/wp-json\/wp\/v2\/product_cat?post=7511"},{"taxonomy":"product_tag","embeddable":true,"href":"https:\/\/www.largepillow.com\/lv\/wp-json\/wp\/v2\/product_tag?post=7511"}],"curies":[{"name":"wp","href":"https:\/\/api.w.org\/{rel}","templated":true}]}}