{"id":7541,"date":"2025-05-19T02:51:40","date_gmt":"2025-05-19T02:51:40","guid":{"rendered":"https:\/\/www.largepillow.com\/product\/cloud-shaped-dog-cat-bed-with-removable-cover-easy-clean"},"modified":"2025-05-19T04:14:09","modified_gmt":"2025-05-19T04:14:09","slug":"makona-formas-sunu-kaku-gulta-ar-nonemamu-parvalku-viegli-tirama","status":"publish","type":"product","link":"https:\/\/www.largepillow.com\/lv\/product\/cloud-shaped-dog-cat-bed-with-removable-cover-easy-clean","title":{"rendered":"M\u0101ko\u0146a formas su\u0146u un ka\u0137u gulta ar no\u0146emamu p\u0101rvalku, viegli t\u012br\u0101ma"},"content":{"rendered":"[zc_getpagecontent mb=&#8221;mb_aplus&#8221; apid=&#8221;127&#8243;]\n","protected":false},"excerpt":{"rendered":"<ul>\n<li>Elegants m\u0101ko\u0146u dizains: \u0161\u012b vid\u0113ja izm\u0113ra su\u0146u gulta lepojas ar burv\u012bgu m\u0101ko\u0146u iedvesmotu dizainu, kas ne tikai atspogu\u013co m\u0101jdz\u012bvnieka dabisk\u0101s atp\u016btas vietas debes\u012bs b\u016bt\u012bbu, bet ar\u012b kalpo k\u0101 jauks akcenta elements j\u016bsu m\u0101jas interjer\u0101; t\u0101s m\u012bkst\u0101s, neregul\u0101r\u0101s malas atdarina \u012bsta m\u0101ko\u0146a p\u016bkaino izskatu, nodro\u0161inot vizu\u0101li pievilc\u012bgu un aicino\u0161u vietu j\u016bsu m\u0101jdz\u012bvniekam atp\u016bsties.<\/li>\n<li>Komforts un atbalsts: Gulta, kas izgatavota no augsta bl\u012bvuma, augstas kvalit\u0101tes atbalsta s\u016bk\u013ca pamatnes, nodro\u0161ina stingru, bet \u0113rtu atbalstu j\u016bsu m\u0101jdz\u012bvnieka \u0137ermenim; Apk\u0101rt\u0113jais spilvens ir pild\u012bts ar m\u012bkstu PP kokvilnu, kas ne tikai palielina kop\u0113jo m\u0101j\u012bgumu, bet ar\u012b nodro\u0161ina maigu spilvenu ap mal\u0101m, nodro\u0161inot, ka j\u016bsu m\u0101jdz\u012bvnieks j\u016btas dro\u0161i un \u0113rti.<\/li>\n<li>Iztur\u012bga ar nesl\u012bdo\u0161u pamatni: Gulta ir izgatavota no iztur\u012bga, p\u016bkaina, balta auduma, ko ir viegli no\u0146emt, mazg\u0101t un kopt, savuk\u0101rt nesl\u012bdo\u0161\u0101 pamatne nodro\u0161ina, ka gulta paliek sav\u0101 viet\u0101 pat uz glud\u0101m gr\u012bd\u0101m, samazinot risku, ka j\u016bsu m\u0101jdz\u012bvnieks to stumd\u012bs vai sl\u012bd\u0113s lieto\u0161anas laik\u0101.<\/li>\n<li>Pietiekami daudz vietas vair\u0101kiem m\u0101jdz\u012bvniekiem: \u0160\u012b m\u0101ko\u0146a formas su\u0146u gulta ar ietilp\u012bgu 80 x 40 centimetru iek\u0161\u0113jo telpu ir pietiekami pla\u0161a, lai \u0113rti izmitin\u0101tu vienu vid\u0113ja lieluma suni vai l\u012bdz trim maziem su\u0146iem, padarot to par lielisku izv\u0113li m\u0101jdz\u012bvnieku \u012bpa\u0161niekiem ar vair\u0101kiem m\u0101jdz\u012bvniekiem, kuri v\u0113las katram no tiem nodro\u0161in\u0101t \u0113rtu un kop\u012bgu atp\u016btas zonu.<\/li>\n<li>Daudzpus\u012bgs un stil\u012bgs: t\u0101 est\u0113tisk\u0101 pievilc\u012bba un praktiskais dizains padara to piem\u0113rotu novieto\u0161anai jebkur\u0101 m\u0101jas telp\u0101, tostarp viesistab\u0101s, gu\u013camistab\u0101s un pat saulainos balkonos, neapdraudot stilu vai komfortu.<\/li>\n<\/ul>","protected":false},"featured_media":7532,"comment_status":"open","ping_status":"closed","template":"","meta":[],"product_brand":[],"product_cat":[227],"product_tag":[],"class_list":{"0":"post-7541","1":"product","2":"type-product","3":"status-publish","4":"has-post-thumbnail","6":"product_cat-pet-supplies","8":"first","9":"outofstock","10":"shipping-taxable","11":"purchasable","12":"product-type-simple"},"_links":{"self":[{"href":"https:\/\/www.largepillow.com\/lv\/wp-json\/wp\/v2\/product\/7541","targetHints":{"allow":["GET"]}}],"collection":[{"href":"https:\/\/www.largepillow.com\/lv\/wp-json\/wp\/v2\/product"}],"about":[{"href":"https:\/\/www.largepillow.com\/lv\/wp-json\/wp\/v2\/types\/product"}],"replies":[{"embeddable":true,"href":"https:\/\/www.largepillow.com\/lv\/wp-json\/wp\/v2\/comments?post=7541"}],"wp:featuredmedia":[{"embeddable":true,"href":"https:\/\/www.largepillow.com\/lv\/wp-json\/wp\/v2\/media\/7532"}],"wp:attachment":[{"href":"https:\/\/www.largepillow.com\/lv\/wp-json\/wp\/v2\/media?parent=7541"}],"wp:term":[{"taxonomy":"product_brand","embeddable":true,"href":"https:\/\/www.largepillow.com\/lv\/wp-json\/wp\/v2\/product_brand?post=7541"},{"taxonomy":"product_cat","embeddable":true,"href":"https:\/\/www.largepillow.com\/lv\/wp-json\/wp\/v2\/product_cat?post=7541"},{"taxonomy":"product_tag","embeddable":true,"href":"https:\/\/www.largepillow.com\/lv\/wp-json\/wp\/v2\/product_tag?post=7541"}],"curies":[{"name":"wp","href":"https:\/\/api.w.org\/{rel}","templated":true}]}}