{"id":7563,"date":"2025-05-19T03:29:58","date_gmt":"2025-05-19T03:29:58","guid":{"rendered":"https:\/\/www.largepillow.com\/product\/foldable-book-shaped-floor-pillow-cushion-unique-fun-gift"},"modified":"2025-06-17T23:03:30","modified_gmt":"2025-06-17T23:03:30","slug":"salokama-gramatas-formas-gridas-spilvena-spilvens-unikala-jautra-davana","status":"publish","type":"product","link":"https:\/\/www.largepillow.com\/lv\/product\/foldable-book-shaped-floor-pillow-cushion-unique-fun-gift","title":{"rendered":"Salok\u0101ms gr\u0101matas formas gr\u012bdas spilvens, unik\u0101la jautra d\u0101vana"},"content":{"rendered":"[zc_getpagecontent mb=&#8221;mb_aplus&#8221; apid=&#8221;106&#8243;]\n","protected":false},"excerpt":{"rendered":"<ul>\n<li>Daudzpus\u012bba un rado\u0161ums \u2014 piez\u012bmju gr\u0101mati\u0146as formas gr\u012bdas spilvens ir vair\u0101k nek\u0101 tikai s\u0113dvieta; tas ir praktiskuma un rado\u0161uma apvienojums; Atverot, tas p\u0101rv\u0113r\u0161as divos savienotos spilvenos, nodro\u0161inot papildu s\u0113dvietu vai atzveltni, padarot to ide\u0101li piem\u0113rotu gan m\u0101j\u0101m, gan birojam. T\u0101 unik\u0101lais piez\u012bmju gr\u0101mati\u0146as izskats ne tikai pie\u0161\u0137ir rota\u013c\u012bgu piesk\u0101rienu m\u0101jas dekoram, bet ar\u012b rosina j\u016bsu izt\u0113li.<\/li>\n<li>Uzglab\u0101\u0161anas \u0113rtums \u2014 \u0161im spilvenam ir uzglab\u0101\u0161anas nodal\u012bjums, kas padara to ne tikai par \u0113rtu s\u0113dekli, bet ar\u012b par praktisku uzglab\u0101\u0161anas risin\u0101jumu, kur\u0101 var viegli uzglab\u0101t gr\u0101matas, \u017eurn\u0101lus vai citus mazus priek\u0161metus, uzturot telpas k\u0101rt\u012bb\u0101 un vienlaikus las\u0101mvielas rokas stiepiena att\u0101lum\u0101, kas ir ide\u0101li piem\u0113rots gr\u0101matu m\u012b\u013cot\u0101jiem.<\/li>\n<li>\u0112rta las\u012b\u0161anas pieredze \u2014 m\u016bsu spilvens ar augsta bl\u012bvuma, augstas atbalsta put\u0101m pied\u0101v\u0101 \u0113rtu s\u0113d\u0113\u0161anas pieredzi un atbalstu, nodro\u0161inot, ka gan b\u0113rni, gan pieaugu\u0161ie var baud\u012bt m\u0101j\u012bgu las\u012b\u0161anas st\u016br\u012bti uz gr\u012bdas, mazinot diskomfortu ilgsto\u0161u las\u012b\u0161anas sesiju laik\u0101.<\/li>\n<li>Daudzfunkcionalit\u0101te fotograf\u0113\u0161anai un dekoram \u2014 \u0161\u012b spilvena unik\u0101lais dizains un ko\u0161\u0101s kr\u0101sas padara to par izcilu aksesu\u0101ru fotogr\u0101fij\u0101. Tas var nodro\u0161in\u0101t rado\u0161u fonu \u0123imenes fotosesij\u0101m vai profesion\u0101l\u0101m fotosesij\u0101m, k\u0101 ar\u012b kalpot k\u0101 iek\u0161telpu dekor\u0101cijas sast\u0101vda\u013ca, pie\u0161\u0137irot jebkurai telpai dz\u012bv\u012bgumu un person\u012bbu.<\/li>\n<li>Ide\u0101li piem\u0113rots sv\u0113tkiem un d\u0101van\u0101m \u2014 lieliska sv\u0113tku d\u0101vana, ja mekl\u0113jat kaut ko gan jautru, gan praktisku. T\u0101 ir ne tikai lieliska Ziemassv\u0113tku d\u0101vana, bet ar\u012b \u012bpa\u0161a d\u0101vana jebkuriem sv\u0113tkiem, piem\u0113ram, dzim\u0161anas dienai un Helov\u012bnam, sag\u0101d\u0101jot p\u0101rsteigumu un smieklus draugiem un \u0123imenei.<\/li>\n<\/ul>","protected":false},"featured_media":7551,"comment_status":"open","ping_status":"closed","template":"","meta":[],"product_brand":[],"product_cat":[228],"product_tag":[],"class_list":{"0":"post-7563","1":"product","2":"type-product","3":"status-publish","4":"has-post-thumbnail","6":"product_cat-cushions","8":"first","9":"outofstock","10":"sold-individually","11":"shipping-taxable","12":"purchasable","13":"product-type-simple"},"_links":{"self":[{"href":"https:\/\/www.largepillow.com\/lv\/wp-json\/wp\/v2\/product\/7563","targetHints":{"allow":["GET"]}}],"collection":[{"href":"https:\/\/www.largepillow.com\/lv\/wp-json\/wp\/v2\/product"}],"about":[{"href":"https:\/\/www.largepillow.com\/lv\/wp-json\/wp\/v2\/types\/product"}],"replies":[{"embeddable":true,"href":"https:\/\/www.largepillow.com\/lv\/wp-json\/wp\/v2\/comments?post=7563"}],"wp:featuredmedia":[{"embeddable":true,"href":"https:\/\/www.largepillow.com\/lv\/wp-json\/wp\/v2\/media\/7551"}],"wp:attachment":[{"href":"https:\/\/www.largepillow.com\/lv\/wp-json\/wp\/v2\/media?parent=7563"}],"wp:term":[{"taxonomy":"product_brand","embeddable":true,"href":"https:\/\/www.largepillow.com\/lv\/wp-json\/wp\/v2\/product_brand?post=7563"},{"taxonomy":"product_cat","embeddable":true,"href":"https:\/\/www.largepillow.com\/lv\/wp-json\/wp\/v2\/product_cat?post=7563"},{"taxonomy":"product_tag","embeddable":true,"href":"https:\/\/www.largepillow.com\/lv\/wp-json\/wp\/v2\/product_tag?post=7563"}],"curies":[{"name":"wp","href":"https:\/\/api.w.org\/{rel}","templated":true}]}}