{"id":7724,"date":"2025-05-23T03:43:35","date_gmt":"2025-05-23T03:43:35","guid":{"rendered":"https:\/\/www.largepillow.com\/product\/calming-dog-bed-with-removable-cushion-indoor-round-kennel"},"modified":"2025-05-28T01:44:41","modified_gmt":"2025-05-28T01:44:41","slug":"nomierinosa-sunu-gulta-ar-nonemamu-spilvenu-iekstelpu-apala-sunu-buda","status":"publish","type":"product","link":"https:\/\/www.largepillow.com\/lv\/product\/calming-dog-bed-with-removable-cushion-indoor-round-kennel","title":{"rendered":"Nomierino\u0161a su\u0146u gulta ar no\u0146emamu spilvenu, apa\u013ca iek\u0161telpu su\u0146u b\u016bda"},"content":{"rendered":"[zc_getpagecontent mb=&#8221;mb_aplus&#8221; apid=&#8221;120&#8243;]\n","protected":false},"excerpt":{"rendered":"<ul>\n<li>Unik\u0101ls apsk\u0101vienu dizains \u2014 iedvesmojoties no maigiem apsk\u0101vieniem, \u0161\u012b apsk\u0101vienu iedvesmot\u0101 apa\u013c\u0101 su\u0146u gulta ir veidota apa\u013c\u0101 veid\u0101 ar augst\u0101m mal\u0101m, radot saj\u016btu, ka saimnieks to visu laiku tur rok\u0101s, t\u0101d\u0113j\u0101di nodro\u0161inot piln\u012bgu dro\u0161\u012bbas saj\u016btu.<\/li>\n<li>Nomierino\u0161s un mazina trauksmi \u2013 su\u0146u gultas unik\u0101l\u0101 konstrukcija rada midzenim l\u012bdz\u012bgu vidi, pal\u012bdz mazin\u0101t su\u0146u trauksmi, sniedzot dro\u0161\u012bbas un komforta saj\u016btu; t\u0101 ir ide\u0101la izv\u0113le su\u0146iem, kuri viegli pak\u013cauti stresam, vai nu at\u0161\u0137ir\u0161an\u0101s trauksmes, p\u0113rkona negaisa vai jaunas vides d\u0113\u013c.<\/li>\n<li>Vissezonas pakl\u0101ji\u0146\u0161 \u2014 ar apgrie\u017eamu su\u0146u pakl\u0101ji\u0146a dizainu, pakl\u0101ji\u0146\u0161 ar da\u017e\u0101diem materi\u0101liem ab\u0101s pus\u0113s var piel\u0101goties da\u017e\u0101diem gadalaikiem; samta puse ir silta un \u0113rta ziem\u0101, bet otra puse ir atsvaidzino\u0161a un elpojo\u0161a vasar\u0101, nodro\u0161inot lieto\u0161anu visos gadalaikos un r\u016bp\u0113joties par j\u016bsu su\u0146a miegu visa gada garum\u0101.<\/li>\n<li>Augstas kvalit\u0101tes materi\u0101li \u2013 Sast\u0101v no samta silta p\u0101rvalka, Oksfordas auduma, augsta bl\u012bvuma PP kokvilnas, augstas kvalit\u0101tes atbalsta put\u0101m un pretsl\u012bdes palikt\u0146a, tas ir ne tikai m\u012bksts un \u0113rts, bet ar\u012b ar izcil\u0101m atbalsta un pretsl\u012bdes \u012bpa\u0161\u012bb\u0101m, padarot j\u016bsu suni dro\u0161\u0101ku lieto\u0161anu un nodro\u0161inot produkta iztur\u012bbu.<\/li>\n<li>Vienk\u0101r\u0161a apkope \u2013 su\u0146u gulta ir paredz\u0113ta no\u0146em\u0161anai un mazg\u0101\u0161anai ve\u013cas ma\u0161\u012bn\u0101; vienk\u0101r\u0161i attaisiet r\u0101v\u0113jsl\u0113dz\u0113ju, iz\u0146emiet apak\u0161\u0113jo putuplastu un PP kokvilnu un viegli ievietojiet p\u0101rvalku ve\u013cas ma\u0161\u012bn\u0101; tas viegli atrisina t\u012br\u012b\u0161anas probl\u0113mu un uztur su\u0146u gultu t\u012bru un higi\u0113nisku.<\/li>\n<li>Izm\u0113rs: Vid\u0113jais\u00a0\u2014 76\u00a0*\u00a076\u00a0*\u00a030\u00a0cm (30,0\u00a0collu garums\u00a0\u00d7 30,0\u00a0collu platums\u00a0\u00d7 12,0\u00a0collu biezums); Lielais\u00a0\u2014 110\u00a0*\u00a0110\u00a0*\u00a035\u00a0cm (45,0\u00a0collu garums\u00a0\u00d7 45,0\u00a0collu platums\u00a0\u00d7 14,0\u00a0collu biezums).<\/li>\n<\/ul>","protected":false},"featured_media":7713,"comment_status":"open","ping_status":"closed","template":"","meta":[],"product_brand":[],"product_cat":[227],"product_tag":[],"class_list":{"0":"post-7724","1":"product","2":"type-product","3":"status-publish","4":"has-post-thumbnail","6":"product_cat-pet-supplies","8":"first","9":"instock","10":"shipping-taxable","11":"purchasable","12":"product-type-variable","13":"has-default-attributes"},"_links":{"self":[{"href":"https:\/\/www.largepillow.com\/lv\/wp-json\/wp\/v2\/product\/7724","targetHints":{"allow":["GET"]}}],"collection":[{"href":"https:\/\/www.largepillow.com\/lv\/wp-json\/wp\/v2\/product"}],"about":[{"href":"https:\/\/www.largepillow.com\/lv\/wp-json\/wp\/v2\/types\/product"}],"replies":[{"embeddable":true,"href":"https:\/\/www.largepillow.com\/lv\/wp-json\/wp\/v2\/comments?post=7724"}],"wp:featuredmedia":[{"embeddable":true,"href":"https:\/\/www.largepillow.com\/lv\/wp-json\/wp\/v2\/media\/7713"}],"wp:attachment":[{"href":"https:\/\/www.largepillow.com\/lv\/wp-json\/wp\/v2\/media?parent=7724"}],"wp:term":[{"taxonomy":"product_brand","embeddable":true,"href":"https:\/\/www.largepillow.com\/lv\/wp-json\/wp\/v2\/product_brand?post=7724"},{"taxonomy":"product_cat","embeddable":true,"href":"https:\/\/www.largepillow.com\/lv\/wp-json\/wp\/v2\/product_cat?post=7724"},{"taxonomy":"product_tag","embeddable":true,"href":"https:\/\/www.largepillow.com\/lv\/wp-json\/wp\/v2\/product_tag?post=7724"}],"curies":[{"name":"wp","href":"https:\/\/api.w.org\/{rel}","templated":true}]}}