{"id":781,"date":"2022-09-17T12:40:07","date_gmt":"2022-09-17T12:40:07","guid":{"rendered":"https:\/\/www.largepillow.com\/product\/wedge-pillow-for-acid-reflux_37_38_39"},"modified":"2025-01-24T18:55:31","modified_gmt":"2025-01-24T18:55:31","slug":"liels-trisstura-spilvena-kilis","status":"publish","type":"product","link":"https:\/\/www.largepillow.com\/lv\/product\/large-triangle-pillow-wedge","title":{"rendered":"Liels tr\u012bsst\u016bra spilvena \u0137\u012blis"},"content":{"rendered":"<p>\u012apa\u0161i \u0113rts lielais tr\u012bsst\u016bra formas spilvens ar \u0137\u012bli<\/p>\n<p>Vai mekl\u0113jat perfektu las\u012b\u0161anas vai atp\u016btas spilvenu? \u013baujiet mums iepaz\u012bstin\u0101t ar lielo tr\u012bsst\u016bra formas \u0137\u012b\u013cveida spilvenu \u2014 vislab\u0101ko spilvenu komfortam un atbalstam. <\/p>\n<p>\u0160im \u012bpa\u0161i lielajam galvga\u013ca spilvenam ir unik\u0101ls izliekts un paaugstin\u0101ts divu rindu atzveltnes dizains, kas atbalsta galvu, kaklu un muguru. Izcilais atbalsts pal\u012bdz piln\u012bb\u0101 atp\u016bsties bez sasprindzin\u0101juma, neatkar\u012bgi no t\u0101, vai s\u0113\u017eat lasot, str\u0101d\u0101jat ar kl\u0113pjdatoru vai skat\u0101ties televizoru gult\u0101.  <\/p>\n<p>Tr\u012bsst\u016brveida forma padara \u0161o spilvenu neticami daudzpus\u012bgu. Izmantojiet to vertik\u0101li k\u0101 atzveltnes spilvenu, sl\u012bpi k\u0101 \u0137\u012b\u013cveida spilvenu paaugstin\u0101tai atp\u016btai vai pat k\u0101 k\u0101ju spilvenu visa \u0137erme\u0146a atbalstam. Se\u0161i pieejamie garumi no 100 cm l\u012bdz 200 cm nodro\u0161ina perfektu piegul\u0161anu jebkura izm\u0113ra gultai, d\u012bv\u0101nam vai d\u012bv\u0101nam.<\/p>\n<p>Izgatavots no m\u012bksta, iztur\u012bga 100% poliestera lina izskata audum\u0101, ve\u013cas ma\u0161\u012bn\u0101 mazg\u0101jamais p\u0101rvalks atveras ar r\u0101v\u0113jsl\u0113dz\u0113ju, lai to b\u016btu viegli t\u012br\u012bt. \u0112rtas s\u0101nu kabatas nodro\u0161ina vietu, kur glab\u0101t gr\u0101matas, t\u0101lvad\u012bbas pultis vai citas ier\u012bces, kas vienm\u0113r ir pa rokai. <\/p>\n<p>L\u016bk, ko da\u017ei klienti teica p\u0113c ieg\u0101des:<\/p>\n<p>\u201cMan \u013coti pat\u012bk \u0161\u012b spilvena trigonometriskais dizains, tas \u013coti labi atbalsta manu muguru un kaklu, lasot vai str\u0101d\u0101jot ar kl\u0113pjdatoru gult\u0101.\u201d<\/p>\n<p>\u201c\u0160is spilvena \u0137\u012blis ir ide\u0101li piem\u0113rots atp\u016btai un televizora skat\u012b\u0161anai. Es varu viegli piel\u0101got le\u0146\u0137i, lai paceltu \u0137erme\u0146a aug\u0161da\u013cu.\u201d<\/p>\n<p>\u201c\u012apa\u0161i lielais izm\u0113rs ir lieliski piem\u0113rots, lai izstieptos ar gr\u0101matu. Un man pat\u012bk, ka varu no\u0146emt p\u0101rvalku, lai to izmazg\u0101tu, kad nepiecie\u0161ams.\u201d<\/p>\n<p>Ar savu izcilo komfortu, regul\u0113jamo tr\u012bsst\u016bra formu un kvalitat\u012bvo konstrukciju lielais tr\u012bsst\u016bra formas spilvens &quot;Light Triangle&quot; ir lielisks papildin\u0101jums jebkurai gu\u013camistabai vai dz\u012bvojamajai zonai. Ieg\u0101d\u0101jieties savu ide\u0101lo atp\u016btas, las\u012b\u0161anas un relaks\u0101cijas spilvenu jau \u0161odien!<\/p>","protected":false},"excerpt":{"rendered":"<ul>\n<li><strong>Maksim\u0101ls komforts:<\/strong> \u0160is XL izm\u0113ra paaugstin\u0101tais galvga\u013ca spilvens pied\u0101v\u0101 izcilu komfortu, pateicoties t\u0101 izliektajai formai. \u0160is galvga\u013ca las\u012b\u0161anas spilvens var pal\u012bdz\u0113t jums saglab\u0101t saspringumu gult\u0101, d\u012bv\u0101ngult\u0101 vai d\u012bv\u0101n\u0101, kas ir ide\u0101li piem\u0113rots naktsputniem, gr\u0101matu t\u0101rpiem un televizora skat\u012b\u0161anai gult\u0101.<\/li>\n<li><strong>Paaugstin\u0101ta atzveltnes konstrukcija:<\/strong> Izbaudiet nep\u0101rsp\u0113jamu komfortu ar m\u016bsu galvga\u013ca spilvena unik\u0101lo divrindu paaugstin\u0101t\u0101s atzveltnes dizainu. Paaugstin\u0101t\u0101s atzveltnes galvga\u013ca spilvens nodro\u0161ina izcilu atbalstu j\u016bsu kaklam un mugurai, padarot to par ide\u0101lu vietu atp\u016btai un las\u012b\u0161anai gult\u0101.<\/li>\n<li><strong>Daudzfunkcion\u0101ls spilvens:<\/strong> Ar trim da\u017e\u0101diem lieto\u0161anas veidiem m\u016bsu spilvens ir lieliski piem\u0113rots jebkurai situ\u0101cijai. Neatkar\u012bgi no t\u0101, vai v\u0113laties to izmantot k\u0101 vertik\u0101lu muguras spilvenu, \u0137\u012b\u013cveida spilvenu vai k\u0101ju spilvenu paaugstin\u0101tam atbalstam, tas ir ide\u0101ls aksesu\u0101rs \u0113rtai atp\u016btai un relaks\u0101cijai.<\/li>\n<li><strong>Izcila meistar\u012bba:<\/strong> Izgatavots no lina imit\u0101cijas auduma, kura sast\u0101vs ir 100% poliesters, m\u016bsu galvga\u013ca spilvens ir pild\u012bts ar videi draudz\u012bgu un augstas iztur\u012bbas poliestera \u0161\u0137iedru pild\u012bjumu. No\u0146emamo gultas spilvenu ir viegli mazg\u0101t ve\u013cas ma\u0161\u012bn\u0101, savuk\u0101rt maz\u0101s s\u0101nu kabatas pie\u0161\u0137ir praktiskumu \u0161im jau t\u0101 greznajam produktam.<\/li>\n<li><strong>Viegli mazg\u0101jams:<\/strong> Galvga\u013ca spilvena p\u0101rvalks ir piestiprin\u0101ts pie spilvena iek\u0161puses ar pog\u0101m un ir viegli no\u0146emams ar vienk\u0101r\u0161u r\u0101v\u0113jsl\u0113dz\u0113ju. Tas padara t\u0101 t\u012br\u012b\u0161anu vienk\u0101r\u0161u. Vienk\u0101r\u0161i no\u0146emiet p\u0101rvalku un \u0101tri izmazg\u0101jiet to ve\u013cas ma\u0161\u012bn\u0101, lai spilvens izskat\u012btos k\u0101 jauns.<\/li>\n<li><strong>Izm\u0113rs:<\/strong> 100 cm (G100 x P26 x A55 | 3 kolonnu pogas), 120 cm (G120 x P26 x A55 | 4 kolonnu pogas), 140 cm (G140 x P26 x A55 | 4 kolonnu pogas), 160 cm (G160 x P26 x A55 | 5 kolonnu pogas), 180 cm (G180 x P26 x A55 | 6 kolonnu pogas), 200 cm (G200 x P26 x A55 | 7 kolonnu pogas).<\/li>\n<\/ul>","protected":false},"featured_media":767,"comment_status":"open","ping_status":"closed","template":"","meta":[],"product_brand":[],"product_cat":[15],"product_tag":[164,161,168,170,143,162,65],"class_list":{"0":"post-781","1":"product","2":"type-product","3":"status-publish","4":"has-post-thumbnail","6":"product_cat-large-wedge-pillow","7":"product_tag-detachable-bolster-bed-cushion","8":"product_tag-elevated-headboard-pillow","9":"product_tag-headboard-pillow","10":"product_tag-large-triangle-pillow-wedge","11":"product_tag-multifunctional-pillow","12":"product_tag-upright-back-pillow","13":"product_tag-wedge-pillow","15":"first","16":"instock","17":"shipping-taxable","18":"purchasable","19":"product-type-variable"},"_links":{"self":[{"href":"https:\/\/www.largepillow.com\/lv\/wp-json\/wp\/v2\/product\/781","targetHints":{"allow":["GET"]}}],"collection":[{"href":"https:\/\/www.largepillow.com\/lv\/wp-json\/wp\/v2\/product"}],"about":[{"href":"https:\/\/www.largepillow.com\/lv\/wp-json\/wp\/v2\/types\/product"}],"replies":[{"embeddable":true,"href":"https:\/\/www.largepillow.com\/lv\/wp-json\/wp\/v2\/comments?post=781"}],"wp:featuredmedia":[{"embeddable":true,"href":"https:\/\/www.largepillow.com\/lv\/wp-json\/wp\/v2\/media\/767"}],"wp:attachment":[{"href":"https:\/\/www.largepillow.com\/lv\/wp-json\/wp\/v2\/media?parent=781"}],"wp:term":[{"taxonomy":"product_brand","embeddable":true,"href":"https:\/\/www.largepillow.com\/lv\/wp-json\/wp\/v2\/product_brand?post=781"},{"taxonomy":"product_cat","embeddable":true,"href":"https:\/\/www.largepillow.com\/lv\/wp-json\/wp\/v2\/product_cat?post=781"},{"taxonomy":"product_tag","embeddable":true,"href":"https:\/\/www.largepillow.com\/lv\/wp-json\/wp\/v2\/product_tag?post=781"}],"curies":[{"name":"wp","href":"https:\/\/api.w.org\/{rel}","templated":true}]}}