{"id":802,"date":"2022-09-17T13:48:56","date_gmt":"2022-09-17T13:48:56","guid":{"rendered":"https:\/\/www.largepillow.com\/product\/wedge-pillow-for-acid-reflux_37_38_39_40"},"modified":"2026-03-13T16:55:31","modified_gmt":"2026-03-13T16:55:31","slug":"kilveida-spilvens-2","status":"publish","type":"product","link":"https:\/\/www.largepillow.com\/lv\/product\/wedge-bolster-pillow","title":{"rendered":"\u0136\u012b\u013cveida spilvens"},"content":{"rendered":"<p>\u012apa\u0161i \u0113rts \u0137\u012b\u013cveida spilvens<\/p>\n<p>Vai mekl\u0113jat perfektu spilvenu las\u012b\u0161anai vai TV skat\u012b\u0161anai? \u013baujiet mums iepaz\u012bstin\u0101t j\u016bs ar Wedge Bolster spilvenu \u2014 vislab\u0101ko paaugstin\u0101to galvga\u013ca spilvenu izcilam komfortam un atbalstam.<\/p>\n<p>Ar savu izliekto formu un divrindu paaugstin\u0101to atzveltnes dizainu \u0161is XL spilvens pien\u0101c\u012bgi atbalsta j\u016bsu kaklu un muguru, s\u0113\u017eot gult\u0101. Daudzfunkcion\u0101lais dizains lieliski darbojas ar\u012b k\u0101 vertik\u0101ls muguras spilvens, \u0137\u012b\u013cveida spilvens vai k\u0101ju spilvens. <\/p>\n<p>Izgatavots no 100% poliestera ar videi draudz\u012bgu poliestera \u0161\u0137iedru pild\u012bjumu, audumam ir lina izskats, kas papildina jebkura gu\u013camistabas interjeru. No\u0146emamais p\u0101rvalks ir mazg\u0101jams ve\u013cas ma\u0161\u012bn\u0101, lai to b\u016btu viegli kopt. \u0160im lielajam galvga\u013ca spilvenam ir ar\u012b mazas s\u0101nu kabatas gr\u0101matu, t\u0101lvad\u012bbas pult\u012b\u0161u, t\u0101lru\u0146u un citu lietu glab\u0101\u0161anai. <\/p>\n<p>L\u016bk, ko da\u017ei klienti teica:<\/p>\n<p>\u201cMan \u013coti pat\u012bk \u0161\u012b gultas \u0137\u012b\u013cveida spilvena izskats un saj\u016bta. Lina audums ir \u013coti m\u012bksts, un kr\u0101sa lieliski izskat\u0101s man\u0101 gu\u013camistab\u0101.\u201d<\/p>\n<p>\u201c\u0160is las\u012b\u0161anas spilvens nodro\u0161ina fantastisku muguras atbalstu. Es varu stund\u0101m ilgi s\u0113d\u0113t gult\u0101 bez kakla vai muguras s\u0101p\u0113m.\u201d<\/p>\n<p>\u201cPaaugstin\u0101tais dizains ir ide\u0101li piem\u0113rots las\u012b\u0161anai vai darbam ar kl\u0113pjdatoru gult\u0101. Tas nodro\u0161ina lielisku atzveltni, kas mani \u0113rti notur vertik\u0101l\u0101 st\u0101vokl\u012b.\u201d<\/p>\n<p>\u201cEs izv\u0113l\u0113jos 160 cm izm\u0113ru, un tas aiz\u0146em visu manas gultas galvgali. Pietiekami plats, lai s\u0113d\u0113tu un skat\u012btos filmas.\u201d<\/p>\n<p>Ar pieejamajiem garumiem no 100 cm l\u012bdz 200 cm, j\u016bs noteikti atrad\u012bsiet savai telpai atbilsto\u0161u Wedge Bolster spilvena izm\u0113ru. Sniedziet savai mugurai, kaklam un k\u0101j\u0101m peln\u012bto komfortu! Ieg\u0101d\u0101jieties savu daudzfunkcion\u0101lo galvga\u013ca spilvenu jau \u0161odien.<\/p>","protected":false},"excerpt":{"rendered":"<ul>\n<li><strong>Maksim\u0101ls komforts:<\/strong> \u0160is XL izm\u0113ra paaugstin\u0101tais galvga\u013ca spilvens pied\u0101v\u0101 izcilu komfortu, pateicoties t\u0101 izliektajai formai. \u0160is galvga\u013ca las\u012b\u0161anas spilvens var pal\u012bdz\u0113t jums saglab\u0101t saspringumu gult\u0101, d\u012bv\u0101ngult\u0101 vai d\u012bv\u0101n\u0101, kas ir ide\u0101li piem\u0113rots naktsputniem, gr\u0101matu t\u0101rpiem un televizora skat\u012b\u0161anai gult\u0101.<\/li>\n<li><strong>Paaugstin\u0101ta atzveltnes konstrukcija:<\/strong> Izbaudiet nep\u0101rsp\u0113jamu komfortu ar m\u016bsu galvga\u013ca spilvena unik\u0101lo divrindu paaugstin\u0101t\u0101s atzveltnes dizainu. Paaugstin\u0101t\u0101s atzveltnes galvga\u013ca spilvens nodro\u0161ina izcilu atbalstu j\u016bsu kaklam un mugurai, padarot to par ide\u0101lu vietu atp\u016btai un las\u012b\u0161anai gult\u0101.<\/li>\n<li><strong>Daudzfunkcion\u0101ls spilvens:<\/strong> Ar trim da\u017e\u0101diem lieto\u0161anas veidiem m\u016bsu spilvens ir lieliski piem\u0113rots jebkurai situ\u0101cijai. Neatkar\u012bgi no t\u0101, vai v\u0113laties to izmantot k\u0101 vertik\u0101lu muguras spilvenu, \u0137\u012b\u013cveida spilvenu vai k\u0101ju spilvenu paaugstin\u0101tam atbalstam, tas ir ide\u0101ls aksesu\u0101rs \u0113rtai atp\u016btai un relaks\u0101cijai.<\/li>\n<li><strong>Izcila meistar\u012bba:<\/strong> Izgatavots no lina imit\u0101cijas auduma, kura sast\u0101vs ir 100% poliesters, m\u016bsu galvga\u013ca spilvens ir pild\u012bts ar videi draudz\u012bgu un augstas iztur\u012bbas poliestera \u0161\u0137iedru pild\u012bjumu. No\u0146emamo gultas spilvenu ir viegli mazg\u0101t ve\u013cas ma\u0161\u012bn\u0101, savuk\u0101rt maz\u0101s s\u0101nu kabatas pie\u0161\u0137ir praktiskumu \u0161im jau t\u0101 greznajam produktam.<\/li>\n<li><strong>Viegli mazg\u0101jams:<\/strong> Galvga\u013ca spilvena p\u0101rvalks ir piestiprin\u0101ts pie spilvena iek\u0161puses ar pog\u0101m un ir viegli no\u0146emams ar vienk\u0101r\u0161u r\u0101v\u0113jsl\u0113dz\u0113ju. Tas padara t\u0101 t\u012br\u012b\u0161anu vienk\u0101r\u0161u. Vienk\u0101r\u0161i no\u0146emiet p\u0101rvalku un \u0101tri izmazg\u0101jiet to ve\u013cas ma\u0161\u012bn\u0101, lai spilvens izskat\u012btos k\u0101 jauns.<\/li>\n<li><strong>Izm\u0113rs:<\/strong> 100 cm (G100 x P26 x A55 | 3 kolonnu pogas), 120 cm (G120 x P26 x A55 | 4 kolonnu pogas), 140 cm (G140 x P26 x A55 | 4 kolonnu pogas), 160 cm (G160 x P26 x A55 | 5 kolonnu pogas), 180 cm (G180 x P26 x A55 | 6 kolonnu pogas), 200 cm (G200 x P26 x A55 | 7 kolonnu pogas).<\/li>\n<\/ul>","protected":false},"featured_media":788,"comment_status":"open","ping_status":"closed","template":"","meta":[],"product_brand":[],"product_cat":[15],"product_tag":[164,161,168,163,143,169,162,167,65],"class_list":{"0":"post-802","1":"product","2":"type-product","3":"status-publish","4":"has-post-thumbnail","6":"product_cat-large-wedge-pillow","7":"product_tag-detachable-bolster-bed-cushion","8":"product_tag-elevated-headboard-pillow","9":"product_tag-headboard-pillow","10":"product_tag-leg-pillow","11":"product_tag-multifunctional-pillow","12":"product_tag-support-pillow","13":"product_tag-upright-back-pillow","14":"product_tag-wedge-bolster-pillow","15":"product_tag-wedge-pillow","17":"first","18":"instock","19":"shipping-taxable","20":"purchasable","21":"product-type-variable"},"_links":{"self":[{"href":"https:\/\/www.largepillow.com\/lv\/wp-json\/wp\/v2\/product\/802","targetHints":{"allow":["GET"]}}],"collection":[{"href":"https:\/\/www.largepillow.com\/lv\/wp-json\/wp\/v2\/product"}],"about":[{"href":"https:\/\/www.largepillow.com\/lv\/wp-json\/wp\/v2\/types\/product"}],"replies":[{"embeddable":true,"href":"https:\/\/www.largepillow.com\/lv\/wp-json\/wp\/v2\/comments?post=802"}],"wp:featuredmedia":[{"embeddable":true,"href":"https:\/\/www.largepillow.com\/lv\/wp-json\/wp\/v2\/media\/788"}],"wp:attachment":[{"href":"https:\/\/www.largepillow.com\/lv\/wp-json\/wp\/v2\/media?parent=802"}],"wp:term":[{"taxonomy":"product_brand","embeddable":true,"href":"https:\/\/www.largepillow.com\/lv\/wp-json\/wp\/v2\/product_brand?post=802"},{"taxonomy":"product_cat","embeddable":true,"href":"https:\/\/www.largepillow.com\/lv\/wp-json\/wp\/v2\/product_cat?post=802"},{"taxonomy":"product_tag","embeddable":true,"href":"https:\/\/www.largepillow.com\/lv\/wp-json\/wp\/v2\/product_tag?post=802"}],"curies":[{"name":"wp","href":"https:\/\/api.w.org\/{rel}","templated":true}]}}