{"id":8155,"date":"2025-06-11T04:01:50","date_gmt":"2025-06-11T04:01:50","guid":{"rendered":"https:\/\/www.largepillow.com\/product\/large-floor-loveseat-casual-recliner-for-gaming-reading"},"modified":"2026-01-21T02:17:34","modified_gmt":"2026-01-21T02:17:34","slug":"large-floor-loveseat-casual-recliner-for-gaming-reading","status":"publish","type":"product","link":"https:\/\/www.largepillow.com\/lv\/product\/large-floor-loveseat-casual-recliner-for-gaming-reading","title":{"rendered":"Liels gr\u012bdas d\u012bv\u0101ns, ikdienas atzveltnes kr\u0113sls sp\u0113l\u0113m, las\u012b\u0161anai"},"content":{"rendered":"[zc_getpagecontent mb=&#8221;mb_aplus&#8221; apid=&#8221;136&#8243;]\n","protected":false},"excerpt":{"rendered":"<ul>\n<li>Viegli uzst\u0101d\u012bt: M\u016bsu lielizm\u0113ra atp\u016btas kr\u0113sls ir vakuuma iepakots, un d\u012bv\u0101na p\u0101rvalki un 4 putu r\u0101mja da\u013cas tiks iepakotas 3 iepakojumos. T\u0101 k\u0101 nav met\u0101la konstrukcijas, to ir viegli uzst\u0101d\u012bt \u2013 vienk\u0101r\u0161i \u013caujiet put\u0101m izplesties 24\u201348 stundas p\u0113c sa\u0146em\u0161anas un salieciet to saska\u0146\u0101 ar m\u016bsu uzst\u0101d\u012b\u0161anas video. Lielizm\u0113ra r\u0101v\u0113jsl\u0113dz\u0113js apak\u0161\u0101 padara apkopi vieglu, jo to var no\u0146emt un mazg\u0101t ve\u013cas ma\u0161\u012bn\u0101.<\/li>\n<li>Grezns komforts: Izbaudiet grezn\u012bbas piesk\u0101rienu m\u016bsu lielizm\u0113ra \u0161ezlong\u0101 iek\u0161telp\u0101s, kas ir apvilkts ar \u012bpa\u0161i m\u012bkstu, plati sv\u012btrainu, \u012bsu pl\u012b\u0161a audumu, kas p\u0101rsp\u0113j standarta korduroju maiguma un elegances zi\u0146\u0101. T\u0101 m\u012bkstums j\u016bs apskauj, \u013caujot j\u016bsu \u0137ermenim atp\u016bsties un iesl\u012bgt relaks\u0101cijas valst\u012bb\u0101. Piez\u012bme: Plati sv\u012btrainajam, \u012bsajam pl\u012b\u0161a audumam var b\u016bt neliela spalvu izkri\u0161ana auduma \u012bpa\u0161\u012bbu d\u0113\u013c, ta\u010du tas neietekm\u0113 lieto\u0161anu.<\/li>\n<li>Stabils un nomierino\u0161s atbalsts: M\u016bsu lielizm\u0113ra \u0161ezlongs, kas izgatavots ar iztur\u012bgu putu pamatni un bag\u0101t\u012bgi pild\u012bts ar p\u016bkainu poliestera \u0161\u0137iedru, nodro\u0161ina perfektu l\u012bdzsvaru starp stingru atbalstu un debe\u0161\u0137\u012bgu maigumu. Gudri veidotais atzveltnes un roku balstu zigzaga dizains rada kokona efektu, sniedzot dro\u0161\u012bbas un komforta saj\u016btu, kas iztur laika p\u0101rbaudi, neieliecoties un nesabr\u016bkot.<\/li>\n<li>Daudzpus\u012bgs un ietilp\u012bgs: m\u016bsu pla\u0161ais \u0161ezlonga d\u012bv\u0101ns neman\u0101mi piel\u0101gojas j\u016bsu dz\u012bvesveidam, neatkar\u012bgi no t\u0101, vai tas ir m\u0101j\u012bgs d\u012bv\u0101ngulta j\u016bsu viesistab\u0101 vai relaks\u0113jo\u0161s \u0161ezlongs j\u016bsu gu\u013camistab\u0101. Ide\u0101li piem\u0113rots darbam, atp\u016btai vai izklaidei, tas ir lab\u0101kais sabiedrotais da\u017e\u0101d\u0101m aktivit\u0101t\u0113m, s\u0101kot no filmu vakariem un las\u012b\u0161anas sesij\u0101m l\u012bdz kvalitat\u012bvi pavad\u012btam laikam ar m\u012b\u013cajiem.<\/li>\n<li>M\u016bsdien\u012bgs \u0161arms: Lielizm\u0113ra atp\u016btas d\u012bv\u0101nam ir elegants, moderns est\u0113tikas stils, kas neman\u0101mi integr\u0113jas j\u016bsu telp\u0101. T\u0101 neitr\u0101l\u0101 kr\u0101su palete ir viegli stil\u012bga, un divu atbilsto\u0161u dekorat\u012bvo spilvenu iek\u013cau\u0161ana uzlabo j\u016bsu m\u0101jas interjeru ar \u0161iku, saska\u0146otu izskatu, kas acumirkl\u012b uzlabo jebkuru telpu.<\/li>\n<\/ul>","protected":false},"featured_media":8142,"comment_status":"open","ping_status":"closed","template":"","meta":[],"product_brand":[],"product_cat":[228],"product_tag":[],"class_list":{"0":"post-8155","1":"product","2":"type-product","3":"status-publish","4":"has-post-thumbnail","6":"product_cat-cushions","8":"first","9":"instock","10":"sale","11":"sold-individually","12":"shipping-taxable","13":"purchasable","14":"product-type-simple"},"_links":{"self":[{"href":"https:\/\/www.largepillow.com\/lv\/wp-json\/wp\/v2\/product\/8155","targetHints":{"allow":["GET"]}}],"collection":[{"href":"https:\/\/www.largepillow.com\/lv\/wp-json\/wp\/v2\/product"}],"about":[{"href":"https:\/\/www.largepillow.com\/lv\/wp-json\/wp\/v2\/types\/product"}],"replies":[{"embeddable":true,"href":"https:\/\/www.largepillow.com\/lv\/wp-json\/wp\/v2\/comments?post=8155"}],"wp:featuredmedia":[{"embeddable":true,"href":"https:\/\/www.largepillow.com\/lv\/wp-json\/wp\/v2\/media\/8142"}],"wp:attachment":[{"href":"https:\/\/www.largepillow.com\/lv\/wp-json\/wp\/v2\/media?parent=8155"}],"wp:term":[{"taxonomy":"product_brand","embeddable":true,"href":"https:\/\/www.largepillow.com\/lv\/wp-json\/wp\/v2\/product_brand?post=8155"},{"taxonomy":"product_cat","embeddable":true,"href":"https:\/\/www.largepillow.com\/lv\/wp-json\/wp\/v2\/product_cat?post=8155"},{"taxonomy":"product_tag","embeddable":true,"href":"https:\/\/www.largepillow.com\/lv\/wp-json\/wp\/v2\/product_tag?post=8155"}],"curies":[{"name":"wp","href":"https:\/\/api.w.org\/{rel}","templated":true}]}}