{"id":8191,"date":"2025-06-12T01:47:36","date_gmt":"2025-06-12T01:47:36","guid":{"rendered":"https:\/\/www.largepillow.com\/product\/round-chaise-lounge-chair-for-adults-comfy-bean-bag-sofa"},"modified":"2026-03-12T02:42:29","modified_gmt":"2026-03-12T02:42:29","slug":"apals-atputas-kresls-pieaugusajiem-erts-pupinu-maisa-divans","status":"publish","type":"product","link":"https:\/\/www.largepillow.com\/lv\/product\/round-chaise-lounge-chair-for-adults-comfy-bean-bag-sofa","title":{"rendered":"Apa\u013c\u0161 \u0161ezlongs pieaugu\u0161ajiem, \u0113rts pupi\u0146u maiss d\u012bv\u0101ns"},"content":{"rendered":"[zc_getpagecontent mb=&#8221;mb_aplus&#8221; apid=&#8221;133&#8243;]\n","protected":false},"excerpt":{"rendered":"<ul>\n<li>\u012apa\u0161i m\u012bksts komforts: Izbaudiet piln\u012bgu relaks\u0101ciju ar 47 collu platu apa\u013cu s\u0113dekli un 40 collu dzi\u013cu atp\u016btas kr\u0113slu, kas p\u0101rkl\u0101ts ar divsl\u0101\u0146u komfortu: m\u012bksts PP kokvilnas spilvens aug\u0161pus\u0113 un augsta bl\u012bvuma putu pamatne apak\u0161\u0101 ilgsto\u0161am atbalstam un bez nosl\u012bd\u0113\u0161anas. Ide\u0101li piem\u0113rots ikvienam, kas mekl\u0113 patiesi \u0113rtu atp\u016btas kr\u0113slu.<\/li>\n<li>Grezna m\u0101ksl\u012bg\u0101s ka\u017eok\u0101das saj\u016bta pl\u012b\u0161a korduroj\u0101: Iet\u012bts augst\u0101k\u0101s kvalit\u0101tes plat\u0101 korduroj\u0101, kas j\u016btas glu\u017ei k\u0101 tru\u0161a ka\u017eok\u0101da \u2014 samtaini m\u012bksts, silts un dzi\u013ci tekstur\u0113ts. \u0160is \u012bpa\u0161i m\u0101j\u012bgais audums aicina j\u016bs saritin\u0101ties, izstaip\u012bties vai iegrimt filmu maratonos un nesteidz\u012bg\u0101s sv\u0113tdienas snaud\u0101s.<\/li>\n<li>2 bezmaksas pl\u012b\u0161a spilveni: Iek\u013cauti 2 kvadr\u0101tveida, ar PP kokvilnas pild\u012bti dekorat\u012bvie spilveni (45 cm x 45 cm), lai uzlabotu jostasvietas atbalstu vai nodro\u0161in\u0101tu m\u0101j\u012bgumu diendusas laik\u0101.<\/li>\n<li>No\u0146emami un mazg\u0101jami p\u0101rvalki: Saglab\u0101jiet savu kr\u0113slu svaigu un t\u012bru bez piep\u016bles. Viss p\u0101rvalks ir piln\u012bb\u0101 no\u0146emams un mazg\u0101jams, ide\u0101li piem\u0113rots m\u0101jsaimniec\u012bb\u0101m ar b\u0113rniem, m\u0101jdz\u012bvniekiem vai ikvienam, kam pat\u012bk viegla kop\u0161ana.<\/li>\n<li>Stil\u012bgs jebkurai telpai: lieliski piem\u0113rots moderniem dz\u012bvok\u013ciem, boh\u0113misk\u0101m gu\u013camistab\u0101m, m\u0101j\u012bg\u0101m las\u012b\u0161anas st\u016br\u012b\u0161iem vai \u0161ik\u0101m kopm\u012btn\u0113m. \u0160is stil\u012bgais akcenta elements papildina minim\u0101listiskus l\u012bdz maksim\u0101listiskus interjerus un ir ide\u0101li piem\u0113rots pieaugu\u0161ajiem, pusaud\u017eiem vai p\u0101riem, kas v\u0113las atp\u016bsties stil\u012bgi.<\/li>\n<\/ul>","protected":false},"featured_media":8176,"comment_status":"open","ping_status":"closed","template":"","meta":[],"product_brand":[],"product_cat":[228],"product_tag":[],"class_list":{"0":"post-8191","1":"product","2":"type-product","3":"status-publish","4":"has-post-thumbnail","6":"product_cat-cushions","8":"first","9":"outofstock","10":"sold-individually","11":"shipping-taxable","12":"purchasable","13":"product-type-simple"},"_links":{"self":[{"href":"https:\/\/www.largepillow.com\/lv\/wp-json\/wp\/v2\/product\/8191","targetHints":{"allow":["GET"]}}],"collection":[{"href":"https:\/\/www.largepillow.com\/lv\/wp-json\/wp\/v2\/product"}],"about":[{"href":"https:\/\/www.largepillow.com\/lv\/wp-json\/wp\/v2\/types\/product"}],"replies":[{"embeddable":true,"href":"https:\/\/www.largepillow.com\/lv\/wp-json\/wp\/v2\/comments?post=8191"}],"wp:featuredmedia":[{"embeddable":true,"href":"https:\/\/www.largepillow.com\/lv\/wp-json\/wp\/v2\/media\/8176"}],"wp:attachment":[{"href":"https:\/\/www.largepillow.com\/lv\/wp-json\/wp\/v2\/media?parent=8191"}],"wp:term":[{"taxonomy":"product_brand","embeddable":true,"href":"https:\/\/www.largepillow.com\/lv\/wp-json\/wp\/v2\/product_brand?post=8191"},{"taxonomy":"product_cat","embeddable":true,"href":"https:\/\/www.largepillow.com\/lv\/wp-json\/wp\/v2\/product_cat?post=8191"},{"taxonomy":"product_tag","embeddable":true,"href":"https:\/\/www.largepillow.com\/lv\/wp-json\/wp\/v2\/product_tag?post=8191"}],"curies":[{"name":"wp","href":"https:\/\/api.w.org\/{rel}","templated":true}]}}