{"id":823,"date":"2022-09-17T14:05:52","date_gmt":"2022-09-17T14:05:52","guid":{"rendered":"https:\/\/www.largepillow.com\/product\/wedge-pillow-for-acid-reflux_37_38_39_40_41"},"modified":"2024-10-03T16:31:35","modified_gmt":"2024-10-03T16:31:35","slug":"lasisanas-kila-galvas-klajs","status":"publish","type":"product","link":"https:\/\/www.largepillow.com\/lv\/product\/reading-wedge-headboard\/","title":{"rendered":"Reading Wedge galvas kl\u0101js"},"content":{"rendered":"<p>Izbaudiet komfortu ar izcilo las\u012b\u0161anas \u0137\u012b\u013cveida gultas galvgali<\/p>\n<p>Iedom\u0101jieties, ka iegrimstat m\u012bksta komforta m\u0101kon\u012b, vienlaikus iegremd\u0113joties iecien\u012bt\u0101kaj\u0101s gr\u0101mat\u0101s vai raid\u012bjumos. Reading Wedge galvgalis ir \u0161eit, lai paceltu j\u016bsu gul\u0113tie\u0161anas pieredzi jaun\u0101 l\u012bmen\u012b!<\/p>\n<p>Izcils komforts:<\/p>\n<p>\u0160im ergonomiski veidotajam galvga\u013ca spilvenam ir izliekta forma, kas aptver \u0137ermeni, nodro\u0161inot izcilu komfortu. T\u0101 divrindu paaugstin\u0101t\u0101 atzveltne pied\u0101v\u0101 nep\u0101rsp\u0113jamu atbalstu kaklam un mugurai, padarot to ide\u0101li piem\u0113rotu naktsputniem, dedz\u012bgiem las\u012bt\u0101jiem un TV entuziastiem.<\/p>\n<p>Daudzfunkcion\u0101la daudzpus\u012bba:<\/p>\n<p>Pietiekami daudzpus\u012bgs, lai to var\u0113tu izmantot vair\u0101kk\u0101rt \u2013 k\u0101 vertik\u0101lu muguras spilvenu, \u0137\u012b\u013cveida spilvenu vai k\u0101ju spilvenu. Neatkar\u012bgi no t\u0101, vai mekl\u0113jat atbalstu las\u012b\u0161anai, filmu skat\u012b\u0161anai vai vienk\u0101r\u0161i atp\u016btai gult\u0101, tas ir ide\u0101ls sabiedrotais.<\/p>\n<p>Izcila meistar\u012bba:<\/p>\n<p>Izgatavots no grezna lina imit\u0101cijas auduma ar videi draudz\u012bgu poliestera \u0161\u0137iedru pild\u012bjumu, Reading Wedge galvgalis izstaro kvalit\u0101ti. T\u0101 no\u0146emamais gultas spilvens ir mazg\u0101jams ve\u013cas ma\u0161\u012bn\u0101, lai to b\u016btu viegli t\u012br\u012bt, savuk\u0101rt \u0113rt\u0101s s\u0101nu kabatas pie\u0161\u0137ir praktiskumu.<\/p>\n<p>Vienk\u0101r\u0161a apkope:<\/p>\n<p>Reading Wedge gultas galvga\u013ca kop\u0161ana ir pavisam vienk\u0101r\u0161a. Galvga\u013ca spilvena p\u0101rvalks ir viegli no\u0146emams, izmantojot pogas un r\u0101v\u0113jsl\u0113dz\u0113ju, kas \u013cauj to \u0101tri mazg\u0101t ve\u013cas ma\u0161\u012bn\u0101.<\/p>\n<p>Pieejams da\u017e\u0101dos izm\u0113ros:<\/p>\n<p>Izv\u0113lieties no da\u017e\u0101diem izm\u0113riem, kas lieliski atbilst j\u016bsu gultai: 100 cm, 120 cm, 140 cm, 160 cm, 180 cm un 200 cm. Katram izm\u0113ram ir elegants kolonnu pogu dizains papildu stilam.<\/p>\n<p>Klientu atsauksmes:<\/p>\n<p>\u201cEs vienk\u0101r\u0161i dievinu savu \u0137\u012b\u013cveida gultas galvgali las\u012b\u0161anai! Tas ir tik \u0113rts un padara las\u012b\u0161anu gult\u0101 par sapni. Paaugstin\u0101t\u0101 atzveltne maina sp\u0113les noteikumus manam kaklam un mugurai.\u201d \u2013 S\u0101ra K.<\/p>\n<p>\u201c\u0160is spilvens ir oblig\u0101ts ikvienam, kam pat\u012bk pavad\u012bt laiku gult\u0101. Tas ir tik daudzpus\u012bgs un to var izmantot tik daudz\u0101m liet\u0101m. Es to \u013coti iesaku!\u201d \u2013 D\u017eons B.<\/p>\n<p>Uzlabojiet savu gul\u0113tie\u0161anas pieredzi ar Reading Wedge galvgali. Pas\u016btiet savu jau \u0161odien un izbaudiet nep\u0101rsp\u0113jamu komfortu un daudzpus\u012bbu!<\/p>","protected":false},"excerpt":{"rendered":"<ul>\n<li><strong>Maksim\u0101ls komforts:<\/strong> \u0160is XL izm\u0113ra paaugstin\u0101tais galvga\u013ca spilvens pied\u0101v\u0101 izcilu komfortu, pateicoties t\u0101 izliektajai formai. \u0160is galvga\u013ca las\u012b\u0161anas spilvens var pal\u012bdz\u0113t jums saglab\u0101t saspringumu gult\u0101, d\u012bv\u0101ngult\u0101 vai d\u012bv\u0101n\u0101, kas ir ide\u0101li piem\u0113rots naktsputniem, gr\u0101matu t\u0101rpiem un televizora skat\u012b\u0161anai gult\u0101.<\/li>\n<li><strong>Paaugstin\u0101ta atzveltnes konstrukcija:<\/strong> Izbaudiet nep\u0101rsp\u0113jamu komfortu ar m\u016bsu galvga\u013ca spilvena unik\u0101lo divrindu paaugstin\u0101t\u0101s atzveltnes dizainu. Paaugstin\u0101t\u0101s atzveltnes galvga\u013ca spilvens nodro\u0161ina izcilu atbalstu j\u016bsu kaklam un mugurai, padarot to par ide\u0101lu vietu atp\u016btai un las\u012b\u0161anai gult\u0101.<\/li>\n<li><strong>Daudzfunkcion\u0101ls spilvens:<\/strong> Ar trim da\u017e\u0101diem lieto\u0161anas veidiem m\u016bsu spilvens ir lieliski piem\u0113rots jebkurai situ\u0101cijai. Neatkar\u012bgi no t\u0101, vai v\u0113laties to izmantot k\u0101 vertik\u0101lu muguras spilvenu, \u0137\u012b\u013cveida spilvenu vai k\u0101ju spilvenu paaugstin\u0101tam atbalstam, tas ir ide\u0101ls aksesu\u0101rs \u0113rtai atp\u016btai un relaks\u0101cijai.<\/li>\n<li><strong>Izcila meistar\u012bba:<\/strong> Izgatavots no lina imit\u0101cijas auduma, kura sast\u0101vs ir 100% poliesters, m\u016bsu galvga\u013ca spilvens ir pild\u012bts ar videi draudz\u012bgu un augstas iztur\u012bbas poliestera \u0161\u0137iedru pild\u012bjumu. No\u0146emamo gultas spilvenu ir viegli mazg\u0101t ve\u013cas ma\u0161\u012bn\u0101, savuk\u0101rt maz\u0101s s\u0101nu kabatas pie\u0161\u0137ir praktiskumu \u0161im jau t\u0101 greznajam produktam.<\/li>\n<li><strong>Viegli mazg\u0101jams:<\/strong> Galvga\u013ca spilvena p\u0101rvalks ir piestiprin\u0101ts pie spilvena iek\u0161puses ar pog\u0101m un ir viegli no\u0146emams ar vienk\u0101r\u0161u r\u0101v\u0113jsl\u0113dz\u0113ju. Tas padara t\u0101 t\u012br\u012b\u0161anu vienk\u0101r\u0161u. Vienk\u0101r\u0161i no\u0146emiet p\u0101rvalku un \u0101tri izmazg\u0101jiet to ve\u013cas ma\u0161\u012bn\u0101, lai spilvens izskat\u012btos k\u0101 jauns.<\/li>\n<li><strong>Izm\u0113rs:<\/strong> 100 cm (G100 x P26 x A55 | 3 kolonnu pogas), 120 cm (G120 x P26 x A55 | 4 kolonnu pogas), 140 cm (G140 x P26 x A55 | 4 kolonnu pogas), 160 cm (G160 x P26 x A55 | 5 kolonnu pogas), 180 cm (G180 x P26 x A55 | 6 kolonnu pogas), 200 cm (G200 x P26 x A55 | 7 kolonnu pogas).<\/li>\n<\/ul>","protected":false},"featured_media":809,"comment_status":"open","ping_status":"closed","template":"","meta":[],"product_brand":[],"product_cat":[15],"product_tag":[109,164,161,143,166,162,65],"class_list":{"0":"post-823","1":"product","2":"type-product","3":"status-publish","4":"has-post-thumbnail","6":"product_cat-large-wedge-pillow","7":"product_tag-daybed-cushion","8":"product_tag-detachable-bolster-bed-cushion","9":"product_tag-elevated-headboard-pillow","10":"product_tag-multifunctional-pillow","11":"product_tag-reading-wedge-headboard","12":"product_tag-upright-back-pillow","13":"product_tag-wedge-pillow","15":"first","16":"instock","17":"featured","18":"shipping-taxable","19":"purchasable","20":"product-type-variable"},"_links":{"self":[{"href":"https:\/\/www.largepillow.com\/lv\/wp-json\/wp\/v2\/product\/823","targetHints":{"allow":["GET"]}}],"collection":[{"href":"https:\/\/www.largepillow.com\/lv\/wp-json\/wp\/v2\/product"}],"about":[{"href":"https:\/\/www.largepillow.com\/lv\/wp-json\/wp\/v2\/types\/product"}],"replies":[{"embeddable":true,"href":"https:\/\/www.largepillow.com\/lv\/wp-json\/wp\/v2\/comments?post=823"}],"wp:featuredmedia":[{"embeddable":true,"href":"https:\/\/www.largepillow.com\/lv\/wp-json\/wp\/v2\/media\/809"}],"wp:attachment":[{"href":"https:\/\/www.largepillow.com\/lv\/wp-json\/wp\/v2\/media?parent=823"}],"wp:term":[{"taxonomy":"product_brand","embeddable":true,"href":"https:\/\/www.largepillow.com\/lv\/wp-json\/wp\/v2\/product_brand?post=823"},{"taxonomy":"product_cat","embeddable":true,"href":"https:\/\/www.largepillow.com\/lv\/wp-json\/wp\/v2\/product_cat?post=823"},{"taxonomy":"product_tag","embeddable":true,"href":"https:\/\/www.largepillow.com\/lv\/wp-json\/wp\/v2\/product_tag?post=823"}],"curies":[{"name":"wp","href":"https:\/\/api.w.org\/{rel}","templated":true}]}}