{"id":8245,"date":"2025-06-12T03:28:35","date_gmt":"2025-06-12T03:28:35","guid":{"rendered":"https:\/\/www.largepillow.com\/product\/funky-hand-shaped-chair-with-round-pillow-for-bedroom-gaming"},"modified":"2025-06-16T03:40:19","modified_gmt":"2025-06-16T03:40:19","slug":"stiligs-roku-formas-kresls-ar-apalu-spilvenu-gulamistabas-spelem","status":"publish","type":"product","link":"https:\/\/www.largepillow.com\/lv\/product\/funky-hand-shaped-chair-with-round-pillow-for-bedroom-gaming","title":{"rendered":"Stil\u012bgs, roku formas kr\u0113sls ar apa\u013cu spilvenu gu\u013camistabai un sp\u0113l\u0113m"},"content":{"rendered":"[zc_getpagecontent mb=&#8221;mb_aplus&#8221; apid=&#8221;124&#8243;]\n","protected":false},"excerpt":{"rendered":"<ul>\n<li>Unik\u0101ls un jautrs dizains \u2014 \u0161\u012b nav tikai viegla gr\u012bdas d\u012bv\u0101na, bet gan sarunas ierosin\u0101t\u0101js; ar roku formas s\u0113dekli un beisbola iedvesmotu apa\u013co spilvenu t\u0101 pie\u0161\u0137ir j\u016bsu telpai neparastu, sporta tematikas piesk\u0101rienu; ide\u0101li piem\u0113rota cilv\u0113kiem, kam pat\u012bk abstrakts dekors un kuri v\u0113las sav\u0101m m\u0101j\u0101m pievienot for\u0161u, d\u012bvainu elementu.<\/li>\n<li>Ide\u0101li piem\u0113rots pusaud\u017eiem un b\u0113rniem \u2014 neatkar\u012bgi no t\u0101, vai tas ir paredz\u0113ts pusaud\u017ea gu\u013camistabai vai rota\u013cu istabai, \u0161is gr\u012bdas d\u012bv\u0101ns ir hits; t\u0101 jautrs un rado\u0161s dizains patiks jaun\u0101kajai auditorijai, nodro\u0161inot vi\u0146iem m\u0101j\u012bgu vietu atp\u016btai, las\u012b\u0161anai vai sp\u0113l\u0113\u0161anai.<\/li>\n<li>Daudzpus\u012bgs lieto\u0161anas scen\u0101rijs \u2014 s\u0101kot no jauka papildin\u0101juma putuplasta d\u012bv\u0101na zonai rota\u013cu istab\u0101 l\u012bdz unik\u0101lam fotograf\u0113\u0161anas rekviz\u012btam, \u0161is vienviet\u012bgais d\u012bv\u0101na kr\u0113sls lieliski iederas; tas ir piem\u0113rots ar\u012b neliel\u0101m telp\u0101m, padarot to piem\u0113rotu dz\u012bvok\u013ciem, kopm\u012btn\u0113m vai jebkuram citam istabas st\u016br\u012btim.<\/li>\n<li>Augstas kvalit\u0101tes materi\u0101li \u2014 izgatavoti no \u0101dai draudz\u012bga samta, ar PP kokvilnas pild\u012bjumu pild\u012bta beisbola spilvena un augsta bl\u012bvuma put\u0101m bezkaula d\u012bv\u0101na s\u0113deklim, komforts ir garant\u0113ts; Turkl\u0101t nesl\u012bdo\u0161\u0101 apak\u0161da\u013ca nodro\u0161ina dro\u0161\u012bbu, lai j\u016bs var\u0113tu baud\u012bt s\u0113d\u0113\u0161anu uz t\u0101 bez raiz\u0113m.<\/li>\n<li>Daudzfunkcion\u0101las s\u0113dvietas \u2014 t\u0101s kalpo ne tikai k\u0101 papildu s\u0113dvietas, bet ar\u012b k\u0101 m\u0101kslas darbs; t\u0101s rada m\u0101j\u012bgu vietu atp\u016btai, savuk\u0101rt to unik\u0101lais modernais dizains padara t\u0101s par iespaid\u012bgu elementu jebkur\u0101 telp\u0101.<\/li>\n<li>D\u012bv\u0101ns kast\u0113 \u2014 m\u016bsu kr\u0113slam ir bezr\u0101mja konstrukcija, kas pied\u0101v\u0101 elast\u012bbu un unik\u0101lu s\u0113d\u0113\u0161anas pieredzi; vienk\u0101r\u0161i izpakojiet to un v\u0113rojiet, k\u0101 tas atg\u016bst savu formu, gatavs pievienot jautru elementu j\u016bsu viesistabai.<\/li>\n<\/ul>","protected":false},"featured_media":8234,"comment_status":"open","ping_status":"closed","template":"","meta":[],"product_brand":[],"product_cat":[228],"product_tag":[],"class_list":{"0":"post-8245","1":"product","2":"type-product","3":"status-publish","4":"has-post-thumbnail","6":"product_cat-cushions","8":"first","9":"instock","10":"shipping-taxable","11":"purchasable","12":"product-type-simple"},"_links":{"self":[{"href":"https:\/\/www.largepillow.com\/lv\/wp-json\/wp\/v2\/product\/8245","targetHints":{"allow":["GET"]}}],"collection":[{"href":"https:\/\/www.largepillow.com\/lv\/wp-json\/wp\/v2\/product"}],"about":[{"href":"https:\/\/www.largepillow.com\/lv\/wp-json\/wp\/v2\/types\/product"}],"replies":[{"embeddable":true,"href":"https:\/\/www.largepillow.com\/lv\/wp-json\/wp\/v2\/comments?post=8245"}],"wp:featuredmedia":[{"embeddable":true,"href":"https:\/\/www.largepillow.com\/lv\/wp-json\/wp\/v2\/media\/8234"}],"wp:attachment":[{"href":"https:\/\/www.largepillow.com\/lv\/wp-json\/wp\/v2\/media?parent=8245"}],"wp:term":[{"taxonomy":"product_brand","embeddable":true,"href":"https:\/\/www.largepillow.com\/lv\/wp-json\/wp\/v2\/product_brand?post=8245"},{"taxonomy":"product_cat","embeddable":true,"href":"https:\/\/www.largepillow.com\/lv\/wp-json\/wp\/v2\/product_cat?post=8245"},{"taxonomy":"product_tag","embeddable":true,"href":"https:\/\/www.largepillow.com\/lv\/wp-json\/wp\/v2\/product_tag?post=8245"}],"curies":[{"name":"wp","href":"https:\/\/api.w.org\/{rel}","templated":true}]}}