{"id":8334,"date":"2025-06-16T02:13:39","date_gmt":"2025-06-16T02:13:39","guid":{"rendered":"https:\/\/www.largepillow.com\/product\/stylish-bedroom-wedge-pillow-with-ergonomic-neck-rest"},"modified":"2025-06-17T02:29:59","modified_gmt":"2025-06-17T02:29:59","slug":"stiligs-gulamistabas-kilveida-spilvens-ar-ergonomisku-kakla-balstu","status":"publish","type":"product","link":"https:\/\/www.largepillow.com\/lv\/product\/stylish-bedroom-wedge-pillow-with-ergonomic-neck-rest","title":{"rendered":"Stil\u012bgs gu\u013camistabas \u0137\u012b\u013cveida spilvens ar ergonomisku kakla balstu"},"content":{"rendered":"[zc_getpagecontent mb=&#8221;mb_aplus&#8221; apid=&#8221;118&#8243;]\n","protected":false},"excerpt":{"rendered":"<ul>\n<li>Inovat\u012bvs divda\u013c\u012bgs dizains \u2014 \u0161is galvga\u013ca spilvens izce\u013cas ar unik\u0101lu dizainu. Aug\u0161\u0113jais baltais galvas balsts nodro\u0161ina m\u0101ko\u0146ainu patv\u0113rumu j\u016bsu galvas atbalstam; savuk\u0101rt apak\u0161\u0113j\u0101, plat\u0101k\u0101 zil\u0101 atzveltne nodro\u0161ina stabilu atbalstu j\u016bsu mugurai, kas j\u016bsu gu\u013camistabai pie\u0161\u0137ir harmonisku funkcionalit\u0101tes un stila apvienojumu.<\/li>\n<li>Bezgal\u012bgi lieto\u0161anas scen\u0101riji \u2014 neatkar\u012bgi no t\u0101, vai iegrimstat aizraujo\u0161\u0101 rom\u0101n\u0101, skat\u0101ties iecien\u012bt\u0101k\u0101s p\u0101rraides vai vienk\u0101r\u0161i izbaud\u0101t miera br\u012bdi, \u0161is spilvens ir j\u016bsu ide\u0101ls partneris; ide\u0101li piem\u0113rots slinkiem sv\u0113tdienas r\u012btiem, p\u0113cpusdienas siest\u0101m vai v\u0113lu vakara las\u012b\u0161anas lust\u0113m, uzlabojot j\u016bsu relaks\u0101cijas pieredzi gult\u0101.<\/li>\n<li>Ikviena komfortam \u2014 m\u016bsu spilvens ir izstr\u0101d\u0101ts, dom\u0101jot par iek\u013cau\u0161anu, un tas ir piem\u0113rots ikvienam. Studenti var atp\u016bsties p\u0113c gar\u0101m m\u0101c\u012bbu sesij\u0101m, profesion\u0101\u013ci var relaks\u0113ties p\u0113c saspringtas dienas, un vec\u0101ka gadag\u0101juma cilv\u0113ki var atrast papildu komfortu atp\u016b\u0161oties; t\u0101 ergonomiskais dizains nodro\u0161ina, ka visu vecumu un \u0137erme\u0146a tipu cilv\u0113ki var baud\u012bt t\u0101 lielisko atbalstu un m\u0101j\u012bgumu.<\/li>\n<li>Piel\u0101gojama augstuma priek\u0161roc\u012bba \u2014 piel\u0101gojam\u0101 augstuma funkcija maina sp\u0113les noteikumus. Ar \u0113rtu l\u012bmlenti var bez piep\u016bles piel\u0101got galvas balsta poz\u012bciju \u2014 pacelt to, lai uzlabotu kakla atbalstu, vai nolaist to, lai ieg\u016btu mier\u012bg\u0101ku pozu, piel\u0101gojot komfortu sav\u0101m v\u0113lm\u0113m.<\/li>\n<li>Augst\u0101k\u0101s klases materi\u0101lu kvalit\u0101te \u2014 m\u016bsu galvga\u013ca spilvens sola kvalit\u0101ti un komfortu. Galvas balsta PP kokvilnas pild\u012bjums un samta p\u0101rvalks pied\u0101v\u0101 greznu, \u0101dai draudz\u012bgu piesk\u0101rienu. Atzveltnes PP kokvilnas un poliestera lina p\u0101rvalks ir elpojo\u0161s un iztur\u012bgs, nodro\u0161inot ilgsto\u0161u komfortu un \u0113rtu kop\u0161anu.<\/li>\n<\/ul>","protected":false},"featured_media":8323,"comment_status":"open","ping_status":"closed","template":"","meta":[],"product_brand":[],"product_cat":[228],"product_tag":[],"class_list":{"0":"post-8334","1":"product","2":"type-product","3":"status-publish","4":"has-post-thumbnail","6":"product_cat-cushions","8":"first","9":"instock","10":"sold-individually","11":"shipping-taxable","12":"purchasable","13":"product-type-variable","14":"has-default-attributes"},"_links":{"self":[{"href":"https:\/\/www.largepillow.com\/lv\/wp-json\/wp\/v2\/product\/8334","targetHints":{"allow":["GET"]}}],"collection":[{"href":"https:\/\/www.largepillow.com\/lv\/wp-json\/wp\/v2\/product"}],"about":[{"href":"https:\/\/www.largepillow.com\/lv\/wp-json\/wp\/v2\/types\/product"}],"replies":[{"embeddable":true,"href":"https:\/\/www.largepillow.com\/lv\/wp-json\/wp\/v2\/comments?post=8334"}],"wp:featuredmedia":[{"embeddable":true,"href":"https:\/\/www.largepillow.com\/lv\/wp-json\/wp\/v2\/media\/8323"}],"wp:attachment":[{"href":"https:\/\/www.largepillow.com\/lv\/wp-json\/wp\/v2\/media?parent=8334"}],"wp:term":[{"taxonomy":"product_brand","embeddable":true,"href":"https:\/\/www.largepillow.com\/lv\/wp-json\/wp\/v2\/product_brand?post=8334"},{"taxonomy":"product_cat","embeddable":true,"href":"https:\/\/www.largepillow.com\/lv\/wp-json\/wp\/v2\/product_cat?post=8334"},{"taxonomy":"product_tag","embeddable":true,"href":"https:\/\/www.largepillow.com\/lv\/wp-json\/wp\/v2\/product_tag?post=8334"}],"curies":[{"name":"wp","href":"https:\/\/api.w.org\/{rel}","templated":true}]}}