{"id":8343,"date":"2025-06-16T02:24:31","date_gmt":"2025-06-16T02:24:31","guid":{"rendered":"https:\/\/www.largepillow.com\/product\/indoor-kids-playroom-furniture-7pcs-modular-foam-sofa"},"modified":"2025-06-17T03:43:28","modified_gmt":"2025-06-17T03:43:28","slug":"iekstelpu-bernu-rotalu-istabas-mebeles-7-gab-modulars-putu-divans","status":"publish","type":"product","link":"https:\/\/www.largepillow.com\/lv\/product\/indoor-kids-playroom-furniture-7pcs-modular-foam-sofa","title":{"rendered":"Iek\u0161telpu b\u0113rnu rota\u013cu istabas m\u0113beles, 7 gab. modul\u0101rs putu d\u012bv\u0101ns"},"content":{"rendered":"[zc_getpagecontent mb=&#8221;mb_aplus&#8221; apid=&#8221;114&#8243;]\n","protected":false},"excerpt":{"rendered":"<ul>\n<li>Atbr\u012bvojiet un stimul\u0113jiet izt\u0113li: Iepaz\u012bstin\u0101m ar m\u016bsu daudzpus\u012bgo modul\u0101ro b\u0113rnu d\u012bv\u0101nu, kas veidots ar 7 elast\u012bgiem putu blokiem, kurus var p\u0101rveidot par bezgal\u012bg\u0101m rota\u013cu konstrukcij\u0101m. S\u0101kot ar m\u0101j\u012bgiem d\u012bv\u0101niem, slidkalni\u0146iem un pil\u012bm l\u012bdz bumbu bedr\u0113m un mini \u0161\u0137\u0113r\u0161\u013cu josl\u0101m, \u0161is daudzfunkcion\u0101lais dizains ne tikai veicina rado\u0161umu, bet ar\u012b \u013cauj b\u0113rniem veidot savas izt\u0113les bag\u0101tas rota\u013cu telpas. Lieliski piem\u0113rots izt\u0113les, rado\u0161uma un soci\u0101lo un motorisko prasmju att\u012bst\u012b\u0161anai, m\u016bsu rota\u013cu d\u012bv\u0101ns ir lab\u0101kais instruments k\u0101p\u0161anai, sarun\u0101m, atp\u016btai un interakt\u012bvu sp\u0113\u013cu baud\u012b\u0161anai.\u00a0<\/li>\n<li>Uzlabots komforts, dro\u0161\u012bba un iztur\u012bba: M\u016bsu rota\u013cu d\u012bv\u0101ns ir izstr\u0101d\u0101ts, dom\u0101jot par b\u0113rnu dro\u0161\u012bbu un komfortu, un tam ir augsta bl\u012bvuma putu serde, un tas ir pild\u012bts ar \u013coti elast\u012bgu s\u016bkli, lai iztur\u0113tu daudzu gadu intens\u012bvu sp\u0113l\u0113\u0161anos. M\u012bkst\u0101, triecieniztur\u012bg\u0101 virsma nodro\u0161ina dro\u0161u vidi l\u0113k\u0101\u0161anai un r\u0101po\u0161anai, bez as\u0101m mal\u0101m vai st\u016briem. M\u016bsu b\u0113rnu d\u012bv\u0101nu komplekts ir p\u0101rkl\u0101ts ar \u016bdensnecaurlaid\u012bgu un nodilumiztur\u012bgu m\u0101ksl\u012bgo \u0101du, lai to b\u016btu viegli t\u012br\u012bt, un veidots neitr\u0101l\u0101 kr\u0101su gamm\u0101, lai pasarg\u0101tu no traipiem, nodro\u0161inot, ka tas saglab\u0101 savu nevainojamu izskatu gadiem ilgi.<\/li>\n<li>Aizraujo\u0161as vec\u0101ku un b\u0113rnu saiknes veido\u0161anas pieredzes: Izbaudiet nenov\u0113rt\u0113jamus saiknes mirk\u013cus ar saviem b\u0113rniem, izmantojot m\u016bsu modul\u0101ro rota\u013cu d\u012bv\u0101nu. Tas kalpo k\u0101 m\u0101j\u012bga vide kvalitat\u012bvai vec\u0101ku un b\u0113rnu mijiedarb\u012bbai, veicinot rota\u013cas, atp\u016btu un radot m\u0101j\u012bgu vidi. Ide\u0101li piem\u0113rots gu\u013camistab\u0101m, rota\u013cu istab\u0101m, b\u0113rnistab\u0101m vai viesistab\u0101m, k\u0101 ar\u012b lieliska dzim\u0161anas dienas, Ziemassv\u0113tku vai mazu\u013ca sagaid\u012b\u0161anas d\u0101vana, kas ienes\u012bs prieku un smieklus j\u016bsu m\u0101j\u0101s.<\/li>\n<li>\u0112rta apkope un uzglab\u0101\u0161ana: M\u016bsu b\u0113rnu d\u012bv\u0101nam ir no\u0146emams, ve\u013cas ma\u0161\u012bn\u0101 mazg\u0101jams p\u0101rvalks, kas padara apkopi pavisam vienk\u0101r\u0161u. T\u0101 uzlabotais izm\u0113rs un vieglais dizains nodro\u0161ina \u0113rtu mobilit\u0101ti un uzglab\u0101\u0161anu, \u013caujot b\u0113rniem bez piep\u016bles p\u0101rvietot un p\u0101rveidot komplektu no vienas istabas uz citu. Katrs modulis ir apr\u012bkots ar r\u0101v\u0113jsl\u0113dz\u0113jiem, lai to b\u016btu viegli t\u012br\u012bt, nodro\u0161inot ilgsto\u0161u t\u012br\u012bbu un baud\u012bjumu.<\/li>\n<li>Vienk\u0101r\u0161a uzst\u0101d\u012b\u0161ana un t\u016bl\u012bt\u0113ja jautr\u012bba: Iepakots, izmantojot vakuuma kompresiju efekt\u012bvai pieg\u0101dei, m\u016bsu b\u0113rnu d\u012bv\u0101ns s\u0101kotn\u0113ji var \u0161\u0137ist deform\u0113ts vai pl\u0101n\u0101ks atv\u0113r\u0161anas br\u012bd\u012b. Tom\u0113r t\u0101 nav kvalit\u0101tes probl\u0113ma. Vienk\u0101r\u0161i \u013caujiet 48\u201372 stund\u0101m, lai putas piln\u012bb\u0101 izplestos un atg\u016btu savu parasto izm\u0113ru un biezumu. T\u0101 k\u0101 nav nepiecie\u0161ama mont\u0101\u017ea, b\u0113rni var nekav\u0113joties ienirt savas maz\u0101s pasaules rad\u012b\u0161an\u0101 un izp\u0113t\u0113, nodro\u0161inot t\u016bl\u012bt\u0113ju jautr\u012bbu un funkcionalit\u0101ti. Lai nodro\u0161in\u0101tu papildu stabilit\u0101ti, lietojot to k\u0101 parastu d\u012bv\u0101nu, ieteicams to novietot pie sienas.<\/li>\n<li>Svars: 17 m\u0101rci\u0146as, izm\u0113ri: 13 collas dzi\u013cums x 39 collas platums x 19 collas augstums.<\/li>\n<\/ul>","protected":false},"featured_media":8337,"comment_status":"open","ping_status":"closed","template":"","meta":[],"product_brand":[],"product_cat":[228],"product_tag":[],"class_list":{"0":"post-8343","1":"product","2":"type-product","3":"status-publish","4":"has-post-thumbnail","6":"product_cat-cushions","8":"first","9":"instock","10":"sold-individually","11":"shipping-taxable","12":"purchasable","13":"product-type-simple"},"_links":{"self":[{"href":"https:\/\/www.largepillow.com\/lv\/wp-json\/wp\/v2\/product\/8343","targetHints":{"allow":["GET"]}}],"collection":[{"href":"https:\/\/www.largepillow.com\/lv\/wp-json\/wp\/v2\/product"}],"about":[{"href":"https:\/\/www.largepillow.com\/lv\/wp-json\/wp\/v2\/types\/product"}],"replies":[{"embeddable":true,"href":"https:\/\/www.largepillow.com\/lv\/wp-json\/wp\/v2\/comments?post=8343"}],"wp:featuredmedia":[{"embeddable":true,"href":"https:\/\/www.largepillow.com\/lv\/wp-json\/wp\/v2\/media\/8337"}],"wp:attachment":[{"href":"https:\/\/www.largepillow.com\/lv\/wp-json\/wp\/v2\/media?parent=8343"}],"wp:term":[{"taxonomy":"product_brand","embeddable":true,"href":"https:\/\/www.largepillow.com\/lv\/wp-json\/wp\/v2\/product_brand?post=8343"},{"taxonomy":"product_cat","embeddable":true,"href":"https:\/\/www.largepillow.com\/lv\/wp-json\/wp\/v2\/product_cat?post=8343"},{"taxonomy":"product_tag","embeddable":true,"href":"https:\/\/www.largepillow.com\/lv\/wp-json\/wp\/v2\/product_tag?post=8343"}],"curies":[{"name":"wp","href":"https:\/\/api.w.org\/{rel}","templated":true}]}}