{"id":8352,"date":"2025-06-16T02:45:20","date_gmt":"2025-06-16T02:45:20","guid":{"rendered":"https:\/\/www.largepillow.com\/product\/adjustable-cute-animal-body-pillow-headboard-pillow"},"modified":"2026-04-11T08:10:22","modified_gmt":"2026-04-11T08:10:22","slug":"regulejams-jauks-dzivnieka-kermena-spilvens-galvgala-spilvens","status":"publish","type":"product","link":"https:\/\/www.largepillow.com\/lv\/product\/adjustable-cute-animal-body-pillow-headboard-pillow","title":{"rendered":"Regul\u0113jams jauks dz\u012bvnieku \u0137erme\u0146a spilvens un galvgalis"},"content":{"rendered":"[zc_getpagecontent mb=&#8221;mb_aplus&#8221; apid=&#8221;119&#8243;]\n","protected":false},"excerpt":{"rendered":"<ul>\n<li>Unik\u0101ls dizains \u2014 iedvesmojoties no klasisk\u0101s sp\u0113les \u201d\u010c\u016bska\u201d, \u0161im galvga\u013ca spilvenam ir moderns un minim\u0101listisks dizains. T\u0101 divpus\u0113j\u0101 kr\u0101su sh\u0113ma (pel\u0113ka un za\u013ca) pie\u0161\u0137ir stila piesk\u0101rienu; stiepjam\u012bba, kas vari\u0113 no 140 cm l\u012bdz 180 cm, \u013cauj to piel\u0101got j\u016bsu vajadz\u012bb\u0101m, padarot to par modernu un praktisku papildin\u0101jumu jebkurai gu\u013camistabai.<\/li>\n<li>Vair\u0101kas funkcijas \u2014 m\u016bsu akcenta galvga\u013ca spilvens nav paredz\u0113ts tikai s\u0113d\u0113\u0161anai gult\u0101, tas var kalpot k\u0101 \u0137erme\u0146a spilvens, las\u012b\u0161anas spilvens, aizpild\u012bt\u0101js spraugai starp gultu un sienu vai pat gultas norobe\u017eojums; neatkar\u012bgi no t\u0101, vai las\u0101t, skat\u0101ties televizoru vai vienk\u0101r\u0161i atp\u016b\u0161aties gult\u0101, tas nodro\u0161ina lielisku atbalstu un komfortu.<\/li>\n<li>Augstas kvalit\u0101tes materi\u0101li \u2013 pild\u012bts ar PP kokvilnu, tas pied\u0101v\u0101 m\u012bkstu un p\u016bkainu piesk\u0101rienu; p\u0101rvalks ir izgatavots no flane\u013ca, kas ir \u0101dai draudz\u012bgs un iztur\u012bgs; Materi\u0101lu kombin\u0101cija nodro\u0161ina ilgsto\u0161u komfortu un pat\u012bkamu taustes pieredzi.<\/li>\n<li>Pla\u0161a pielietojuma joma \u2014 \u0161is spilvens ir paredz\u0113ts gan pusaud\u017eiem, gan pieaugu\u0161ajiem, un tas ir piem\u0113rots pla\u0161am lietot\u0101ju lokam; neatkar\u012bgi no t\u0101, vai esat jaunietis, kas mekl\u0113 stil\u012bgu un funkcion\u0101lu priek\u0161metu savai gu\u013camistabai, vai pieaugu\u0161ais, kas mekl\u0113 komfortu un atbalstu, \u0161is spilvens ir lieliska izv\u0113le.<\/li>\n<li>\u0112rts r\u0101v\u0113jsl\u0113dz\u0113ja dizains \u2014 spilvena \u0101r\u0113jo p\u0101rvalku var viegli no\u0146emt t\u012br\u012b\u0161anai. \u0160is dizains ne tikai pal\u012bdz uztur\u0113t spilvena higi\u0113nu, bet ar\u012b nodro\u0161ina t\u0101 ilgsto\u0161u lieto\u0161anu; Vairs nav j\u0101uztraucas par traipiem vai net\u012brumiem; vienk\u0101r\u0161i attaisiet r\u0101v\u0113jsl\u0113dz\u0113ju, izmazg\u0101jiet un atkal izbaudiet svaigi izskat\u012bgu spilvenu.<\/li>\n<\/ul>","protected":false},"featured_media":8344,"comment_status":"open","ping_status":"closed","template":"","meta":[],"product_brand":[],"product_cat":[228],"product_tag":[],"class_list":{"0":"post-8352","1":"product","2":"type-product","3":"status-publish","4":"has-post-thumbnail","6":"product_cat-cushions","8":"first","9":"instock","10":"shipping-taxable","11":"purchasable","12":"product-type-simple"},"_links":{"self":[{"href":"https:\/\/www.largepillow.com\/lv\/wp-json\/wp\/v2\/product\/8352","targetHints":{"allow":["GET"]}}],"collection":[{"href":"https:\/\/www.largepillow.com\/lv\/wp-json\/wp\/v2\/product"}],"about":[{"href":"https:\/\/www.largepillow.com\/lv\/wp-json\/wp\/v2\/types\/product"}],"replies":[{"embeddable":true,"href":"https:\/\/www.largepillow.com\/lv\/wp-json\/wp\/v2\/comments?post=8352"}],"wp:featuredmedia":[{"embeddable":true,"href":"https:\/\/www.largepillow.com\/lv\/wp-json\/wp\/v2\/media\/8344"}],"wp:attachment":[{"href":"https:\/\/www.largepillow.com\/lv\/wp-json\/wp\/v2\/media?parent=8352"}],"wp:term":[{"taxonomy":"product_brand","embeddable":true,"href":"https:\/\/www.largepillow.com\/lv\/wp-json\/wp\/v2\/product_brand?post=8352"},{"taxonomy":"product_cat","embeddable":true,"href":"https:\/\/www.largepillow.com\/lv\/wp-json\/wp\/v2\/product_cat?post=8352"},{"taxonomy":"product_tag","embeddable":true,"href":"https:\/\/www.largepillow.com\/lv\/wp-json\/wp\/v2\/product_tag?post=8352"}],"curies":[{"name":"wp","href":"https:\/\/api.w.org\/{rel}","templated":true}]}}