{"id":8359,"date":"2025-06-16T03:20:34","date_gmt":"2025-06-16T03:20:34","guid":{"rendered":"https:\/\/www.largepillow.com\/product\/unique-relaxing-human-dog-bed-multi-use-anti-anxiety-floor-cushion"},"modified":"2025-06-16T03:40:23","modified_gmt":"2025-06-16T03:40:23","slug":"unikals-relaksejoss-daudzfunkcionals-prettrauksmes-gridas-spilvens-suniem-cilvekiem","status":"publish","type":"product","link":"https:\/\/www.largepillow.com\/lv\/product\/unique-relaxing-human-dog-bed-multi-use-anti-anxiety-floor-cushion","title":{"rendered":"Unik\u0101la relaks\u0113jo\u0161a cilv\u0113ka un su\u0146a gulta: daudzfunkcion\u0101ls prettrauksmes gr\u012bdas spilvens"},"content":{"rendered":"[zc_getpagecontent mb=&#8221;mb_aplus&#8221; apid=&#8221;137&#8243;]\n","protected":false},"excerpt":{"rendered":"<ul>\n<li><strong>Inovat\u012bvs dizains:<\/strong> Izbaudiet m\u016bsu bezr\u0101mju gr\u012bdas s\u0113dek\u013cu komfortu un dro\u0161\u012bbu, kas j\u016bs ap\u0146em k\u0101 m\u0101j\u012bga ligzda, veicinot relaks\u0101ciju un mazinot trauksmi. Bez jebk\u0101da r\u0101mja dizaina jums tikai j\u0101apgu\u013cas uz \u0161\u012b gr\u012bdas s\u0113dek\u013ca un j\u0101pa\u013caujas uz sava \u0137erme\u0146a atbalstu.<\/li>\n<li><strong>Ide\u0101li piem\u0113rots jums un j\u016bsu m\u0101jdz\u012bvniekam:<\/strong> Neatkar\u012bgi no t\u0101, vai esat viens pats vai kop\u0101 ar savu p\u016bkaino draugu, \u0161\u012b cilv\u0113ku su\u0146u gulta \u013cauj jums abiem izstaip\u012bties un satuvin\u0101ties, padarot to par ide\u0101lu vietu darbam vai atp\u016btai.<\/li>\n<li><strong>Viegls un p\u0101rn\u0113s\u0101jams:<\/strong> At\u0161\u0137ir\u012bb\u0101 no tradicion\u0101laj\u0101m gult\u0101m vai d\u012bv\u0101niem, \u0161is gr\u012bdas spilvens ir neticami viegls, t\u0101p\u0113c to ir viegli p\u0101rvietot pa m\u0101j\u0101m vai \u0146emt l\u012bdzi ce\u013cojumos, sniedzot dro\u0161\u012bbas saj\u016btu, lai kur j\u016bs dotos.<\/li>\n<li><strong>Stil\u012bgs un \u0113rts:<\/strong> \u0160\u012b su\u0146u gulta cilv\u0113kiem ar modern\u0101m \u0123eometrisk\u0101m apdruk\u0101m zil\u0101, oran\u017e\u0101 un meln\u0101 kr\u0101s\u0101 ar m\u012bkstu, \u012bsu, pl\u012b\u0161a oderi pied\u0101v\u0101 unik\u0101lu stilu un nep\u0101rsp\u0113jamu komfortu stund\u0101m ilgai atp\u016btai.<\/li>\n<li><strong>Ide\u0101lais izm\u0113rs:<\/strong> Ar ietilp\u012bgo 52 x 32 collu izm\u0113ru \u0161\u012bs gr\u012bdas s\u0113dvietas ir ide\u0101li piem\u0113rotas pieaugu\u0161ajiem vai b\u0113rniem, kuru augums ir maz\u0101ks par 5,5 p\u0113d\u0101m, \u012bpa\u0161i piel\u0101gotas s\u012bka auguma lietot\u0101ju \u0113rt\u012bb\u0101m, nodro\u0161inot m\u0101j\u012bgu un relaks\u0113jo\u0161u pieredzi.<\/li>\n<\/ul>","protected":false},"featured_media":8353,"comment_status":"open","ping_status":"closed","template":"","meta":[],"product_brand":[],"product_cat":[228],"product_tag":[],"class_list":{"0":"post-8359","1":"product","2":"type-product","3":"status-publish","4":"has-post-thumbnail","6":"product_cat-cushions","8":"first","9":"instock","10":"shipping-taxable","11":"purchasable","12":"product-type-simple"},"_links":{"self":[{"href":"https:\/\/www.largepillow.com\/lv\/wp-json\/wp\/v2\/product\/8359","targetHints":{"allow":["GET"]}}],"collection":[{"href":"https:\/\/www.largepillow.com\/lv\/wp-json\/wp\/v2\/product"}],"about":[{"href":"https:\/\/www.largepillow.com\/lv\/wp-json\/wp\/v2\/types\/product"}],"replies":[{"embeddable":true,"href":"https:\/\/www.largepillow.com\/lv\/wp-json\/wp\/v2\/comments?post=8359"}],"wp:featuredmedia":[{"embeddable":true,"href":"https:\/\/www.largepillow.com\/lv\/wp-json\/wp\/v2\/media\/8353"}],"wp:attachment":[{"href":"https:\/\/www.largepillow.com\/lv\/wp-json\/wp\/v2\/media?parent=8359"}],"wp:term":[{"taxonomy":"product_brand","embeddable":true,"href":"https:\/\/www.largepillow.com\/lv\/wp-json\/wp\/v2\/product_brand?post=8359"},{"taxonomy":"product_cat","embeddable":true,"href":"https:\/\/www.largepillow.com\/lv\/wp-json\/wp\/v2\/product_cat?post=8359"},{"taxonomy":"product_tag","embeddable":true,"href":"https:\/\/www.largepillow.com\/lv\/wp-json\/wp\/v2\/product_tag?post=8359"}],"curies":[{"name":"wp","href":"https:\/\/api.w.org\/{rel}","templated":true}]}}