{"id":845,"date":"2022-09-17T14:14:51","date_gmt":"2022-09-17T14:14:51","guid":{"rendered":"https:\/\/www.largepillow.com\/product\/wedge-pillow-for-acid-reflux_37_38_39_40_41_42"},"modified":"2024-12-04T12:25:24","modified_gmt":"2024-12-04T12:25:24","slug":"dekorativie-spilveni-gultai","status":"publish","type":"product","link":"https:\/\/www.largepillow.com\/lv\/product\/decorative-pillows-for-bed","title":{"rendered":"Dekorat\u012bvie spilveni gultai"},"content":{"rendered":"<p>Izbaudiet nep\u0101rsp\u0113jamu komfortu ar m\u016bsu dekorat\u012bvajiem gultas spilveniem<\/p>\n<p>P\u0101rveidojiet savu gul\u0113tie\u0161anas pieredzi ar m\u016bsu r\u016bp\u012bgi izstr\u0101d\u0101tajiem dekorat\u012bvajiem gultas spilveniem, kas rad\u012bti, lai uzlabotu j\u016bsu komfortu un relaks\u0101ciju.<\/p>\n<p>Maksim\u0101ls komforts un atbalsts<\/p>\n<p>M\u016bsu spilveniem ir izliekta forma, kas piel\u0101gojas j\u016bsu \u0137erme\u0146a kont\u016br\u0101m, nodro\u0161inot nep\u0101rsp\u0113jamu komfortu. Neatkar\u012bgi no t\u0101, vai atp\u016b\u0161aties gult\u0101, atp\u016b\u0161aties uz d\u012bv\u0101na vai sap\u0146ojat uz d\u012bv\u0101na, m\u016bsu las\u012b\u0161anas spilvens ar galvgali pal\u012bdz\u0113s jums atbr\u012bvoties no spriedzes un sniegs atbalstu.<\/p>\n<p>Paaugstin\u0101ta atzveltne optim\u0101lam atbalstam<\/p>\n<p>Izbaudiet m\u016bsu divrindu paaugstin\u0101t\u0101s atzveltnes grezn\u012bbu, kas ir meistar\u012bgi izstr\u0101d\u0101ta, lai sniegtu izcilu atbalstu j\u016bsu kaklam un mugurai. Iegremd\u0113jieties sav\u0101 iecien\u012bt\u0101kaj\u0101 gr\u0101mat\u0101 vai aizraujieties ar aizraujo\u0161u filmu bez jebk\u0101da diskomforta vai piep\u016bles.<\/p>\n<p>Daudzpus\u012bga funkcionalit\u0101te<\/p>\n<p>Izbaudiet m\u016bsu spilvena daudzpus\u012bbu ar trim da\u017e\u0101diem pielietojumiem. Novietojiet to vertik\u0101li k\u0101 muguras spilvenu, atbalstiet to k\u0101 \u0137\u012b\u013cveida spilvenu vai paceliet k\u0101jas augst\u0101k, lai nodro\u0161in\u0101tu liel\u0101ku komfortu. Tas ir ide\u0101ls aksesu\u0101rs omul\u012bgai atp\u016btai un relaks\u0101cijai.<\/p>\n<p>Augst\u0101k\u0101s klases meistar\u012bba un iztur\u012bba<\/p>\n<p>M\u016bsu galvga\u013ca spilveni ir r\u016bp\u012bgi izgatavoti no augstas kvalit\u0101tes lina imit\u0101cijas auduma, kas sast\u0101v no 100% poliestera, lai nodro\u0161in\u0101tu iztur\u012bbu un vieglu kop\u0161anu. Videi draudz\u012bgais un iztur\u012bgais poliestera \u0161\u0137iedru pild\u012bjums nodro\u0161ina ilgsto\u0161u komfortu. Turkl\u0101t no\u0146emamais gultas spilvens padara t\u012br\u012b\u0161anu pavisam vienk\u0101r\u0161u.<\/p>\n<p>Vienk\u0101r\u0161a t\u012br\u012b\u0161ana<\/p>\n<p>Saglab\u0101jiet spilvena nevainojamu st\u0101vokli bez piep\u016bles. Galvga\u013ca spilvena p\u0101rvalks ir piestiprin\u0101ts ar pog\u0101m, kas \u013cauj to viegli no\u0146emt. Vienk\u0101r\u0161i attaisiet p\u0101rvalku, atlokot r\u0101v\u0113jsl\u0113dz\u0113ju un iemetiet to ve\u013cas ma\u0161\u012bn\u0101, lai \u0101tri atsvaidzin\u0101tu.<\/p>\n<p>Piel\u0101gojamas izm\u0113ru opcijas<\/p>\n<p>Izv\u0113lieties sev piem\u0113rot\u0101ko gultas izm\u0113ru no m\u016bsu pla\u0161\u0101 kl\u0101sta:<\/p>\n<p>* 100 cm (G100 x P26 x A55)<br \/>\n* 120 cm (garums 120 x platums 26 x augstums 55)<br \/>\n* 140 cm (garums 140 x platums 26 x augstums 55)<br \/>\n* 160 cm (G160 x P26 x A55)<br \/>\n* 180 cm (G180 x P26 x A55)<br \/>\n* 200 cm (garums 200 x platums 26 x augstums 55)<\/p>\n<p>Klientu atsauksmes<\/p>\n<p>M\u016bsu apmierin\u0101tie klienti saj\u016bsmin\u0101s par m\u016bsu dekorat\u012bvo gultas spilvenu izcilo kvalit\u0101ti:<\/p>\n<p>* \u201c\u0160is tr\u012bsst\u016bra formas spilvens ir ne tikai \u0113rts, bet ar\u012b \u013coti praktisks. Esmu ar to \u013coti apmierin\u0101ts!\u201d<br \/>\n* \u201cMan \u013coti pat\u012bk lina materi\u0101ls. Tas ir m\u012bksts un elpojo\u0161s, un kr\u0101sa ir skaista.\u201d<br \/>\n* \u201cEs nopirku \u0161o spilvenu savai mammai, kurai s\u0101p mugura. Tas ir iev\u0113rojami uzlabojis vi\u0146as komfortu.\u201d<\/p>\n<p>Izbaudiet maksim\u0101lu komfortu un relaks\u0101ciju ar m\u016bsu dekorat\u012bvajiem gultas spilveniem. Pas\u016btiet sav\u0113jos jau \u0161odien un izbaudiet nep\u0101rsp\u0113jamo atbalstu un grezn\u012bbu, ko esat peln\u012bju\u0161i.<\/p>","protected":false},"excerpt":{"rendered":"<ul>\n<li><strong>Maksim\u0101ls komforts:<\/strong> \u0160is XL izm\u0113ra paaugstin\u0101tais galvga\u013ca spilvens pied\u0101v\u0101 izcilu komfortu, pateicoties t\u0101 izliektajai formai. \u0160is galvga\u013ca las\u012b\u0161anas spilvens var pal\u012bdz\u0113t jums saglab\u0101t saspringumu gult\u0101, d\u012bv\u0101ngult\u0101 vai d\u012bv\u0101n\u0101, kas ir ide\u0101li piem\u0113rots naktsputniem, gr\u0101matu t\u0101rpiem un televizora skat\u012b\u0161anai gult\u0101.<\/li>\n<li><strong>Paaugstin\u0101ta atzveltnes konstrukcija:<\/strong> Izbaudiet nep\u0101rsp\u0113jamu komfortu ar m\u016bsu galvga\u013ca spilvena unik\u0101lo divrindu paaugstin\u0101t\u0101s atzveltnes dizainu. Paaugstin\u0101t\u0101s atzveltnes galvga\u013ca spilvens nodro\u0161ina izcilu atbalstu j\u016bsu kaklam un mugurai, padarot to par ide\u0101lu vietu atp\u016btai un las\u012b\u0161anai gult\u0101.<\/li>\n<li><strong>Daudzfunkcion\u0101ls spilvens:<\/strong> Ar trim da\u017e\u0101diem lieto\u0161anas veidiem m\u016bsu spilvens ir lieliski piem\u0113rots jebkurai situ\u0101cijai. Neatkar\u012bgi no t\u0101, vai v\u0113laties to izmantot k\u0101 vertik\u0101lu muguras spilvenu, \u0137\u012b\u013cveida spilvenu vai k\u0101ju spilvenu paaugstin\u0101tam atbalstam, tas ir ide\u0101ls aksesu\u0101rs \u0113rtai atp\u016btai un relaks\u0101cijai.<\/li>\n<li><strong>Izcila meistar\u012bba:<\/strong> Izgatavots no lina imit\u0101cijas auduma, kura sast\u0101vs ir 100% poliesters, m\u016bsu galvga\u013ca spilvens ir pild\u012bts ar videi draudz\u012bgu un augstas iztur\u012bbas poliestera \u0161\u0137iedru pild\u012bjumu. No\u0146emamo gultas spilvenu ir viegli mazg\u0101t ve\u013cas ma\u0161\u012bn\u0101, savuk\u0101rt maz\u0101s s\u0101nu kabatas pie\u0161\u0137ir praktiskumu \u0161im jau t\u0101 greznajam produktam.<\/li>\n<li><strong>Viegli mazg\u0101jams:<\/strong> Galvga\u013ca spilvena p\u0101rvalks ir piestiprin\u0101ts pie spilvena iek\u0161puses ar pog\u0101m un ir viegli no\u0146emams ar vienk\u0101r\u0161u r\u0101v\u0113jsl\u0113dz\u0113ju. Tas padara t\u0101 t\u012br\u012b\u0161anu vienk\u0101r\u0161u. Vienk\u0101r\u0161i no\u0146emiet p\u0101rvalku un \u0101tri izmazg\u0101jiet to ve\u013cas ma\u0161\u012bn\u0101, lai spilvens izskat\u012btos k\u0101 jauns.<\/li>\n<li><strong>Izm\u0113rs:<\/strong> 100 cm (G100 x P26 x A55 | 3 kolonnu pogas), 120 cm (G120 x P26 x A55 | 4 kolonnu pogas), 140 cm (G140 x P26 x A55 | 4 kolonnu pogas), 160 cm (G160 x P26 x A55 | 5 kolonnu pogas), 180 cm (G180 x P26 x A55 | 6 kolonnu pogas), 200 cm (G200 x P26 x A55 | 7 kolonnu pogas).<\/li>\n<\/ul>","protected":false},"featured_media":830,"comment_status":"open","ping_status":"closed","template":"","meta":[],"product_brand":[],"product_cat":[15],"product_tag":[145,165,164,161,143,162,65],"class_list":{"0":"post-845","1":"product","2":"type-product","3":"status-publish","4":"has-post-thumbnail","6":"product_cat-large-wedge-pillow","7":"product_tag-decorative-pillow","8":"product_tag-detachable-bolster","9":"product_tag-detachable-bolster-bed-cushion","10":"product_tag-elevated-headboard-pillow","11":"product_tag-multifunctional-pillow","12":"product_tag-upright-back-pillow","13":"product_tag-wedge-pillow","15":"first","16":"instock","17":"featured","18":"shipping-taxable","19":"purchasable","20":"product-type-variable"},"_links":{"self":[{"href":"https:\/\/www.largepillow.com\/lv\/wp-json\/wp\/v2\/product\/845","targetHints":{"allow":["GET"]}}],"collection":[{"href":"https:\/\/www.largepillow.com\/lv\/wp-json\/wp\/v2\/product"}],"about":[{"href":"https:\/\/www.largepillow.com\/lv\/wp-json\/wp\/v2\/types\/product"}],"replies":[{"embeddable":true,"href":"https:\/\/www.largepillow.com\/lv\/wp-json\/wp\/v2\/comments?post=845"}],"wp:featuredmedia":[{"embeddable":true,"href":"https:\/\/www.largepillow.com\/lv\/wp-json\/wp\/v2\/media\/830"}],"wp:attachment":[{"href":"https:\/\/www.largepillow.com\/lv\/wp-json\/wp\/v2\/media?parent=845"}],"wp:term":[{"taxonomy":"product_brand","embeddable":true,"href":"https:\/\/www.largepillow.com\/lv\/wp-json\/wp\/v2\/product_brand?post=845"},{"taxonomy":"product_cat","embeddable":true,"href":"https:\/\/www.largepillow.com\/lv\/wp-json\/wp\/v2\/product_cat?post=845"},{"taxonomy":"product_tag","embeddable":true,"href":"https:\/\/www.largepillow.com\/lv\/wp-json\/wp\/v2\/product_tag?post=845"}],"curies":[{"name":"wp","href":"https:\/\/api.w.org\/{rel}","templated":true}]}}