{"id":914,"date":"2022-09-18T08:07:44","date_gmt":"2022-09-18T08:07:44","guid":{"rendered":"https:\/\/www.largepillow.com\/product\/wedge-pillow-for-acid-reflux_37_38_39_40_41_42_43_44_45_46"},"modified":"2025-06-12T17:32:43","modified_gmt":"2025-06-12T17:32:43","slug":"spilvens-gultai","status":"publish","type":"product","link":"https:\/\/www.largepillow.com\/lv\/product\/bolster-pillow-for-bed","title":{"rendered":"Balster spilvens gultai"},"content":{"rendered":"<p>Gultai paredz\u0113tais spilvens &quot;Bolster&quot; \u2014 ide\u0101ls aksesu\u0101rs m\u0101j\u012bgai naktij m\u0101j\u0101s vai nesteidz\u012bgai dienai, atp\u016b\u0161oties gult\u0101. \u0160is \u012bpa\u0161i lielais paaugstin\u0101tais spilvens ar savu unik\u0101lo izliekto formu pied\u0101v\u0101 maksim\u0101lu komfortu, \u013caujot jums saglab\u0101t saspringumu, str\u0101d\u0101jot, lasot vai skatoties televizoru gult\u0101. <\/p>\n<p>Galvga\u013ca spilvena paaugstin\u0101t\u0101 atzveltne nodro\u0161ina izcilu atbalstu kaklam un mugurai, padarot to par ide\u0101lu vietu atp\u016btai un las\u012b\u0161anai gult\u0101. Spilvens ir lieliski piem\u0113rots jebkurai situ\u0101cijai, jo to var izmantot tr\u012bs da\u017e\u0101dos veidos. Neatkar\u012bgi no t\u0101, vai v\u0113laties to izmantot k\u0101 vertik\u0101lu muguras spilvenu, \u0137\u012b\u013cveida spilvenu vai k\u0101ju spilvenu paaugstin\u0101tam atbalstam, \u0161is daudzfunkcion\u0101lais spilvens ir rad\u012bts j\u016bsu komfortam.<\/p>\n<p>Izgatavots no augstas kvalit\u0101tes samta izskata auduma un pild\u012bts ar videi draudz\u012bgu un augstas iztur\u012bbas poliestera \u0161\u0137iedru, \u0161is gultas spilvens ir iztur\u012bgs un rad\u012bts ilgam kalpo\u0161anas laikam. No\u0146emamo gultas spilvenu var viegli mazg\u0101t ve\u013cas ma\u0161\u012bn\u0101, savuk\u0101rt maz\u0101s s\u0101nu kabatas pie\u0161\u0137ir praktiskumu \u0161im jau t\u0101 greznajam produktam.<\/p>\n<p>\u0160is spilvens, kas pieejams se\u0161os da\u017e\u0101dos izm\u0113ros no 100 cm l\u012bdz 200 cm, ir lieliski piem\u0113rots jebkurai gultai, d\u012bv\u0101nam, dienas gultai vai ku\u0161etei. J\u016bs varat izv\u0113l\u0113ties sev piem\u0113rot\u0101ko neatkar\u012bgi no t\u0101, vai v\u0113laties to izmantot las\u012b\u0161anai, darbam vai vienk\u0101r\u0161i atp\u016btai.<\/p>\n<p>Un neticiet tikai mums uz v\u0101rda. K\u0101ds apmierin\u0101ts klients koment\u0113ja: \u201c\u0160is spilvens ir fantastisks! Tas ir tik \u0113rts un ide\u0101l\u0101 izm\u0113r\u0101. Audums ir m\u012bksts un m\u0101j\u012bgs, un vair\u0101kas pogas \u013cauj to viegli piel\u0101got j\u016bsu v\u0113lm\u0113m. Tas noteikti ir ieguld\u012bjuma v\u0113rts.\u201d<\/p>\n<p>K\u0101ds cits apmierin\u0101ts klients, kur\u0161 ieg\u0101d\u0101j\u0101s kafijas kr\u0101sas holandes samta spilvenu, teica: \u201c\u0160is spilvens ir tik m\u012bksts un \u0113rts. Tas ir ide\u0101ls izm\u0113rs manai gultai, un kr\u0101sa ir skaista. Es to lietoju katru dienu, lai las\u012btu un skat\u012btos televizoru, un tas ir iev\u0113rojami uzlabojis manu komforta l\u012bmeni.\u201d<\/p>\n<p>Nosl\u0113gum\u0101 j\u0101saka, ka gultai paredz\u0113tais spilvens &quot;Bolster&quot; ir oblig\u0101ts pirkums ikvienam, kam pat\u012bk pavad\u012bt laiku gult\u0101. Tas pied\u0101v\u0101 maksim\u0101lu komfortu, lielisku atbalstu un ir izgatavots, lai kalpotu ilgi, pateicoties augstas kvalit\u0101tes meistar\u012bbai. Izv\u0113lieties savu izm\u0113ru un kr\u0101su un izbaudiet maksim\u0101lu relaks\u0101ciju.<\/p>","protected":false},"excerpt":{"rendered":"<ul>\n<li><strong>Maksim\u0101ls komforts:<\/strong> \u0160is XL izm\u0113ra paaugstin\u0101tais galvga\u013ca spilvens pied\u0101v\u0101 izcilu komfortu, pateicoties t\u0101 izliektajai formai. \u0160is galvga\u013ca las\u012b\u0161anas spilvens var pal\u012bdz\u0113t jums saglab\u0101t saspringumu gult\u0101, d\u012bv\u0101ngult\u0101 vai d\u012bv\u0101n\u0101, kas ir ide\u0101li piem\u0113rots naktsputniem, gr\u0101matu t\u0101rpiem un televizora skat\u012b\u0161anai gult\u0101.<\/li>\n<li><strong>Paaugstin\u0101ta atzveltnes konstrukcija:<\/strong> Izbaudiet nep\u0101rsp\u0113jamu komfortu ar m\u016bsu galvga\u013ca spilvena unik\u0101lo divrindu paaugstin\u0101t\u0101s atzveltnes dizainu. Paaugstin\u0101t\u0101s atzveltnes galvga\u013ca spilvens nodro\u0161ina izcilu atbalstu j\u016bsu kaklam un mugurai, padarot to par ide\u0101lu vietu atp\u016btai un las\u012b\u0161anai gult\u0101.<\/li>\n<li><strong>Daudzfunkcion\u0101ls spilvens:<\/strong> Ar trim da\u017e\u0101diem lieto\u0161anas veidiem m\u016bsu spilvens ir lieliski piem\u0113rots jebkurai situ\u0101cijai. Neatkar\u012bgi no t\u0101, vai v\u0113laties to izmantot k\u0101 vertik\u0101lu muguras spilvenu, \u0137\u012b\u013cveida spilvenu vai k\u0101ju spilvenu paaugstin\u0101tam atbalstam, tas ir ide\u0101ls aksesu\u0101rs \u0113rtai atp\u016btai un relaks\u0101cijai.<\/li>\n<li><strong>Izcila meistar\u012bba:<\/strong> Izgatavots no samta imit\u0101cijas auduma, kura sast\u0101vs ir 100% poliesters, m\u016bsu galvga\u013ca spilvens ir pild\u012bts ar videi draudz\u012bgu un augstas iztur\u012bbas poliestera \u0161\u0137iedru pild\u012bjumu. No\u0146emamo gultas spilvenu ir viegli mazg\u0101t ve\u013cas ma\u0161\u012bn\u0101, savuk\u0101rt maz\u0101s s\u0101nu kabatas pie\u0161\u0137ir praktiskumu \u0161im jau t\u0101 greznajam produktam.<\/li>\n<li><strong>Viegli mazg\u0101jams:<\/strong> Galvga\u013ca spilvena p\u0101rvalks ir piestiprin\u0101ts pie spilvena iek\u0161puses ar pog\u0101m un ir viegli no\u0146emams ar vienk\u0101r\u0161u r\u0101v\u0113jsl\u0113dz\u0113ju. Tas padara t\u0101 t\u012br\u012b\u0161anu vienk\u0101r\u0161u. Vienk\u0101r\u0161i no\u0146emiet p\u0101rvalku un \u0101tri izmazg\u0101jiet to ve\u013cas ma\u0161\u012bn\u0101, lai spilvens izskat\u012btos k\u0101 jauns.<\/li>\n<li><strong>Izm\u0113rs:<\/strong> 100 cm (G100 x P26 x A55 | 3 kolonnu pogas), 120 cm (G120 x P26 x A55 | 4 kolonnu pogas), 140 cm (G140 x P26 x A55 | 4 kolonnu pogas), 160 cm (G160 x P26 x A55 | 5 kolonnu pogas), 180 cm (G180 x P26 x A55 | 6 kolonnu pogas), 200 cm (G200 x P26 x A55 | 7 kolonnu pogas).<\/li>\n<\/ul>","protected":false},"featured_media":905,"comment_status":"open","ping_status":"closed","template":"","meta":[],"product_brand":[],"product_cat":[15],"product_tag":[178,164,161,168,179,163,143,162,65],"class_list":{"0":"post-914","1":"product","2":"type-product","3":"status-publish","4":"has-post-thumbnail","6":"product_cat-large-wedge-pillow","7":"product_tag-bolster-pillow-for-bed","8":"product_tag-detachable-bolster-bed-cushion","9":"product_tag-elevated-headboard-pillow","10":"product_tag-headboard-pillow","11":"product_tag-headboard-reading-pillow","12":"product_tag-leg-pillow","13":"product_tag-multifunctional-pillow","14":"product_tag-upright-back-pillow","15":"product_tag-wedge-pillow","17":"first","18":"instock","19":"shipping-taxable","20":"purchasable","21":"product-type-variable"},"_links":{"self":[{"href":"https:\/\/www.largepillow.com\/lv\/wp-json\/wp\/v2\/product\/914","targetHints":{"allow":["GET"]}}],"collection":[{"href":"https:\/\/www.largepillow.com\/lv\/wp-json\/wp\/v2\/product"}],"about":[{"href":"https:\/\/www.largepillow.com\/lv\/wp-json\/wp\/v2\/types\/product"}],"replies":[{"embeddable":true,"href":"https:\/\/www.largepillow.com\/lv\/wp-json\/wp\/v2\/comments?post=914"}],"wp:featuredmedia":[{"embeddable":true,"href":"https:\/\/www.largepillow.com\/lv\/wp-json\/wp\/v2\/media\/905"}],"wp:attachment":[{"href":"https:\/\/www.largepillow.com\/lv\/wp-json\/wp\/v2\/media?parent=914"}],"wp:term":[{"taxonomy":"product_brand","embeddable":true,"href":"https:\/\/www.largepillow.com\/lv\/wp-json\/wp\/v2\/product_brand?post=914"},{"taxonomy":"product_cat","embeddable":true,"href":"https:\/\/www.largepillow.com\/lv\/wp-json\/wp\/v2\/product_cat?post=914"},{"taxonomy":"product_tag","embeddable":true,"href":"https:\/\/www.largepillow.com\/lv\/wp-json\/wp\/v2\/product_tag?post=914"}],"curies":[{"name":"wp","href":"https:\/\/api.w.org\/{rel}","templated":true}]}}