{"id":946,"date":"2022-09-18T08:36:16","date_gmt":"2022-09-18T08:36:16","guid":{"rendered":"https:\/\/www.largepillow.com\/product\/wedge-pillow-for-acid-reflux_37_38_39_40_41_42_43_44_45_46_47_48"},"modified":"2024-10-03T16:31:35","modified_gmt":"2024-10-03T16:31:35","slug":"gultas-spilvens-2","status":"publish","type":"product","link":"https:\/\/www.largepillow.com\/lv\/product\/bolster-cushion-for-bed","title":{"rendered":"Balster spilvens gultai"},"content":{"rendered":"<p>Maksim\u0101lais komforts un atbalsts: polstera spilvens gultai<\/p>\n<p>Vai esat noguris no ne\u0113rtiem un neatbalsto\u0161iem spilveniem, kas liek justies noguru\u0161am un s\u0101p\u012bgam? Mekl\u0113jiet tie\u0161i to \u2013 Bolster Cushion for Bed \u2013 risin\u0101jumu vis\u0101m j\u016bsu gul\u0113tie\u0161anas probl\u0113m\u0101m.<\/p>\n<p>Nep\u0101rsp\u0113jams komforts un muguras atbalsts<\/p>\n<p>\u0160im paaugstin\u0101tajam galvga\u013ca spilvenam ir izliekta forma, kas piel\u0101gojas j\u016bsu \u0137ermenim, nodro\u0161inot izcilu komfortu. T\u0101 unik\u0101l\u0101 divrindu paaugstin\u0101t\u0101 atzveltne pied\u0101v\u0101 nep\u0101rsp\u0113jamu atbalstu kaklam un mugurai, padarot to ide\u0101li piem\u0113rotu gr\u0101matu t\u0101rpiem, naktsputniem un TV entuziastiem.<\/p>\n<p>Daudzfunkcion\u0101ls un daudzpus\u012bgs<\/p>\n<p>Ar trim daudzpus\u012bgiem lieto\u0161anas veidiem Bolster Cushion spilvens ir ide\u0101ls sabiedrotais jebkur\u0101 situ\u0101cij\u0101. Izmantojiet to k\u0101 vertik\u0101lu muguras spilvenu m\u0101j\u012bgai las\u012b\u0161anai, k\u0101 \u0137\u012b\u013cveida spilvenu paaugstin\u0101tam k\u0101ju atbalstam vai k\u0101 k\u0101ju spilvenu papildu komfortam.<\/p>\n<p>Izcila meistar\u012bba un materi\u0101li<\/p>\n<p>Izgatavots no grezna samta imit\u0101cijas auduma (100% poliesters), polstera spilvena videi draudz\u012bgais poliestera \u0161\u0137iedru pild\u012bjums nodro\u0161ina augstu iztur\u012bbu un atbalstu. No\u0146emamais polstera spilvens padara to neticami viegli mazg\u0101jamu ve\u013cas ma\u0161\u012bn\u0101, savuk\u0101rt maz\u0101s s\u0101nu kabatas nodro\u0161ina papildu funkcionalit\u0101ti.<\/p>\n<p>Vienk\u0101r\u0161a apkope<\/p>\n<p>Galvga\u013ca spilvena kop\u0161ana ir pavisam vienk\u0101r\u0161a. T\u0101 galvga\u013ca spilvena p\u0101rvalks piestiprin\u0101s ar pog\u0101m un tam ir \u0113rts r\u0101v\u0113jsl\u0113dz\u0113js, lai to b\u016btu viegli no\u0146emt. Vienk\u0101r\u0161i no\u0146emiet p\u0101rvalku un iemetiet to ve\u013cas ma\u0161\u012bn\u0101, lai to atsvaidzin\u0101tu.<\/p>\n<p>Pieejams da\u017e\u0101dos izm\u0113ros<\/p>\n<p>Izv\u0113lieties no da\u017e\u0101diem izm\u0113riem, kas lieliski atbilst j\u016bsu gultai un j\u016bsu vajadz\u012bb\u0101m: 100 cm, 120 cm, 140 cm, 160 cm, 180 cm un 200 cm.<\/p>\n<p>Klientu atsauksmes<\/p>\n<p>Neticiet tikai mums uz v\u0101rda. L\u016bk, ko saka apmierin\u0101ti klienti:<\/p>\n<p>\u201c\u0160is spilvens maina sp\u0113les noteikumus. Tas ir piln\u012bb\u0101 uzlabojis manu miega kvalit\u0101ti un muguras atbalstu.\u201d \u2013 S\u0101ra D\u017e.<br \/>\n\u201cK\u0101 nevald\u0101mam las\u012bt\u0101jam \u0161is spilvens ir padar\u012bjis gul\u0113tie\u0161anu par patiesi relaks\u0113jo\u0161u pieredzi. Tas ir tik \u0113rts un sniedz atbalstu.\u201d \u2013 D\u017eons F.<br \/>\n\u201cMan pat\u012bk \u0161\u012b spilvena daudzpus\u012bba. Tas ir ide\u0101li piem\u0113rots las\u012b\u0161anai, televizora skat\u012b\u0161anai vai pat k\u0101 k\u0101ju balsts.\u201d \u2013 M\u0113rija K.<\/p>\n<p>Uzlabojiet savu gul\u0113tie\u0161anas rut\u012bnu ar polster\u0113tu spilvenu<\/p>\n<p>Padariet savu gu\u013camistabas pieredzi v\u0113l pat\u012bkam\u0101ku ar gultai paredz\u0113to polster\u0113to spilvenu. T\u0101 izcilais komforts, atbalsts, daudzpus\u012bba un vienk\u0101r\u0161\u0101 kop\u0161ana p\u0101rv\u0113rt\u012bs j\u016bsu naktis par relaks\u0101cijas un atjauno\u0161an\u0101s o\u0101zi.<\/p>","protected":false},"excerpt":{"rendered":"<ul>\n<li><strong>Maksim\u0101ls komforts:<\/strong> \u0160is XL izm\u0113ra paaugstin\u0101tais galvga\u013ca spilvens pied\u0101v\u0101 izcilu komfortu, pateicoties t\u0101 izliektajai formai. \u0160is galvga\u013ca las\u012b\u0161anas spilvens var pal\u012bdz\u0113t jums saglab\u0101t saspringumu gult\u0101, d\u012bv\u0101ngult\u0101 vai d\u012bv\u0101n\u0101, kas ir ide\u0101li piem\u0113rots naktsputniem, gr\u0101matu t\u0101rpiem un televizora skat\u012b\u0161anai gult\u0101.<\/li>\n<li><strong>Paaugstin\u0101ta atzveltnes konstrukcija:<\/strong> Izbaudiet nep\u0101rsp\u0113jamu komfortu ar m\u016bsu galvga\u013ca spilvena unik\u0101lo divrindu paaugstin\u0101t\u0101s atzveltnes dizainu. Paaugstin\u0101t\u0101s atzveltnes galvga\u013ca spilvens nodro\u0161ina izcilu atbalstu j\u016bsu kaklam un mugurai, padarot to par ide\u0101lu vietu atp\u016btai un las\u012b\u0161anai gult\u0101.<\/li>\n<li><strong>Daudzfunkcion\u0101ls spilvens:<\/strong> Ar trim da\u017e\u0101diem lieto\u0161anas veidiem m\u016bsu spilvens ir lieliski piem\u0113rots jebkurai situ\u0101cijai. Neatkar\u012bgi no t\u0101, vai v\u0113laties to izmantot k\u0101 vertik\u0101lu muguras spilvenu, \u0137\u012b\u013cveida spilvenu vai k\u0101ju spilvenu paaugstin\u0101tam atbalstam, tas ir ide\u0101ls aksesu\u0101rs \u0113rtai atp\u016btai un relaks\u0101cijai.<\/li>\n<li><strong>Izcila meistar\u012bba:<\/strong> Izgatavots no samta imit\u0101cijas auduma, kura sast\u0101vs ir 100% poliesters, m\u016bsu galvga\u013ca spilvens ir pild\u012bts ar videi draudz\u012bgu un augstas iztur\u012bbas poliestera \u0161\u0137iedru pild\u012bjumu. No\u0146emamo gultas spilvenu ir viegli mazg\u0101t ve\u013cas ma\u0161\u012bn\u0101, savuk\u0101rt maz\u0101s s\u0101nu kabatas pie\u0161\u0137ir praktiskumu \u0161im jau t\u0101 greznajam produktam.<\/li>\n<li><strong>Viegli mazg\u0101jams:<\/strong> Galvga\u013ca spilvena p\u0101rvalks ir piestiprin\u0101ts pie spilvena iek\u0161puses ar pog\u0101m un ir viegli no\u0146emams ar vienk\u0101r\u0161u r\u0101v\u0113jsl\u0113dz\u0113ju. Tas padara t\u0101 t\u012br\u012b\u0161anu vienk\u0101r\u0161u. Vienk\u0101r\u0161i no\u0146emiet p\u0101rvalku un \u0101tri izmazg\u0101jiet to ve\u013cas ma\u0161\u012bn\u0101, lai spilvens izskat\u012btos k\u0101 jauns.<\/li>\n<li><strong>Izm\u0113rs:<\/strong> 100 cm (G100 x P26 x A55 | 3 kolonnu pogas), 120 cm (G120 x P26 x A55 | 4 kolonnu pogas), 140 cm (G140 x P26 x A55 | 4 kolonnu pogas), 160 cm (G160 x P26 x A55 | 5 kolonnu pogas), 180 cm (G180 x P26 x A55 | 6 kolonnu pogas), 200 cm (G200 x P26 x A55 | 7 kolonnu pogas).<\/li>\n<\/ul>","protected":false},"featured_media":937,"comment_status":"open","ping_status":"closed","template":"","meta":[],"product_brand":[],"product_cat":[15],"product_tag":[108,173,161,168,143,120,65],"class_list":{"0":"post-946","1":"product","2":"type-product","3":"status-publish","4":"has-post-thumbnail","6":"product_cat-large-wedge-pillow","7":"product_tag-bed-cushion","8":"product_tag-bolster-cushion","9":"product_tag-elevated-headboard-pillow","10":"product_tag-headboard-pillow","11":"product_tag-multifunctional-pillow","12":"product_tag-velvet-pillow","13":"product_tag-wedge-pillow","15":"first","16":"instock","17":"shipping-taxable","18":"purchasable","19":"product-type-variable"},"_links":{"self":[{"href":"https:\/\/www.largepillow.com\/lv\/wp-json\/wp\/v2\/product\/946","targetHints":{"allow":["GET"]}}],"collection":[{"href":"https:\/\/www.largepillow.com\/lv\/wp-json\/wp\/v2\/product"}],"about":[{"href":"https:\/\/www.largepillow.com\/lv\/wp-json\/wp\/v2\/types\/product"}],"replies":[{"embeddable":true,"href":"https:\/\/www.largepillow.com\/lv\/wp-json\/wp\/v2\/comments?post=946"}],"wp:featuredmedia":[{"embeddable":true,"href":"https:\/\/www.largepillow.com\/lv\/wp-json\/wp\/v2\/media\/937"}],"wp:attachment":[{"href":"https:\/\/www.largepillow.com\/lv\/wp-json\/wp\/v2\/media?parent=946"}],"wp:term":[{"taxonomy":"product_brand","embeddable":true,"href":"https:\/\/www.largepillow.com\/lv\/wp-json\/wp\/v2\/product_brand?post=946"},{"taxonomy":"product_cat","embeddable":true,"href":"https:\/\/www.largepillow.com\/lv\/wp-json\/wp\/v2\/product_cat?post=946"},{"taxonomy":"product_tag","embeddable":true,"href":"https:\/\/www.largepillow.com\/lv\/wp-json\/wp\/v2\/product_tag?post=946"}],"curies":[{"name":"wp","href":"https:\/\/api.w.org\/{rel}","templated":true}]}}