{"id":1020,"date":"2022-09-19T02:04:52","date_gmt":"2022-09-19T02:04:52","guid":{"rendered":"https:\/\/www.largepillow.com\/product\/wedge-bolster-cushion"},"modified":"2025-10-10T20:34:10","modified_gmt":"2025-10-10T20:34:10","slug":"poduszka-duza","status":"publish","type":"product","link":"https:\/\/www.largepillow.com\/pl\/product\/large-body-cushion\/","title":{"rendered":"Du\u017ca poduszka na cia\u0142o"},"content":{"rendered":"<p>Znajd\u017a idealn\u0105 poduszk\u0119 do czytania i relaksu<\/p>\n<p>Szukasz idealnej poduszki, na kt\u00f3rej mo\u017cesz si\u0119 zwin\u0105\u0107 podczas czytania dobrej ksi\u0105\u017cki lub ogl\u0105dania ulubionych program\u00f3w telewizyjnych? Pozw\u00f3l nam przedstawi\u0107 nasz\u0105 poduszk\u0119 Large Body Cushion \u2013 idealn\u0105 podp\u00f3rk\u0119 dla plec\u00f3w, niezwykle wygodn\u0105 poduszk\u0119 do czytania i relaksu. <\/p>\n<p>Dzi\u0119ki mi\u0119kkiemu, ale podtrzymuj\u0105cemu prostok\u0105tnemu kszta\u0142towi poduszka dobrze dopasowuje si\u0119 do plec\u00f3w, zapewniaj\u0105c odpowiednie podparcie l\u0119d\u017awiowe, niezale\u017cnie od tego, czy siedzisz w \u0142\u00f3\u017cku, na kanapie, czy gdziekolwiek chcesz si\u0119 zrelaksowa\u0107. Spr\u0119\u017cyste wype\u0142nienie z mikro poliestru zapewnia idealn\u0105 r\u00f3wnowag\u0119 pomi\u0119dzy delikatn\u0105 mi\u0119kko\u015bci\u0105 a struktur\u0105 zachowuj\u0105c\u0105 kszta\u0142t. <\/p>\n<p>Jak powiedzia\u0142 jeden zadowolony klient: \u201eTa poduszka jest wykonana z oddychaj\u0105cego materia\u0142u bawe\u0142nianego i lnianego, kt\u00f3ry pozostaje ch\u0142odny nawet w gor\u0105ce letnie dni\u201d. <\/p>\n<p>Inna zauwa\u017cy\u0142a: \u201eUwielbiam jasny, s\u0142oneczny \u017c\u00f3\u0142ty kolor tej poduszki. Naprawd\u0119 rozja\u015bnia moj\u0105 sypialni\u0119.\u201d<\/p>\n<p>Ta ponadgabarytowa poduszka \u015bwietnie nadaje si\u0119 nie tylko do wypoczynku. Przysz\u0142e matki mog\u0105 r\u00f3wnie\u017c u\u017cywa\u0107 jej jako poduszki ci\u0105\u017cowej, aby podtrzyma\u0107 rosn\u0105cy brzuch i z\u0142agodzi\u0107 b\u00f3le. Mo\u017cesz te\u017c po\u0142o\u017cy\u0107 go na pod\u0142odze, aby zapewni\u0107 sobie wygodne sesje jogi i \u0107wicze\u0144 na pod\u0142odze. <\/p>\n<p>Dzi\u0119ki klasycznym pikowanym detalom i szerokiej gamie opcji kolorystycznych, od stonowanych bry\u0142 po przyci\u0105gaj\u0105ce wzrok wzory, poduszka na cia\u0142o dodaje dekoracyjnego akcentu do ka\u017cdego pomieszczenia. Nie potrzebujesz zag\u0142\u00f3wka \u2013 po prostu oprzyj poduszk\u0119 o \u015bcian\u0119 za \u0142\u00f3\u017ckiem. Jego przystojny wygl\u0105d sprawia, \u017ce mo\u017ce nawet s\u0142u\u017cy\u0107 jako zaimprowizowane \u0142\u00f3\u017cko dla go\u015bci.<\/p>\n<p>Piel\u0119gnacja tej poduszki jest dziecinnie prosta dzi\u0119ki zdejmowanemu pokrowcowi, kt\u00f3ry mo\u017cna \u0142atwo rozpi\u0105\u0107 i w\u0142o\u017cy\u0107 do pralki. <\/p>\n<p>Wi\u0119c po co czeka\u0107? Kup swoj\u0105 poduszk\u0119 Large Body ju\u017c dzi\u015b i ciesz si\u0119 pluszowym komfortem i wsparciem podczas czytania, relaksu, oczekiwania i wszystkiego pomi\u0119dzy!<\/p>","protected":false},"excerpt":{"rendered":"<ul>\n<li><strong>IDEALNA PODUSZKA DO CZYTANIA:<\/strong> Dzi\u0119ki prostok\u0105tnej poduszce, ta wygodna poduszka do czytania przy \u0142\u00f3\u017cku dzia\u0142a doskonale, zapewniaj\u0105c mi\u0119kkie podparcie plec\u00f3w jako poduszka l\u0119d\u017awiowa, gdy siedzisz na \u0142\u00f3\u017cku do czytania, ogl\u0105dania telewizji, przegl\u0105dania telefonu, surfowania po tablecie, grania w gry wideo, \u0107wicze\u0144 jogi, karmienia piersi\u0105 i odpoczynku po operacji.<\/li>\n<li><strong>WYGODNA PODUSZKA DO CIA\u0141A:<\/strong> Jako du\u017ca poduszka na cia\u0142o zast\u0119puje wszystkie normalne poduszki do le\u017cenia lub poduszki l\u0119d\u017awiowe, tworzy wiele pozycji jako poduszka pozycjonuj\u0105ca do podparcia plec\u00f3w, ramion, kr\u0119gos\u0142upa, brzucha, n\u00f3g i pozwala mi\u0119\u015bniom pozosta\u0107 zrelaksowanym. Promuje wyr\u00f3wnany kr\u0119gos\u0142up dla ka\u017cdego \u015bpi\u0105cego, niezale\u017cnie od tego, czy potrzebujesz tapicerowanej poduszki na \u0142\u00f3\u017cko, czy du\u017cej poduszki pod plecy, je\u015bli potrzebujesz tylko mniej lub bardziej strychu. Mo\u017cesz r\u00f3wnie\u017c u\u017cy\u0107 jej jako poduszki ci\u0105\u017cowej, kt\u00f3ra zapewnia podparcie r\u00f3\u017cnych cz\u0119\u015bci cia\u0142a i \u0142agodzi b\u00f3le ci\u0105\u017cowe.<\/li>\n<li><strong>ORYGINALNIE ZAPROJEKTOWANE Z WYSOKIEJ JAKO\u015aCI MATERIA\u0141\u00d3W:<\/strong> Prostok\u0105tna poduszka do czytania ma tr\u00f3jwymiarowe paski, k\u0119pki guzik\u00f3w z tkaniny, w pe\u0142ni obszyte kraw\u0119dzie s\u0105 bardzo wyr\u00f3\u017cniaj\u0105ce spo\u015br\u00f3d wszystkich innych zwyk\u0142ych poduszek oparciowych. Chocia\u017c poduszka dekoracyjna z podparciem plec\u00f3w jest mi\u0119kka, nadal zachowuje sw\u00f3j wspieraj\u0105cy kszta\u0142t, wykorzystuj\u0105c w pe\u0142ni spr\u0119\u017cyste i elastyczne wype\u0142nienie z mikropoliestru. Dwukierunkowy zamek b\u0142yskawiczny poduszki nocnej, kt\u00f3ra jest bardzo mocna i trwa\u0142a do d\u0142ugotrwa\u0142ego u\u017cytkowania.<\/li>\n<li><strong>PI\u0118KNA PODUSZKA DEKORACYJNA PRZY NOCY:<\/strong> Je\u015bli potrzebujesz szybkiego i \u0142atwego zag\u0142\u00f3wka, ta tapicerowana poduszka do czytania zag\u0142\u00f3wka mo\u017ce by\u0107 u\u017cywana jako alternatywny zamiennik, b\u0119d\u0105c jednocze\u015bnie pi\u0119kn\u0105 dekoracj\u0105 \u0142\u00f3\u017cka. Jego elegancki wygl\u0105d doda przytulnego widoku do Twojej sypialni. Dzi\u0119ki atrakcyjnemu wygl\u0105dowi ta oryginalna wy\u015bci\u00f3\u0142ka oparcia przy \u0142\u00f3\u017cku jest regulowana do sypialni, hotelu, szpitala, siedzenia przy oknie, kanapy, sofy, \u0142\u00f3\u017cka dziennego, \u0142\u00f3\u017cka pi\u0119trowego, \u0142\u00f3\u017cka w akademiku, \u0142\u00f3\u017cka na platformie.<\/li>\n<li><strong>ZDEJMOWANA POKRYWA PODUSZKI L\u0118D\u0179WIOWEJ I \u0141ATWE W PRANIE:<\/strong> Mo\u017cesz \u0142atwo zdj\u0105\u0107 poszewk\u0119 poduszki bloster na \u0142\u00f3\u017cko, otwieraj\u0105c zamek b\u0142yskawiczny i odpinaj\u0105c guziki z poszewki na poduszk\u0119 do czytania i wypraj\u0105c j\u0105 w pralce.<\/li>\n<li><strong>Tkanina:<\/strong> Mieszanka poliestru i lnu.<\/li>\n<li><strong>Rozmiar:<\/strong> 100x50x8cm(3 guziki), 120x50x8cm(4 guziki), 140x50x8cm(4 guziki), 160x50x8cm(5 guzik\u00f3w), 180x50x8cm(6 guzik\u00f3w), 200x50x8cm(7 guzik\u00f3w)<\/li>\n<\/ul>","protected":false},"featured_media":1005,"comment_status":"open","ping_status":"closed","template":"","meta":[],"product_brand":[],"product_cat":[28],"product_tag":[66,133,124,115,155,79,144,118,59,125,123],"class_list":{"0":"post-1020","1":"product","2":"type-product","3":"status-publish","4":"has-post-thumbnail","6":"product_cat-large-body-pillow","7":"product_tag-back-support-pillow","8":"product_tag-bedroom-decor-pillow","9":"product_tag-bedside-decorative-pillow","10":"product_tag-comfortable-body-pillow","11":"product_tag-large-body-cushion","12":"product_tag-lumbar-pillow","13":"product_tag-positioner-pillow","14":"product_tag-pregnancy-pillow","15":"product_tag-reading-pillow","16":"product_tag-removable-pillow-cover","17":"product_tag-upholstered-bedrest-pillow","19":"first","20":"instock","21":"featured","22":"shipping-taxable","23":"purchasable","24":"product-type-variable"},"_links":{"self":[{"href":"https:\/\/www.largepillow.com\/pl\/wp-json\/wp\/v2\/product\/1020","targetHints":{"allow":["GET"]}}],"collection":[{"href":"https:\/\/www.largepillow.com\/pl\/wp-json\/wp\/v2\/product"}],"about":[{"href":"https:\/\/www.largepillow.com\/pl\/wp-json\/wp\/v2\/types\/product"}],"replies":[{"embeddable":true,"href":"https:\/\/www.largepillow.com\/pl\/wp-json\/wp\/v2\/comments?post=1020"}],"wp:featuredmedia":[{"embeddable":true,"href":"https:\/\/www.largepillow.com\/pl\/wp-json\/wp\/v2\/media\/1005"}],"wp:attachment":[{"href":"https:\/\/www.largepillow.com\/pl\/wp-json\/wp\/v2\/media?parent=1020"}],"wp:term":[{"taxonomy":"product_brand","embeddable":true,"href":"https:\/\/www.largepillow.com\/pl\/wp-json\/wp\/v2\/product_brand?post=1020"},{"taxonomy":"product_cat","embeddable":true,"href":"https:\/\/www.largepillow.com\/pl\/wp-json\/wp\/v2\/product_cat?post=1020"},{"taxonomy":"product_tag","embeddable":true,"href":"https:\/\/www.largepillow.com\/pl\/wp-json\/wp\/v2\/product_tag?post=1020"}],"curies":[{"name":"wp","href":"https:\/\/api.w.org\/{rel}","templated":true}]}}