{"id":10581,"date":"2025-07-29T03:16:04","date_gmt":"2025-07-29T03:16:04","guid":{"rendered":"https:\/\/www.largepillow.com\/product\/folding-floor-sofa-bed-soft-corduroy-convertible-sleeper-chair"},"modified":"2025-07-29T12:28:41","modified_gmt":"2025-07-29T12:28:41","slug":"rozkladana-sofa-rozkladana-z-miekkiego-sztruksu","status":"publish","type":"product","link":"https:\/\/www.largepillow.com\/pl\/product\/folding-floor-sofa-bed-soft-corduroy-convertible-sleeper-chair","title":{"rendered":"Sk\u0142adana sofa rozk\u0142adana z mi\u0119kkim sztruksem i rozk\u0142adanym fotelem"},"content":{"rendered":"[zc_getpagecontent mb=&#8221;mb_aplus&#8221; apid=&#8221;138&#8243;]\n","protected":false},"excerpt":{"rendered":"<ul>\n<li>3-sekcyjna, inteligentna konstrukcja sk\u0142adana: twarda piankowa podstawa + segmentowana poduszka z bawe\u0142ny PP umo\u017cliwia natychmiastow\u0105 zmian\u0119 sofy w \u0142\u00f3\u017cko. Poduszki chowaj\u0105 si\u0119 w oparciu w trybie sofy; w trybie \u0142\u00f3\u017cka ca\u0142kowicie zakrywaj\u0105 szwy z pianki, zapewniaj\u0105c komfort bez szczelin.<\/li>\n<li>Dwuwarstwowy system komfortu: Rama z pianki o wysokiej g\u0119sto\u015bci zapewnia solidne podparcie, a mi\u0119kka bawe\u0142na PP zapewnia mi\u0119kko\u015b\u0107 niczym chmura. Oddychaj\u0105cy sztruks dodaje luksusu aksamitnym dotykiem.<\/li>\n<li>Oszcz\u0119dno\u015b\u0107 miejsca w pe\u0142nym rozmiarze: rozk\u0142ada si\u0119 do przestronnego \u0142\u00f3\u017cka (121 cm x 201 cm); sk\u0142ada si\u0119 w sof\u0119 z niskim oparciem (121 cm x 91 cm x 76 cm). Konstrukcja bez n\u00f3g przylega do pod\u0142ogi, idealna do ma\u0142ych przestrzeni.<\/li>\n<li>Niezale\u017cnie od tego, czy chcesz nocowa\u0107 u go\u015bci, w kawalerkach, czy w pokoju dzieci\u0119cym, ta sk\u0142adana sofa to wielofunkcyjny i oszcz\u0119dzaj\u0105cy miejsce mebel. Idealna do pokoi go\u015bcinnych, akademik\u00f3w i ma\u0142ych przestrzeni.<\/li>\n<li>Zaokr\u0105glone kraw\u0119dzie dla bezpiecze\u0144stwa i nowoczesne kszta\u0142ty pasuj\u0105 do ka\u017cdego wystroju. G\u0142\u0119bokie siedzisko o szeroko\u015bci 39 cali zapewnia pe\u0142en komfort.<\/li>\n<\/ul>","protected":false},"featured_media":10558,"comment_status":"open","ping_status":"closed","template":"","meta":[],"product_brand":[],"product_cat":[228],"product_tag":[],"class_list":{"0":"post-10581","1":"product","2":"type-product","3":"status-publish","4":"has-post-thumbnail","6":"product_cat-cushions","8":"first","9":"instock","10":"sold-individually","11":"shipping-taxable","12":"purchasable","13":"product-type-simple"},"_links":{"self":[{"href":"https:\/\/www.largepillow.com\/pl\/wp-json\/wp\/v2\/product\/10581","targetHints":{"allow":["GET"]}}],"collection":[{"href":"https:\/\/www.largepillow.com\/pl\/wp-json\/wp\/v2\/product"}],"about":[{"href":"https:\/\/www.largepillow.com\/pl\/wp-json\/wp\/v2\/types\/product"}],"replies":[{"embeddable":true,"href":"https:\/\/www.largepillow.com\/pl\/wp-json\/wp\/v2\/comments?post=10581"}],"wp:featuredmedia":[{"embeddable":true,"href":"https:\/\/www.largepillow.com\/pl\/wp-json\/wp\/v2\/media\/10558"}],"wp:attachment":[{"href":"https:\/\/www.largepillow.com\/pl\/wp-json\/wp\/v2\/media?parent=10581"}],"wp:term":[{"taxonomy":"product_brand","embeddable":true,"href":"https:\/\/www.largepillow.com\/pl\/wp-json\/wp\/v2\/product_brand?post=10581"},{"taxonomy":"product_cat","embeddable":true,"href":"https:\/\/www.largepillow.com\/pl\/wp-json\/wp\/v2\/product_cat?post=10581"},{"taxonomy":"product_tag","embeddable":true,"href":"https:\/\/www.largepillow.com\/pl\/wp-json\/wp\/v2\/product_tag?post=10581"}],"curies":[{"name":"wp","href":"https:\/\/api.w.org\/{rel}","templated":true}]}}