{"id":10595,"date":"2025-07-29T06:53:48","date_gmt":"2025-07-29T06:53:48","guid":{"rendered":"https:\/\/www.largepillow.com\/product\/bean-bag-lounger-sofa-giant-floor-couch-for-adults"},"modified":"2025-07-29T12:28:41","modified_gmt":"2025-07-29T12:28:41","slug":"lezanka-worek-sofa-gigantyczna-kanapa-podlogowa-dla-doroslych","status":"publish","type":"product","link":"https:\/\/www.largepillow.com\/pl\/product\/bean-bag-lounger-sofa-giant-floor-couch-for-adults","title":{"rendered":"Sofa-worek sako \u2013 gigantyczna kanapa pod\u0142ogowa dla doros\u0142ych"},"content":{"rendered":"[zc_getpagecontent mb=&#8221;mb_aplus&#8221; apid=&#8221;139&#8243;]\n","protected":false},"excerpt":{"rendered":"<ul>\n<li>Przestronny design dla dwojga (lub wi\u0119cej!): Ta du\u017ca sofa-worek o wymiarach 167 cm x 137 cm x 43 cm (66\u2033 x 54\u2033 x 17\u2033) wygodnie pomie\u015bci 2-3 osoby doros\u0142e \u2013 idealna dla par, rodzin lub przyjaci\u00f3\u0142. Niezale\u017cnie od tego, czy wybierzesz salon, sypialni\u0119, pok\u00f3j gier, czy biuro, ten fotel wypoczynkowy do sypialni zapewni przytulne, swobodne miejsce do siedzenia, gdziekolwiek go potrzebujesz.<\/li>\n<li>Ultrawygodne i zapewniaj\u0105ce wsparcie wype\u0142nienie: Po\u017cegnaj ha\u0142a\u015bliwe, obwis\u0142e pufy! Ta pufa-worek dla doros\u0142ych wype\u0142niona jest wysokiej jako\u015bci puszystym w\u0142\u00f3knem poliestrowym \u2013 zapewniaj\u0105cym lepsze wsparcie i lepsze zachowanie kszta\u0142tu w por\u00f3wnaniu z tradycyjnymi wype\u0142nieniami. Ciesz si\u0119 pluszowym komfortem bez irytuj\u0105cego skrzypienia.<\/li>\n<li>Stylowa wersja klasycznego, gigantycznego pufy: Dzi\u0119ki nowoczesnemu wzornictwu i przestronnym siedziskom, ta pufa to co\u015b wi\u0119cej ni\u017c zwyk\u0142a pufa. Unikalny, wyprofilowany kszta\u0142t wygodnie otula 2-3 osoby, tworz\u0105c prywatn\u0105 stref\u0119 wypoczynkow\u0105, kt\u00f3ra zach\u0119ca do relaksu, odpr\u0119\u017cenia i pe\u0142nego wsparcia.<\/li>\n<li>Luksusowo mi\u0119kka pluszowa tkanina: Ta pufa w kszta\u0142cie sofy, owini\u0119ta w szeroki, kr\u00f3tki plusz w paski, jest r\u00f3wnie mi\u0119kka, co stylowa. Teksturowana tkanina zapewnia wyj\u0105tkow\u0105 mi\u0119kko\u015b\u0107 i nut\u0119 elegancji. (Uwaga: Mo\u017ce wyst\u0105pi\u0107 minimalne mechacenie, ale nie wp\u0142ywa to na funkcjonalno\u015b\u0107 ani wygod\u0119).<\/li>\n<li>\u0141atwy monta\u017c i piel\u0119gnacja: Dostarczany w jednym opakowaniu, co u\u0142atwia transport. Du\u017cy suwak u do\u0142u umo\u017cliwia \u0142atwe zdejmowanie, a pokrowiec mo\u017cna pra\u0107 w pralce, co u\u0142atwia konserwacj\u0119.<\/li>\n<\/ul>","protected":false},"featured_media":10582,"comment_status":"open","ping_status":"closed","template":"","meta":[],"product_brand":[],"product_cat":[228],"product_tag":[],"class_list":{"0":"post-10595","1":"product","2":"type-product","3":"status-publish","4":"has-post-thumbnail","6":"product_cat-cushions","8":"first","9":"instock","10":"sold-individually","11":"shipping-taxable","12":"purchasable","13":"product-type-simple"},"_links":{"self":[{"href":"https:\/\/www.largepillow.com\/pl\/wp-json\/wp\/v2\/product\/10595","targetHints":{"allow":["GET"]}}],"collection":[{"href":"https:\/\/www.largepillow.com\/pl\/wp-json\/wp\/v2\/product"}],"about":[{"href":"https:\/\/www.largepillow.com\/pl\/wp-json\/wp\/v2\/types\/product"}],"replies":[{"embeddable":true,"href":"https:\/\/www.largepillow.com\/pl\/wp-json\/wp\/v2\/comments?post=10595"}],"wp:featuredmedia":[{"embeddable":true,"href":"https:\/\/www.largepillow.com\/pl\/wp-json\/wp\/v2\/media\/10582"}],"wp:attachment":[{"href":"https:\/\/www.largepillow.com\/pl\/wp-json\/wp\/v2\/media?parent=10595"}],"wp:term":[{"taxonomy":"product_brand","embeddable":true,"href":"https:\/\/www.largepillow.com\/pl\/wp-json\/wp\/v2\/product_brand?post=10595"},{"taxonomy":"product_cat","embeddable":true,"href":"https:\/\/www.largepillow.com\/pl\/wp-json\/wp\/v2\/product_cat?post=10595"},{"taxonomy":"product_tag","embeddable":true,"href":"https:\/\/www.largepillow.com\/pl\/wp-json\/wp\/v2\/product_tag?post=10595"}],"curies":[{"name":"wp","href":"https:\/\/api.w.org\/{rel}","templated":true}]}}