{"id":1062,"date":"2022-09-19T02:13:56","date_gmt":"2022-09-19T02:13:56","guid":{"rendered":"https:\/\/www.largepillow.com\/product\/triangle-wedge-bolster"},"modified":"2025-09-19T02:32:11","modified_gmt":"2025-09-19T02:32:11","slug":"poduszka-na-lozko","status":"publish","type":"product","link":"https:\/\/www.largepillow.com\/pl\/product\/bed-body-cushion\/","title":{"rendered":"Poduszka na \u0142\u00f3\u017cko"},"content":{"rendered":"<p>Znajd\u017a idealne wsparcie do czytania i wypoczynku dzi\u0119ki poduszce na cia\u0142o \u0142\u00f3\u017cka<\/p>\n<p>Podaruj sobie luksusowy komfort i wsparcie podczas czytania, pracy lub relaksu w \u0142\u00f3\u017cku dzi\u0119ki poduszce Bed Body. T\u0119 starannie zaprojektowan\u0105 prostok\u0105tn\u0105 poduszk\u0119 mo\u017cna ustawi\u0107 pod dowolnym k\u0105tem za plecami, ramionami lub nogami, aby zapewni\u0107 spersonalizowany poziom mi\u0119kkiej, a jednocze\u015bnie wspieraj\u0105cej wy\u015bci\u00f3\u0142ki. <\/p>\n<p>Wykonana z bujnego, aksamitnie g\u0142adkiego aksamitu poliestrowego i obficie wype\u0142niona spr\u0119\u017cystym wype\u0142nieniem z mikropoliestrowych w\u0142\u00f3kien, poduszka Bed Body Cushion wyr\u00f3\u017cnia si\u0119 na tle zwyk\u0142ych poduszek na oparcie tr\u00f3jwymiarowym wzorem w paski i ozdobnymi p\u0119czkami guzik\u00f3w z przodu. Ca\u0142kowicie os\u0142oni\u0119te kraw\u0119dzie i trwa\u0142y dwukierunkowy zamek b\u0142yskawiczny zapewniaj\u0105, \u017ce poduszka zachowuje sw\u00f3j kszta\u0142t przez lata codziennego u\u017cytkowania. <\/p>\n<p>Dzi\u0119ki sze\u015bciu dost\u0119pnym rozmiarom mo\u017cesz znale\u017a\u0107 idealne dopasowanie do swojego \u0142\u00f3\u017cka, siedzenia przy oknie, sofy lub gdziekolwiek chcesz, aby zapewni\u0107 wsparcie plec\u00f3w i przytulny komfort. Klienci uwielbiaj\u0105 go u\u017cywa\u0107 do:<\/p>\n<p>\u2013 Czytanie, praca na laptopie lub przegl\u0105danie urz\u0105dze\u0144 w \u0142\u00f3\u017cku<br \/>\n\u2013 Ogl\u0105danie telewizji lub granie w gry wideo w pozycji pionowej<br \/>\n\u2013 Zapewnienie podparcia odcinka l\u0119d\u017awiowego podczas ci\u0105\u017cy<br \/>\n\u2013 Pomoc w rekonwalescencji pooperacyjnej<br \/>\n\u2013 \u0106wiczenie pozycji jogi i \u0107wicze\u0144 rozci\u0105gaj\u0105cych<br \/>\n\u2013 Komfortowe karmienie piersi\u0105<\/p>\n<p>Jak stwierdzi\u0142 jeden z zadowolonych klient\u00f3w: \u201eTa poduszka jest niezwykle mi\u0119kka i wygodna. Lubi\u0119 u\u017cywa\u0107 go na \u0142\u00f3\u017cku, aby wygodnie usi\u0105\u015b\u0107 do czytania lub pracy na laptopie. Dobrze podtrzymuje moj\u0105 doln\u0105 cz\u0119\u015b\u0107 plec\u00f3w, nie b\u0119d\u0105c zbyt twardym. Aksamitny materia\u0142 wygl\u0105da i sprawia wra\u017cenie znacznie dro\u017cszego ni\u017c jest w rzeczywisto\u015bci. Gor\u0105co polecam t\u0119 poduszk\u0119!\u201d<\/p>\n<p>Dzi\u0119ki prostemu, ale eleganckiemu wzornictwu poduszka na cia\u0142o stanowi r\u00f3wnie\u017c atrakcyjny dekoracyjny akcent w Twojej sypialni lub dowolnym pomieszczeniu, gdy nie jest u\u017cywane. Dost\u0119pny w kolorze bujnego szarego aksamitu, nadaje odrobin\u0119 wyrafinowania.<\/p>\n<p>Aby zapewni\u0107 sobie wyj\u0105tkowy komfort i wsparcie podczas ulubionych czynno\u015bci wykonywanych w pozycji pionowej, zafunduj sobie poduszk\u0119 Bed Body Cushion ju\u017c dzi\u015b!<\/p>","protected":false},"excerpt":{"rendered":"<ul>\n<li><strong>IDEALNA PODUSZKA DO CZYTANIA:<\/strong> Dzi\u0119ki prostok\u0105tnej poduszce, ta wygodna poduszka do czytania przy \u0142\u00f3\u017cku dzia\u0142a doskonale, zapewniaj\u0105c mi\u0119kkie podparcie plec\u00f3w jako poduszka l\u0119d\u017awiowa, gdy siedzisz na \u0142\u00f3\u017cku do czytania, ogl\u0105dania telewizji, przegl\u0105dania telefonu, surfowania po tablecie, grania w gry wideo, \u0107wicze\u0144 jogi, karmienia piersi\u0105 i odpoczynku po operacji.<\/li>\n<li><strong>WYGODNA PODUSZKA DO CIA\u0141A:<\/strong> Jako du\u017ca poduszka na cia\u0142o zast\u0119puje wszystkie normalne poduszki do le\u017cenia lub poduszki l\u0119d\u017awiowe, tworzy wiele pozycji jako poduszka pozycjonuj\u0105ca do podparcia plec\u00f3w, ramion, kr\u0119gos\u0142upa, brzucha, n\u00f3g i pozwala mi\u0119\u015bniom pozosta\u0107 zrelaksowanym. Promuje wyr\u00f3wnany kr\u0119gos\u0142up dla ka\u017cdego \u015bpi\u0105cego, niezale\u017cnie od tego, czy potrzebujesz tapicerowanej poduszki na \u0142\u00f3\u017cko, czy du\u017cej poduszki pod plecy, je\u015bli potrzebujesz tylko mniej lub bardziej strychu. Mo\u017cesz r\u00f3wnie\u017c u\u017cy\u0107 jej jako poduszki ci\u0105\u017cowej, kt\u00f3ra zapewnia podparcie r\u00f3\u017cnych cz\u0119\u015bci cia\u0142a i \u0142agodzi b\u00f3le ci\u0105\u017cowe.<\/li>\n<li><strong>ORYGINALNIE ZAPROJEKTOWANE Z WYSOKIEJ JAKO\u015aCI MATERIA\u0141\u00d3W:<\/strong> Prostok\u0105tna poduszka do czytania ma tr\u00f3jwymiarowe paski, k\u0119pki guzik\u00f3w z tkaniny, w pe\u0142ni obszyte kraw\u0119dzie s\u0105 bardzo wyr\u00f3\u017cniaj\u0105ce spo\u015br\u00f3d wszystkich innych zwyk\u0142ych poduszek oparciowych. Chocia\u017c poduszka dekoracyjna z podparciem plec\u00f3w jest mi\u0119kka, nadal zachowuje sw\u00f3j wspieraj\u0105cy kszta\u0142t, wykorzystuj\u0105c w pe\u0142ni spr\u0119\u017cyste i elastyczne wype\u0142nienie z mikropoliestru. Dwukierunkowy zamek b\u0142yskawiczny poduszki nocnej, kt\u00f3ra jest bardzo mocna i trwa\u0142a do d\u0142ugotrwa\u0142ego u\u017cytkowania.<\/li>\n<li><strong>PI\u0118KNA PODUSZKA DEKORACYJNA PRZY NOCY:<\/strong> Je\u015bli potrzebujesz szybkiego i \u0142atwego zag\u0142\u00f3wka, ta tapicerowana poduszka do czytania zag\u0142\u00f3wka mo\u017ce by\u0107 u\u017cywana jako alternatywny zamiennik, b\u0119d\u0105c jednocze\u015bnie pi\u0119kn\u0105 dekoracj\u0105 \u0142\u00f3\u017cka. Jego elegancki wygl\u0105d doda przytulnego widoku do Twojej sypialni. Dzi\u0119ki atrakcyjnemu wygl\u0105dowi ta oryginalna wy\u015bci\u00f3\u0142ka oparcia przy \u0142\u00f3\u017cku jest regulowana do sypialni, hotelu, szpitala, siedzenia przy oknie, kanapy, sofy, \u0142\u00f3\u017cka dziennego, \u0142\u00f3\u017cka pi\u0119trowego, \u0142\u00f3\u017cka w akademiku, \u0142\u00f3\u017cka na platformie.<\/li>\n<li><strong>ZDEJMOWANA POKRYWA PODUSZKI L\u0118D\u0179WIOWEJ I \u0141ATWE W PRANIE:<\/strong> Mo\u017cesz \u0142atwo zdj\u0105\u0107 poszewk\u0119 poduszki bloster na \u0142\u00f3\u017cko, otwieraj\u0105c zamek b\u0142yskawiczny i odpinaj\u0105c guziki z poszewki na poduszk\u0119 do czytania i wypraj\u0105c j\u0105 w pralce.<\/li>\n<li><strong>Tkanina:<\/strong> Aksamit (poliester 100%).<\/li>\n<li><strong>Rozmiar:<\/strong> 100x50x8cm(3 guziki), 120x50x8cm(4 guziki), 140x50x8cm(4 guziki), 160x50x8cm(5 guzik\u00f3w), 180x50x8cm(6 guzik\u00f3w), 200x50x8cm(7 guzik\u00f3w)<\/li>\n<\/ul>","protected":false},"featured_media":1045,"comment_status":"open","ping_status":"closed","template":"","meta":[],"product_brand":[],"product_cat":[28],"product_tag":[77,124,142,115,79,144,118,59,153,152,120],"class_list":{"0":"post-1062","1":"product","2":"type-product","3":"status-publish","4":"has-post-thumbnail","6":"product_cat-large-body-pillow","7":"product_tag-bed-rest-pillow","8":"product_tag-bedside-decorative-pillow","9":"product_tag-bedside-reading-pillow","10":"product_tag-comfortable-body-pillow","11":"product_tag-lumbar-pillow","12":"product_tag-positioner-pillow","13":"product_tag-pregnancy-pillow","14":"product_tag-reading-pillow","15":"product_tag-removable-lumbar-pillow-cover","16":"product_tag-upholstery-headboard-reading-pillow","17":"product_tag-velvet-pillow","19":"first","20":"instock","21":"featured","22":"shipping-taxable","23":"purchasable","24":"product-type-variable"},"_links":{"self":[{"href":"https:\/\/www.largepillow.com\/pl\/wp-json\/wp\/v2\/product\/1062","targetHints":{"allow":["GET"]}}],"collection":[{"href":"https:\/\/www.largepillow.com\/pl\/wp-json\/wp\/v2\/product"}],"about":[{"href":"https:\/\/www.largepillow.com\/pl\/wp-json\/wp\/v2\/types\/product"}],"replies":[{"embeddable":true,"href":"https:\/\/www.largepillow.com\/pl\/wp-json\/wp\/v2\/comments?post=1062"}],"wp:featuredmedia":[{"embeddable":true,"href":"https:\/\/www.largepillow.com\/pl\/wp-json\/wp\/v2\/media\/1045"}],"wp:attachment":[{"href":"https:\/\/www.largepillow.com\/pl\/wp-json\/wp\/v2\/media?parent=1062"}],"wp:term":[{"taxonomy":"product_brand","embeddable":true,"href":"https:\/\/www.largepillow.com\/pl\/wp-json\/wp\/v2\/product_brand?post=1062"},{"taxonomy":"product_cat","embeddable":true,"href":"https:\/\/www.largepillow.com\/pl\/wp-json\/wp\/v2\/product_cat?post=1062"},{"taxonomy":"product_tag","embeddable":true,"href":"https:\/\/www.largepillow.com\/pl\/wp-json\/wp\/v2\/product_tag?post=1062"}],"curies":[{"name":"wp","href":"https:\/\/api.w.org\/{rel}","templated":true}]}}