{"id":1103,"date":"2022-09-19T02:27:32","date_gmt":"2022-09-19T02:27:32","guid":{"rendered":"https:\/\/www.largepillow.com\/product\/backrest-wedge-pillow"},"modified":"2025-09-19T02:32:32","modified_gmt":"2025-09-19T02:32:32","slug":"wzmocnienie-korpusu","status":"publish","type":"product","link":"https:\/\/www.largepillow.com\/pl\/product\/body-bolster\/","title":{"rendered":"Wzmocnienie cia\u0142a"},"content":{"rendered":"<p>Poczuj najwy\u017cszy komfort dzi\u0119ki poduszce do czytania Body Bolster<\/p>\n<p>Masz do\u015b\u0107 obci\u0105\u017cania plec\u00f3w i szyi podczas czytania lub pracy w \u0142\u00f3\u017cku? Prostok\u0105tna poduszka do czytania Body Bolster stanowi idealn\u0105 alternatyw\u0119 dla zag\u0142\u00f3wka i podparcia plec\u00f3w, zapewniaj\u0105c wygodne wylegiwanie si\u0119. <\/p>\n<p>Dzi\u0119ki mi\u0119kkiemu, ale wspieraj\u0105cemu wype\u0142nieniu z mikrow\u0142\u00f3kna poliestrowego, ta wygodna poduszka dopasowuje si\u0119 do cia\u0142a, zapewniaj\u0105c niestandardowy komfort. Tr\u00f3jwymiarowy wz\u00f3r w paski i ozdobne k\u0119pki guzik\u00f3w z tkaniny dodaj\u0105 stylu r\u00f3wnie\u017c Twojej sypialni. Jak stwierdzi\u0142 jeden z recenzent\u00f3w: \u201eMateria\u0142 poduszki jest bardzo mi\u0119kki i nie ulega sp\u0142aszczeniu\u201d.<\/p>\n<p>Body Bolster \u015bwietnie sprawdza si\u0119 podczas czytania, ogl\u0105dania telewizji, przegl\u0105dania telefonu lub po prostu relaksu w \u0142\u00f3\u017cku. Jeden z klient\u00f3w zauwa\u017cy\u0142: \u201eIdealnie nadaje si\u0119 do stosowania w sypialni, mo\u017ce s\u0142u\u017cy\u0107 jako oparcie lub podparcie l\u0119d\u017awiowe\u201d.<\/p>\n<p>Dzi\u0119ki wielu opcjom rozmiar\u00f3w od 100 do 200 cm d\u0142ugo\u015bci, mo\u017cesz znale\u017a\u0107 idealne dopasowanie do swojego cia\u0142a. Wystarczy dopasowa\u0107 poduszk\u0119 za plecami, aby zapewni\u0107 indywidualne podparcie odcinka l\u0119d\u017awiowego i z\u0142agodzi\u0107 b\u00f3l plec\u00f3w. Dwukierunkowy zamek b\u0142yskawiczny sprawia r\u00f3wnie\u017c, \u017ce mi\u0119kki aksamitny pokrowiec mo\u017cna \u0142atwo zdj\u0105\u0107 i w razie potrzeby wypra\u0107 w pralce.<\/p>\n<p>Popraw wystr\u00f3j swoich plec\u00f3w i sypialni dzi\u0119ki wygodnej poduszce Body Bolster do czytania i podparcia odcinka l\u0119d\u017awiowego. Ju\u017c dzi\u015b do\u015bwiadcz najwy\u017cszego relaksu i stylu!<\/p>","protected":false},"excerpt":{"rendered":"<ul>\n<li><strong>IDEALNA PODUSZKA DO CZYTANIA:<\/strong> Dzi\u0119ki prostok\u0105tnej poduszce, ta wygodna poduszka do czytania przy \u0142\u00f3\u017cku dzia\u0142a doskonale, zapewniaj\u0105c mi\u0119kkie podparcie plec\u00f3w jako poduszka l\u0119d\u017awiowa, gdy siedzisz na \u0142\u00f3\u017cku do czytania, ogl\u0105dania telewizji, przegl\u0105dania telefonu, surfowania po tablecie, grania w gry wideo, \u0107wicze\u0144 jogi, karmienia piersi\u0105 i odpoczynku po operacji.<\/li>\n<li><strong>WYGODNA PODUSZKA DO CIA\u0141A:<\/strong> Jako du\u017ca poduszka na cia\u0142o zast\u0119puje wszystkie normalne poduszki do le\u017cenia lub poduszki l\u0119d\u017awiowe, tworzy wiele pozycji jako poduszka pozycjonuj\u0105ca do podparcia plec\u00f3w, ramion, kr\u0119gos\u0142upa, brzucha, n\u00f3g i pozwala mi\u0119\u015bniom pozosta\u0107 zrelaksowanym. Promuje wyr\u00f3wnany kr\u0119gos\u0142up dla ka\u017cdego \u015bpi\u0105cego, niezale\u017cnie od tego, czy potrzebujesz tapicerowanej poduszki na \u0142\u00f3\u017cko, czy du\u017cej poduszki pod plecy, je\u015bli potrzebujesz tylko mniej lub bardziej strychu. Mo\u017cesz r\u00f3wnie\u017c u\u017cy\u0107 jej jako poduszki ci\u0105\u017cowej, kt\u00f3ra zapewnia podparcie r\u00f3\u017cnych cz\u0119\u015bci cia\u0142a i \u0142agodzi b\u00f3le ci\u0105\u017cowe.<\/li>\n<li><strong>ORYGINALNIE ZAPROJEKTOWANE Z WYSOKIEJ JAKO\u015aCI MATERIA\u0141\u00d3W:<\/strong> Prostok\u0105tna poduszka do czytania ma tr\u00f3jwymiarowe paski, k\u0119pki guzik\u00f3w z tkaniny, w pe\u0142ni obszyte kraw\u0119dzie s\u0105 bardzo wyr\u00f3\u017cniaj\u0105ce spo\u015br\u00f3d wszystkich innych zwyk\u0142ych poduszek oparciowych. Chocia\u017c poduszka dekoracyjna z podparciem plec\u00f3w jest mi\u0119kka, nadal zachowuje sw\u00f3j wspieraj\u0105cy kszta\u0142t, wykorzystuj\u0105c w pe\u0142ni spr\u0119\u017cyste i elastyczne wype\u0142nienie z mikropoliestru. Dwukierunkowy zamek b\u0142yskawiczny poduszki nocnej, kt\u00f3ra jest bardzo mocna i trwa\u0142a do d\u0142ugotrwa\u0142ego u\u017cytkowania.<\/li>\n<li><strong>PI\u0118KNA PODUSZKA DEKORACYJNA PRZY NOCY:<\/strong> Je\u015bli potrzebujesz szybkiego i \u0142atwego zag\u0142\u00f3wka, ta tapicerowana poduszka do czytania zag\u0142\u00f3wka mo\u017ce by\u0107 u\u017cywana jako alternatywny zamiennik, b\u0119d\u0105c jednocze\u015bnie pi\u0119kn\u0105 dekoracj\u0105 \u0142\u00f3\u017cka. Jego elegancki wygl\u0105d doda przytulnego widoku do Twojej sypialni. Dzi\u0119ki atrakcyjnemu wygl\u0105dowi ta oryginalna wy\u015bci\u00f3\u0142ka oparcia przy \u0142\u00f3\u017cku jest regulowana do sypialni, hotelu, szpitala, siedzenia przy oknie, kanapy, sofy, \u0142\u00f3\u017cka dziennego, \u0142\u00f3\u017cka pi\u0119trowego, \u0142\u00f3\u017cka w akademiku, \u0142\u00f3\u017cka na platformie.<\/li>\n<li><strong>ZDEJMOWANA POKRYWA PODUSZKI L\u0118D\u0179WIOWEJ I \u0141ATWE W PRANIE:<\/strong> Mo\u017cesz \u0142atwo zdj\u0105\u0107 poszewk\u0119 poduszki bloster na \u0142\u00f3\u017cko, otwieraj\u0105c zamek b\u0142yskawiczny i odpinaj\u0105c guziki z poszewki na poduszk\u0119 do czytania i wypraj\u0105c j\u0105 w pralce.<\/li>\n<li><strong>Tkanina:<\/strong> Aksamit (poliester 100%).<\/li>\n<li><strong>Rozmiar:<\/strong> 100x50x8cm(3 guziki), 120x50x8cm(4 guziki), 140x50x8cm(4 guziki), 160x50x8cm(5 guzik\u00f3w), 180x50x8cm(6 guzik\u00f3w), 200x50x8cm(7 guzik\u00f3w)<\/li>\n<\/ul>","protected":false},"featured_media":1090,"comment_status":"open","ping_status":"closed","template":"","meta":[],"product_brand":[],"product_cat":[28],"product_tag":[66,77,133,136,122,137,102,138,79,139,118,59,84],"class_list":{"0":"post-1103","1":"product","2":"type-product","3":"status-publish","4":"has-post-thumbnail","6":"product_cat-large-body-pillow","7":"product_tag-back-support-pillow","8":"product_tag-bed-rest-pillow","9":"product_tag-bedroom-decor-pillow","10":"product_tag-body-bolster","11":"product_tag-body-pillow","12":"product_tag-bunk-bed-pillow","13":"product_tag-couch-pillow","14":"product_tag-dorm-bed-pillow","15":"product_tag-lumbar-pillow","16":"product_tag-platform-bed-pillow","17":"product_tag-pregnancy-pillow","18":"product_tag-reading-pillow","19":"product_tag-sofa-pillow","21":"first","22":"instock","23":"shipping-taxable","24":"purchasable","25":"product-type-variable"},"_links":{"self":[{"href":"https:\/\/www.largepillow.com\/pl\/wp-json\/wp\/v2\/product\/1103","targetHints":{"allow":["GET"]}}],"collection":[{"href":"https:\/\/www.largepillow.com\/pl\/wp-json\/wp\/v2\/product"}],"about":[{"href":"https:\/\/www.largepillow.com\/pl\/wp-json\/wp\/v2\/types\/product"}],"replies":[{"embeddable":true,"href":"https:\/\/www.largepillow.com\/pl\/wp-json\/wp\/v2\/comments?post=1103"}],"wp:featuredmedia":[{"embeddable":true,"href":"https:\/\/www.largepillow.com\/pl\/wp-json\/wp\/v2\/media\/1090"}],"wp:attachment":[{"href":"https:\/\/www.largepillow.com\/pl\/wp-json\/wp\/v2\/media?parent=1103"}],"wp:term":[{"taxonomy":"product_brand","embeddable":true,"href":"https:\/\/www.largepillow.com\/pl\/wp-json\/wp\/v2\/product_brand?post=1103"},{"taxonomy":"product_cat","embeddable":true,"href":"https:\/\/www.largepillow.com\/pl\/wp-json\/wp\/v2\/product_cat?post=1103"},{"taxonomy":"product_tag","embeddable":true,"href":"https:\/\/www.largepillow.com\/pl\/wp-json\/wp\/v2\/product_tag?post=1103"}],"curies":[{"name":"wp","href":"https:\/\/api.w.org\/{rel}","templated":true}]}}