{"id":11770,"date":"2025-08-19T12:04:29","date_gmt":"2025-08-19T12:04:29","guid":{"rendered":"https:\/\/www.largepillow.com\/product\/side-sleeper-pillow-modular-body-pillow-h-shaped-ergonomic-wedge-pillow"},"modified":"2026-02-03T21:17:01","modified_gmt":"2026-02-03T21:17:01","slug":"poduszka-do-spania-na-boku-modulowa-poduszka-do-ciala-ergonomiczna-poduszka-klinowa-w-ksztalcie-litery-h","status":"publish","type":"product","link":"https:\/\/www.largepillow.com\/pl\/product\/side-sleeper-pillow-modular-body-pillow-h-shaped-ergonomic-wedge-pillow","title":{"rendered":"Poduszka do spania na boku, modu\u0142owa poduszka do cia\u0142a, ergonomiczna poduszka klinowa w kszta\u0142cie litery H"},"content":{"rendered":"[zc_getpagecontent mb=&#8221;mb_aplus&#8221; apid=&#8221;142&#8243;]\n","protected":false},"excerpt":{"rendered":"<ul>\n<li>Modu\u0142owa konstrukcja 4 w 1 w kszta\u0142cie litery H \u2013 zawiera podstaw\u0119 klinow\u0105, poduszk\u0119 pod szyj\u0119 i dwie poduszki boczne. U\u017cywaj razem lub osobno, aby dopasowa\u0107 materac do swojej pozycji podczas snu i potrzeb cia\u0142a.<\/li>\n<li>Otwarta konstrukcja zapewniaj\u0105ca swobod\u0119 ruch\u00f3w ramion \u2013 brak konieczno\u015bci stosowania tunelu na rami\u0119. Umo\u017cliwia swobodny ruch ramion podczas obracania si\u0119, zmniejszaj\u0105c nacisk na ramiona i poprawiaj\u0105c komfort spania na boku.<\/li>\n<li>Pe\u0142ne wsparcie dla ulgi w b\u00f3lu \u2013 Ergonomiczna konstrukcja podtrzymuje szyj\u0119, plecy, tali\u0119 i nogi. Pomaga z\u0142agodzi\u0107 b\u00f3l spowodowany refluksem \u017co\u0142\u0105dkowo-prze\u0142ykowym (GERD), refluksem \u017co\u0142\u0105dkowym, chrapaniem i wadami postawy.<\/li>\n<li>Zmywalny pokrowiec i wysokiej jako\u015bci wype\u0142nienie \u2013 W zestawie zdejmowany pokrowiec, kt\u00f3ry mo\u017cna pra\u0107 w pralce. Wewn\u0119trzne wype\u0142nienie jest mi\u0119kkie, a jednocze\u015bnie zapewnia dobre podparcie; wewn\u0119trzne rdzenie mo\u017cna wyj\u0105\u0107, co u\u0142atwia czyszczenie.<\/li>\n<li>Ergonomiczne rozwi\u0105zanie do spania \u2013 Zaprojektowane dla os\u00f3b \u015bpi\u0105cych na boku i na plecach. Regulowane paski na rzepy i sk\u0142adana podstawa klinowa zapewniaj\u0105 elastyczne podparcie dla lepszego snu.<\/li>\n<\/ul>","protected":false},"featured_media":11762,"comment_status":"open","ping_status":"closed","template":"","meta":[],"product_brand":[],"product_cat":[228],"product_tag":[],"class_list":{"0":"post-11770","1":"product","2":"type-product","3":"status-publish","4":"has-post-thumbnail","6":"product_cat-cushions","8":"first","9":"outofstock","10":"sold-individually","11":"shipping-taxable","12":"purchasable","13":"product-type-simple"},"_links":{"self":[{"href":"https:\/\/www.largepillow.com\/pl\/wp-json\/wp\/v2\/product\/11770","targetHints":{"allow":["GET"]}}],"collection":[{"href":"https:\/\/www.largepillow.com\/pl\/wp-json\/wp\/v2\/product"}],"about":[{"href":"https:\/\/www.largepillow.com\/pl\/wp-json\/wp\/v2\/types\/product"}],"replies":[{"embeddable":true,"href":"https:\/\/www.largepillow.com\/pl\/wp-json\/wp\/v2\/comments?post=11770"}],"wp:featuredmedia":[{"embeddable":true,"href":"https:\/\/www.largepillow.com\/pl\/wp-json\/wp\/v2\/media\/11762"}],"wp:attachment":[{"href":"https:\/\/www.largepillow.com\/pl\/wp-json\/wp\/v2\/media?parent=11770"}],"wp:term":[{"taxonomy":"product_brand","embeddable":true,"href":"https:\/\/www.largepillow.com\/pl\/wp-json\/wp\/v2\/product_brand?post=11770"},{"taxonomy":"product_cat","embeddable":true,"href":"https:\/\/www.largepillow.com\/pl\/wp-json\/wp\/v2\/product_cat?post=11770"},{"taxonomy":"product_tag","embeddable":true,"href":"https:\/\/www.largepillow.com\/pl\/wp-json\/wp\/v2\/product_tag?post=11770"}],"curies":[{"name":"wp","href":"https:\/\/api.w.org\/{rel}","templated":true}]}}