{"id":1209,"date":"2022-09-19T03:31:40","date_gmt":"2022-09-19T03:31:40","guid":{"rendered":"https:\/\/www.largepillow.com\/product\/back-support-pillow"},"modified":"2025-12-11T13:44:46","modified_gmt":"2025-12-11T13:44:46","slug":"poduszka-na-duze-lozko","status":"publish","type":"product","link":"https:\/\/www.largepillow.com\/pl\/product\/large-bed-bolster-pillow","title":{"rendered":"Du\u017ca poduszka do \u0142\u00f3\u017cka"},"content":{"rendered":"<p>Znajd\u017a idealn\u0105 poduszk\u0119 do czytania z du\u017cym zag\u0142\u00f3wkiem \u0142\u00f3\u017cka<\/p>\n<p>Je\u015bli lubisz czyta\u0107, ogl\u0105da\u0107 telewizj\u0119 lub pracowa\u0107 w \u0142\u00f3\u017cku, ale potrzebujesz dodatkowego wsparcia plec\u00f3w, du\u017ca poduszka wzmacniaj\u0105ca \u0142\u00f3\u017cko jest idealnym rozwi\u0105zaniem. Ta prostok\u0105tna poduszka zapewnia regulowane podparcie l\u0119d\u017awiowe, dzi\u0119ki czemu mo\u017cesz wygodnie siedzie\u0107 w \u0142\u00f3\u017cku. <\/p>\n<p>Wykonana z mi\u0119kkiego, spr\u0119\u017cystego wype\u0142nienia z mikropoliestru poduszka zachowuje sw\u00f3j kszta\u0142t, dopasowuj\u0105c si\u0119 do cia\u0142a. Dwukierunkowy zamek b\u0142yskawiczny u\u0142atwia r\u00f3wnie\u017c zdj\u0119cie zdejmowanego aksamitnego pokrowca i wypranie go w pralce. Dzi\u0119ki pikowanym guzikom i starannie obszytym brzegom poduszka ta nadaje prost\u0105 elegancj\u0119 ka\u017cdemu wystrojowi sypialni. <\/p>\n<p>Klienci uwielbiaj\u0105 u\u017cywa\u0107 tej wszechstronnej poduszki na wiele sposob\u00f3w:<\/p>\n<p>\u201ePocz\u0105tkowo kupi\u0142am j\u0105 jako poduszk\u0119 do czytania, ale jest tak wygodna, \u017ce u\u017cywam jej nawet wtedy, gdy nie czytam. To idealna poduszka oparcia, niezale\u017cnie od tego, czy pracuj\u0119 na laptopie w \u0142\u00f3\u017cku, czy po prostu odpoczywam, ogl\u0105daj\u0105c telewizj\u0119.<\/p>\n<p>\u201eJako poduszka ci\u0105\u017cowa by\u0142a wystarczaj\u0105co regulowana, aby podeprze\u0107 plecy lub umie\u015bci\u0107 j\u0105 pod brzuchem. A teraz, kiedy karmi\u0119 piersi\u0105, nadal przydaje si\u0119, gdy siadam za mn\u0105, podpieraj\u0105c si\u0119 na \u0142\u00f3\u017cku\u201d.  <\/p>\n<p>\u201eTo \u015bwietna poduszka podpieraj\u0105ca odcinek l\u0119d\u017awiowy po operacji. Mog\u0119 dostosowa\u0107 poddasze, a gdy dojd\u0119 do siebie, pozostanie ono za moimi plecami\u201d.<\/p>\n<p>Dzi\u0119ki sze\u015bciu dost\u0119pnym rozmiarom z pewno\u015bci\u0105 znajdziesz rozmiar idealny do swoich potrzeb. Ceny wahaj\u0105 si\u0119 od $XX.XX-$XX.XX w zale\u017cno\u015bci od rozmiaru. Wprowad\u017a komfort i styl do swojej sypialni dzi\u0119ki wszechstronnemu wsparciu du\u017cej poduszki na \u0142\u00f3\u017cko.<\/p>","protected":false},"excerpt":{"rendered":"<ul>\n<li><strong>IDEALNA PODUSZKA DO CZYTANIA:<\/strong> Dzi\u0119ki prostok\u0105tnej poduszce, ta wygodna poduszka do czytania przy \u0142\u00f3\u017cku dzia\u0142a doskonale, zapewniaj\u0105c mi\u0119kkie podparcie plec\u00f3w jako poduszka l\u0119d\u017awiowa, gdy siedzisz na \u0142\u00f3\u017cku do czytania, ogl\u0105dania telewizji, przegl\u0105dania telefonu, surfowania po tablecie, grania w gry wideo, \u0107wicze\u0144 jogi, karmienia piersi\u0105 i odpoczynku po operacji.<\/li>\n<li><strong>WYGODNA PODUSZKA DO CIA\u0141A:<\/strong> Jako du\u017ca poduszka na cia\u0142o zast\u0119puje wszystkie normalne poduszki do le\u017cenia lub poduszki l\u0119d\u017awiowe, tworzy wiele pozycji jako poduszka pozycjonuj\u0105ca do podparcia plec\u00f3w, ramion, kr\u0119gos\u0142upa, brzucha, n\u00f3g i pozwala mi\u0119\u015bniom pozosta\u0107 zrelaksowanym. Promuje wyr\u00f3wnany kr\u0119gos\u0142up dla ka\u017cdego \u015bpi\u0105cego, niezale\u017cnie od tego, czy potrzebujesz tapicerowanej poduszki na \u0142\u00f3\u017cko, czy du\u017cej poduszki pod plecy, je\u015bli potrzebujesz tylko mniej lub bardziej strychu. Mo\u017cesz r\u00f3wnie\u017c u\u017cy\u0107 jej jako poduszki ci\u0105\u017cowej, kt\u00f3ra zapewnia podparcie r\u00f3\u017cnych cz\u0119\u015bci cia\u0142a i \u0142agodzi b\u00f3le ci\u0105\u017cowe.<\/li>\n<li><strong>ORYGINALNIE ZAPROJEKTOWANE Z WYSOKIEJ JAKO\u015aCI MATERIA\u0141\u00d3W:<\/strong> Prostok\u0105tna poduszka do czytania ma tr\u00f3jwymiarowe paski, k\u0119pki guzik\u00f3w z tkaniny, w pe\u0142ni obszyte kraw\u0119dzie s\u0105 bardzo wyr\u00f3\u017cniaj\u0105ce spo\u015br\u00f3d wszystkich innych zwyk\u0142ych poduszek oparciowych. Chocia\u017c poduszka dekoracyjna z podparciem plec\u00f3w jest mi\u0119kka, nadal zachowuje sw\u00f3j wspieraj\u0105cy kszta\u0142t, wykorzystuj\u0105c w pe\u0142ni spr\u0119\u017cyste i elastyczne wype\u0142nienie z mikropoliestru. Dwukierunkowy zamek b\u0142yskawiczny poduszki nocnej, kt\u00f3ra jest bardzo mocna i trwa\u0142a do d\u0142ugotrwa\u0142ego u\u017cytkowania.<\/li>\n<li><strong>PI\u0118KNA PODUSZKA DEKORACYJNA PRZY NOCY:<\/strong> Je\u015bli potrzebujesz szybkiego i \u0142atwego zag\u0142\u00f3wka, ta tapicerowana poduszka do czytania zag\u0142\u00f3wka mo\u017ce by\u0107 u\u017cywana jako alternatywny zamiennik, b\u0119d\u0105c jednocze\u015bnie pi\u0119kn\u0105 dekoracj\u0105 \u0142\u00f3\u017cka. Jego elegancki wygl\u0105d doda przytulnego widoku do Twojej sypialni. Dzi\u0119ki atrakcyjnemu wygl\u0105dowi ta oryginalna wy\u015bci\u00f3\u0142ka oparcia przy \u0142\u00f3\u017cku jest regulowana do sypialni, hotelu, szpitala, siedzenia przy oknie, kanapy, sofy, \u0142\u00f3\u017cka dziennego, \u0142\u00f3\u017cka pi\u0119trowego, \u0142\u00f3\u017cka w akademiku, \u0142\u00f3\u017cka na platformie.<\/li>\n<li><strong>ZDEJMOWANA POKRYWA PODUSZKI L\u0118D\u0179WIOWEJ I \u0141ATWE W PRANIE:<\/strong> Mo\u017cesz \u0142atwo zdj\u0105\u0107 poszewk\u0119 poduszki bloster na \u0142\u00f3\u017cko, otwieraj\u0105c zamek b\u0142yskawiczny i odpinaj\u0105c guziki z poszewki na poduszk\u0119 do czytania i wypraj\u0105c j\u0105 w pralce.<\/li>\n<li><strong>Tkanina:<\/strong> Aksamit (poliester 100%).<\/li>\n<li><strong>Rozmiar:<\/strong> 100x50x8cm(3 guziki), 120x50x8cm(4 guziki), 140x50x8cm(4 guziki), 160x50x8cm(5 guzik\u00f3w), 180x50x8cm(6 guzik\u00f3w), 200x50x8cm(7 guzik\u00f3w)<\/li>\n<\/ul>","protected":false},"featured_media":1194,"comment_status":"open","ping_status":"closed","template":"","meta":[],"product_brand":[],"product_cat":[28],"product_tag":[117,60,116,115,114,79,118,59,119,120],"class_list":{"0":"post-1209","1":"product","2":"type-product","3":"status-publish","4":"has-post-thumbnail","6":"product_cat-large-body-pillow","7":"product_tag-back-support-cushion","8":"product_tag-backrest-pillow","9":"product_tag-bed-rest","10":"product_tag-comfortable-body-pillow","11":"product_tag-large-bed-bolster-pillow","12":"product_tag-lumbar-pillow","13":"product_tag-pregnancy-pillow","14":"product_tag-reading-pillow","15":"product_tag-rectangular-reading-pillow","16":"product_tag-velvet-pillow","18":"first","19":"instock","20":"featured","21":"shipping-taxable","22":"purchasable","23":"product-type-variable"},"_links":{"self":[{"href":"https:\/\/www.largepillow.com\/pl\/wp-json\/wp\/v2\/product\/1209","targetHints":{"allow":["GET"]}}],"collection":[{"href":"https:\/\/www.largepillow.com\/pl\/wp-json\/wp\/v2\/product"}],"about":[{"href":"https:\/\/www.largepillow.com\/pl\/wp-json\/wp\/v2\/types\/product"}],"replies":[{"embeddable":true,"href":"https:\/\/www.largepillow.com\/pl\/wp-json\/wp\/v2\/comments?post=1209"}],"wp:featuredmedia":[{"embeddable":true,"href":"https:\/\/www.largepillow.com\/pl\/wp-json\/wp\/v2\/media\/1194"}],"wp:attachment":[{"href":"https:\/\/www.largepillow.com\/pl\/wp-json\/wp\/v2\/media?parent=1209"}],"wp:term":[{"taxonomy":"product_brand","embeddable":true,"href":"https:\/\/www.largepillow.com\/pl\/wp-json\/wp\/v2\/product_brand?post=1209"},{"taxonomy":"product_cat","embeddable":true,"href":"https:\/\/www.largepillow.com\/pl\/wp-json\/wp\/v2\/product_cat?post=1209"},{"taxonomy":"product_tag","embeddable":true,"href":"https:\/\/www.largepillow.com\/pl\/wp-json\/wp\/v2\/product_tag?post=1209"}],"curies":[{"name":"wp","href":"https:\/\/api.w.org\/{rel}","templated":true}]}}