{"id":1307,"date":"2022-09-19T06:01:39","date_gmt":"2022-09-19T06:01:39","guid":{"rendered":"https:\/\/www.largepillow.com\/product\/reading-wedge-pillow"},"modified":"2024-10-03T16:31:26","modified_gmt":"2024-10-03T16:31:26","slug":"poduszka-do-czytania-3","status":"publish","type":"product","link":"https:\/\/www.largepillow.com\/pl\/product\/reading-nook-pillow","title":{"rendered":"Poduszka do czytania"},"content":{"rendered":"<p>Poduszka do czytania: Tw\u00f3j niezb\u0119dny towarzysz zapewniaj\u0105cy wygod\u0119 i styl<\/p>\n<p>Dla moli ksi\u0105\u017ckowych, kt\u00f3rzy ceni\u0105 sobie sanktuarium czytania, poduszka Reading Nook Pillow wynosi Twoje wra\u017cenia na nowy poziom komfortu i przyjemno\u015bci. Dzi\u0119ki pomys\u0142owej, ergonomicznej konstrukcji poduszka \u0142agodzi dyskomfort fizyczny zwi\u0105zany z d\u0142ugotrwa\u0142ym czytaniem w \u0142\u00f3\u017cku.<\/p>\n<p>Wyj\u0105tkowa ergonomia zapewniaj\u0105ca perfekcyjn\u0105 postaw\u0119:<\/p>\n<p>Zaprojektowana, aby wspiera\u0107 cia\u0142o w optymalnej pozycji do czytania, poduszka do czytania skutecznie rozwi\u0105zuje typowe problemy, takie jak b\u00f3l dolnej i g\u00f3rnej cz\u0119\u015bci plec\u00f3w, sztywno\u015b\u0107 szyi i ramion. Mocna amortyzacja zapewnia odpowiedni\u0105 ilo\u015b\u0107 wsparcia dla wygodnej i ergonomicznej postawy, zmniejszaj\u0105c zm\u0119czenie i dyskomfort.<\/p>\n<p>Materia\u0142y najwy\u017cszej jako\u015bci zapewniaj\u0105ce trwa\u0142o\u015b\u0107 i oddychalno\u015b\u0107:<\/p>\n<p>Poszewka na poduszk\u0119 wykonana z wysokiej jako\u015bci p\u0142\u00f3tna zapewnia wyj\u0105tkow\u0105 trwa\u0142o\u015b\u0107 i oddychalno\u015b\u0107. Technologia reaktywnego drukowania i barwienia gwarantuje \u017cywe kolory, kt\u00f3re nie blakn\u0105 z czasem. Wewn\u0119trzny rdze\u0144 poduszki wype\u0142niony jest wysokoelastycznym wype\u0142nieniem z w\u0142\u00f3kna poliestrowego, kt\u00f3re utrzymuje stabilny kszta\u0142t i nie zapada si\u0119.<\/p>\n<p>Uniwersalna funkcjonalno\u015b\u0107:<\/p>\n<p>Poza swoim g\u0142\u00f3wnym przeznaczeniem jako towarzysza czytania, poduszka do czytania ma niezwyk\u0142\u0105 wszechstronno\u015b\u0107. Jego zakrzywiony kszta\u0142t zapewnia podwy\u017cszone wsparcie dla okre\u015blonych cz\u0119\u015bci cia\u0142a, pomagaj\u0105c w \u0142agodzeniu schorze\u0144, takich jak chrapanie i refluks \u017co\u0142\u0105dkowy. Kobiety w ci\u0105\u017cy mog\u0105 go u\u017cywa\u0107 do spania na boku i podparcia l\u0119d\u017awiowego, aby zwi\u0119kszy\u0107 komfort.<\/p>\n<p>\u017bywe wydruki, kt\u00f3re rozja\u015bni\u0105 Tw\u00f3j wystr\u00f3j:<\/p>\n<p>Dzi\u0119ki szerokiemu wyborowi \u017cywych wzor\u00f3w nadruk\u00f3w, od muzyki le\u015bnej po gazety w stylu retro, poduszka do czytania stanowi uzupe\u0142nienie wystroju ka\u017cdej sypialni. Weso\u0142e kolory i urocze wzory dodaj\u0105 Twojej przestrzeni odrobin\u0119 osobowo\u015bci, tworz\u0105c zach\u0119caj\u0105cy i stylowy k\u0105cik do czytania.<\/p>\n<p>Wygoda i \u0142atwo\u015b\u0107 piel\u0119gnacji:<\/p>\n<p>Poszewka na poduszk\u0119 jest wyposa\u017cona w niewidoczny metalowy zamek b\u0142yskawiczny, kt\u00f3ry umo\u017cliwia \u0142atwe zdejmowanie i zak\u0142adanie, dzi\u0119ki czemu czyszczenie jest dziecinnie proste. Konstrukcja, kt\u00f3r\u0105 mo\u017cna pra\u0107 w pralce, zapewnia \u0142atw\u0105 konserwacj\u0119. Wygodna kiesze\u0144 boczna sprawia, \u017ce najwa\u017cniejsze rzeczy, takie jak telefon kom\u00f3rkowy i okulary, s\u0105 zawsze pod r\u0119k\u0105.<\/p>\n<p>Opinie klient\u00f3w:<\/p>\n<p>\u201eTa poduszka zmieni\u0142a zasady gry podczas moich sesji czytelniczych! Jest bardzo wygodny i doskonale podtrzymuje moje plecy. B\u00f3l szyi i ramion znikn\u0105\u0142.\u201d<\/p>\n<p>\u201eUwielbiam projekty z nadrukami! Dodaj\u0105 tyle \u017cycia do mojej sypialni. Doceniam r\u00f3wnie\u017c boczn\u0105 kiesze\u0144, kt\u00f3ra pozwala uporz\u0105dkowa\u0107 telefon i ksi\u0105\u017cki.<\/p>\n<p>\u201eU\u017cywam tej poduszki nie tylko do czytania, ale tak\u017ce jako podparcia l\u0119d\u017awiowego podczas ogl\u0105dania telewizji na sofie. Jest niezwykle wszechstronny.\u201d<\/p>\n<p>Dane techniczne:<\/p>\n<p>* Wymiary: 60x20x50cm<br \/>\n* Materia\u0142y: tkanina p\u0142\u00f3cienna, wype\u0142nienie z wysokoelastycznego w\u0142\u00f3kna poliestrowego<br \/>\n* Zdejmowana i nadaj\u0105ca si\u0119 do prania poszewka na poduszk\u0119 zapinana na niewidoczny metalowy zamek b\u0142yskawiczny<br \/>\n* Boczna kiesze\u0144 do wygodnego przechowywania<\/p>\n<p>Niezale\u017cnie od tego, czy jeste\u015b zapalonym czytelnikiem, entuzjast\u0105 designu, czy po prostu szukasz komfortu i wsparcia, poduszka do czytania to wyj\u0105tkowy wyb\u00f3r. Ergonomiczna konstrukcja, najwy\u017cszej jako\u015bci materia\u0142y i \u017cywe nadruki podnios\u0105 jako\u015b\u0107 czytania, jednocze\u015bnie stylowo uzupe\u0142niaj\u0105c wystr\u00f3j domu.<\/p>","protected":false},"excerpt":{"rendered":"<ul>\n<li><strong>Ergonomiczna poduszka:<\/strong>\u00a0Je\u015bli ty i twoi przyjaciele lubicie czyta\u0107 w \u0142\u00f3\u017cku, ale odczuwacie r\u00f3\u017cne dolegliwo\u015bci spowodowane niew\u0142a\u015bciw\u0105 postaw\u0105: b\u00f3le w dolnej i g\u00f3rnej cz\u0119\u015bci plec\u00f3w, problemy z szyj\u0105 i ramionami itp. Skorzystaj z tej ergonomicznej poduszki, kt\u00f3ra pomo\u017ce ci czyta\u0107 w ergonomicznej pozycji. Ta poduszka do czytania jest nie tylko mi\u0119kka i wygodna, ale tak\u017ce wystarczaj\u0105co twarda, aby zapewni\u0107 amortyzacj\u0119 i wsparcie.<\/li>\n<li><strong>Wysokiej jako\u015bci materia\u0142y:<\/strong>\u00a0Poszewka na poduszk\u0119 klinow\u0105 wykonana jest z wysokiej jako\u015bci tkaniny p\u0142\u00f3ciennej, kt\u00f3ra jest mocna i trwa\u0142a oraz ma bardzo dobr\u0105 przepuszczalno\u015b\u0107 powietrza; przyjmuje reaktywn\u0105 technologi\u0119 drukowania i barwienia, kt\u00f3ra nie blaknie; wewn\u0119trzny rdze\u0144 jest wype\u0142niony wysokiej jako\u015bci w\u0142\u00f3knem poliestrowym o wysokiej elastyczno\u015bci, kt\u00f3re mo\u017ce zachowa\u0107 stabilny kszta\u0142t bez zapadania si\u0119.<\/li>\n<li><strong>Wielofunkcyjne zastosowanie:<\/strong>\u00a0Ta poduszka o zakrzywionym kszta\u0142cie mo\u017ce utrzymywa\u0107 niekt\u00f3re cz\u0119\u015bci cia\u0142a uniesione. Dlatego pomaga z\u0142agodzi\u0107 niekt\u00f3re schorzenia, takie jak chrapanie lub refluks \u017co\u0142\u0105dkowy. Ponadto mo\u017ce r\u00f3wnie\u017c pom\u00f3c kobietom w ci\u0105\u017cy unikn\u0105\u0107 przewracania si\u0119 i utrzymania bocznej pozycji do spania lub u\u017cy\u0107 jej jako poduszki l\u0119d\u017awiowej w celu zmniejszenia nacisku l\u0119d\u017awiowego. Opr\u00f3cz u\u017cywania tej poduszki oparcia na \u0142\u00f3\u017cku, mo\u017ce by\u0107 r\u00f3wnie\u017c u\u017cywana na sofie, na pod\u0142odze w pokoju zabaw dla dzieci, na ogrodowych meblach ogrodowych.<\/li>\n<li><strong>Doskona\u0142y projekt nadruku:<\/strong>\u00a0Ta seria poduszek do pozycjonowania ozdobiona jasnymi kolorami doda blasku Twojej sypialni. Styl pastoralny \u201emuzyka lasu\u201d, styl retro \u201estara gazeta\u201d, styl literacki \u201eniebieski motyl\u201d, styl realistyczny \u201emapa wielb\u0142\u0105da\u201d, z pewno\u015bci\u0105 znajdziesz kolor, kt\u00f3ry pasuje do Twojej osobowo\u015bci. To dobra poduszka do czytania dla ch\u0142opc\u00f3w i dziewcz\u0105t lub doros\u0142ych. Jest to r\u00f3wnie\u017c \u015bwietny prezent dla dzieci, kt\u00f3re uwielbiaj\u0105 czyta\u0107, i sprawi, \u017ce ich pok\u00f3j b\u0119dzie wygl\u0105da\u0142 fajniej.<\/li>\n<li><strong>Zdejmowana poszewka na poduszk\u0119:<\/strong>\u00a0Poszewk\u0119 na poduszk\u0119, kt\u00f3ra ma niewidoczny metalowy zamek b\u0142yskawiczny, mo\u017cna \u0142atwo zdj\u0105\u0107 i za\u0142o\u017cy\u0107 na poduszk\u0119; \u0142atwo si\u0119 czy\u015bci i nadaje si\u0119 do prania w pralce; wygodna kiesze\u0144 boczna mo\u017ce w ka\u017cdej chwili pomie\u015bci\u0107 ma\u0142e przedmioty, takie jak telefony kom\u00f3rkowe i okulary.<\/li>\n<li><strong>Rozmiar:<\/strong>\u00a060x20x50cm.<\/li>\n<\/ul>","protected":false},"featured_media":1299,"comment_status":"open","ping_status":"closed","template":"","meta":[],"product_brand":[],"product_cat":[29],"product_tag":[60,81,86,78,79,87,59,84],"class_list":{"0":"post-1307","1":"product","2":"type-product","3":"status-publish","4":"has-post-thumbnail","6":"product_cat-large-reading-pillow","7":"product_tag-backrest-pillow","8":"product_tag-curved-shape-pillow","9":"product_tag-detachable-pillow-cover","10":"product_tag-ergonomic-pillow","11":"product_tag-lumbar-pillow","12":"product_tag-reading-nook-pillow","13":"product_tag-reading-pillow","14":"product_tag-sofa-pillow","16":"first","17":"instock","18":"featured","19":"shipping-taxable","20":"purchasable","21":"product-type-simple"},"_links":{"self":[{"href":"https:\/\/www.largepillow.com\/pl\/wp-json\/wp\/v2\/product\/1307","targetHints":{"allow":["GET"]}}],"collection":[{"href":"https:\/\/www.largepillow.com\/pl\/wp-json\/wp\/v2\/product"}],"about":[{"href":"https:\/\/www.largepillow.com\/pl\/wp-json\/wp\/v2\/types\/product"}],"replies":[{"embeddable":true,"href":"https:\/\/www.largepillow.com\/pl\/wp-json\/wp\/v2\/comments?post=1307"}],"wp:featuredmedia":[{"embeddable":true,"href":"https:\/\/www.largepillow.com\/pl\/wp-json\/wp\/v2\/media\/1299"}],"wp:attachment":[{"href":"https:\/\/www.largepillow.com\/pl\/wp-json\/wp\/v2\/media?parent=1307"}],"wp:term":[{"taxonomy":"product_brand","embeddable":true,"href":"https:\/\/www.largepillow.com\/pl\/wp-json\/wp\/v2\/product_brand?post=1307"},{"taxonomy":"product_cat","embeddable":true,"href":"https:\/\/www.largepillow.com\/pl\/wp-json\/wp\/v2\/product_cat?post=1307"},{"taxonomy":"product_tag","embeddable":true,"href":"https:\/\/www.largepillow.com\/pl\/wp-json\/wp\/v2\/product_tag?post=1307"}],"curies":[{"name":"wp","href":"https:\/\/api.w.org\/{rel}","templated":true}]}}