{"id":1323,"date":"2022-09-19T06:02:03","date_gmt":"2022-09-19T06:02:03","guid":{"rendered":"https:\/\/www.largepillow.com\/product\/reading-wedges"},"modified":"2024-10-03T16:31:26","modified_gmt":"2024-10-03T16:31:26","slug":"kliny-do-czytania","status":"publish","type":"product","link":"https:\/\/www.largepillow.com\/pl\/product\/reading-wedges\/","title":{"rendered":"Kliny do czytania"},"content":{"rendered":"<p>Czy jeste\u015b molem ksi\u0105\u017ckowym, kt\u00f3ry lubi czyta\u0107 w \u0142\u00f3\u017cku, ale cierpi z powodu dyskomfortu i b\u00f3lu z powodu z\u0142ej postawy? Je\u015bli tak, mamy dla Ciebie idealne rozwi\u0105zanie \u2013 Kliny do czytania!<\/p>\n<p>Ta ergonomiczna poduszka zosta\u0142a zaprojektowana tak, aby zapewni\u0107 wsparcie i amortyzacj\u0119 dolnej i g\u00f3rnej cz\u0119\u015bci plec\u00f3w, szyi i ramion, dzi\u0119ki czemu mo\u017cesz czyta\u0107 w \u0142\u00f3\u017cku w ergonomicznej postawie. Poduszka jest mi\u0119kka i wygodna, a jednocze\u015bnie wystarczaj\u0105co twarda, aby zachowa\u0107 sw\u00f3j kszta\u0142t i zapewni\u0107 odpowiednie podparcie.<\/p>\n<p>Poszewka na poduszk\u0119 klinow\u0105 wykonana jest z wysokiej jako\u015bci tkaniny p\u0142\u00f3ciennej, kt\u00f3ra jest trwa\u0142a i charakteryzuje si\u0119 doskona\u0142\u0105 przepuszczalno\u015bci\u0105 powietrza. Wewn\u0119trzny rdze\u0144 wype\u0142niony jest wysokoelastycznym wype\u0142nieniem z w\u0142\u00f3kna poliestrowego, co sprawia, \u017ce poduszka nie zapada si\u0119 i zachowuje sw\u00f3j kszta\u0142t. Poszewk\u0119 poduszki mo\u017cna r\u00f3wnie\u017c zdj\u0105\u0107 i wypra\u0107 w pralce, co u\u0142atwia czyszczenie i konserwacj\u0119.<\/p>\n<p>Zakrzywiony kszta\u0142t poduszki sprawia, \u017ce idealnie nadaje si\u0119 do uniesienia niekt\u00f3rych cz\u0119\u015bci cia\u0142a, co pomaga w \u0142agodzeniu schorze\u0144, takich jak chrapanie czy refluks \u017co\u0142\u0105dkowy. Kobiety w ci\u0105\u017cy mog\u0105 jej u\u017cywa\u0107 do utrzymywania pozycji podczas snu na boku lub jako poduszki l\u0119d\u017awiowej w celu zmniejszenia nacisku na odcinek l\u0119d\u017awiowy. Mo\u017cna go r\u00f3wnie\u017c u\u017cywa\u0107 na sofie lub pod\u0142odze, dzi\u0119ki czemu jest wielofunkcyjny.<\/p>\n<p>Kliny do czytania s\u0105 dost\u0119pne w r\u00f3\u017cnych wzorach, w tym \u201emuzyka le\u015bna\u201d, \u201estara gazeta\u201d, \u201eniebieski motyl\u201d i \u201emapa wielb\u0142\u0105da\u201d. Dzi\u0119ki tym \u017cywym kolorom mo\u017cesz znale\u017a\u0107 taki, kt\u00f3ry b\u0119dzie wsp\u00f3\u0142gra\u0142 z Twoj\u0105 osobowo\u015bci\u0105 i doda pikanterii Twojej sypialni. To idealna poduszka do czytania dla doros\u0142ych, ch\u0142opc\u00f3w i dziewcz\u0105t, co czyni j\u0105 doskona\u0142ym prezentem dla dzieci, kt\u00f3re uwielbiaj\u0105 czyta\u0107.<\/p>\n<p>Nie wierz nam na s\u0142owo; oto niekt\u00f3re komentarze naszych klient\u00f3w:<\/p>\n<p>\u201eUwielbiam moje czytelnicze kliny; pomog\u0142y mi z\u0142agodzi\u0107 b\u00f3l plec\u00f3w podczas czytania w \u0142\u00f3\u017cku\u201d.<\/p>\n<p>\u201eProjekt poduszki jest doskona\u0142y, a kolory dodaj\u0105 mojemu pokojowi elegancji.\u201d<\/p>\n<p>\u201eKlinki do czytania s\u0105 wielofunkcyjne i u\u017cywam ich r\u00f3wnie\u017c jako oparcia, gdy siedz\u0119 na sofie\u201d.<\/p>\n<p>\u201eZdejmowana poszewka na poduszk\u0119 to rewolucja, dzi\u0119ki kt\u00f3rej mog\u0119 \u0142atwo utrzyma\u0107 poduszk\u0119 w czysto\u015bci\u201d.<\/p>\n<p>Podsumowuj\u0105c, kliny do czytania s\u0105 idealne dla moli ksi\u0105\u017ckowych, kt\u00f3rzy lubi\u0105 czyta\u0107 w \u0142\u00f3\u017cku. S\u0105 wygodne, mocne i wielofunkcyjne, co czyni je konieczno\u015bci\u0105. Kup sw\u00f3j ju\u017c dzi\u015b i po\u017cegnaj si\u0119 z b\u00f3lami plec\u00f3w i dyskomfortem podczas czytania w \u0142\u00f3\u017cku.<\/p>","protected":false},"excerpt":{"rendered":"<ul>\n<li><strong>Ergonomiczna poduszka:<\/strong>\u00a0Je\u015bli ty i twoi przyjaciele lubicie czyta\u0107 w \u0142\u00f3\u017cku, ale odczuwacie r\u00f3\u017cne dolegliwo\u015bci spowodowane niew\u0142a\u015bciw\u0105 postaw\u0105: b\u00f3le w dolnej i g\u00f3rnej cz\u0119\u015bci plec\u00f3w, problemy z szyj\u0105 i ramionami itp. Skorzystaj z tej ergonomicznej poduszki, kt\u00f3ra pomo\u017ce ci czyta\u0107 w ergonomicznej pozycji. Ta poduszka do czytania jest nie tylko mi\u0119kka i wygodna, ale tak\u017ce wystarczaj\u0105co twarda, aby zapewni\u0107 amortyzacj\u0119 i wsparcie.<\/li>\n<li><strong>Wysokiej jako\u015bci materia\u0142y:<\/strong>\u00a0Poszewka na poduszk\u0119 klinow\u0105 wykonana jest z wysokiej jako\u015bci tkaniny p\u0142\u00f3ciennej, kt\u00f3ra jest mocna i trwa\u0142a oraz ma bardzo dobr\u0105 przepuszczalno\u015b\u0107 powietrza; przyjmuje reaktywn\u0105 technologi\u0119 drukowania i barwienia, kt\u00f3ra nie blaknie; wewn\u0119trzny rdze\u0144 jest wype\u0142niony wysokiej jako\u015bci w\u0142\u00f3knem poliestrowym o wysokiej elastyczno\u015bci, kt\u00f3re mo\u017ce zachowa\u0107 stabilny kszta\u0142t bez zapadania si\u0119.<\/li>\n<li><strong>Wielofunkcyjne zastosowanie:<\/strong>\u00a0Ta poduszka o zakrzywionym kszta\u0142cie mo\u017ce utrzymywa\u0107 niekt\u00f3re cz\u0119\u015bci cia\u0142a uniesione. Dlatego pomaga z\u0142agodzi\u0107 niekt\u00f3re schorzenia, takie jak chrapanie lub refluks \u017co\u0142\u0105dkowy. Ponadto mo\u017ce r\u00f3wnie\u017c pom\u00f3c kobietom w ci\u0105\u017cy unikn\u0105\u0107 przewracania si\u0119 i utrzymania bocznej pozycji do spania lub u\u017cy\u0107 jej jako poduszki l\u0119d\u017awiowej w celu zmniejszenia nacisku l\u0119d\u017awiowego. Opr\u00f3cz u\u017cywania tej poduszki oparcia na \u0142\u00f3\u017cku, mo\u017ce by\u0107 r\u00f3wnie\u017c u\u017cywana na sofie, na pod\u0142odze w pokoju zabaw dla dzieci, na ogrodowych meblach ogrodowych.<\/li>\n<li><strong>Doskona\u0142y projekt nadruku:<\/strong>\u00a0Ta seria poduszek do pozycjonowania ozdobiona jasnymi kolorami doda blasku Twojej sypialni. Styl pastoralny \u201emuzyka lasu\u201d, styl retro \u201estara gazeta\u201d, styl literacki \u201eniebieski motyl\u201d, styl realistyczny \u201emapa wielb\u0142\u0105da\u201d, z pewno\u015bci\u0105 znajdziesz kolor, kt\u00f3ry pasuje do Twojej osobowo\u015bci. To dobra poduszka do czytania dla ch\u0142opc\u00f3w i dziewcz\u0105t lub doros\u0142ych. Jest to r\u00f3wnie\u017c \u015bwietny prezent dla dzieci, kt\u00f3re uwielbiaj\u0105 czyta\u0107, i sprawi, \u017ce ich pok\u00f3j b\u0119dzie wygl\u0105da\u0142 fajniej.<\/li>\n<li><strong>Zdejmowana poszewka na poduszk\u0119:<\/strong>\u00a0Poszewk\u0119 na poduszk\u0119, kt\u00f3ra ma niewidoczny metalowy zamek b\u0142yskawiczny, mo\u017cna \u0142atwo zdj\u0105\u0107 i za\u0142o\u017cy\u0107 na poduszk\u0119; \u0142atwo si\u0119 czy\u015bci i nadaje si\u0119 do prania w pralce; wygodna kiesze\u0144 boczna mo\u017ce w ka\u017cdej chwili pomie\u015bci\u0107 ma\u0142e przedmioty, takie jak telefony kom\u00f3rkowe i okulary.<\/li>\n<li><strong>Rozmiar:<\/strong>\u00a060x20x50cm.<\/li>\n<\/ul>","protected":false},"featured_media":1316,"comment_status":"open","ping_status":"closed","template":"","meta":[],"product_brand":[],"product_cat":[29],"product_tag":[60,81,78,79,59,83,84],"class_list":{"0":"post-1323","1":"product","2":"type-product","3":"status-publish","4":"has-post-thumbnail","6":"product_cat-large-reading-pillow","7":"product_tag-backrest-pillow","8":"product_tag-curved-shape-pillow","9":"product_tag-ergonomic-pillow","10":"product_tag-lumbar-pillow","11":"product_tag-reading-pillow","12":"product_tag-reading-wedges","13":"product_tag-sofa-pillow","15":"first","16":"instock","17":"featured","18":"shipping-taxable","19":"purchasable","20":"product-type-simple"},"_links":{"self":[{"href":"https:\/\/www.largepillow.com\/pl\/wp-json\/wp\/v2\/product\/1323","targetHints":{"allow":["GET"]}}],"collection":[{"href":"https:\/\/www.largepillow.com\/pl\/wp-json\/wp\/v2\/product"}],"about":[{"href":"https:\/\/www.largepillow.com\/pl\/wp-json\/wp\/v2\/types\/product"}],"replies":[{"embeddable":true,"href":"https:\/\/www.largepillow.com\/pl\/wp-json\/wp\/v2\/comments?post=1323"}],"wp:featuredmedia":[{"embeddable":true,"href":"https:\/\/www.largepillow.com\/pl\/wp-json\/wp\/v2\/media\/1316"}],"wp:attachment":[{"href":"https:\/\/www.largepillow.com\/pl\/wp-json\/wp\/v2\/media?parent=1323"}],"wp:term":[{"taxonomy":"product_brand","embeddable":true,"href":"https:\/\/www.largepillow.com\/pl\/wp-json\/wp\/v2\/product_brand?post=1323"},{"taxonomy":"product_cat","embeddable":true,"href":"https:\/\/www.largepillow.com\/pl\/wp-json\/wp\/v2\/product_cat?post=1323"},{"taxonomy":"product_tag","embeddable":true,"href":"https:\/\/www.largepillow.com\/pl\/wp-json\/wp\/v2\/product_tag?post=1323"}],"curies":[{"name":"wp","href":"https:\/\/api.w.org\/{rel}","templated":true}]}}