{"id":1331,"date":"2022-09-19T06:05:49","date_gmt":"2022-09-19T06:05:49","guid":{"rendered":"https:\/\/www.largepillow.com\/product\/best-reading-pillows"},"modified":"2026-01-10T19:16:10","modified_gmt":"2026-01-10T19:16:10","slug":"najlepsza-poduszka-do-czytania","status":"publish","type":"product","link":"https:\/\/www.largepillow.com\/pl\/product\/best-reading-pillow\/","title":{"rendered":"Najlepsza poduszka do czytania"},"content":{"rendered":"<h3>Poczuj komfort czytania dzi\u0119ki najlepszej ergonomicznej poduszce do czytania<\/h3>\n<p>Czytanie w \u0142\u00f3\u017cku mo\u017ce by\u0107 niewygodne bez odpowiedniego podparcia plec\u00f3w i szyi, co mo\u017ce prowadzi\u0107 do b\u00f3lu i zm\u0119czenia. Poduszka do czytania Best zapewnia idealne rozwi\u0105zanie dzi\u0119ki ergonomicznej konstrukcji, kt\u00f3ra umo\u017cliwia prawid\u0142owe u\u0142o\u017cenie plec\u00f3w i cieszenie si\u0119 dobr\u0105 ksi\u0105\u017ck\u0105. <\/p>\n<p>Wykonana z wysokiej jako\u015bci trwa\u0142ej tkaniny p\u0142\u00f3ciennej i wype\u0142niona mi\u0119kkim, wspieraj\u0105cym wype\u0142nieniem z w\u0142\u00f3kna poliestrowego, ta poduszka w kszta\u0142cie klina jest stabilna i wygodna. Unikalny kszta\u0142t mie\u015bci si\u0119 tu\u017c za plecami, z nachyleniem obejmuj\u0105cym szyj\u0119. Odci\u0105\u017ca to szyj\u0119, ramiona i plecy w por\u00f3wnaniu z p\u0142askimi poduszkami, kt\u00f3re mog\u0105 obci\u0105\u017ca\u0107 te obszary. Recenzenci potwierdzaj\u0105 ten komfort, a jeden z nich stwierdzi\u0142, \u017ce \u201e\u0142adnie utrzymuje sw\u00f3j kszta\u0142t i idealnie podtrzymuje moje plecy i szyj\u0119, gdy siedz\u0119 w \u0142\u00f3\u017cku\u201d.<\/p>\n<p>Opr\u00f3cz podstawowego czasu na czytanie wielofunkcyjna poduszka pomaga tak\u017ce w innych czynno\u015bciach. Jego nachylony profil jest idealny do \u0142agodzenia objaw\u00f3w refluksu \u017co\u0142\u0105dkowego, promowania lepszego snu dla os\u00f3b z problemami oddechowymi i wspierania przysz\u0142ych matek. Wygodnie sprawdza si\u0119 r\u00f3wnie\u017c jako poduszka podparcia l\u0119d\u017awiowego sofy, pod\u0142ogi, a nawet mebli ogrodowych. <\/p>\n<p>Dzi\u0119ki zdejmowanemu pokrowcowi, kt\u00f3ry mo\u017cna pra\u0107 w pralce, kolorowym, stylowym nadrukom i por\u0119cznej bocznej kieszeni do przechowywania ma\u0142ych przedmiot\u00f3w, takich jak telefon, poduszka do czytania sprawdzi si\u0119 we wszystkich pude\u0142kach. Jak uj\u0105\u0142 to jeden z zadowolonych klient\u00f3w: \u201eDzi\u0119ki tej poduszce czytanie w \u0142\u00f3\u017cku jest o wiele wygodniejsze. Mog\u0119 siedzie\u0107 prawid\u0142owo, ale nadal zrelaksowa\u0107 si\u0119 w mi\u0119kkiej poduszce za mn\u0105. To moje ulubione miejsce do wypoczynku z ksi\u0105\u017ck\u0105!\u201d<\/p>\n<p>Dlatego ju\u017c dzi\u015b ulepsz swoje wieczorne czytanie dzi\u0119ki wygodzie i wsparciu najlepszej poduszki do czytania. Twoje plecy i szyja b\u0119d\u0105 Ci wdzi\u0119czne!<\/p>","protected":false},"excerpt":{"rendered":"<ul>\n<li><strong>Ergonomiczna poduszka:<\/strong>\u00a0Je\u015bli ty i twoi przyjaciele lubicie czyta\u0107 w \u0142\u00f3\u017cku, ale odczuwacie r\u00f3\u017cne dolegliwo\u015bci spowodowane niew\u0142a\u015bciw\u0105 postaw\u0105: b\u00f3le w dolnej i g\u00f3rnej cz\u0119\u015bci plec\u00f3w, problemy z szyj\u0105 i ramionami itp. Skorzystaj z tej ergonomicznej poduszki, kt\u00f3ra pomo\u017ce ci czyta\u0107 w ergonomicznej pozycji. Ta poduszka do czytania jest nie tylko mi\u0119kka i wygodna, ale tak\u017ce wystarczaj\u0105co twarda, aby zapewni\u0107 amortyzacj\u0119 i wsparcie.<\/li>\n<li><strong>Wysokiej jako\u015bci materia\u0142y:<\/strong>\u00a0Poszewka na poduszk\u0119 klinow\u0105 wykonana jest z wysokiej jako\u015bci tkaniny p\u0142\u00f3ciennej, kt\u00f3ra jest mocna i trwa\u0142a oraz ma bardzo dobr\u0105 przepuszczalno\u015b\u0107 powietrza; przyjmuje reaktywn\u0105 technologi\u0119 drukowania i barwienia, kt\u00f3ra nie blaknie; wewn\u0119trzny rdze\u0144 jest wype\u0142niony wysokiej jako\u015bci w\u0142\u00f3knem poliestrowym o wysokiej elastyczno\u015bci, kt\u00f3re mo\u017ce zachowa\u0107 stabilny kszta\u0142t bez zapadania si\u0119.<\/li>\n<li><strong>Wielofunkcyjne zastosowanie:<\/strong>\u00a0Ta poduszka o zakrzywionym kszta\u0142cie mo\u017ce utrzymywa\u0107 niekt\u00f3re cz\u0119\u015bci cia\u0142a uniesione. Dlatego pomaga z\u0142agodzi\u0107 niekt\u00f3re schorzenia, takie jak chrapanie lub refluks \u017co\u0142\u0105dkowy. Ponadto mo\u017ce r\u00f3wnie\u017c pom\u00f3c kobietom w ci\u0105\u017cy unikn\u0105\u0107 przewracania si\u0119 i utrzymania bocznej pozycji do spania lub u\u017cy\u0107 jej jako poduszki l\u0119d\u017awiowej w celu zmniejszenia nacisku l\u0119d\u017awiowego. Opr\u00f3cz u\u017cywania tej poduszki oparcia na \u0142\u00f3\u017cku, mo\u017ce by\u0107 r\u00f3wnie\u017c u\u017cywana na sofie, na pod\u0142odze w pokoju zabaw dla dzieci, na ogrodowych meblach ogrodowych.<\/li>\n<li><strong>Doskona\u0142y projekt nadruku:<\/strong>\u00a0Ta seria poduszek do pozycjonowania ozdobiona jasnymi kolorami doda blasku Twojej sypialni. Styl pastoralny \u201emuzyka lasu\u201d, styl retro \u201estara gazeta\u201d, styl literacki \u201eniebieski motyl\u201d, styl realistyczny \u201emapa wielb\u0142\u0105da\u201d, z pewno\u015bci\u0105 znajdziesz kolor, kt\u00f3ry pasuje do Twojej osobowo\u015bci. To dobra poduszka do czytania dla ch\u0142opc\u00f3w i dziewcz\u0105t lub doros\u0142ych. Jest to r\u00f3wnie\u017c \u015bwietny prezent dla dzieci, kt\u00f3re uwielbiaj\u0105 czyta\u0107, i sprawi, \u017ce ich pok\u00f3j b\u0119dzie wygl\u0105da\u0142 fajniej.<\/li>\n<li><strong>Zdejmowana poszewka na poduszk\u0119:<\/strong>\u00a0Poszewk\u0119 na poduszk\u0119, kt\u00f3ra ma niewidoczny metalowy zamek b\u0142yskawiczny, mo\u017cna \u0142atwo zdj\u0105\u0107 i za\u0142o\u017cy\u0107 na poduszk\u0119; \u0142atwo si\u0119 czy\u015bci i nadaje si\u0119 do prania w pralce; wygodna kiesze\u0144 boczna mo\u017ce w ka\u017cdej chwili pomie\u015bci\u0107 ma\u0142e przedmioty, takie jak telefony kom\u00f3rkowe i okulary.<\/li>\n<li><strong>Rozmiar:<\/strong>\u00a060x20x50cm.<\/li>\n<\/ul>","protected":false},"featured_media":1324,"comment_status":"open","ping_status":"closed","template":"","meta":[],"product_brand":[],"product_cat":[29],"product_tag":[60,82,81,78,79,80,59],"class_list":{"0":"post-1331","1":"product","2":"type-product","3":"status-publish","4":"has-post-thumbnail","6":"product_cat-large-reading-pillow","7":"product_tag-backrest-pillow","8":"product_tag-best-reading-pillow","9":"product_tag-curved-shape-pillow","10":"product_tag-ergonomic-pillow","11":"product_tag-lumbar-pillow","12":"product_tag-positioning-pillow","13":"product_tag-reading-pillow","15":"first","16":"instock","17":"shipping-taxable","18":"purchasable","19":"product-type-simple"},"_links":{"self":[{"href":"https:\/\/www.largepillow.com\/pl\/wp-json\/wp\/v2\/product\/1331","targetHints":{"allow":["GET"]}}],"collection":[{"href":"https:\/\/www.largepillow.com\/pl\/wp-json\/wp\/v2\/product"}],"about":[{"href":"https:\/\/www.largepillow.com\/pl\/wp-json\/wp\/v2\/types\/product"}],"replies":[{"embeddable":true,"href":"https:\/\/www.largepillow.com\/pl\/wp-json\/wp\/v2\/comments?post=1331"}],"wp:featuredmedia":[{"embeddable":true,"href":"https:\/\/www.largepillow.com\/pl\/wp-json\/wp\/v2\/media\/1324"}],"wp:attachment":[{"href":"https:\/\/www.largepillow.com\/pl\/wp-json\/wp\/v2\/media?parent=1331"}],"wp:term":[{"taxonomy":"product_brand","embeddable":true,"href":"https:\/\/www.largepillow.com\/pl\/wp-json\/wp\/v2\/product_brand?post=1331"},{"taxonomy":"product_cat","embeddable":true,"href":"https:\/\/www.largepillow.com\/pl\/wp-json\/wp\/v2\/product_cat?post=1331"},{"taxonomy":"product_tag","embeddable":true,"href":"https:\/\/www.largepillow.com\/pl\/wp-json\/wp\/v2\/product_tag?post=1331"}],"curies":[{"name":"wp","href":"https:\/\/api.w.org\/{rel}","templated":true}]}}