{"id":1373,"date":"2022-09-19T06:10:23","date_gmt":"2022-09-19T06:10:23","guid":{"rendered":"https:\/\/www.largepillow.com\/product\/triangle-pillow-wedge"},"modified":"2025-06-01T22:09:34","modified_gmt":"2025-06-01T22:09:34","slug":"trojkatna-poduszka-do-czytania","status":"publish","type":"product","link":"https:\/\/www.largepillow.com\/pl\/product\/triangle-reading-pillow\/","title":{"rendered":"Tr\u00f3jk\u0105tna poduszka do czytania"},"content":{"rendered":"<p>Szukasz najlepszego towarzysza relaksu, kt\u00f3ry gwarantuje wygod\u0119, wsparcie i wszechstronno\u015b\u0107? Nie szukaj dalej ni\u017c poduszka do czytania Triangle, starannie zaprojektowane akcesorium, kt\u00f3re ma na celu popraw\u0119 komfortu wypoczynku i relaksu. Niezale\u017cnie od tego, czy jeste\u015b zapalonym czytelnikiem, entuzjast\u0105 film\u00f3w, czy te\u017c osob\u0105, kt\u00f3ra lubi odpoczywa\u0107 w \u0142\u00f3\u017cku lub na kanapie, ta poduszka do czytania zmieni zasady gry. Przyjrzyjmy si\u0119, co sprawia, \u017ce poduszka do czytania Triangle jest niezb\u0119dna w ka\u017cdym domu.<\/p>\n<p>Niezr\u00f3wnany komfort podczas sp\u0119dzania wolnego czasu<\/p>\n<p>Przede wszystkim poduszka do czytania Triangle zosta\u0142a zaprojektowana z my\u015bl\u0105 o tych, kt\u00f3rzy ceni\u0105 sobie siedzenie w \u0142\u00f3\u017cku. To nie tylko poduszka; to system podparcia plec\u00f3w, kt\u00f3ry sprawia, \u017ce czytanie, praca lub ogl\u0105danie telewizji w \u0142\u00f3\u017cku staje si\u0119 wspania\u0142ym do\u015bwiadczeniem. Kompatybilno\u015b\u0107 z zag\u0142\u00f3wkami, kanapami i kanapami zmienia ka\u017cd\u0105 przestrze\u0144 w przytulny k\u0105cik.<\/p>\n<p>Podwy\u017cszone wsparcie dzi\u0119ki wyj\u0105tkowo wysokiej konstrukcji<\/p>\n<p>Tym, co wyr\u00f3\u017cnia t\u0119 poduszk\u0119 do czytania, jest jej wyj\u0105tkowa, zakrzywiona i wyj\u0105tkowo wysoka konstrukcja, wynosz\u0105ca 60 cm. Ta funkcja ma zastosowanie nie tylko ze wzgl\u0119du na estetyk\u0119; zapewnia niezr\u00f3wnane wsparcie dla plec\u00f3w i szyi, podnosz\u0105c poziom komfortu, zapewniaj\u0105c jednocze\u015bnie utrzymanie zdrowej postawy.<\/p>\n<p>Wykonane z najwy\u017cszej jako\u015bci materia\u0142\u00f3w<\/p>\n<p>Komfort \u0142\u0105czy si\u0119 z trwa\u0142o\u015bci\u0105 dzi\u0119ki poduszce do czytania Triangle, wype\u0142nionej najwy\u017cszej jako\u015bci bawe\u0142n\u0105 100%, kt\u00f3ra zapewnia mi\u0119kko\u015b\u0107, wsparcie i d\u0142ugotrwa\u0142e wra\u017cenia. Pokrycie z tkaniny z nadrukiem jest nie tylko stylowe, ale tak\u017ce dodaje elegancji ka\u017cdemu pomieszczeniu. Dzi\u0119ki tej wysokiej jako\u015bci konstrukcji poduszka pozostanie podstaw\u0105 Twojego wypoczynku przez wiele lat.<\/p>\n<p>Wygoda na wyci\u0105gni\u0119cie r\u0119ki<\/p>\n<p>Zapomnij o si\u0119ganiu po telefon lub tablet tylko po to, by przekona\u0107 si\u0119, \u017ce jest poza zasi\u0119giem. Tr\u00f3jk\u0105tna poduszka do czytania ma por\u0119czn\u0105 kiesze\u0144 boczn\u0105, dzi\u0119ki kt\u00f3rej mo\u017cesz mie\u0107 wszystko pod r\u0119k\u0105, gdy oddajesz si\u0119 relaksowi.<\/p>\n<p>Wszechstronno\u015b\u0107 i przeno\u015bno\u015b\u0107<\/p>\n<p>Przeno\u015bno\u015b\u0107 i wszechstronno\u015b\u0107 s\u0105 kluczowe w przypadku tej lekkiej i \u0142atwej do przenoszenia poduszki do czytania. Niezale\u017cnie od tego, czy jeste\u015b w sypialni, salonie, czy nawet w podr\u00f3\u017cy, ta poduszka zapewni Ci wsparcie, kt\u00f3rego potrzebujesz, zawsze i wsz\u0119dzie, gdzie go potrzebujesz.<\/p>\n<p>Idealny rozmiar zapewniaj\u0105cy najwy\u017cszy komfort<\/p>\n<p>Tr\u00f3jk\u0105tna poduszka do czytania o wymiarach 60*27*60 cm jest idealnie dopasowana, aby zapewni\u0107 odpowiedni\u0105 r\u00f3wnowag\u0119 komfortu i wsparcia, co czyni j\u0105 idealnym wyborem dla u\u017cytkownik\u00f3w w ka\u017cdym wieku.<\/p>\n<p>Recenzje klient\u00f3w podkre\u015blaj\u0105 satysfakcj\u0119<\/p>\n<p>Klienci zachwycaj\u0105 si\u0119 poduszk\u0105 do czytania Triangle, a w komentarzach podkre\u015blaj\u0105 jej wyj\u0105tkowe wsparcie podczas wypoczynku i czytania. Jeden z u\u017cytkownik\u00f3w wspomnia\u0142: \u201eOdk\u0105d mam tr\u00f3jk\u0105tn\u0105 poduszk\u0119 do czytania, czytanie w \u0142\u00f3\u017cku sta\u0142o si\u0119 zupe\u0142nie innym do\u015bwiadczeniem. Wsparcie jest fantastyczne i uwielbiam wygod\u0119, jak\u0105 daje boczna kiesze\u0144. Inny powiedzia\u0142: \u201eTa poduszka odmieni\u0142a moje sesje ogl\u0105dania telewizji. To nie tylko wygodne; dzi\u0119ki temu m\u00f3j salon wygl\u0105da bardziej zach\u0119caj\u0105co.\u201d<\/p>\n<p>Poduszka do czytania Triangle to co\u015b wi\u0119cej ni\u017c tylko poduszka; to inwestycja w Tw\u00f3j komfort i dobre samopoczucie. Dzi\u0119ki doskona\u0142emu wzornictwu, najwy\u017cszej jako\u015bci materia\u0142om i chwalonej przez klient\u00f3w funkcjonalno\u015bci wyr\u00f3\u017cnia si\u0119 jako niezb\u0119dny dodatek dla ka\u017cdego, kto lubi sp\u0119dza\u0107 czas w \u0142\u00f3\u017cku lub wypoczywa\u0107 w komforcie. Spraw, aby poduszka do czytania Triangle sta\u0142a si\u0119 cz\u0119\u015bci\u0105 Twojego codziennego relaksu i ciesz si\u0119 niezr\u00f3wnanym wsparciem i wygod\u0105, jak\u0105 wnosi do Twojego domu.<\/p>","protected":false},"excerpt":{"rendered":"<ul>\n<li>Idealny do siedzenia w \u0142\u00f3\u017cku: nasza wygodna poduszka do czytania na koturnie zapewnia doskona\u0142e podparcie plec\u00f3w tym, kt\u00f3rzy lubi\u0105 czyta\u0107 lub pracowa\u0107 w \u0142\u00f3\u017cku, ogl\u0105da\u0107 telewizj\u0119 lub relaksowa\u0107 si\u0119. Idealnie nadaje si\u0119 na zag\u0142\u00f3wki, kanapy i kanapy, zapewniaj\u0105c wygodne i podpieraj\u0105ce oparcie.<\/li>\n<li>Wyj\u0105tkowo wysoka konstrukcja: nasza poduszka do czytania ma unikalny zakrzywiony kszta\u0142t, kt\u00f3ry zapewnia dodatkowe wsparcie plec\u00f3w i szyi. Nasza poduszka klinowa ma wysoko\u015b\u0107 60 cm i jest wy\u017csza ni\u017c wi\u0119kszo\u015b\u0107 tradycyjnych poduszek klinowych, zapewniaj\u0105c doskona\u0142e podparcie g\u0142owy i g\u00f3rnej cz\u0119\u015bci cia\u0142a.<\/li>\n<li>Materia\u0142y najwy\u017cszej jako\u015bci: nasza poduszka jest wype\u0142niona wysokiej jako\u015bci bawe\u0142n\u0105 100%, kt\u00f3ra jest mi\u0119kka, wspieraj\u0105ca i trwa\u0142a. Pokrycie z tkaniny z nadrukiem dodaje odrobin\u0119 stylu Twojej sypialni lub salonowi. Wype\u0142niona poduszka z oparciem zapewnia idealne wsparcie i amortyzacj\u0119 dla plec\u00f3w i szyi.<\/li>\n<li>Wygodna kiesze\u0144 boczna: nasza poduszka do czytania na koturnie jest wyposa\u017cona w boczn\u0105 kiesze\u0144, kt\u00f3ra zapewnia wygodne miejsce do przechowywania telefonu, tabletu lub innych drobnych przedmiot\u00f3w podczas relaksu w \u0142\u00f3\u017cku.<\/li>\n<li>Wszechstronno\u015b\u0107 i przeno\u015bno\u015b\u0107: nasza poduszka do czytania jest lekka i \u0142atwa do przenoszenia, dzi\u0119ki czemu idealnie nadaje si\u0119 do stosowania w r\u00f3\u017cnych obszarach domu. Mo\u017cna go u\u017cywa\u0107 w sypialni, salonie, a nawet zabra\u0107 ze sob\u0105 w podr\u00f3\u017c.<\/li>\n<li>Rozmiar: 60*27*60 cm.<\/li>\n<\/ul>","protected":false},"featured_media":1367,"comment_status":"open","ping_status":"closed","template":"","meta":[],"product_brand":[],"product_cat":[29],"product_tag":[66,60,59,64,65],"class_list":{"0":"post-1373","1":"product","2":"type-product","3":"status-publish","4":"has-post-thumbnail","6":"product_cat-large-reading-pillow","7":"product_tag-back-support-pillow","8":"product_tag-backrest-pillow","9":"product_tag-reading-pillow","10":"product_tag-triangle-reading-pillow","11":"product_tag-wedge-pillow","13":"first","14":"instock","15":"featured","16":"shipping-taxable","17":"purchasable","18":"product-type-simple"},"_links":{"self":[{"href":"https:\/\/www.largepillow.com\/pl\/wp-json\/wp\/v2\/product\/1373","targetHints":{"allow":["GET"]}}],"collection":[{"href":"https:\/\/www.largepillow.com\/pl\/wp-json\/wp\/v2\/product"}],"about":[{"href":"https:\/\/www.largepillow.com\/pl\/wp-json\/wp\/v2\/types\/product"}],"replies":[{"embeddable":true,"href":"https:\/\/www.largepillow.com\/pl\/wp-json\/wp\/v2\/comments?post=1373"}],"wp:featuredmedia":[{"embeddable":true,"href":"https:\/\/www.largepillow.com\/pl\/wp-json\/wp\/v2\/media\/1367"}],"wp:attachment":[{"href":"https:\/\/www.largepillow.com\/pl\/wp-json\/wp\/v2\/media?parent=1373"}],"wp:term":[{"taxonomy":"product_brand","embeddable":true,"href":"https:\/\/www.largepillow.com\/pl\/wp-json\/wp\/v2\/product_brand?post=1373"},{"taxonomy":"product_cat","embeddable":true,"href":"https:\/\/www.largepillow.com\/pl\/wp-json\/wp\/v2\/product_cat?post=1373"},{"taxonomy":"product_tag","embeddable":true,"href":"https:\/\/www.largepillow.com\/pl\/wp-json\/wp\/v2\/product_tag?post=1373"}],"curies":[{"name":"wp","href":"https:\/\/api.w.org\/{rel}","templated":true}]}}