{"id":14329,"date":"2025-09-25T01:11:37","date_gmt":"2025-09-25T01:11:37","guid":{"rendered":"https:\/\/www.largepillow.com\/product\/velvet-modular-floor-sofa-set-with-back-support-armrest-pillows"},"modified":"2025-09-25T01:20:38","modified_gmt":"2025-09-25T01:20:38","slug":"aksamitny-modulowy-zestaw-wypoczynkowy-z-oparciem-i-poduszkami-podlokietnikowymi","status":"publish","type":"product","link":"https:\/\/www.largepillow.com\/pl\/product\/velvet-modular-floor-sofa-set-with-back-support-armrest-pillows","title":{"rendered":"Zestaw wypoczynkowy Velvet Modular Floor z oparciem i poduszkami pod\u0142okietnikowymi"},"content":{"rendered":"[zc_getpagecontent mb=&#8221;mb_aplus&#8221; apid=&#8221;144&#8243;]\n","protected":false},"excerpt":{"rendered":"<ul>\n<li>Sofa w stylu boho: Dodaj ciep\u0142y, artystyczny akcent do swojego domu dzi\u0119ki temu modu\u0142owemu zestawowi sof. Z szykownym nadrukiem w stylu boho, pikowanymi guzikami i mi\u0119kk\u0105, aksamitn\u0105 tkanin\u0105, \u0142\u0105czy wygod\u0119 ze stylem, upi\u0119kszaj\u0105c Tw\u00f3j salon, balkon lub k\u0105cik do czytania.<\/li>\n<li>Elastyczna konstrukcja modu\u0142owa: Ka\u017cdy zestaw zawiera 5 element\u00f3w: 2 cylindryczne poduszki pod\u0142okietnik\u00f3w (15,5 cm x 25,5 cm), 2 kwadratowe poduszki oparcia (61 cm x 46,5 cm) i 1 grub\u0105, prostok\u0105tn\u0105 poduszk\u0119 podstawy (20,5 cm x 117,5 cm x 71,5 cm). Mo\u017cna go u\u017cywa\u0107 jako kompaktowej sofy pod\u0142ogowej, fotela wypoczynkowego lub podwy\u017cszonej sofy, a dokupuj\u0105c dodatkowe zestawy, mo\u017cna stworzy\u0107 wi\u0119ksz\u0105 sof\u0119 modu\u0142ow\u0105, a nawet wygodne \u0142\u00f3\u017cko pod\u0142ogowe.<\/li>\n<li>Mi\u0119kko\u015b\u0107, a zarazem wsparcie: Wype\u0142nione bawe\u0142n\u0105 PP o wysokiej g\u0119sto\u015bci, poduszki s\u0105 mi\u0119kkie i puszyste, a jednocze\u015bnie stabilne, zapewniaj\u0105c idealn\u0105 r\u00f3wnowag\u0119 mi\u0119kko\u015bci i wsparcia. Idealne do d\u0142ugich sesji czytania, relaksu lub drzemek bez efektu zapadania si\u0119.<\/li>\n<li>Wysokiej jako\u015bci holenderski aksamit: Ta sofa, obita mi\u0119kkim holenderskim aksamitem, jest g\u0142adka i przyjemna w dotyku, a jej grubo\u015b\u0107 zapewnia trwa\u0142o\u015b\u0107. Tkanina jest oddychaj\u0105ca, odporna na zu\u017cycie i wygodna, a pikowane detale zapobiegaj\u0105 zapadaniu si\u0119, zapewniaj\u0105c d\u0142ugotrwa\u0142e u\u017cytkowanie.<\/li>\n<li>Wszechstronno\u015b\u0107 w wielu konfiguracjach: Ustaw go jako kanap\u0119 na pod\u0142odze, poduszk\u0119 na \u0142awce, le\u017cank\u0119 lub siedzisko na parapecie, aby dopasowa\u0107 go do r\u00f3\u017cnych przestrzeni. Idealny do ma\u0142ych mieszka\u0144, akademik\u00f3w, salon\u00f3w, balkon\u00f3w i pokoi go\u015bcinnych, oferuj\u0105c elastyczny komfort w ka\u017cdym zak\u0105tku.<\/li>\n<\/ul>","protected":false},"featured_media":14320,"comment_status":"open","ping_status":"closed","template":"","meta":[],"product_brand":[],"product_cat":[228],"product_tag":[],"class_list":{"0":"post-14329","1":"product","2":"type-product","3":"status-publish","4":"has-post-thumbnail","6":"product_cat-cushions","8":"first","9":"instock","10":"sold-individually","11":"shipping-taxable","12":"purchasable","13":"product-type-simple"},"_links":{"self":[{"href":"https:\/\/www.largepillow.com\/pl\/wp-json\/wp\/v2\/product\/14329","targetHints":{"allow":["GET"]}}],"collection":[{"href":"https:\/\/www.largepillow.com\/pl\/wp-json\/wp\/v2\/product"}],"about":[{"href":"https:\/\/www.largepillow.com\/pl\/wp-json\/wp\/v2\/types\/product"}],"replies":[{"embeddable":true,"href":"https:\/\/www.largepillow.com\/pl\/wp-json\/wp\/v2\/comments?post=14329"}],"wp:featuredmedia":[{"embeddable":true,"href":"https:\/\/www.largepillow.com\/pl\/wp-json\/wp\/v2\/media\/14320"}],"wp:attachment":[{"href":"https:\/\/www.largepillow.com\/pl\/wp-json\/wp\/v2\/media?parent=14329"}],"wp:term":[{"taxonomy":"product_brand","embeddable":true,"href":"https:\/\/www.largepillow.com\/pl\/wp-json\/wp\/v2\/product_brand?post=14329"},{"taxonomy":"product_cat","embeddable":true,"href":"https:\/\/www.largepillow.com\/pl\/wp-json\/wp\/v2\/product_cat?post=14329"},{"taxonomy":"product_tag","embeddable":true,"href":"https:\/\/www.largepillow.com\/pl\/wp-json\/wp\/v2\/product_tag?post=14329"}],"curies":[{"name":"wp","href":"https:\/\/api.w.org\/{rel}","templated":true}]}}