{"id":1441,"date":"2022-09-20T02:49:25","date_gmt":"2022-09-20T02:49:25","guid":{"rendered":"https:\/\/www.largepillow.com\/product\/huge-rock-pillows-living-stones-pillows-living-pillows-pebble-pillows-pre-filled-christmas-present-max-size-light-gray-9003"},"modified":"2024-10-03T16:31:34","modified_gmt":"2024-10-03T16:31:34","slug":"poduszki-livingstones","status":"publish","type":"product","link":"https:\/\/www.largepillow.com\/pl\/product\/livingstones-pillows","title":{"rendered":"Poduszki Livingstones"},"content":{"rendered":"[zc_getpagecontent mb=&#8221;mb_aplus&#8221; apid=&#8221;21&#8243;]\n","protected":false},"excerpt":{"rendered":"<ul>\n<li><strong>Poduszka zewn\u0119trzna Verisimilar 3D:<\/strong> Na pierwszy rzut oka nigdy nie pomy\u015blisz, \u017ce to tylko poduszka dekoracyjna. Dzi\u0119ki pomys\u0142owemu projektowi idealnie \u0142\u0105czymy przytuln\u0105 poduszk\u0119 i \u201ekamie\u0144\u201d. Kszta\u0142t elipsy i smuk\u0142a krzywizna sprawiaj\u0105, \u017ce wygl\u0105daj\u0105 jak prawdziwe kamienie. Mieszanie i dopasowywanie ciemnych i jasnych kolor\u00f3w mo\u017ce wprowadzi\u0107 bogate wizualne zmiany do Twojego pokoju i sprawi\u0107, \u017ce b\u0119dzie zabawny. Te wyraziste poduszki dekoracyjne sprawiaj\u0105, \u017ce nasz dom staje si\u0119 ciekawym miejscem.<\/li>\n<li><strong>Poduszki dekoracyjne na r\u00f3\u017cne okazje:<\/strong> Nasze poduszki mog\u0105 by\u0107 u\u017cywane jako dekoracja, aby zaspokoi\u0107 r\u00f3\u017cne potrzeby przy r\u00f3\u017cnych okazjach. Umie\u015b\u0107 j\u0105 w pomieszczeniu, aby nada\u0107 pomieszczeniu naturalny smak. Ustaw j\u0105 na zewn\u0105trz w ogrodzie, na tarasie, basenie itp. Mo\u017cesz wr\u00f3ci\u0107 do prawdziwej, doskona\u0142ej integracji i czu\u0107 si\u0119 komfortowo; S\u0142u\u017cy do dekoracji pokoju dzieci\u0119cego, mo\u017ce stworzy\u0107 park zabaw.<\/li>\n<li><strong>Uniwersalne kreatywne poduszki:<\/strong> Nasze poduszki przytulanki mog\u0105 s\u0142u\u017cy\u0107 nie tylko jako poduszki dekoracyjne w dowolnym zak\u0105tku wn\u0119trza \/ poduszki zewn\u0119trzne do u\u017cytku na zewn\u0105trz, ale mog\u0105 by\u0107 r\u00f3wnie\u017c u\u017cywane jako zabawki dla dzieci, dzi\u0119ki czemu dzieci mog\u0105 bawi\u0107 si\u0119 jak poduszki przytulanki do woli i swoich uczu\u0107 w grze. Du\u017ce poduszki na kanap\u0119 mog\u0105 by\u0107 r\u00f3wnie\u017c u\u017cywane jako kreatywne siedzenia, a ma\u0142e poduszki na sof\u0119. Poduszki dekoracyjne o r\u00f3\u017cnych kszta\u0142tach to r\u00f3wnie\u017c dobry wyb\u00f3r na rekwizyty do zdj\u0119\u0107.<\/li>\n<li><strong>Wysokiej jako\u015bci poduszka z kamienia symulacyjnego:<\/strong> Wybrane super mi\u0119kkie kr\u00f3tkie aksamitne tkaniny, mi\u0119kkie i wygodne. Poduszki dekoracyjne z wype\u0142nieniem (wype\u0142nienie poliestrowe), kt\u00f3re jest puszyste i mi\u0119kkie oraz ma dobr\u0105 elastyczno\u015b\u0107. Niewidoczny zamek b\u0142yskawiczny, ale tak\u017ce u\u0142atwia demonta\u017c poszewki na poduszk\u0119. Dzi\u0119ki reaktywnej technologii drukowania i barwienia, od wyboru materia\u0142u po utrwalanie kolor\u00f3w, usuwanie rozmiaru, kszta\u0142towanie do gotowego produktu, ka\u017cdy krok jest \u015bci\u015ble realizowany.<\/li>\n<li><strong>Opakowanie i rozmiar:<\/strong> ka\u017cde opakowanie zawiera 1 zestaw 6 r\u00f3\u017cnych rozmiar\u00f3w poduszek ogrodowych, kt\u00f3re s\u0105 zaprojektowane w nieregularnych owalnych kszta\u0142tach, aby bardziej przypomina\u0142y kamienie. Rozmiary to: 100\u00d750 \/ 50\u00d735 \/ 50\u00d725 \/ 35\u00d723 \/ 30\u00d715 \/ 18x10cm.<\/li>\n<\/ul>","protected":false},"featured_media":1430,"comment_status":"open","ping_status":"closed","template":"","meta":[],"product_brand":[],"product_cat":[30],"product_tag":[58,57,53,56,52,54,51,55,50],"class_list":{"0":"post-1441","1":"product","2":"type-product","3":"status-publish","4":"has-post-thumbnail","6":"product_cat-large-rock-pillow","7":"product_tag-floor-cushion","8":"product_tag-floor-pillow","9":"product_tag-livingstones","10":"product_tag-pebble-cushion","11":"product_tag-pebble-pillow","12":"product_tag-rock-cushion","13":"product_tag-rock-pillow","14":"product_tag-stone-cushion","15":"product_tag-stone-pillow","17":"first","18":"instock","19":"featured","20":"shipping-taxable","21":"purchasable","22":"product-type-variable","23":"has-default-attributes"},"_links":{"self":[{"href":"https:\/\/www.largepillow.com\/pl\/wp-json\/wp\/v2\/product\/1441","targetHints":{"allow":["GET"]}}],"collection":[{"href":"https:\/\/www.largepillow.com\/pl\/wp-json\/wp\/v2\/product"}],"about":[{"href":"https:\/\/www.largepillow.com\/pl\/wp-json\/wp\/v2\/types\/product"}],"replies":[{"embeddable":true,"href":"https:\/\/www.largepillow.com\/pl\/wp-json\/wp\/v2\/comments?post=1441"}],"wp:featuredmedia":[{"embeddable":true,"href":"https:\/\/www.largepillow.com\/pl\/wp-json\/wp\/v2\/media\/1430"}],"wp:attachment":[{"href":"https:\/\/www.largepillow.com\/pl\/wp-json\/wp\/v2\/media?parent=1441"}],"wp:term":[{"taxonomy":"product_brand","embeddable":true,"href":"https:\/\/www.largepillow.com\/pl\/wp-json\/wp\/v2\/product_brand?post=1441"},{"taxonomy":"product_cat","embeddable":true,"href":"https:\/\/www.largepillow.com\/pl\/wp-json\/wp\/v2\/product_cat?post=1441"},{"taxonomy":"product_tag","embeddable":true,"href":"https:\/\/www.largepillow.com\/pl\/wp-json\/wp\/v2\/product_tag?post=1441"}],"curies":[{"name":"wp","href":"https:\/\/api.w.org\/{rel}","templated":true}]}}