{"id":15391,"date":"2025-11-08T12:46:13","date_gmt":"2025-11-08T12:46:13","guid":{"rendered":"https:\/\/www.largepillow.com\/product\/fluffy-cloud-bean-bag-chair-plush-lounge-seat-for-reading-gaming"},"modified":"2025-11-09T08:47:35","modified_gmt":"2025-11-09T08:47:35","slug":"puszysty-fotel-worek-w-ksztalcie-chmury-pluszowe-siedzisko-do-czytania-i-grania","status":"publish","type":"product","link":"https:\/\/www.largepillow.com\/pl\/product\/fluffy-cloud-bean-bag-chair-plush-lounge-seat-for-reading-gaming\/","title":{"rendered":"Puszysty fotel-worek w kszta\u0142cie chmury \u2013 pluszowy fotel wypoczynkowy do czytania i grania"},"content":{"rendered":"[zc_getpagecontent mb=&#8221;mb_aplus&#8221; apid=&#8221;147&#8243;]\n","protected":false},"excerpt":{"rendered":"<ul>\n<li>KOMFORT JAK CHMURKA: Ten fotel sako, wykonany z wysokiej jako\u015bci wype\u0142nienia z bawe\u0142ny PP, dopasowuje si\u0119 do kszta\u0142tu cia\u0142a, zapewniaj\u0105c podparcie niczym chmura podczas czytania, medytacji lub drzemki. Idealny dla doros\u0142ych i dzieci poszukuj\u0105cych absolutnego relaksu.<\/li>\n<li>WSZECHSTRONNE ZASTOSOWANIE WEWN\u0118TRZNE: Idealny jako fotel dekoracyjny do salonu, przytulny dodatek do k\u0105cika do czytania lub zabawny fotel na pod\u0142odze podczas wieczor\u00f3w gier i film\u00f3w. Jego minimalistyczny styl idealnie komponuje si\u0119 z wystrojem w stylu nowoczesnym, boho lub skandynawskim.<\/li>\n<li>TRWA\u0141Y I \u0141ATWY W CZYSZCZENIU: Wykonany z najwy\u017cszej jako\u015bci, przyjaznej dla sk\u00f3ry tkaniny Plush Velvet, odpornej na plamy i nadaj\u0105cej si\u0119 do prania w pralce. Wzmocnione podw\u00f3jne szwy gwarantuj\u0105 d\u0142ugotrwa\u0142e u\u017cytkowanie, nawet podczas codziennego wypoczynku lub w towarzystwie zwierz\u0105t.<\/li>\n<li>ERGONOMICZNY I OSZCZ\u0118DNO\u015aCIOWY: Zakrzywiony kszta\u0142t chmurki naturalnie otula plecy i biodra, sprzyjaj\u0105c zdrowej postawie. Lekka i przeno\u015bna, mo\u017cna j\u0105 \u0142atwo przestawia\u0107, aby stworzy\u0107 wygodne miejsce w dowolnym miejscu w domu.<\/li>\n<li>IDEALNY POMYS\u0141 NA PREZENT: Niezale\u017cnie od tego, czy jest to prezent na parapet\u00f3wk\u0119, urodziny czy \u015bwi\u0119ta, ten uroczy fotel w kszta\u0142cie chmurki przyniesie rado\u015b\u0107 i wygod\u0119 u\u017cytkownikom w ka\u017cdym wieku.<\/li>\n<\/ul>","protected":false},"featured_media":15376,"comment_status":"open","ping_status":"closed","template":"","meta":[],"product_brand":[],"product_cat":[228],"product_tag":[],"class_list":{"0":"post-15391","1":"product","2":"type-product","3":"status-publish","4":"has-post-thumbnail","6":"product_cat-cushions","8":"first","9":"instock","10":"sold-individually","11":"shipping-taxable","12":"purchasable","13":"product-type-simple"},"_links":{"self":[{"href":"https:\/\/www.largepillow.com\/pl\/wp-json\/wp\/v2\/product\/15391","targetHints":{"allow":["GET"]}}],"collection":[{"href":"https:\/\/www.largepillow.com\/pl\/wp-json\/wp\/v2\/product"}],"about":[{"href":"https:\/\/www.largepillow.com\/pl\/wp-json\/wp\/v2\/types\/product"}],"replies":[{"embeddable":true,"href":"https:\/\/www.largepillow.com\/pl\/wp-json\/wp\/v2\/comments?post=15391"}],"wp:featuredmedia":[{"embeddable":true,"href":"https:\/\/www.largepillow.com\/pl\/wp-json\/wp\/v2\/media\/15376"}],"wp:attachment":[{"href":"https:\/\/www.largepillow.com\/pl\/wp-json\/wp\/v2\/media?parent=15391"}],"wp:term":[{"taxonomy":"product_brand","embeddable":true,"href":"https:\/\/www.largepillow.com\/pl\/wp-json\/wp\/v2\/product_brand?post=15391"},{"taxonomy":"product_cat","embeddable":true,"href":"https:\/\/www.largepillow.com\/pl\/wp-json\/wp\/v2\/product_cat?post=15391"},{"taxonomy":"product_tag","embeddable":true,"href":"https:\/\/www.largepillow.com\/pl\/wp-json\/wp\/v2\/product_tag?post=15391"}],"curies":[{"name":"wp","href":"https:\/\/api.w.org\/{rel}","templated":true}]}}