{"id":15464,"date":"2025-11-08T15:02:43","date_gmt":"2025-11-08T15:02:43","guid":{"rendered":"https:\/\/www.largepillow.com\/product\/ergonomic-adjustable-floor-recliner-gaming-and-reading-lounge-chair"},"modified":"2025-12-16T10:33:38","modified_gmt":"2025-12-16T10:33:38","slug":"ergonomiczny-regulowany-fotel-podlogowy-do-gier-i-czytania","status":"publish","type":"product","link":"https:\/\/www.largepillow.com\/pl\/product\/ergonomic-adjustable-floor-recliner-gaming-and-reading-lounge-chair","title":{"rendered":"Ergonomiczny, regulowany fotel pod\u0142ogowy, fotel do gier i czytania"},"content":{"rendered":"[zc_getpagecontent mb=&#8221;mb_aplus&#8221; apid=&#8221;154&#8243;]\n","protected":false},"excerpt":{"rendered":"<ul>\n<li>Regulowany komfort w 5 pozycjach: Ciesz si\u0119 spersonalizowanym komfortem dzi\u0119ki regulowanemu fotelowi pod\u0142ogowemu, zaprojektowanemu z 5-stopniow\u0105 regulacj\u0105 k\u0105ta odchylenia, od pozycji pionowej do ca\u0142kowicie p\u0142askiej. Niezale\u017cnie od tego, czy grasz, czytasz, czy ucinasz sobie drzemk\u0119, z \u0142atwo\u015bci\u0105 znajdziesz idealn\u0105 pozycj\u0119 dla plec\u00f3w i kr\u0119gos\u0142upa. Ten regulowany fotel pod\u0142ogowy zapewnia ergonomiczny relaks, oferuj\u0105c idealn\u0105 konfiguracj\u0119 do gier, medytacji lub relaksu w przytulnym fotelu.<\/li>\n<li>Fotel pikowany Premium: Zanurz si\u0119 w niezr\u00f3wnanym komforcie w naszym przytulnym fotelu do czytania, wykonanym z pikowanej poduszki i wype\u0142nionym wysokopoliestrow\u0105 bawe\u0142n\u0105, kt\u00f3ra zapewnia puszyst\u0105 mi\u0119kko\u015b\u0107 i d\u0142ugotrwa\u0142\u0105 spr\u0119\u017cysto\u015b\u0107. Poduszka zachowuje sw\u00f3j kszta\u0142t nawet po d\u0142ugim u\u017cytkowaniu, zapewniaj\u0105c doskona\u0142e podparcie plec\u00f3w i bioder. Ciesz si\u0119 idealn\u0105 r\u00f3wnowag\u0105 mi\u0119kko\u015bci i twardo\u015bci, relaksuj\u0105c si\u0119 na tym wygodnym le\u017caku.<\/li>\n<li>Wytrzyma\u0142a stalowa rama i zabezpieczenie antypo\u015blizgowe: Zbudowany z wytrzyma\u0142ej stalowej ramy, fotel pod\u0142ogowy zapewnia wyj\u0105tkow\u0105 stabilno\u015b\u0107 i d\u0142ugotrwa\u0142e u\u017cytkowanie. Sp\u00f3d krzes\u0142a jest wyposa\u017cony w antypo\u015blizgow\u0105 tkanin\u0119 i ochronne, mi\u0119kkie podk\u0142adki, kt\u00f3re zapobiegaj\u0105 zarysowaniom pod\u0142ogi, jednocze\u015bnie utrzymuj\u0105c fotel stabilnie na miejscu podczas u\u017cytkowania. Solidna konstrukcja wewn\u0119trzna zapewnia bezpiecze\u0144stwo i wsparcie, dzi\u0119ki czemu jest to niezawodny wyb\u00f3r zar\u00f3wno dla doros\u0142ych, jak i nastolatk\u00f3w.<\/li>\n<li>Wielofunkcyjny fotel: Idealnie zaprojektowany do nowoczesnych przestrzeni mieszkalnych, ten fotel pod\u0142ogowy dopasuje si\u0119 do Twojego stylu \u017cycia \u2013 u\u017cywaj go jako fotela gamingowego, wygodnego fotela do czytania lub wygodnej le\u017canki do medytacji, pracy lub wieczor\u00f3w filmowych. Jego minimalistyczny design pasuje do ka\u017cdego wystroju, idealnie sprawdzaj\u0105c si\u0119 w salonach, sypialniach, akademikach i apartamentach. Ciesz si\u0119 wielofunkcyjnym komfortem, gdziekolwiek siedzisz.<\/li>\n<li>Fotel rozk\u0142adany bez monta\u017cu: gotowy do u\u017cycia od razu po wyj\u0119ciu z pude\u0142ka! Regulowany fotel pod\u0142ogowy nie wymaga monta\u017cu \u2013 wystarczy roz\u0142o\u017cy\u0107 i zrelaksowa\u0107 si\u0119. Gdy nie jest u\u017cywany, mo\u017cna go z\u0142o\u017cy\u0107, aby zmie\u015bci\u0107 go pod \u0142\u00f3\u017ckiem lub w k\u0105cie. Wymiary po roz\u0142o\u017ceniu: 143 cm (d\u0142.) x 76 cm (szer.); wymiary po z\u0142o\u017ceniu: 81 cm (d\u0142.) x 76 cm (szer.) x 69 cm (wys.). Zaprojektowany z my\u015bl\u0105 o codziennej wygodzie, ten fotel gamingowy \u0142\u0105czy w sobie komfort, funkcjonalno\u015b\u0107 i \u0142atwo\u015b\u0107 przenoszenia.<\/li>\n<\/ul>","protected":false},"featured_media":15455,"comment_status":"open","ping_status":"closed","template":"","meta":[],"product_brand":[],"product_cat":[228],"product_tag":[],"class_list":{"0":"post-15464","1":"product","2":"type-product","3":"status-publish","4":"has-post-thumbnail","6":"product_cat-cushions","8":"first","9":"outofstock","10":"sold-individually","11":"shipping-taxable","12":"purchasable","13":"product-type-simple"},"_links":{"self":[{"href":"https:\/\/www.largepillow.com\/pl\/wp-json\/wp\/v2\/product\/15464","targetHints":{"allow":["GET"]}}],"collection":[{"href":"https:\/\/www.largepillow.com\/pl\/wp-json\/wp\/v2\/product"}],"about":[{"href":"https:\/\/www.largepillow.com\/pl\/wp-json\/wp\/v2\/types\/product"}],"replies":[{"embeddable":true,"href":"https:\/\/www.largepillow.com\/pl\/wp-json\/wp\/v2\/comments?post=15464"}],"wp:featuredmedia":[{"embeddable":true,"href":"https:\/\/www.largepillow.com\/pl\/wp-json\/wp\/v2\/media\/15455"}],"wp:attachment":[{"href":"https:\/\/www.largepillow.com\/pl\/wp-json\/wp\/v2\/media?parent=15464"}],"wp:term":[{"taxonomy":"product_brand","embeddable":true,"href":"https:\/\/www.largepillow.com\/pl\/wp-json\/wp\/v2\/product_brand?post=15464"},{"taxonomy":"product_cat","embeddable":true,"href":"https:\/\/www.largepillow.com\/pl\/wp-json\/wp\/v2\/product_cat?post=15464"},{"taxonomy":"product_tag","embeddable":true,"href":"https:\/\/www.largepillow.com\/pl\/wp-json\/wp\/v2\/product_tag?post=15464"}],"curies":[{"name":"wp","href":"https:\/\/api.w.org\/{rel}","templated":true}]}}