{"id":156,"date":"2022-09-15T06:26:18","date_gmt":"2022-09-15T06:26:18","guid":{"rendered":"https:\/\/www.largepillow.com\/product\/daybed-wedge-pillow"},"modified":"2025-11-05T02:15:25","modified_gmt":"2025-11-05T02:15:25","slug":"poduszka-zaglowek-lozka-2","status":"publish","type":"product","link":"https:\/\/www.largepillow.com\/pl\/product\/bed-bolster-pillow","title":{"rendered":"Poduszka do \u0142\u00f3\u017cka"},"content":{"rendered":"<p>Odkryj najwy\u017cszy komfort dzi\u0119ki poduszce wzmacniaj\u0105cej \u0142\u00f3\u017cko<\/p>\n<p>Masz do\u015b\u0107 trudno\u015bci z usadowieniem si\u0119 wygodnie w \u0142\u00f3\u017cku podczas czytania lub ogl\u0105dania telewizji? Przedstawiamy rewolucyjn\u0105 poduszk\u0119 Bed Bolster Pillow, wielofunkcyjn\u0105 poduszk\u0119 3 w 1, kt\u00f3ra przenosi relaks przed snem na nowy poziom. <\/p>\n<p>Ta tr\u00f3jk\u0105tna poduszka, wykonana z najwy\u017cszej jako\u015bci materia\u0142\u00f3w, zapewnia ergonomiczne podparcie l\u0119d\u017awiowe, kt\u00f3re idealnie dopasowuje si\u0119 do plec\u00f3w i talii. Oddychaj\u0105ca poliestrowa pow\u0142oka i spr\u0119\u017cysta poduszka wewn\u0119trzna zapewniaj\u0105 odpowiedni\u0105 ilo\u015b\u0107 ciep\u0142a na wiele godzin komfortu bez napi\u0119\u0107. <\/p>\n<p>Klienci uwielbiaj\u0105 wszechstronno\u015b\u0107 poduszki Bed Bolster:<\/p>\n<p>\u201eU\u017cywam mojego stoj\u0105cego w pozycji pionowej jako oparcia, gdy siedz\u0119 w \u0142\u00f3\u017cku. To o wiele lepsze ni\u017c zmaganie si\u0119 z p\u0142askimi poduszkami, kt\u00f3re ci\u0105gle si\u0119 zsuwaj\u0105.<\/p>\n<p>\u201eTa poduszka klinowa jest niesamowita. \u015api\u0119 na boku i umieszczenie go pod nogami zdzia\u0142a\u0142o cuda w przypadku b\u00f3lu plec\u00f3w\u201d.  <\/p>\n<p>\u201eUwielbiam u\u017cywa\u0107 go jako ma\u0142ej poduszki na kanap\u0119. Jest to idealny rozmiar dla mnie i mojej c\u00f3rki, aby m\u00f3c si\u0119 przytula\u0107 i razem czyta\u0107\u201d.<\/p>\n<p>Dzi\u0119ki rozmiarom od 45 cm do przestronnych 200 cm, poduszka Bed Bolster Pillow mo\u017ce pomie\u015bci\u0107 wszystko, od u\u017cytku osobistego po wsp\u00f3lne spanie z partnerem. Wygodne kieszenie boczne zapewniaj\u0105 miejsce do przechowywania ksi\u0105\u017cek, pilot\u00f3w, telefon\u00f3w i innych przedmiot\u00f3w, a zdejmowana pokrywa zapinana na zamek umo\u017cliwia \u0142atwe pranie. <\/p>\n<p>Podnie\u015b sw\u00f3j relaks dzi\u0119ki jednej poduszce, kt\u00f3ra robi to wszystko. Zabierz do domu poduszk\u0119 Bed Bolster i odkryj najwy\u017cszy komfort ju\u017c dzi\u015b!<\/p>","protected":false},"excerpt":{"rendered":"<ul>\n<li><strong>Najwy\u017cszy komfort:<\/strong> Ta poduszka zag\u0142\u00f3wkowa zapewnia doskona\u0142y komfort dzi\u0119ki tr\u00f3jk\u0105tnemu kszta\u0142towi. Poduszka podtrzymuj\u0105ca \u0142\u00f3\u017cko dobrze dopasowuje si\u0119 do plec\u00f3w i talii, minimalizuj\u0105c nacisk na odcinek l\u0119d\u017awiowy\/plecy. Ta klinowa poduszka do czytania pomo\u017ce Ci zachowa\u0107 spok\u00f3j w \u0142\u00f3\u017cku lub na sofie, co jest idealne dla pracuj\u0105cych nocnych mark\u00f3w, moli ksi\u0105\u017ckowych i ogl\u0105dania telewizji w \u0142\u00f3\u017cku. Ta wyj\u0105tkowo du\u017ca poduszka z wa\u0142kiem jest jedyn\u0105 poduszk\u0105 klinow\u0105, kt\u00f3ra mo\u017ce pomie\u015bci\u0107 dwie osoby.<\/li>\n<li><strong>Du\u017ca poduszka 3 w 1:<\/strong> Mo\u017cesz u\u017cywa\u0107 poduszki w pozycji pionowej jako poduszki podpieraj\u0105cej plecy do zag\u0142\u00f3wka podczas siedzenia w \u0142\u00f3\u017cku lub po\u0142o\u017cy\u0107 j\u0105 p\u0142asko na \u0142\u00f3\u017cku, aby u\u017cywa\u0107 jej jako du\u017cej poduszki klinowej podczas snu na plecach lub boku, lub jako poduszki na nogi, aby unie\u015b\u0107 nogi. Je\u015bli potrzebujesz du\u017cej poduszki wezg\u0142owia, kt\u00f3ra zapewni wsparcie zar\u00f3wno Tobie, jak i Twojemu wsp\u00f3\u0142ma\u0142\u017conkowi. To doskona\u0142a alternatywa.<\/li>\n<li><strong>Wielofunkcyjny projekt:<\/strong> Niekt\u00f3rzy u\u017cywaj\u0105 du\u017cej poduszki tr\u00f3jk\u0105tnej jako poduszki zag\u0142\u00f3wka, podczas gdy inni u\u017cywaj\u0105 jej jako poduszki zabezpieczaj\u0105cej, mo\u017ce to by\u0107 r\u00f3wnie\u017c poduszka wspieraj\u0105ca oparcie kanapy lub kanapy. Jest stylowy i funkcjonalny, co czyni go doskona\u0142ym dodatkiem do ka\u017cdej sypialni.<\/li>\n<li><strong>Doskona\u0142e rzemios\u0142o:<\/strong> Poszewka na poduszk\u0119 ma wygl\u0105d sztruksu i sk\u0142ada si\u0119 z poliestru 100%. nasza poduszka wezg\u0142owia jest oddychaj\u0105ca i wystarczaj\u0105co wygodna, aby utrzyma\u0107 sw\u00f3j kszta\u0142t i nie utraci\u0107 kszta\u0142tu z up\u0142ywem czasu. Boczna kiesze\u0144 po ka\u017cdej stronie pozwala na wsuni\u0119cie ksi\u0105\u017cki lub telefonu.<\/li>\n<li><strong>\u0141atwe do mycia:<\/strong> Pokrowiec na poduszk\u0119 do czytania mocuje si\u0119 do poduszki za pomoc\u0105 guzik\u00f3w i mo\u017cna go \u0142atwo zdj\u0105\u0107 za pomoc\u0105 prostego zamka b\u0142yskawicznego. Dzi\u0119ki temu jego czyszczenie nie sprawia \u017cadnych problem\u00f3w. Wystarczy zdj\u0105\u0107 poszewk\u0119 i szybko wypra\u0107 poduszk\u0119 w pralce, a poduszka b\u0119dzie wygl\u0105da\u0107 jak nowa.<\/li>\n<li><strong>Rozmiar:<\/strong> 45 cm (d\u0142. 45 x szer. 20 x wys. 50 | 0 przycisk\u00f3w), 60 cm (d\u0142. 60 x szer. 20 x wys. 50 | 0 przycisk\u00f3w), 80 cm (d\u0142. 80 x szer. 20 x wys. 50 | 2 przyciski), 100 cm (d\u0142. 100 x szer. 20 x wys. 50 | 3 przyciski), 120 cm ( D\u0142. 120 x szer. 20 x wys. 50 | 4 przyciski), 140 cm (d\u0142. 140 x szer. 20 x wys. 50 | 4 przyciski), 160 cm (d\u0142. 160 x szer. 20 x wys. 50 | 5 przycisk\u00f3w), 180 cm (d\u0142. 180 x szer. 20 x wys. 50 | 6 przycisk\u00f3w), 200 cm (d\u0142. 200 x wys. S20 x W50 | 7 przycisk\u00f3w).<\/li>\n<\/ul>","protected":false},"featured_media":137,"comment_status":"open","ping_status":"closed","template":"","meta":[],"product_brand":[],"product_cat":[15],"product_tag":[66,225,195,206,218,102,75,168,154,199,163,59],"class_list":{"0":"post-156","1":"product","2":"type-product","3":"status-publish","4":"has-post-thumbnail","6":"product_cat-large-wedge-pillow","7":"product_tag-back-support-pillow","8":"product_tag-bed-bolster-pillow","9":"product_tag-brown-pillow","10":"product_tag-bumper-pillow","11":"product_tag-corduroy-pillow","12":"product_tag-couch-pillow","13":"product_tag-daybed-pillow","14":"product_tag-headboard-pillow","15":"product_tag-large-body-pillow","16":"product_tag-large-wedge-pillow","17":"product_tag-leg-pillow","18":"product_tag-reading-pillow","20":"first","21":"instock","22":"featured","23":"shipping-taxable","24":"purchasable","25":"product-type-variable"},"_links":{"self":[{"href":"https:\/\/www.largepillow.com\/pl\/wp-json\/wp\/v2\/product\/156","targetHints":{"allow":["GET"]}}],"collection":[{"href":"https:\/\/www.largepillow.com\/pl\/wp-json\/wp\/v2\/product"}],"about":[{"href":"https:\/\/www.largepillow.com\/pl\/wp-json\/wp\/v2\/types\/product"}],"replies":[{"embeddable":true,"href":"https:\/\/www.largepillow.com\/pl\/wp-json\/wp\/v2\/comments?post=156"}],"wp:featuredmedia":[{"embeddable":true,"href":"https:\/\/www.largepillow.com\/pl\/wp-json\/wp\/v2\/media\/137"}],"wp:attachment":[{"href":"https:\/\/www.largepillow.com\/pl\/wp-json\/wp\/v2\/media?parent=156"}],"wp:term":[{"taxonomy":"product_brand","embeddable":true,"href":"https:\/\/www.largepillow.com\/pl\/wp-json\/wp\/v2\/product_brand?post=156"},{"taxonomy":"product_cat","embeddable":true,"href":"https:\/\/www.largepillow.com\/pl\/wp-json\/wp\/v2\/product_cat?post=156"},{"taxonomy":"product_tag","embeddable":true,"href":"https:\/\/www.largepillow.com\/pl\/wp-json\/wp\/v2\/product_tag?post=156"}],"curies":[{"name":"wp","href":"https:\/\/api.w.org\/{rel}","templated":true}]}}