{"id":16483,"date":"2026-02-08T03:09:34","date_gmt":"2026-02-08T03:09:34","guid":{"rendered":"https:\/\/www.largepillow.com\/product\/contemporary-ottoman-cube-decorative-pouf-footrest-for-home-white-marble"},"modified":"2026-02-11T02:58:28","modified_gmt":"2026-02-11T02:58:28","slug":"nowoczesny-puf-w-ksztalcie-kostki-dekoracyjny-podnozek-do-domu-bialy-marmur","status":"publish","type":"product","link":"https:\/\/www.largepillow.com\/pl\/product\/contemporary-ottoman-cube-decorative-pouf-footrest-for-home-white-marble","title":{"rendered":"Nowoczesny, dekoracyjny podn\u00f3\u017cek w kszta\u0142cie kostki osma\u0144skiej do domu (bia\u0142y marmur)"},"content":{"rendered":"<p>Odmie\u0144 swoj\u0105 przestrze\u0144 \u017cyciow\u0105 dzi\u0119ki tej wszechstronnej i stylowej pufie w kszta\u0142cie kostki, kt\u00f3ra s\u0142u\u017cy zar\u00f3wno jako funkcjonalny podn\u00f3\u017cek, jak i dekoracyjny element dekoracyjny. Puf o wymiarach 55 x 55 x 40 cm (22 x 22 x 17 cali) zachwyca zachwycaj\u0105cymi wzorami, kt\u00f3re tworz\u0105 luksusow\u0105, naturaln\u0105 estetyk\u0119. Sze\u015bcian wyr\u00f3\u017cnia si\u0119 misternymi, wiruj\u0105cymi wzorami w bogatych odcieniach br\u0105zu i z\u0142ota, dzi\u0119ki czemu ka\u017cdy egzemplarz jest niepowtarzalny i niepowtarzalny. Wykonany z wysokiej jako\u015bci pianki, zapewnia wygodne podparcie, niezale\u017cnie od tego, czy s\u0142u\u017cy jako podn\u00f3\u017cek, dodatkowe siedzisko, czy stolik kawowy. Nowoczesny design doskonale komponuje si\u0119 z r\u00f3\u017cnymi stylami wn\u0119trz, od wsp\u00f3\u0142czesnego po rustykalny. Poka\u017any rozmiar sprawia, \u017ce puf ten jest idealnym wyborem zar\u00f3wno do praktycznego u\u017cytku, jak i jako wyrazisty element wystroju domu. Dost\u0119pny w r\u00f3\u017cnych wzorach, z mo\u017cliwo\u015bci\u0105 personalizacji, aby dopasowa\u0107 go do indywidualnych potrzeb estetycznych. Uniwersalna wysoko\u015b\u0107 i solidna konstrukcja sprawiaj\u0105, \u017ce puf ten mo\u017ce pe\u0142ni\u0107 wiele funkcji \u2013 od wygodnego podn\u00f3\u017cka po prowizoryczny stolik kawowy lub dodatkowe siedzisko podczas przyjmowania go\u015bci.<\/p>","protected":false},"excerpt":{"rendered":"<ul>\n<li>Uniwersalny design: Nowoczesny puf w kszta\u0142cie kostki, kt\u00f3ry mo\u017ce s\u0142u\u017cy\u0107 jako podn\u00f3\u017cek, dodatkowe miejsce do siedzenia lub element dekoracyjny o wyrazistym wzorze s\u0142oj\u00f3w.<\/li>\n<li>Rozmiar premium: 55*55*40 cm (22 x 22 x 17 cali), idealny do salon\u00f3w, sypialni i ka\u017cdego pomieszczenia wymagaj\u0105cego stylowej funkcjonalno\u015bci.<\/li>\n<li>Opcje niestandardowe: Dost\u0119pne w r\u00f3\u017cnych wzorach z mo\u017cliwo\u015bci\u0105 zam\u00f3wienia niestandardowych wzor\u00f3w, kt\u00f3re spe\u0142ni\u0105 Twoje wyj\u0105tkowe potrzeby w zakresie aran\u017cacji wn\u0119trz.<\/li>\n<li>Wygodne podparcie: Wykonane z wysokiej jako\u015bci pianki zapewniaj\u0105cej optymalny komfort i trwa\u0142o\u015b\u0107, przy jednoczesnym zachowaniu kszta\u0142tu.<\/li>\n<li>Element wystroju: Wyj\u0105tkowy wz\u00f3r w r\u00f3\u017cnych odcieniach tworzy przyci\u0105gaj\u0105cy wzrok akcent w wystroju ka\u017cdego pomieszczenia.<\/li>\n<\/ul>","protected":false},"featured_media":16476,"comment_status":"open","ping_status":"closed","template":"","meta":[],"product_brand":[],"product_cat":[228],"product_tag":[],"class_list":{"0":"post-16483","1":"product","2":"type-product","3":"status-publish","4":"has-post-thumbnail","6":"product_cat-cushions","8":"first","9":"instock","10":"shipping-taxable","11":"purchasable","12":"product-type-simple"},"_links":{"self":[{"href":"https:\/\/www.largepillow.com\/pl\/wp-json\/wp\/v2\/product\/16483","targetHints":{"allow":["GET"]}}],"collection":[{"href":"https:\/\/www.largepillow.com\/pl\/wp-json\/wp\/v2\/product"}],"about":[{"href":"https:\/\/www.largepillow.com\/pl\/wp-json\/wp\/v2\/types\/product"}],"replies":[{"embeddable":true,"href":"https:\/\/www.largepillow.com\/pl\/wp-json\/wp\/v2\/comments?post=16483"}],"wp:featuredmedia":[{"embeddable":true,"href":"https:\/\/www.largepillow.com\/pl\/wp-json\/wp\/v2\/media\/16476"}],"wp:attachment":[{"href":"https:\/\/www.largepillow.com\/pl\/wp-json\/wp\/v2\/media?parent=16483"}],"wp:term":[{"taxonomy":"product_brand","embeddable":true,"href":"https:\/\/www.largepillow.com\/pl\/wp-json\/wp\/v2\/product_brand?post=16483"},{"taxonomy":"product_cat","embeddable":true,"href":"https:\/\/www.largepillow.com\/pl\/wp-json\/wp\/v2\/product_cat?post=16483"},{"taxonomy":"product_tag","embeddable":true,"href":"https:\/\/www.largepillow.com\/pl\/wp-json\/wp\/v2\/product_tag?post=16483"}],"curies":[{"name":"wp","href":"https:\/\/api.w.org\/{rel}","templated":true}]}}