{"id":16552,"date":"2026-02-08T07:50:38","date_gmt":"2026-02-08T07:50:38","guid":{"rendered":"https:\/\/www.largepillow.com\/product\/convertible-modular-floor-sofa-floor-pillow-couch-lounge-chair-for-home"},"modified":"2026-02-11T02:58:33","modified_gmt":"2026-02-11T02:58:33","slug":"rozkladana-modulowa-sofa-podlogowa-poduszka-podlogowa-kanapa-fotel-wypoczynkowy-do-domu","status":"publish","type":"product","link":"https:\/\/www.largepillow.com\/pl\/product\/convertible-modular-floor-sofa-floor-pillow-couch-lounge-chair-for-home","title":{"rendered":"Rozk\u0142adana modu\u0142owa sofa pod\u0142ogowa, kanapa z poduszk\u0105 pod\u0142ogow\u0105, fotel wypoczynkowy do domu"},"content":{"rendered":"[zc_getpagecontent mb=&#8221;mb_aplus&#8221; apid=&#8221;156&#8243;]\n","protected":false},"excerpt":{"rendered":"<ul>\n<li>Modu\u0142owa i oszcz\u0119dzaj\u0105ca miejsce konstrukcja: Ten 4-cz\u0119\u015bciowy zestaw wypoczynkowy zawiera 2 du\u017ce poduszki siedziska i 2 oparcia \u2013 nie wymaga stela\u017ca! Mo\u017cna je dowolnie \u0142\u0105czy\u0107, ustawiaj\u0105c sof\u0119 przy \u015bcianie, u\u017cywa\u0107 jako du\u017cych poduszek pod\u0142ogowych lub przekszta\u0142ci\u0107 w fotel wypoczynkowy, sof\u0119 modu\u0142ow\u0105 lub zestaw wypoczynkowy, dopasowuj\u0105c do swojej przestrzeni. Idealny do ma\u0142ych mieszka\u0144, akademik\u00f3w lub przytulnych k\u0105cik\u00f3w, oszcz\u0119dza miejsce, oferuj\u0105c jednocze\u015bnie maksymalny komfort.<\/li>\n<li>Inspirowane tostami, stworzone dla wygody: Ta sofa pod\u0142ogowa, inspirowana mi\u0119kk\u0105, z\u0142ocist\u0105 faktur\u0105 \u015bwie\u017co upieczonego tostu, charakteryzuje si\u0119 ciep\u0142ym be\u017cowo-z\u0142otym kolorem i ultrami\u0119kkim wype\u0142nieniem. Gdy tylko na niej usi\u0105dziesz, poczujesz si\u0119, jakby\u015b zatapia\u0142 si\u0119 w chmurze relaksu \u2013 idealne rozwi\u0105zanie do stworzenia spokojnej, przytulnej atmosfery w ka\u017cdym pomieszczeniu.<\/li>\n<li>Rewersyjne kolory i tkanina premium: Dwukolorowe, rewersyjne poszewki (pomara\u0144czowy i be\u017cowy) wykonane s\u0105 z mi\u0119kkiego holenderskiego aksamitu, zapewniaj\u0105c dwa stylowe wygl\u0105dy i przytulno\u015b\u0107, kt\u00f3ra dopasuje si\u0119 do Twojego wystroju wn\u0119trza.<\/li>\n<li>Komfort niczym chmura, pe\u0142ne wsparcie: Ka\u017cda poduszka jest hojnie wype\u0142niona puszyst\u0105 bawe\u0142n\u0105 PP, zapewniaj\u0105c\u0105 grube, wspieraj\u0105ce wype\u0142nienie i doskona\u0142e odbicie. Niezale\u017cnie od tego, czy czytasz, grasz, drzemiesz, czy relaksujesz si\u0119, ta sofa pod\u0142ogowa zapewnia najwy\u017cszy komfort na poziomie pod\u0142ogi.<\/li>\n<li>Elastyczno\u015b\u0107 i mobilno\u015b\u0107: Lekka konstrukcja z ukrytymi uchwytami u\u0142atwia przenoszenie i rekonfiguracj\u0119. Modu\u0142owe poduszki inspiruj\u0105 kreatywno\u015b\u0107 i elastyczno\u015b\u0107 w aran\u017cacji przestrzeni \u017cyciowej.<\/li>\n<li>\u0141atwa piel\u0119gnacja i monta\u017c: W zestawie zdejmowane, nadaj\u0105ce si\u0119 do prania pokrowce, kt\u00f3re u\u0142atwiaj\u0105 czyszczenie. Zestaw jest pakowany pr\u00f3\u017cniowo w dw\u00f3ch oddzielnych paczkach; po rozpakowaniu nale\u017cy odczeka\u0107 24\u201372 godziny, aby w pe\u0142ni roz\u0142o\u017cy\u0107 materac i cieszy\u0107 si\u0119 jego prawdziw\u0105 mi\u0119kko\u015bci\u0105.<\/li>\n<\/ul>","protected":false},"featured_media":16535,"comment_status":"open","ping_status":"closed","template":"","meta":[],"product_brand":[],"product_cat":[228],"product_tag":[],"class_list":{"0":"post-16552","1":"product","2":"type-product","3":"status-publish","4":"has-post-thumbnail","6":"product_cat-cushions","8":"first","9":"outofstock","10":"sold-individually","11":"shipping-taxable","12":"purchasable","13":"product-type-simple"},"_links":{"self":[{"href":"https:\/\/www.largepillow.com\/pl\/wp-json\/wp\/v2\/product\/16552","targetHints":{"allow":["GET"]}}],"collection":[{"href":"https:\/\/www.largepillow.com\/pl\/wp-json\/wp\/v2\/product"}],"about":[{"href":"https:\/\/www.largepillow.com\/pl\/wp-json\/wp\/v2\/types\/product"}],"replies":[{"embeddable":true,"href":"https:\/\/www.largepillow.com\/pl\/wp-json\/wp\/v2\/comments?post=16552"}],"wp:featuredmedia":[{"embeddable":true,"href":"https:\/\/www.largepillow.com\/pl\/wp-json\/wp\/v2\/media\/16535"}],"wp:attachment":[{"href":"https:\/\/www.largepillow.com\/pl\/wp-json\/wp\/v2\/media?parent=16552"}],"wp:term":[{"taxonomy":"product_brand","embeddable":true,"href":"https:\/\/www.largepillow.com\/pl\/wp-json\/wp\/v2\/product_brand?post=16552"},{"taxonomy":"product_cat","embeddable":true,"href":"https:\/\/www.largepillow.com\/pl\/wp-json\/wp\/v2\/product_cat?post=16552"},{"taxonomy":"product_tag","embeddable":true,"href":"https:\/\/www.largepillow.com\/pl\/wp-json\/wp\/v2\/product_tag?post=16552"}],"curies":[{"name":"wp","href":"https:\/\/api.w.org\/{rel}","templated":true}]}}