{"id":16625,"date":"2026-02-10T03:18:15","date_gmt":"2026-02-10T03:18:15","guid":{"rendered":"https:\/\/www.largepillow.com\/product\/adjustable-face-down-pillow-for-eye-surgery-bbl-massage-sleeping"},"modified":"2026-02-11T03:05:42","modified_gmt":"2026-02-11T03:05:42","slug":"regulowana-poduszka-twarzowa-do-masazu-oczu-bbl-do-spania","status":"publish","type":"product","link":"https:\/\/www.largepillow.com\/pl\/product\/adjustable-face-down-pillow-for-eye-surgery-bbl-massage-sleeping","title":{"rendered":"Regulowana poduszka twarzowa do operacji oka, BBL, masa\u017cu, spania"},"content":{"rendered":"[zc_getpagecontent mb=&#8221;mb_aplus&#8221; apid=&#8221;164&#8243;]\n","protected":false},"excerpt":{"rendered":"<ul>\n<li><strong>Regulowana pozycja twarzy<\/strong>:Rozmiar i po\u0142o\u017cenie twarzy mo\u017cna dostosowa\u0107 do indywidualnych potrzeb, a poszerzone, dwukana\u0142owe otwory wentylacyjne zapewniaj\u0105 swobodne oddychanie.<\/li>\n<li><strong>3 warstwy \u0142\u0105czenia g\u0105bkowego<\/strong>: Warstwa 1: Mi\u0119kka i dopasowuj\u0105ca si\u0119 do cia\u0142a; Warstwa 2: Wygodna elastyczno\u015b\u0107; Warstwa 3: Zapewnia wsparcie, regulowany kontur otworu zapewnia odpowiednie wsparcie g\u0142owy, ramion i klatki piersiowej, utrzymuj\u0105c prawid\u0142owe ustawienie kr\u0119gos\u0142upa.<\/li>\n<li><strong>Wielofunkcyjna poduszka<\/strong>:Poduszka masuj\u0105ca u\u0142o\u017cona twarz\u0105 w d\u00f3\u0142 Pomaga w rekonwalescencji po r\u00f3\u017cnych zabiegach chirurgicznych, a tak\u017ce mo\u017ce by\u0107 stosowana jako poduszka do masa\u017cu w domu, do masa\u017cu chiropraktycznego, do drzemek przy biurku lub spania na brzuchu w nocy.<\/li>\n<li><strong>Mi\u0119kki i wygodny<\/strong>:Ta poduszka do le\u017cenia na brzuchu wykonana jest z przyjaznego dla sk\u00f3ry i oddychaj\u0105cego materia\u0142u z tr\u00f3jwarstwow\u0105 g\u0105bk\u0105, zapewniaj\u0105c\u0105 zar\u00f3wno wsparcie, jak i wygod\u0119.<\/li>\n<li><strong>Zdejmowane i nadaj\u0105ce si\u0119 do prania<\/strong>:Poszewka na poduszk\u0119 jest zdejmowana i posiada niewidoczny zamek b\u0142yskawiczny, mo\u017cna j\u0105 pra\u0107 w pralce.<\/li>\n<\/ul>","protected":false},"featured_media":16616,"comment_status":"open","ping_status":"closed","template":"","meta":[],"product_brand":[],"product_cat":[228],"product_tag":[],"class_list":{"0":"post-16625","1":"product","2":"type-product","3":"status-publish","4":"has-post-thumbnail","6":"product_cat-cushions","8":"first","9":"instock","10":"sold-individually","11":"shipping-taxable","12":"purchasable","13":"product-type-variable","14":"has-default-attributes"},"_links":{"self":[{"href":"https:\/\/www.largepillow.com\/pl\/wp-json\/wp\/v2\/product\/16625","targetHints":{"allow":["GET"]}}],"collection":[{"href":"https:\/\/www.largepillow.com\/pl\/wp-json\/wp\/v2\/product"}],"about":[{"href":"https:\/\/www.largepillow.com\/pl\/wp-json\/wp\/v2\/types\/product"}],"replies":[{"embeddable":true,"href":"https:\/\/www.largepillow.com\/pl\/wp-json\/wp\/v2\/comments?post=16625"}],"wp:featuredmedia":[{"embeddable":true,"href":"https:\/\/www.largepillow.com\/pl\/wp-json\/wp\/v2\/media\/16616"}],"wp:attachment":[{"href":"https:\/\/www.largepillow.com\/pl\/wp-json\/wp\/v2\/media?parent=16625"}],"wp:term":[{"taxonomy":"product_brand","embeddable":true,"href":"https:\/\/www.largepillow.com\/pl\/wp-json\/wp\/v2\/product_brand?post=16625"},{"taxonomy":"product_cat","embeddable":true,"href":"https:\/\/www.largepillow.com\/pl\/wp-json\/wp\/v2\/product_cat?post=16625"},{"taxonomy":"product_tag","embeddable":true,"href":"https:\/\/www.largepillow.com\/pl\/wp-json\/wp\/v2\/product_tag?post=16625"}],"curies":[{"name":"wp","href":"https:\/\/api.w.org\/{rel}","templated":true}]}}