{"id":16948,"date":"2026-03-01T01:52:59","date_gmt":"2026-03-01T01:52:59","guid":{"rendered":"https:\/\/www.largepillow.com\/product\/neo-livingstones-large-pebble-cushions-pebble-pillows-rock-pillows-set"},"modified":"2026-03-02T20:26:16","modified_gmt":"2026-03-02T20:26:16","slug":"poduszki-z-duzych-kamykow-neo-livingstones-poduszki-z-kamykow-zestaw-poduszek-skalnych","status":"publish","type":"product","link":"https:\/\/www.largepillow.com\/pl\/product\/neo-livingstones-large-pebble-cushions-pebble-pillows-rock-pillows-set","title":{"rendered":"Poduszki z du\u017cych kamyk\u00f3w Neo-LivingStones, zestaw poduszek z kamyk\u00f3w i kamieni"},"content":{"rendered":"[zc_getpagecontent mb=&#8221;mb_aplus&#8221; apid=&#8221;165&#8243;]\n","protected":false},"excerpt":{"rendered":"<ul>\n<li>Mix and Match Sizes: Dost\u0119pne w sze\u015bciu r\u00f3\u017cnych rozmiarach (od 20 cm do 95 cm d\u0142ugo\u015bci), poduszki Soft Stone mo\u017cna uk\u0142ada\u0107 w stosy, rozrzuca\u0107 lub grupowa\u0107, aby stworzy\u0107 spersonalizowan\u0105, mi\u0119kk\u0105 stref\u0119 wypoczynkow\u0105. \u015awietnie sprawdz\u0105 si\u0119 jako pufy, siedziska pod\u0142ogowe lub poduszki dekoracyjne.<\/li>\n<li>Wysokiej jako\u015bci materia\u0142: Wykonane z mi\u0119kkiej, zapewniaj\u0105cej wsparcie bawe\u0142ny polipropylenowej (PP) i szczotkowanej dzianiny poliestrowej Premium Composite, te poduszki idealnie nadaj\u0105 si\u0119 do relaksu, siedzenia, wypoczynku, a nawet kreatywnej zabawy. Zapewniaj\u0105 wsparcie, a jednocze\u015bnie s\u0105 mi\u0119kkie.<\/li>\n<li>\u0141atwa konserwacja i konfiguracja: Nie wymaga monta\u017cu i jest lekki. Sp\u00f3d antypo\u015blizgowy dla bezpiecze\u0144stwa. Wystarczy czy\u015bci\u0107 punktowo wilgotn\u0105 \u015bciereczk\u0105. Zamki b\u0142yskawiczne mo\u017cna odblokowa\u0107 spinaczem w razie potrzeby \u2013 zapoznaj si\u0119 z do\u0142\u0105czon\u0105 instrukcj\u0105 ze zdj\u0119ciami.<\/li>\n<li>Specjalna technika produkcji: W projektowaniu zewn\u0119trznym naszych produkt\u00f3w stosujemy zaawansowane techniki szycia paneli, co zapewnia delikatny i wyrafinowany wygl\u0105d.<\/li>\n<li>Sprzedawane w 4 kombinacjach zestaw\u00f3w: Wybierz jeden z czterech starannie dobranych zestaw\u00f3w \u2013 zobacz zdj\u0119cia produkt\u00f3w, aby pozna\u0107 dok\u0142adn\u0105 zawarto\u015b\u0107 zestawu. To, co widzisz, to to, co dostajesz.<\/li>\n<li>Wprowadzenie nowego produktu: 90-dniowa gwarancja ceny. Je\u015bli cena spadnie w ci\u0105gu 90 dni, zwr\u00f3cimy r\u00f3\u017cnic\u0119.<\/li>\n<li>Zasady dotycz\u0105ce zwrot\u00f3w i wymian: W przypadku zwrotu lub wymiany kupuj\u0105cy jest odpowiedzialny za koszty przesy\u0142ki zwrotnej.<\/li>\n<\/ul>","protected":false},"featured_media":16930,"comment_status":"open","ping_status":"closed","template":"","meta":[],"product_brand":[],"product_cat":[30],"product_tag":[],"class_list":{"0":"post-16948","1":"product","2":"type-product","3":"status-publish","4":"has-post-thumbnail","6":"product_cat-large-rock-pillow","8":"first","9":"instock","10":"sold-individually","11":"shipping-taxable","12":"purchasable","13":"product-type-variable","14":"has-default-attributes"},"_links":{"self":[{"href":"https:\/\/www.largepillow.com\/pl\/wp-json\/wp\/v2\/product\/16948","targetHints":{"allow":["GET"]}}],"collection":[{"href":"https:\/\/www.largepillow.com\/pl\/wp-json\/wp\/v2\/product"}],"about":[{"href":"https:\/\/www.largepillow.com\/pl\/wp-json\/wp\/v2\/types\/product"}],"replies":[{"embeddable":true,"href":"https:\/\/www.largepillow.com\/pl\/wp-json\/wp\/v2\/comments?post=16948"}],"wp:featuredmedia":[{"embeddable":true,"href":"https:\/\/www.largepillow.com\/pl\/wp-json\/wp\/v2\/media\/16930"}],"wp:attachment":[{"href":"https:\/\/www.largepillow.com\/pl\/wp-json\/wp\/v2\/media?parent=16948"}],"wp:term":[{"taxonomy":"product_brand","embeddable":true,"href":"https:\/\/www.largepillow.com\/pl\/wp-json\/wp\/v2\/product_brand?post=16948"},{"taxonomy":"product_cat","embeddable":true,"href":"https:\/\/www.largepillow.com\/pl\/wp-json\/wp\/v2\/product_cat?post=16948"},{"taxonomy":"product_tag","embeddable":true,"href":"https:\/\/www.largepillow.com\/pl\/wp-json\/wp\/v2\/product_tag?post=16948"}],"curies":[{"name":"wp","href":"https:\/\/api.w.org\/{rel}","templated":true}]}}