{"id":185,"date":"2022-09-15T06:35:24","date_gmt":"2022-09-15T06:35:24","guid":{"rendered":"https:\/\/www.largepillow.com\/product\/triangle-bolster-pillow"},"modified":"2025-11-05T02:15:26","modified_gmt":"2025-11-05T02:15:26","slug":"poduszka-trojkatna","status":"publish","type":"product","link":"https:\/\/www.largepillow.com\/pl\/product\/triangular-pillow\/","title":{"rendered":"Poduszka tr\u00f3jk\u0105tna"},"content":{"rendered":"<p>Odkryj najwy\u017cszy komfort dzi\u0119ki wszechstronnej tr\u00f3jk\u0105tnej poduszce<\/p>\n<p>Zanurz si\u0119 w niezr\u00f3wnanym komforcie dzi\u0119ki innowacyjnej poduszce tr\u00f3jk\u0105tnej, zaprojektowanej, aby podnie\u015b\u0107 poziom relaksu i wsparcia.<\/p>\n<p>Niezr\u00f3wnany komfort i wsparcie<\/p>\n<p>Ergonomiczny tr\u00f3jk\u0105tny kszta\u0142t tej poduszki zag\u0142\u00f3wkowej idealnie dopasowuje si\u0119 do plec\u00f3w i talii, zapewniaj\u0105c wyj\u0105tkowe wsparcie i minimalizuj\u0105c nacisk w odcinku l\u0119d\u017awiowym. Niezale\u017cnie od tego, czy le\u017cysz w \u0142\u00f3\u017cku przez wiele godzin, czytaj\u0105c, pracuj\u0105c czy ogl\u0105daj\u0105c telewizj\u0119, ta poduszka zapewnia woln\u0105 od napi\u0119\u0107 i zrelaksowan\u0105 pozycj\u0119.<\/p>\n<p>Uniwersalna konstrukcja 3 w 1<\/p>\n<p>Wykorzystaj wszechstronno\u015b\u0107 tr\u00f3jk\u0105tnej poduszki. U\u017cyj go w pozycji pionowej jako podpieraj\u0105cego zag\u0142\u00f3wka, po\u0142\u00f3\u017c go p\u0142asko, aby zapewni\u0107 sobie lepszy sen, jako poduszk\u0119 klinow\u0105 lub unie\u015b nogi, aby poprawi\u0107 kr\u0105\u017cenie, jako poduszk\u0119 na nogi. To idealne rozwi\u0105zanie dla par, kt\u00f3re poszukuj\u0105 maksymalnego komfortu w \u0142\u00f3\u017cku.<\/p>\n<p>Stylowy i funkcjonalny<\/p>\n<p>Stylowy sztruksowy wygl\u0105d i mi\u0119kka poliestrowa poszewka emanuj\u0105 elegancj\u0105, zapewniaj\u0105c jednocze\u015bnie oddychalno\u015b\u0107 i wygod\u0119. Poduszka bez wysi\u0142ku utrzymuje sw\u00f3j kszta\u0142t, zapewniaj\u0105c d\u0142ugotrwa\u0142y komfort i wsparcie. Boczne kieszenie po obu stronach wygodnie pomieszcz\u0105 telefon lub ksi\u0105\u017ck\u0119.<\/p>\n<p>\u0141atwa konserwacja<\/p>\n<p>Czyszczenie tr\u00f3jk\u0105tnej poduszki jest dziecinnie proste. Zdejmowany pokrowiec posiada zamek b\u0142yskawiczny, kt\u00f3ry u\u0142atwia pranie. Po prostu wyjmij go i wrzu\u0107 do pralki, aby dok\u0142adnie wyczy\u015bci\u0107 poduszk\u0119, dzi\u0119ki czemu poduszka b\u0119dzie wygl\u0105da\u0107 \u015bwie\u017co i zach\u0119caj\u0105co.<\/p>\n<p>Referencje klient\u00f3w<\/p>\n<p>Nie wierz nam tylko na s\u0142owo. Oto co m\u00f3wi\u0105 zadowoleni klienci:<\/p>\n<p>\u201eTa poduszka jest niesamowita! U\u017cywam jej jako poduszki wezg\u0142owia, jest taka mi\u0119kka i podtrzymuj\u0105ca. Uwielbiam sztruksowy kolor i jest to idealny dodatek do mojej sypialni.<br \/>\n\u201e\u015api\u0119 na boku, a ta poduszka uratowa\u0142a mi \u017cycie. Utrzymuje moj\u0105 g\u0142ow\u0119 i szyj\u0119 w jednej linii i zauwa\u017cy\u0142em ogromn\u0105 r\u00f3\u017cnic\u0119 w jako\u015bci mojego snu\u201d.<br \/>\n\u201eUwielbiam wszechstronno\u015b\u0107 tej poduszki. W ci\u0105gu dnia u\u017cywam jej jako poduszki wezg\u0142owia, a nast\u0119pnie sp\u0142aszczam, aby wykorzysta\u0107 j\u0105 jako poduszk\u0119 klinow\u0105 do spania. To takie wygodne i wygodne.\u201d<\/p>\n<p>Podnie\u015b sw\u00f3j komfort i relaks ju\u017c dzi\u015b dzi\u0119ki tr\u00f3jk\u0105tnej poduszce. Jego niezr\u00f3wnana wszechstronno\u015b\u0107, doskona\u0142e wykonanie i jako\u015b\u0107 potwierdzona przez klient\u00f3w sprawiaj\u0105, \u017ce jest to niezb\u0119dny dodatek do ka\u017cdej sypialni.<\/p>","protected":false},"excerpt":{"rendered":"<ul>\n<li><strong>Najwy\u017cszy komfort:<\/strong> Ta poduszka zag\u0142\u00f3wkowa zapewnia doskona\u0142y komfort dzi\u0119ki tr\u00f3jk\u0105tnemu kszta\u0142towi. Poduszka podtrzymuj\u0105ca \u0142\u00f3\u017cko dobrze dopasowuje si\u0119 do plec\u00f3w i talii, minimalizuj\u0105c nacisk na odcinek l\u0119d\u017awiowy\/plecy. Ta klinowa poduszka do czytania pomo\u017ce Ci zachowa\u0107 spok\u00f3j w \u0142\u00f3\u017cku lub na sofie, co jest idealne dla pracuj\u0105cych nocnych mark\u00f3w, moli ksi\u0105\u017ckowych i ogl\u0105dania telewizji w \u0142\u00f3\u017cku. Ta wyj\u0105tkowo du\u017ca poduszka z wa\u0142kiem jest jedyn\u0105 poduszk\u0105 klinow\u0105, kt\u00f3ra mo\u017ce pomie\u015bci\u0107 dwie osoby.<\/li>\n<li><strong>Du\u017ca poduszka 3 w 1:<\/strong> Mo\u017cesz u\u017cywa\u0107 poduszki w pozycji pionowej jako poduszki podpieraj\u0105cej plecy do zag\u0142\u00f3wka podczas siedzenia w \u0142\u00f3\u017cku lub po\u0142o\u017cy\u0107 j\u0105 p\u0142asko na \u0142\u00f3\u017cku, aby u\u017cywa\u0107 jej jako du\u017cej poduszki klinowej podczas snu na plecach lub boku, lub jako poduszki na nogi, aby unie\u015b\u0107 nogi. Je\u015bli potrzebujesz du\u017cej poduszki wezg\u0142owia, kt\u00f3ra zapewni wsparcie zar\u00f3wno Tobie, jak i Twojemu wsp\u00f3\u0142ma\u0142\u017conkowi. To doskona\u0142a alternatywa.<\/li>\n<li><strong>Wielofunkcyjny projekt:<\/strong> Niekt\u00f3rzy u\u017cywaj\u0105 du\u017cej poduszki tr\u00f3jk\u0105tnej jako poduszki zag\u0142\u00f3wka, podczas gdy inni u\u017cywaj\u0105 jej jako poduszki zabezpieczaj\u0105cej, mo\u017ce to by\u0107 r\u00f3wnie\u017c poduszka wspieraj\u0105ca oparcie kanapy lub kanapy. Jest stylowy i funkcjonalny, co czyni go doskona\u0142ym dodatkiem do ka\u017cdej sypialni.<\/li>\n<li><strong>Doskona\u0142e rzemios\u0142o:<\/strong> Poszewka na poduszk\u0119 ma wygl\u0105d sztruksu i sk\u0142ada si\u0119 z poliestru 100%. nasza poduszka wezg\u0142owia jest oddychaj\u0105ca i wystarczaj\u0105co wygodna, aby utrzyma\u0107 sw\u00f3j kszta\u0142t i nie utraci\u0107 kszta\u0142tu z up\u0142ywem czasu. Boczna kiesze\u0144 po ka\u017cdej stronie pozwala na wsuni\u0119cie ksi\u0105\u017cki lub telefonu.<\/li>\n<li><strong>\u0141atwe do mycia:<\/strong> Pokrowiec na poduszk\u0119 do czytania mocuje si\u0119 do poduszki za pomoc\u0105 guzik\u00f3w i mo\u017cna go \u0142atwo zdj\u0105\u0107 za pomoc\u0105 prostego zamka b\u0142yskawicznego. Dzi\u0119ki temu jego czyszczenie nie sprawia \u017cadnych problem\u00f3w. Wystarczy zdj\u0105\u0107 poszewk\u0119 i szybko wypra\u0107 poduszk\u0119 w pralce, a poduszka b\u0119dzie wygl\u0105da\u0107 jak nowa.<\/li>\n<li><strong>Rozmiar:<\/strong> 45 cm (d\u0142. 45 x szer. 20 x wys. 50 | 0 przycisk\u00f3w), 60 cm (d\u0142. 60 x szer. 20 x wys. 50 | 0 przycisk\u00f3w), 80 cm (d\u0142. 80 x szer. 20 x wys. 50 | 2 przyciski), 100 cm (d\u0142. 100 x szer. 20 x wys. 50 | 3 przyciski), 120 cm ( D\u0142. 120 x szer. 20 x wys. 50 | 4 przyciski), 140 cm (d\u0142. 140 x szer. 20 x wys. 50 | 4 przyciski), 160 cm (d\u0142. 160 x szer. 20 x wys. 50 | 5 przycisk\u00f3w), 180 cm (d\u0142. 180 x szer. 20 x wys. 50 | 6 przycisk\u00f3w), 200 cm (d\u0142. 200 x wys. S20 x W50 | 7 przycisk\u00f3w).<\/li>\n<\/ul>","protected":false},"featured_media":166,"comment_status":"open","ping_status":"closed","template":"","meta":[],"product_brand":[],"product_cat":[15],"product_tag":[205,204,206,218,207,209,223,199,163,68],"class_list":{"0":"post-185","1":"product","2":"type-product","3":"status-publish","4":"has-post-thumbnail","6":"product_cat-large-wedge-pillow","7":"product_tag-back-support-headboard-pillow","8":"product_tag-bed-support-cushion","9":"product_tag-bumper-pillow","10":"product_tag-corduroy-pillow","11":"product_tag-daybed-backrest-bolster-pillow","12":"product_tag-extra-large-bolster-pillow","13":"product_tag-large-bolster","14":"product_tag-large-wedge-pillow","15":"product_tag-leg-pillow","16":"product_tag-wedge-reading-pillow","18":"first","19":"instock","20":"featured","21":"shipping-taxable","22":"purchasable","23":"product-type-variable"},"_links":{"self":[{"href":"https:\/\/www.largepillow.com\/pl\/wp-json\/wp\/v2\/product\/185","targetHints":{"allow":["GET"]}}],"collection":[{"href":"https:\/\/www.largepillow.com\/pl\/wp-json\/wp\/v2\/product"}],"about":[{"href":"https:\/\/www.largepillow.com\/pl\/wp-json\/wp\/v2\/types\/product"}],"replies":[{"embeddable":true,"href":"https:\/\/www.largepillow.com\/pl\/wp-json\/wp\/v2\/comments?post=185"}],"wp:featuredmedia":[{"embeddable":true,"href":"https:\/\/www.largepillow.com\/pl\/wp-json\/wp\/v2\/media\/166"}],"wp:attachment":[{"href":"https:\/\/www.largepillow.com\/pl\/wp-json\/wp\/v2\/media?parent=185"}],"wp:term":[{"taxonomy":"product_brand","embeddable":true,"href":"https:\/\/www.largepillow.com\/pl\/wp-json\/wp\/v2\/product_brand?post=185"},{"taxonomy":"product_cat","embeddable":true,"href":"https:\/\/www.largepillow.com\/pl\/wp-json\/wp\/v2\/product_cat?post=185"},{"taxonomy":"product_tag","embeddable":true,"href":"https:\/\/www.largepillow.com\/pl\/wp-json\/wp\/v2\/product_tag?post=185"}],"curies":[{"name":"wp","href":"https:\/\/api.w.org\/{rel}","templated":true}]}}