{"id":290,"date":"2022-09-15T22:35:06","date_gmt":"2022-09-15T22:35:06","guid":{"rendered":"https:\/\/www.largepillow.com\/product\/daybed-bolster-pillow"},"modified":"2025-11-05T02:15:26","modified_gmt":"2025-11-05T02:15:26","slug":"trojkatna-poduszka-klinowa","status":"publish","type":"product","link":"https:\/\/www.largepillow.com\/pl\/product\/triangular-wedge-pillow","title":{"rendered":"Tr\u00f3jk\u0105tna poduszka klinowa"},"content":{"rendered":"<p>Odkryj najwy\u017cszy komfort dzi\u0119ki tr\u00f3jk\u0105tnej poduszce klinowej<\/p>\n<p>Masz do\u015b\u0107 napinania plec\u00f3w i szyi podczas czytania lub ogl\u0105dania telewizji w \u0142\u00f3\u017cku? Przedstawiamy Tr\u00f3jk\u0105tn\u0105 Poduszk\u0119 Klinow\u0105 \u2013 wielofunkcyjn\u0105 poduszk\u0119, kt\u00f3ra przenosi relaks przed snem na wy\u017cszy poziom. <\/p>\n<p>Ta du\u017ca poduszka ze wzmocnieniem, wykonana z najwy\u017cszej jako\u015bci materia\u0142\u00f3w, zapewnia doskona\u0142y komfort dzi\u0119ki ergonomicznej tr\u00f3jk\u0105tnej konstrukcji, kt\u00f3ra dopasowuje si\u0119 do plec\u00f3w i talii. Oddychaj\u0105ca poliestrowa os\u0142ona i zachowuj\u0105ce kszta\u0142t wype\u0142nienie zapewniaj\u0105 mi\u0119kkie, ale mocne wsparcie, zar\u00f3wno w pozycji siedz\u0105cej, jak i le\u017c\u0105cej.<\/p>\n<p>Klienci uwielbiaj\u0105 u\u017cywa\u0107 go na r\u00f3\u017cne sposoby:<\/p>\n<p>\u201eU\u017cywam go ka\u017cdej nocy jako poduszki na oparcie. M\u00f3j b\u00f3l w dolnej cz\u0119\u015bci plec\u00f3w znacznie si\u0119 zmniejszy\u0142!\u201d<\/p>\n<p>\u201eJest na tyle szeroki, \u017ce ja i moja \u017cona mo\u017cemy si\u0119 o niego wygodnie oprze\u0107. Nigdy wi\u0119cej nadwyr\u0119\u017cania szyi!\u201d  <\/p>\n<p>\u201eUmieszczam go pod nogami, aby pom\u00f3c przy problemach z kr\u0105\u017ceniem. Taki wygodny!&quot;<\/p>\n<p>Dost\u0119pnych jest dziewi\u0119\u0107 rozmiar\u00f3w, z pewno\u015bci\u0105 znajdziesz taki, kt\u00f3ry b\u0119dzie odpowiada\u0142 Twoim potrzebom. Ciesz si\u0119 spersonalizowanym komfortem i wsparciem podczas czytania, pracy, ogl\u0105dania program\u00f3w lub po prostu wylegiwania si\u0119 w \u0142\u00f3\u017cku dzi\u0119ki tej poduszce z zag\u0142\u00f3wkiem klinowym 3 w 1.  <\/p>\n<p>Zabierz wielofunkcyjny relaks do domu ju\u017c dzi\u015b!<\/p>","protected":false},"excerpt":{"rendered":"<ul>\n<li><strong>Najwy\u017cszy komfort:<\/strong> Ta poduszka zag\u0142\u00f3wkowa zapewnia doskona\u0142y komfort dzi\u0119ki tr\u00f3jk\u0105tnemu kszta\u0142towi. Poduszka podtrzymuj\u0105ca \u0142\u00f3\u017cko dobrze dopasowuje si\u0119 do plec\u00f3w i talii, minimalizuj\u0105c nacisk na odcinek l\u0119d\u017awiowy\/plecy. Ta klinowa poduszka do czytania pomo\u017ce Ci zachowa\u0107 spok\u00f3j w \u0142\u00f3\u017cku lub na sofie, co jest idealne dla pracuj\u0105cych nocnych mark\u00f3w, moli ksi\u0105\u017ckowych i ogl\u0105dania telewizji w \u0142\u00f3\u017cku. Ta wyj\u0105tkowo du\u017ca poduszka z wa\u0142kiem jest jedyn\u0105 poduszk\u0105 klinow\u0105, kt\u00f3ra mo\u017ce pomie\u015bci\u0107 dwie osoby.<\/li>\n<li><strong>Du\u017ca poduszka 3 w 1:<\/strong> Mo\u017cesz u\u017cywa\u0107 poduszki w pozycji pionowej jako poduszki podpieraj\u0105cej plecy do zag\u0142\u00f3wka podczas siedzenia w \u0142\u00f3\u017cku lub po\u0142o\u017cy\u0107 j\u0105 p\u0142asko na \u0142\u00f3\u017cku, aby u\u017cywa\u0107 jej jako du\u017cej poduszki klinowej podczas snu na plecach lub boku, lub jako poduszki na nogi, aby unie\u015b\u0107 nogi. Je\u015bli potrzebujesz du\u017cej poduszki wezg\u0142owia, kt\u00f3ra zapewni wsparcie zar\u00f3wno Tobie, jak i Twojemu wsp\u00f3\u0142ma\u0142\u017conkowi. To doskona\u0142a alternatywa.<\/li>\n<li><strong>Wielofunkcyjny projekt:<\/strong> Niekt\u00f3rzy u\u017cywaj\u0105 du\u017cej poduszki tr\u00f3jk\u0105tnej jako poduszki zag\u0142\u00f3wka, podczas gdy inni u\u017cywaj\u0105 jej jako poduszki zabezpieczaj\u0105cej, mo\u017ce to by\u0107 r\u00f3wnie\u017c poduszka wspieraj\u0105ca oparcie kanapy lub kanapy. Jest stylowy i funkcjonalny, co czyni go doskona\u0142ym dodatkiem do ka\u017cdej sypialni.<\/li>\n<li><strong>Doskona\u0142e rzemios\u0142o:<\/strong> Poszewka na poduszk\u0119 ma wygl\u0105d sztruksu i sk\u0142ada si\u0119 z poliestru 100%. nasza poduszka wezg\u0142owia jest oddychaj\u0105ca i wystarczaj\u0105co wygodna, aby utrzyma\u0107 sw\u00f3j kszta\u0142t i nie utraci\u0107 kszta\u0142tu z up\u0142ywem czasu. Boczna kiesze\u0144 po ka\u017cdej stronie pozwala na wsuni\u0119cie ksi\u0105\u017cki lub telefonu.<\/li>\n<li><strong>\u0141atwe do mycia:<\/strong> Pokrowiec na poduszk\u0119 do czytania mocuje si\u0119 do poduszki za pomoc\u0105 guzik\u00f3w i mo\u017cna go \u0142atwo zdj\u0105\u0107 za pomoc\u0105 prostego zamka b\u0142yskawicznego. Dzi\u0119ki temu jego czyszczenie nie sprawia \u017cadnych problem\u00f3w. Wystarczy zdj\u0105\u0107 poszewk\u0119 i szybko wypra\u0107 poduszk\u0119 w pralce, a poduszka b\u0119dzie wygl\u0105da\u0107 jak nowa.<\/li>\n<li><strong>Rozmiar:<\/strong> 45 cm (d\u0142. 45 x szer. 20 x wys. 50 | 0 przycisk\u00f3w), 60 cm (d\u0142. 60 x szer. 20 x wys. 50 | 0 przycisk\u00f3w), 80 cm (d\u0142. 80 x szer. 20 x wys. 50 | 2 przyciski), 100 cm (d\u0142. 100 x szer. 20 x wys. 50 | 3 przyciski), 120 cm ( D\u0142. 120 x szer. 20 x wys. 50 | 4 przyciski), 140 cm (d\u0142. 140 x szer. 20 x wys. 50 | 4 przyciski), 160 cm (d\u0142. 160 x szer. 20 x wys. 50 | 5 przycisk\u00f3w), 180 cm (d\u0142. 180 x szer. 20 x wys. 50 | 6 przycisk\u00f3w), 200 cm (d\u0142. 200 x wys. S20 x W50 | 7 przycisk\u00f3w).<\/li>\n<\/ul>","protected":false},"featured_media":271,"comment_status":"open","ping_status":"closed","template":"","meta":[],"product_brand":[],"product_cat":[15],"product_tag":[205,204,206,218,217,209,168,223,199,112,224,68],"class_list":{"0":"post-290","1":"product","2":"type-product","3":"status-publish","4":"has-post-thumbnail","6":"product_cat-large-wedge-pillow","7":"product_tag-back-support-headboard-pillow","8":"product_tag-bed-support-cushion","9":"product_tag-bumper-pillow","10":"product_tag-corduroy-pillow","11":"product_tag-daybed-backrest","12":"product_tag-extra-large-bolster-pillow","13":"product_tag-headboard-pillow","14":"product_tag-large-bolster","15":"product_tag-large-wedge-pillow","16":"product_tag-lumbar-support-pillow","17":"product_tag-red-pillow","18":"product_tag-wedge-reading-pillow","20":"first","21":"instock","22":"shipping-taxable","23":"purchasable","24":"product-type-variable"},"_links":{"self":[{"href":"https:\/\/www.largepillow.com\/pl\/wp-json\/wp\/v2\/product\/290","targetHints":{"allow":["GET"]}}],"collection":[{"href":"https:\/\/www.largepillow.com\/pl\/wp-json\/wp\/v2\/product"}],"about":[{"href":"https:\/\/www.largepillow.com\/pl\/wp-json\/wp\/v2\/types\/product"}],"replies":[{"embeddable":true,"href":"https:\/\/www.largepillow.com\/pl\/wp-json\/wp\/v2\/comments?post=290"}],"wp:featuredmedia":[{"embeddable":true,"href":"https:\/\/www.largepillow.com\/pl\/wp-json\/wp\/v2\/media\/271"}],"wp:attachment":[{"href":"https:\/\/www.largepillow.com\/pl\/wp-json\/wp\/v2\/media?parent=290"}],"wp:term":[{"taxonomy":"product_brand","embeddable":true,"href":"https:\/\/www.largepillow.com\/pl\/wp-json\/wp\/v2\/product_brand?post=290"},{"taxonomy":"product_cat","embeddable":true,"href":"https:\/\/www.largepillow.com\/pl\/wp-json\/wp\/v2\/product_cat?post=290"},{"taxonomy":"product_tag","embeddable":true,"href":"https:\/\/www.largepillow.com\/pl\/wp-json\/wp\/v2\/product_tag?post=290"}],"curies":[{"name":"wp","href":"https:\/\/api.w.org\/{rel}","templated":true}]}}