{"id":318,"date":"2022-09-15T22:37:09","date_gmt":"2022-09-15T22:37:09","guid":{"rendered":"https:\/\/www.largepillow.com\/product\/bed-bolster-wedge"},"modified":"2025-11-05T02:15:26","modified_gmt":"2025-11-05T02:15:26","slug":"poduszka-do-lozka","status":"publish","type":"product","link":"https:\/\/www.largepillow.com\/pl\/product\/back-pillow-for-bed","title":{"rendered":"Tylna Poduszka Do \u0142\u00f3\u017cka"},"content":{"rendered":"<p>Poduszka pod plecy do \u0142\u00f3\u017cka \u2013 najwy\u017cszy komfort dla tych, kt\u00f3rzy lubi\u0105 czyta\u0107, pracowa\u0107 lub ogl\u0105da\u0107 telewizj\u0119 w \u0142\u00f3\u017cku!<\/p>\n<p>Ta poduszka zag\u0142\u00f3wkowa ma unikalny tr\u00f3jk\u0105tny kszta\u0142t, zapewniaj\u0105cy doskona\u0142y komfort i wsparcie plec\u00f3w i talii, minimalizuj\u0105c nacisk w odcinku l\u0119d\u017awiowym. Jest idealny dla nocnych mark\u00f3w, moli ksi\u0105\u017ckowych i ka\u017cdego, kto lubi relaksowa\u0107 si\u0119 w \u0142\u00f3\u017cku.<\/p>\n<p>Tym, co czyni t\u0119 poduszk\u0119 jeszcze lepsz\u0105, jest jej wielofunkcyjny design. Mo\u017cna jej u\u017cywa\u0107 jako poduszki podpieraj\u0105cej plecy podczas siedzenia w \u0142\u00f3\u017cku, po\u0142o\u017cy\u0107 j\u0105 p\u0142asko, aby u\u017cywa\u0107 jej jako du\u017cej poduszki klinowej podczas snu na plecach lub na boku, a nawet unie\u015b\u0107 nogi jako poduszk\u0119 na nogi! To jedyna poduszka klinowa w zag\u0142\u00f3wku, kt\u00f3ra mo\u017ce pomie\u015bci\u0107 dwie osoby.<\/p>\n<p>Wykonana z najwy\u017csz\u0105 staranno\u015bci\u0105, poszewka na poduszk\u0119 ma wygl\u0105d sztruksu i sk\u0142ada si\u0119 z poliestru 100%, dzi\u0119ki czemu jest oddychaj\u0105ca i wygodna, zachowuj\u0105c sw\u00f3j kszta\u0142t przez d\u0142ugi czas. Boczna kiesze\u0144 po obu stronach umo\u017cliwia wsuni\u0119cie do \u015brodka ksi\u0105\u017cki lub telefonu.<\/p>\n<p>Czyszczenie jest proste, poniewa\u017c poszewka na poduszk\u0119 do czytania jest przymocowana do poduszki za pomoc\u0105 guzik\u00f3w, dzi\u0119ki czemu mo\u017cna j\u0105 \u0142atwo zdj\u0105\u0107 za pomoc\u0105 prostego zamka b\u0142yskawicznego. Wystarczy zdj\u0105\u0107 poszewk\u0119 i szybko wypra\u0107 poduszk\u0119 w pralce, a poduszka b\u0119dzie wygl\u0105da\u0107 jak nowa.<\/p>\n<p>Aby dostosowa\u0107 si\u0119 do r\u00f3\u017cnych rozmiar\u00f3w \u0142\u00f3\u017cek, poduszka jest dost\u0119pna w r\u00f3\u017cnych rozmiarach \u2013 45 cm, 60 cm, 80 cm, 100 cm, 120 cm, 140 cm, 160 cm, 180 cm i 200 cm.<\/p>\n<p>Nie wierz nam tylko na s\u0142owo, oto kilka opinii zadowolonych klient\u00f3w:<\/p>\n<p>\u201eKupi\u0142am fioletow\u0105 i jest cudowna! Materia\u0142 jest mi\u0119kki i wygodny, a jego rozmiar jest idealny do mojego \u0142\u00f3\u017cka typu queen-size. U\u017cywam go ka\u017cdego wieczoru do czytania przed snem, dzi\u0119kuj\u0119!\u201d<\/p>\n<p>\u201ePoduszka pod plecy jest doskona\u0142ej jako\u015bci. Kupi\u0142am go dla siebie i m\u0119\u017ca i pasuje nam obojgu idealnie. Nie jest ani za twardy, ani za mi\u0119kki, a materia\u0142 jest bardzo przyjemny. Bardzo polecam ten produkt!&quot;<\/p>\n<p>\u201eTen produkt przer\u00f3s\u0142 moje oczekiwania! Jest bardzo wygodny i pomocny, zapewniaj\u0105c wsparcie moim plecom i nogom. Sztruksowa poszewka na poduszk\u0119 r\u00f3wnie\u017c dodaje stylu mojemu \u0142\u00f3\u017cku!\u201d<\/p>\n<p>Podsumowuj\u0105c, poduszka pod plecy do \u0142\u00f3\u017cka to wszechstronne i wygodne akcesorium, kt\u00f3rego nie mo\u017cesz przegapi\u0107. Wi\u0119c po co czeka\u0107? Zam\u00f3w ju\u017c dzi\u015b i ciesz si\u0119 najwy\u017cszym komfortem!<\/p>","protected":false},"excerpt":{"rendered":"<ul>\n<li><strong>Najwy\u017cszy komfort:<\/strong> Ta poduszka zag\u0142\u00f3wkowa zapewnia doskona\u0142y komfort dzi\u0119ki tr\u00f3jk\u0105tnemu kszta\u0142towi. Poduszka podtrzymuj\u0105ca \u0142\u00f3\u017cko dobrze dopasowuje si\u0119 do plec\u00f3w i talii, minimalizuj\u0105c nacisk na odcinek l\u0119d\u017awiowy\/plecy. Ta klinowa poduszka do czytania pomo\u017ce Ci zachowa\u0107 spok\u00f3j w \u0142\u00f3\u017cku lub na sofie, co jest idealne dla pracuj\u0105cych nocnych mark\u00f3w, moli ksi\u0105\u017ckowych i ogl\u0105dania telewizji w \u0142\u00f3\u017cku. Ta wyj\u0105tkowo du\u017ca poduszka z wa\u0142kiem jest jedyn\u0105 poduszk\u0105 klinow\u0105, kt\u00f3ra mo\u017ce pomie\u015bci\u0107 dwie osoby.<\/li>\n<li><strong>Du\u017ca poduszka 3 w 1:<\/strong> Mo\u017cesz u\u017cywa\u0107 poduszki w pozycji pionowej jako poduszki podpieraj\u0105cej plecy do zag\u0142\u00f3wka podczas siedzenia w \u0142\u00f3\u017cku lub po\u0142o\u017cy\u0107 j\u0105 p\u0142asko na \u0142\u00f3\u017cku, aby u\u017cywa\u0107 jej jako du\u017cej poduszki klinowej podczas snu na plecach lub boku, lub jako poduszki na nogi, aby unie\u015b\u0107 nogi. Je\u015bli potrzebujesz du\u017cej poduszki wezg\u0142owia, kt\u00f3ra zapewni wsparcie zar\u00f3wno Tobie, jak i Twojemu wsp\u00f3\u0142ma\u0142\u017conkowi. To doskona\u0142a alternatywa.<\/li>\n<li><strong>Wielofunkcyjny projekt:<\/strong> Niekt\u00f3rzy u\u017cywaj\u0105 du\u017cej poduszki tr\u00f3jk\u0105tnej jako poduszki zag\u0142\u00f3wka, podczas gdy inni u\u017cywaj\u0105 jej jako poduszki zabezpieczaj\u0105cej, mo\u017ce to by\u0107 r\u00f3wnie\u017c poduszka wspieraj\u0105ca oparcie kanapy lub kanapy. Jest stylowy i funkcjonalny, co czyni go doskona\u0142ym dodatkiem do ka\u017cdej sypialni.<\/li>\n<li><strong>Doskona\u0142e rzemios\u0142o:<\/strong> Poszewka na poduszk\u0119 ma wygl\u0105d sztruksu i sk\u0142ada si\u0119 z poliestru 100%. nasza poduszka wezg\u0142owia jest oddychaj\u0105ca i wystarczaj\u0105co wygodna, aby utrzyma\u0107 sw\u00f3j kszta\u0142t i nie utraci\u0107 kszta\u0142tu z up\u0142ywem czasu. Boczna kiesze\u0144 po ka\u017cdej stronie pozwala na wsuni\u0119cie ksi\u0105\u017cki lub telefonu.<\/li>\n<li><strong>\u0141atwe do mycia:<\/strong> Pokrowiec na poduszk\u0119 do czytania mocuje si\u0119 do poduszki za pomoc\u0105 guzik\u00f3w i mo\u017cna go \u0142atwo zdj\u0105\u0107 za pomoc\u0105 prostego zamka b\u0142yskawicznego. Dzi\u0119ki temu jego czyszczenie nie sprawia \u017cadnych problem\u00f3w. Wystarczy zdj\u0105\u0107 poszewk\u0119 i szybko wypra\u0107 poduszk\u0119 w pralce, a poduszka b\u0119dzie wygl\u0105da\u0107 jak nowa.<\/li>\n<li><strong>Rozmiar:<\/strong> 45 cm (d\u0142. 45 x szer. 20 x wys. 50 | 0 przycisk\u00f3w), 60 cm (d\u0142. 60 x szer. 20 x wys. 50 | 0 przycisk\u00f3w), 80 cm (d\u0142. 80 x szer. 20 x wys. 50 | 2 przyciski), 100 cm (d\u0142. 100 x szer. 20 x wys. 50 | 3 przyciski), 120 cm ( D\u0142. 120 x szer. 20 x wys. 50 | 4 przyciski), 140 cm (d\u0142. 140 x szer. 20 x wys. 50 | 4 przyciski), 160 cm (d\u0142. 160 x szer. 20 x wys. 50 | 5 przycisk\u00f3w), 180 cm (d\u0142. 180 x szer. 20 x wys. 50 | 6 przycisk\u00f3w), 200 cm (d\u0142. 200 x wys. S20 x W50 | 7 przycisk\u00f3w).<\/li>\n<\/ul>","protected":false},"featured_media":300,"comment_status":"open","ping_status":"closed","template":"","meta":[],"product_brand":[],"product_cat":[15],"product_tag":[219,205,204,222,206,218,221,217,209,168,132,199,163,112,190,220,68],"class_list":{"0":"post-318","1":"product","2":"type-product","3":"status-publish","4":"has-post-thumbnail","6":"product_cat-large-wedge-pillow","7":"product_tag-back-pillow-for-bed","8":"product_tag-back-support-headboard-pillow","9":"product_tag-bed-support-cushion","10":"product_tag-breathable-pillow","11":"product_tag-bumper-pillow","12":"product_tag-corduroy-pillow","13":"product_tag-couch-backrest","14":"product_tag-daybed-backrest","15":"product_tag-extra-large-bolster-pillow","16":"product_tag-headboard-pillow","17":"product_tag-large-bolster-pillow","18":"product_tag-large-wedge-pillow","19":"product_tag-leg-pillow","20":"product_tag-lumbar-support-pillow","21":"product_tag-purple-pillow","22":"product_tag-wedge-headboard-pillow","23":"product_tag-wedge-reading-pillow","25":"first","26":"instock","27":"featured","28":"shipping-taxable","29":"purchasable","30":"product-type-variable"},"_links":{"self":[{"href":"https:\/\/www.largepillow.com\/pl\/wp-json\/wp\/v2\/product\/318","targetHints":{"allow":["GET"]}}],"collection":[{"href":"https:\/\/www.largepillow.com\/pl\/wp-json\/wp\/v2\/product"}],"about":[{"href":"https:\/\/www.largepillow.com\/pl\/wp-json\/wp\/v2\/types\/product"}],"replies":[{"embeddable":true,"href":"https:\/\/www.largepillow.com\/pl\/wp-json\/wp\/v2\/comments?post=318"}],"wp:featuredmedia":[{"embeddable":true,"href":"https:\/\/www.largepillow.com\/pl\/wp-json\/wp\/v2\/media\/300"}],"wp:attachment":[{"href":"https:\/\/www.largepillow.com\/pl\/wp-json\/wp\/v2\/media?parent=318"}],"wp:term":[{"taxonomy":"product_brand","embeddable":true,"href":"https:\/\/www.largepillow.com\/pl\/wp-json\/wp\/v2\/product_brand?post=318"},{"taxonomy":"product_cat","embeddable":true,"href":"https:\/\/www.largepillow.com\/pl\/wp-json\/wp\/v2\/product_cat?post=318"},{"taxonomy":"product_tag","embeddable":true,"href":"https:\/\/www.largepillow.com\/pl\/wp-json\/wp\/v2\/product_tag?post=318"}],"curies":[{"name":"wp","href":"https:\/\/api.w.org\/{rel}","templated":true}]}}