{"id":3222,"date":"2024-07-22T04:17:50","date_gmt":"2024-07-22T04:17:50","guid":{"rendered":"https:\/\/www.largepillow.com\/product\/car-seat-booster-seat-for-dogs-pet-travel-bed"},"modified":"2026-03-12T10:57:57","modified_gmt":"2026-03-12T10:57:57","slug":"fotelik-podwyzszajacy-do-fotelika-samochodowego-dla-psa-lozko-podrozne-dla-zwierzat","status":"publish","type":"product","link":"https:\/\/www.largepillow.com\/pl\/product\/car-seat-booster-seat-for-dogs-pet-travel-bed","title":{"rendered":"Fotelik samochodowy dla ps\u00f3w, \u0142\u00f3\u017cko podr\u00f3\u017cne dla zwierz\u0105t"},"content":{"rendered":"[zc_getpagecontent mb=&#8221;mb_aplus&#8221; apid=&#8221;37&#8243;]\n","protected":false},"excerpt":{"rendered":"<ul>\n<li><strong>Wysokiej jako\u015bci materia\u0142<\/strong>: Wykonane z wysokiej jako\u015bci bawe\u0142nianej bielizny, oddychaj\u0105cej i wygodnej, zapobiegaj\u0105cej gryzieniu, trwa\u0142ej i \u0142atwej do czyszczenia. Wype\u0142niony najwy\u017cszej jako\u015bci poliestrem, wysokiej jako\u015bci spr\u0119\u017cysto\u015bci\u0105, kt\u00f3ry zapewni pewne wsparcie, wygod\u0119 i mi\u0119kko\u015b\u0107. Zachowuje sw\u00f3j kszta\u0142t i j\u0119drno\u015b\u0107 przez d\u0142ugi czas u\u017cytkowania.<\/li>\n<li><strong>Uniwersalny fotelik samochodowy dla psa<\/strong>: Regulowana klamra fotelika samochodowego dla psa mo\u017ce by\u0107 r\u00f3wnie\u017c u\u017cywana jako pasek na r\u0119k\u0119, kt\u00f3ry jest wygodny do noszenia na zewn\u0105trz, mo\u017ce by\u0107 r\u00f3wnie\u017c u\u017cywany jako legowisko dla psa w domu; mo\u017cna go r\u00f3wnie\u017c u\u017cywa\u0107 na sofie, aby chroni\u0107 sof\u0119 przed uszkodzeniem przez psy.<\/li>\n<li><strong>\u0141atwe do zainstalowania<\/strong>: Ma\u0142y fotelik samochodowy dla psa jest wyposa\u017cony w listw\u0119 oparcia, wystarczy przymocowa\u0107 j\u0105 do oparcia przedniego siedzenia i wyregulowa\u0107 d\u0142ugo\u015b\u0107 pask\u00f3w. \u015aredniej wielko\u015bci fotelik samochodowy dla psa mo\u017cna zamontowa\u0107, zawieszaj\u0105c dwa regulowane przeno\u015bne uchwyty odpowiednio na przednim i tylnym siedzeniu samochodu, odpowiednie dla r\u00f3\u017cnych typ\u00f3w samochod\u00f3w. Antypo\u015blizgowe dno zapobiega przesuwaniu si\u0119 fotelika dla zwierz\u0105t w samochodzie, zapewniaj\u0105c zwierz\u0119tom bezpieczniejsze \u015brodowisko.<\/li>\n<li><strong>Wymiary siedziska<\/strong>: Ma\u0142y: 52 cm (d\u0142ugo\u015b\u0107) x 52 cm (szeroko\u015b\u0107) x 42 cm (wysoko\u015b\u0107), Du\u017cy: 76 cm (d\u0142ugo\u015b\u0107) x 52 cm (szeroko\u015b\u0107) x 39 cm (wysoko\u015b\u0107). Fotelik samochodowy dla psa w rozmiarze S nadaje si\u0119 do monta\u017cu na przednich siedzeniach samochod\u00f3w. Fotelik samochodowy dla psa w rozmiarze L nadaje si\u0119 do monta\u017cu na tylnym siedzeniu ka\u017cdego rodzaju samochodu. Fotelik samochodowy dla psa jest wyposa\u017cony w pasy bezpiecze\u0144stwa, kt\u00f3re zapewniaj\u0105 bezpiecze\u0144stwo Twojemu zwierzakowi i nie martw si\u0119, \u017ce zwierz\u0119 b\u0119dzie Ci przeszkadza\u0107 podczas jazdy.<\/li>\n<li><strong>\u0141atwe do czyszczenia<\/strong>: Fotelik samochodowy dla zwierz\u0119cia jest ca\u0142kowicie zdejmowany. W 4 rogach znajduj\u0105 si\u0119 niewidoczne zamki b\u0142yskawiczne. Wystarczy otworzy\u0107 zamek i wyj\u0105\u0107 bawe\u0142n\u0119 PP, a nast\u0119pnie w\u0142o\u017cy\u0107 pokrycie fotelika samochodowego do pralki w celu wyczyszczenia; mo\u017cesz tak\u017ce u\u017cy\u0107 odkurzacza do oczyszczenia powierzchni fotelika z zanieczyszcze\u0144 lub sier\u015bci podczas codziennego sprz\u0105tania.<\/li>\n<li><strong>Ciep\u0142e wskaz\u00f3wki<\/strong>: Fotelik samochodowy dla psa jest pakowany pr\u00f3\u017cniowo do wysy\u0142ki, dlatego dodaje si\u0119 wi\u0119cej wype\u0142niacza, aby zachowa\u0107 kszta\u0142t fotelika i zapewni\u0107 jego trwa\u0142o\u015b\u0107 i funkcjonalno\u015b\u0107. Je\u015bli uwa\u017casz, \u017ce wype\u0142nienie fotelika samochodowego dla psa jest za du\u017ce dla zwierz\u0119cia, mo\u017cesz samodzielnie usun\u0105\u0107 cz\u0119\u015b\u0107 wype\u0142niacza, aby osi\u0105gn\u0105\u0107 po\u017c\u0105dany poziom komfortu dla swojego zwierzaka. Po rozpakowaniu nale\u017cy odczeka\u0107 24\u201348 godzin, a\u017c produkt powr\u00f3ci do swojej pierwotnej grubo\u015bci i kszta\u0142tu<\/li>\n<\/ul>","protected":false},"featured_media":3569,"comment_status":"open","ping_status":"closed","template":"","meta":[],"product_brand":[],"product_cat":[227],"product_tag":[],"class_list":{"0":"post-3222","1":"product","2":"type-product","3":"status-publish","4":"has-post-thumbnail","6":"product_cat-pet-supplies","8":"first","9":"instock","10":"shipping-taxable","11":"purchasable","12":"product-type-variable","13":"has-default-attributes"},"_links":{"self":[{"href":"https:\/\/www.largepillow.com\/pl\/wp-json\/wp\/v2\/product\/3222","targetHints":{"allow":["GET"]}}],"collection":[{"href":"https:\/\/www.largepillow.com\/pl\/wp-json\/wp\/v2\/product"}],"about":[{"href":"https:\/\/www.largepillow.com\/pl\/wp-json\/wp\/v2\/types\/product"}],"replies":[{"embeddable":true,"href":"https:\/\/www.largepillow.com\/pl\/wp-json\/wp\/v2\/comments?post=3222"}],"wp:featuredmedia":[{"embeddable":true,"href":"https:\/\/www.largepillow.com\/pl\/wp-json\/wp\/v2\/media\/3569"}],"wp:attachment":[{"href":"https:\/\/www.largepillow.com\/pl\/wp-json\/wp\/v2\/media?parent=3222"}],"wp:term":[{"taxonomy":"product_brand","embeddable":true,"href":"https:\/\/www.largepillow.com\/pl\/wp-json\/wp\/v2\/product_brand?post=3222"},{"taxonomy":"product_cat","embeddable":true,"href":"https:\/\/www.largepillow.com\/pl\/wp-json\/wp\/v2\/product_cat?post=3222"},{"taxonomy":"product_tag","embeddable":true,"href":"https:\/\/www.largepillow.com\/pl\/wp-json\/wp\/v2\/product_tag?post=3222"}],"curies":[{"name":"wp","href":"https:\/\/api.w.org\/{rel}","templated":true}]}}