{"id":3243,"date":"2024-07-22T11:29:58","date_gmt":"2024-07-22T11:29:58","guid":{"rendered":"https:\/\/www.largepillow.com\/product\/u-shaped-side-sleeper-pillow-with-arm-hole-for-pain-relief"},"modified":"2026-03-05T22:26:27","modified_gmt":"2026-03-05T22:26:27","slug":"boczna-poduszka-do-spania-w-ksztalcie-litery-u-z-otworem-na-ramie-lagodzacym-bol","status":"publish","type":"product","link":"https:\/\/www.largepillow.com\/pl\/product\/u-shaped-side-sleeper-pillow-with-arm-hole-for-pain-relief\/","title":{"rendered":"Boczna poduszka do spania w kszta\u0142cie litery U z otworem na rami\u0119 \u0142agodz\u0105ca b\u00f3l"},"content":{"rendered":"[zc_getpagecontent mb=&#8221;mb_aplus&#8221; apid=&#8221;67&#8243;]\nSide Sleeper Pillow with arm Hole for Adults, Large U-Shaped Shoulder Pillow Body Pillow for Neck and Shoulder Pain Relief, Acid Reflux and GERD Pillow, Ergonomic Support Pillows<\/p>\n","protected":false},"excerpt":{"rendered":"<ul>\n<li><strong>Zestaw poduszek klinowych 2 w 1:<\/strong> Zestaw bocznych poduszek do spania zawiera tr\u00f3jk\u0105tny klin i poduszk\u0119 w kszta\u0142cie p\u00f3\u0142ksi\u0119\u017cyca, boczna poduszka do spania ma wymiary 116 x 76 x 30 cm d\u0142ugo\u015bci, szeroko\u015bci i wysoko\u015bci. Poduszka w kszta\u0142cie litery U zast\u0119puje inne ma\u0142e poduszki w \u0142\u00f3\u017cku. Ta poduszka w kszta\u0142cie litery U dopasowuje si\u0119 do kszta\u0142tu cia\u0142a i pomaga wspiera\u0107 cia\u0142o, takie jak plecy, brzuch, biodra i kolana.<\/li>\n<li><strong>Jako\u015b\u0107 materia\u0142u:<\/strong> Boczna poduszka do spania wykonana jest z wysokiej jako\u015bci kr\u00f3tkiego pluszu, co stanowi doskona\u0142y wyb\u00f3r na poduszk\u0119 do spania na boku ze wzgl\u0119du na jej mi\u0119kko\u015b\u0107 i trwa\u0142o\u015b\u0107. Kr\u00f3tkie w\u0142\u00f3kna sprawiaj\u0105, \u017ce jest przytulny i wygodny w dotyku, a ciasny splot zapewnia doskona\u0142e podparcie g\u0142owy i szyi. Pokrycie mo\u017cna pra\u0107 w pralce.<\/li>\n<li><strong>Konstrukcja konturu ramienia:<\/strong>\u00a0Boczna poduszka do spania na poduszk\u0119 b\u00f3low\u0105 szyi i ramion przyjmuje kszta\u0142t konturu ramienia, kt\u00f3ry jest zgodny z nawykiem spania na boku, mo\u017ce zmniejszy\u0107 nacisk na ramiona i ramiona, unikn\u0105\u0107 problemu dr\u0119twienia ramion z powodu braku kr\u0105\u017cenia krwi.<\/li>\n<li><strong>Ergonomiczna poduszka komfortowa:<\/strong> Zakrzywiona konstrukcja poduszki w kszta\u0142cie litery U dopasowuje si\u0119 do cia\u0142a i zapewnia wygodne podparcie. Umo\u017cliwia spanie na plecach, boku lub brzuchu, pomagaj\u0105c jednocze\u015bnie ustawi\u0107 kr\u0119gos\u0142up w prawid\u0142owej pozycji do spania na boku, zapewniaj\u0105c koj\u0105cy komfort, zapewniaj\u0105c mi\u0119kki, d\u0142ugotrwa\u0142y i przytulny u\u015bcisk, zawsze b\u0119dziesz we w\u0142a\u015bciwej pozycji przez d\u0142ugi czas sen nocny.<\/li>\n<li><strong>Idealna pozycja do spania:<\/strong> Boczna poduszka do spania \u0142agodzi nacisk na dolne rami\u0119\/rami\u0119 i skutecznie wspiera cia\u0142o, pomaga w zasypianiu, odpoczynku i relaksacji, rekonwalescencji pooperacyjnej, refluksie \u017co\u0142\u0105dkowym, zapobiega chrapaniu i u\u015bmierza b\u00f3l, aby zapewni\u0107 komfortowy i spokojny sen w idealnym przypadku pozycja zapewniaj\u0105ca naturaln\u0105 ulg\u0119 w refluksie, pozwalaj\u0105ca spa\u0107 do bia\u0142ego rana.<\/li>\n<\/ul>","protected":false},"featured_media":3236,"comment_status":"open","ping_status":"closed","template":"","meta":[],"product_brand":[],"product_cat":[228],"product_tag":[],"class_list":{"0":"post-3243","1":"product","2":"type-product","3":"status-publish","4":"has-post-thumbnail","6":"product_cat-cushions","8":"first","9":"instock","10":"featured","11":"shipping-taxable","12":"purchasable","13":"product-type-simple"},"_links":{"self":[{"href":"https:\/\/www.largepillow.com\/pl\/wp-json\/wp\/v2\/product\/3243","targetHints":{"allow":["GET"]}}],"collection":[{"href":"https:\/\/www.largepillow.com\/pl\/wp-json\/wp\/v2\/product"}],"about":[{"href":"https:\/\/www.largepillow.com\/pl\/wp-json\/wp\/v2\/types\/product"}],"replies":[{"embeddable":true,"href":"https:\/\/www.largepillow.com\/pl\/wp-json\/wp\/v2\/comments?post=3243"}],"wp:featuredmedia":[{"embeddable":true,"href":"https:\/\/www.largepillow.com\/pl\/wp-json\/wp\/v2\/media\/3236"}],"wp:attachment":[{"href":"https:\/\/www.largepillow.com\/pl\/wp-json\/wp\/v2\/media?parent=3243"}],"wp:term":[{"taxonomy":"product_brand","embeddable":true,"href":"https:\/\/www.largepillow.com\/pl\/wp-json\/wp\/v2\/product_brand?post=3243"},{"taxonomy":"product_cat","embeddable":true,"href":"https:\/\/www.largepillow.com\/pl\/wp-json\/wp\/v2\/product_cat?post=3243"},{"taxonomy":"product_tag","embeddable":true,"href":"https:\/\/www.largepillow.com\/pl\/wp-json\/wp\/v2\/product_tag?post=3243"}],"curies":[{"name":"wp","href":"https:\/\/api.w.org\/{rel}","templated":true}]}}